{"id":8,"date":"2014-12-23T12:51:00","date_gmt":"2014-12-23T11:51:00","guid":{"rendered":"http:\/\/pubweb.carnet.hr\/genetika\/?page_id=8"},"modified":"2026-01-09T10:56:07","modified_gmt":"2026-01-09T09:56:07","slug":"upravni-odbor","status":"publish","type":"page","link":"https:\/\/pubweb.carnet.hr\/genetika\/o-nama\/upravni-odbor\/","title":{"rendered":"Upravni odbor"},"content":{"rendered":"<p>Ksenija Zahradka, predsjednica<br \/>\nDu\u0161ica Vujaklija, dopredsjednica<br \/>\nIvana Ivan\u010di\u0107 Ba\u0107e, tajnica<br \/>\nMarina Svetec Mikleni\u0107, rizni\u010darka<br \/>\nAndreja Ambriovi\u0107-Ristov<br \/>\nAna Bielen<br \/>\nDamir \u0110ermi\u0107<br \/>\nBrankica Mravinac<br \/>\nIvica Rubelj<br \/>\nHrvoje \u0160ar\u010devi\u0107<br \/>\n\u0110ur\u0111ica Ugarkovi\u0107<\/p>\n","protected":false},"excerpt":{"rendered":"<p>Ksenija Zahradka, predsjednica Du\u0161ica Vujaklija, dopredsjednica Ivana Ivan\u010di\u0107 Ba\u0107e, tajnica Marina Svetec Mikleni\u0107, rizni\u010darka Andreja Ambriovi\u0107-Ristov Ana Bielen Damir \u0110ermi\u0107 Brankica Mravinac Ivica Rubelj Hrvoje \u0160ar\u010devi\u0107 \u0110ur\u0111ica Ugarkovi\u0107<\/p>\n","protected":false},"author":429,"featured_media":0,"parent":6,"menu_order":0,"comment_status":"closed","ping_status":"closed","template":"","meta":{"footnotes":""},"class_list":["post-8","page","type-page","status-publish","hentry"],"_links":{"self":[{"href":"https:\/\/pubweb.carnet.hr\/genetika\/wp-json\/wp\/v2\/pages\/8","targetHints":{"allow":["GET"]}}],"collection":[{"href":"https:\/\/pubweb.carnet.hr\/genetika\/wp-json\/wp\/v2\/pages"}],"about":[{"href":"https:\/\/pubweb.carnet.hr\/genetika\/wp-json\/wp\/v2\/types\/page"}],"author":[{"embeddable":true,"href":"https:\/\/pubweb.carnet.hr\/genetika\/wp-json\/wp\/v2\/users\/429"}],"replies":[{"embeddable":true,"href":"https:\/\/pubweb.carnet.hr\/genetika\/wp-json\/wp\/v2\/comments?post=8"}],"version-history":[{"count":3,"href":"https:\/\/pubweb.carnet.hr\/genetika\/wp-json\/wp\/v2\/pages\/8\/revisions"}],"predecessor-version":[{"id":466,"href":"https:\/\/pubweb.carnet.hr\/genetika\/wp-json\/wp\/v2\/pages\/8\/revisions\/466"}],"up":[{"embeddable":true,"href":"https:\/\/pubweb.carnet.hr\/genetika\/wp-json\/wp\/v2\/pages\/6"}],"wp:attachment":[{"href":"https:\/\/pubweb.carnet.hr\/genetika\/wp-json\/wp\/v2\/media?parent=8"}],"curies":[{"name":"wp","href":"https:\/\/api.w.org\/{rel}","templated":true}]}}