{"id":6,"date":"2014-12-23T12:47:34","date_gmt":"2014-12-23T11:47:34","guid":{"rendered":"http:\/\/pubweb.carnet.hr\/genetika\/?page_id=6"},"modified":"2015-07-25T11:17:47","modified_gmt":"2015-07-25T10:17:47","slug":"o-nama","status":"publish","type":"page","link":"https:\/\/pubweb.carnet.hr\/genetika\/o-nama\/","title":{"rendered":"O nama"},"content":{"rendered":"<p>Povijest Hrvatskog geneti\u010dkog dru\u0161tva zapo\u010dinje 1976. u Dubrovniku formiranjem inicijativnog odbora za osnivanje republi\u010dkog dru\u0161tva geneti\u010dara Hrvatske. \u010clanovi ovog odbora su bili: akademik prof.dr.sc. Zvonimir Devid\u00e9, akademik prof.dr.sc. Mirko Vidakovi\u0107, prof.dr.sc. Marija Ala\u010devi\u0107, prof.dr.sc. Marija Kump, prof.dr.sc. \u010cedomil Herman, prof.dr.sc. Andrija Ka\u0161telan, dr.sc. Josip Poto\u010danac, doc.dr.sc. Zvonimir Singer, doc.dr.sc. Pavao Rudan, doc.dr.sc. Ante Krstini\u0107 i prof.dr.sc. Ljiljana Zergollern. Dru\u0161tvo je slu\u017ebeno po\u010delo s radom 1978. kada je odr\u017eana i prva godi\u0161nja skup\u0161tina u Muzeju evolucije u Krapini.<\/p>\n<p>U Krapini je zaklju\u010deno da \u0107e zada\u0107a dru\u0161tva biti okupljanje geneti\u010dara i stru\u010dnjaka srodnih struka radi unapre\u0111ivanja svih podru\u010dja genetike; pru\u017eanje stru\u010dne i znanstvene pomo\u0107i u cilju pobolj\u0161anja nastave iz genetike na fakultetima i popularizacije genetike; odr\u017eavanje javnih sastanaka, predavanja, kolokvija, seminara i te\u010dajeva iz oblasti genetike, biokemije i molekularne genetike, geneti\u010dkog in\u017eenjerstva, mutageneze, oplemenjivanja organizama i populacijske genetike. Tako\u0111er je predvi\u0111ena organizacija\u00a0 znanstvenih skupova i kongresa, te pru\u017eanje stru\u010dne pomo\u0107i pri izradi pravilnika, ekspertiza i analiza s navedenih znanstvenih podru\u010dja.<\/p>\n<p>Prva predsjednica Dru\u0161tva je bila prof.dr.sc. Ljiljana Zergollern (1978-1980), a potom su dru\u0161tvo vodili akademik Mirko Vidakovi\u0107 (1980-82.), akademik \u017deljko Trgov\u010devi\u0107 (1982-84.), akademkinja Sibila Jelaska (1984-87.), akademik Andrija Ka\u0161telan (1987-89.), dr.sc. Jasenka Pigac (1989-96.), prof.dr.sc. Dra\u017eena Pape\u0161 (1996-2002.), dr.sc. \u0110ur\u0111ica Ugarkovi\u0107 (2002-2007.), prof.dr.sc. Jasna Franeki\u0107 \u010coli\u0107 (2007-2011), prof.dr.sc. Verica-Garaj-Vrhovac (2011-2015) i prof.dr.sc. Hrvoje \u0160ar\u010devi\u0107 (2015-2017)..<\/p>\n<p>Prvi znanstveni sastanak Hrvatskog geneti\u010dkog dru\u0161tva odr\u017ean je u Osijeku 1979. godine, a organizirali su ga \u010dlanovi Poljoprivrednog instituta u Osijeku koji su tom prigodom uspjeli okupiti veliki broj uglednih geneti\u010dara i oplemenjiva\u010da bilja. Od 30. rujna do 5. listopada 1979. godine u Tu\u010depima je od\u017ean kongres Ninth Annual Meeting of European Environmental Mutagen Society (EEMS) kojeg je organizirala prof.dr.sc. Marija Ala\u010devi\u0107 nakog kojeg je u Hrvatskoj, Sloveniji i Srbiji po\u010deo nagli razvoj istra\u017eivanja na podru\u010dju mutageneze. Slijedilo je i organiziranje posebne sekcije za mutagenezu tvarima iz okoli\u0161a HGD-a. Od 25.-29. listopada 1983. godine odr\u017ean je i Jugoslavenski simpozij o mutagenezi I kancerogenezi u Makarskoj (predsjednica Organizacionog odbora dr.sc. Nade\u017eda Savkovi\u0107, a dopredsjednica prof.dr.sc. Marija Ala\u010devi\u0107 koja je ujedno bila i \u010dlanica programskog savjeta skupa). \u0160to se ti\u010de kongresne aktivnosti potrebno je posebno naglasiti pokroviteljstvo HGD-a nad 5. svjetskim kongresom industrijske mikrobiologije (International symposium on Genetics of Industrial Microorganisms &#8211; GIM) odr\u017eanim 1986. u Splitu. Glavna organizatorica ovog skupa je bila prof.dr.sc. Marija Ala\u010devi\u0107. U organizaciji Slovenskog geneti\u010dkog dru\u0161tva i Jugoslavenske sekcije za mutagenezu od 31. o\u017eujka do 4. travnja 1990. godine odr\u017ean je Second symposium on environmental mutagenesis and carcinogenesis, Brdo pri Kranju. U organizaciji ovog skupa od \u010dlanova HGD-a bili su uklju\u010deni prof.dr.sc. Marija Ala\u010devi\u0107, akademik \u017deljko Trgov\u010devi\u0107, prof.dr.sc. Jasna Franeki\u0107 i prof.dr. Dra\u0161ko \u0160erman. HGD je 1998. u Hvaru organizirao 1. Kongres geneti\u010dara Hrvatske. Predsjednica Organizacijskog odbora bila je prof.dr.sc. Jasna Franeki\u0107, a predsjednik Znanstvenog odbora bio je prof.dr.sc. \u017deljko Trgov\u010devi\u0107,\u00a0 2. Kongres geneti\u010dara Hrvatske s me\u0111unarodnim sudjelovanjem 2005 godine u Supetru na Bra\u010du, predsjednica Organizacijskog odbora bila je dr.sc. \u0110ur\u0111ica Ugarkovi\u0107, a predsjednica Znanstvenog odbora bila je prof.dr.sc. Jasna Franeki\u0107 \u010coli\u0107, te \u00a03 Kongres geneti\u010dara Hrvatske s me\u0111unarodnim sudjelovanjem 2012. u Krku na otoku Krku, predsjednica Organizacijskog odbora bila je prof.dr.sc. Verica Graj-Vrhovac, a predsjednica \u00a0Znanstvenog odbora bila je prof.dr.sc. Jasna Franeki\u0107. Dru\u0161tvo tako\u0111er niz godina aktivno sudjeluje u pripremi i organizaciji godi\u0161njih sastanaka hrvatskih agronoma, a dalo je znatan doprinos organizaciji 1. hrvatskog kongresa za molekularne bioznanosti (CCOMLIS, Opatija 2002., predsjednica Organizacijskog odbora bila je prof.dr.sc. Jasna Franeki\u0107 \u010coli\u0107, a predsjednica Znanstvenog odbora bila je prof.dr.sc. Mirna Fl\u00f6gel) kao i simpozija posve\u0107enog obilje\u017eavanju 45 godina molekularne biologije u Hrvatskoj i 50 godina dvostruke uzvojnice (Zagreb, 2003.). Kao rezultat znanstvene aktivnosti \u010dlanova Sekcije za mutagenezu HGD-a Hrvatskoj je povjerena organizacija 38-og kongresa EEMS koji \u0107e se odr\u017eati u Cavtatu od 21-25 rujna 2008. godine. Predjednica Organizacijskog odbora je prof.dr.sc. Jasna Franeki\u0107 \u010coli\u0107, a predsjednica Znanstvenog odbora prof.dr.sc. Verica Garaj-Vrhovac.<\/p>\n<p>Zagreba\u010dka podsekcija za molekularnu genetiku Dru\u0161tva geneti\u010dara Jugoslavije po\u010dela je koncem 1976. godine s organizacijom stru\u010dnih kolokvija Grupe za molekularnu biologiju. Prva predavanja odr\u017eana su na Tehnolo\u0161kom fakultetu (danas Prehrambeno-biotehnolo\u0161ki fakultet) u Pierottijevoj 6, a od travnja 1977. godine do lipnja 1999. godine u Klubu radnika Plive u ulici 8. maja 19 (sada ul. Pavle Hatza 12). Nakon prestanka rada Kluba predavanja se odr\u017eavaju na Prirodoslovno-matemati\u010dkom fakultetu na Roosveltovom trgu 6. Do srpnja 2007. godine odr\u017eano je 422. kolokvija trude\u0107i se da upozna znanstvenu i stru\u010dnu javnost sa najzna\u010dajnijim dostignu\u0107ima u ovoj znanstvenoj disciplini koja se iznimno brzo razvija. Dru\u0161tvo je \u010dlan me\u0111unarodnih udruga: Me\u0111unarodne geneti\u010dke federacije (IGF) te Europskog dru\u0161tva za mutagenezu tvarima iz okoli\u0161a (EEMS).<\/p>\n<p>Kako bi potaknuo mlade hrvatske znanstvenike na rad u podru\u010dju molekularne genetike, HGD je zajedno sa Zavodom za molekularnu biologiju Instituta Ru\u0111er Bo\u0161kovi\u0107 ustanovio 2001. godine Nagradu \u017deljko Trgov\u010devi\u0107. Nagrada je posve\u0107ena uspomeni na prerano preminulog vrlo aktivnog \u010dlana dru\u0161tva akademika \u017deljka Trgov\u010devi\u0107a, a dodjeljuje se jednom godi\u0161nje mladom znanstveniku za izniman znanstveni rad izra\u0111en u Hrvatskoj i objavljen u vrhunskom \u010dasopisu. Ovim vrijednim priznanjem do sada su nagra\u0111eni znanstveni novaci: dr.sc. Andreja Miko\u010d, dr. sc. Ana Traven, dr. sc. Ivana Ivan\u010di\u0107-Ba\u0107e, dr. sc. Anamaria Brozovi\u0107, dr. sc. Martina Podnar Le\u0161i\u0107, dr. sc. Silvija Bilokapi\u0107, dr.sc. Tomislav Domazet-Lo\u0161o, Antonio Star\u010devi\u0107, dipl.ing., \u017deljka Pezer, dipl.ing., Snje\u017eana Juri\u0107, dipl.ing., dr.sc. Nikolina \u0160krobot Vida\u010dek, dr.sc. Ignacija Vla\u0161i\u0107, dr.sc. Jurica \u017du\u010dko, Sla\u0111ana Bursa\u0107, dipl.san.ing., dr.sc. Vanda Jurani\u0107 Lisni\u0107 i mr.sc. Marta Popovi\u0107.<\/p>\n<p>U cilju poticanja okupljanja i suradnje me\u0111u \u010dlanovima, HGD organizira stru\u010dne izlete. U lipnju 2003, \u010dlanovi HGD-a posjetili su Poljoprivrednom institutu u Osijeku i Kopa\u010dki rit. Ovaj izuzetno uspje\u0161an izlet organizirao je prof. dr. Vinko Kozumplik, voditelj sekcije za oplemenjivanje organizama. 16.06.2007. godine \u010dlanovi Dru\u0161tva posjetili su Zavod za molekularnu medicinu i biotehnologiju Medicinskog fakulteta u Rijeci gdje su im \u010dlanovi Zavoda zajedno sa pro\u010delnikom prof.dr.sc. Sini\u0161om Volarevi\u0107em pokazali \u0161to rade. Nakon toga usljedio je izlet u Zeleni vir, gdje su sudionici mogli u\u017eivati u ljepotama Gorskog kotara. Za uspje\u0161nost ove ekskurzije zaslu\u017eni su na\u0161i \u00ab\u0161umari\u00bb dr.sc. Mladen Ivankovi\u0107 i prof.dr.sc. Davorin Kajba. U lipnju 2008. godine \u010dlanovi Dru\u0161tva posjetili su u Mediteranski institut za istra\u017eivanje \u017eivota (MedILS) \u00a0u Split gdje je dr.sc. Bojana \u017dagrovi\u0107a odr\u017eao predavanje. 2009. godine \u010dlanovi Dru\u0161tva posjetili su \u0160umarski institut u Jastrebarskom. U lipnju 2012. godine stru\u010dni izlet bio je u Kuterevo posjet Velebitskom uto\u010di\u0161tu za medvjede. \u00a02011 godine \u010dlanovi Dru\u0161tva posjetili su centar PP Lonjsko polje, Krapje gdje su obi\u0161li sela graditeljske ba\u0161tine, Mu\u017eilov\u010dica (selo lastavica), \u010cigo\u010d (selo roda) te se upoznali s izvornim pasminama doma\u0107ih \u017eivotinja (turopoljska svinja i posavski konj), nizinske poplavne \u0161ume, uloga Lonjskog polja u sustavu obrane od poplava). 2013. godine posjetili su izvor i u\u0161\u0107e rijeke Kama\u010dnik, te manastir u Gomirju. 2014. godine \u010dlanovi Dru\u0161tva posjetili su Institut za oceanografiju i ribarstvo u Splitu, gdje je dr.sc. Nedo Vrgo\u010da, ravnatelja instituta, odr\u017eao predavanje o istra\u017eiva\u010dkim aktivnostima\u00a0 i projektima na Institutu.<\/p>\n<p>DOSADA\u0160NJI PREDSJEDNICI, PODPREDSJEDNICI, TAJNICI I BLAGAJNICI:<\/p>\n<p><span style=\"text-decoration: underline\">1978.-1980. godina<\/span><\/p>\n<p>Predsjednik: Prof.dr.sc. Ljiljana Zergollern<\/p>\n<p>Potpredsjednik: Akademik prof.dr.sc. Mirko Vidakovi\u0107<\/p>\n<p>Tajnik: Prof.dr.sc. \u010cedomil Herman<\/p>\n<p>Blagajnik: Prof.dr.sc. dr.sc. Ljerka Schmutzer<\/p>\n<p><span style=\"text-decoration: underline\">1980.\u2013 1982. godina<\/span><\/p>\n<p>Predsjednik: Akademik dr.sc. Mirko Vidakovi\u0107<\/p>\n<p>Potpredsjednik: Prof.dr.sc. Ljiljana Zergollern<\/p>\n<p>Tajnik: \u017deljko Borzan<\/p>\n<p>Blagajnik: Prof.dr.sc. Ljubo Radi\u0107<\/p>\n<p><span style=\"text-decoration: underline\">1982.\u2013 1984. godina<\/span><\/p>\n<p>Predsjednik: Dr.sc. \u017deljko Trgov\u010devi\u0107<\/p>\n<p>Potpredsjednik:<\/p>\n<p>Tajnik: dr.sc. Erika Salaj-\u0160mic<\/p>\n<p>Blagajnik:<\/p>\n<p><span style=\"text-decoration: underline\">1984.- 1987. godina<\/span><\/p>\n<p>Predsjednik: Prof.dr.sc. Sibila Jelaska<\/p>\n<p>Potpredsjednik: Prof.dr.sc. Marija Ala\u010devi\u0107<\/p>\n<p>Tajnik: Dr.sc. Jasenka Pigac<\/p>\n<p>Blagajnik: Senka D\u017eidi\u0107<\/p>\n<p><span style=\"text-decoration: underline\">1987.\u2013 1989. godina<\/span><\/p>\n<p>Predsjednik: Prof.dr.sc. Andrija Ka\u0161telan<\/p>\n<p>Potpredsjednik: Dr.sc. Daslav Hranueli<\/p>\n<p>Tajnik: Renata \u017dunec, dilp.ing.<\/p>\n<p>Blagajnik: Mr.sc. Renata Pavlina<\/p>\n<p><span style=\"text-decoration: underline\">1989.\u2013 1996. godina<\/span><\/p>\n<p>Predsjednik: Dr.sc. Jasenka Pigac<\/p>\n<p>Potpredsjednik: Dr.sc. Ljerka Brklja\u010di\u0107-\u0160urkalovi\u0107<\/p>\n<p>Tajnik: Prof.dr.sc. Jasna Franeki\u0107<\/p>\n<p>Blagajnik: Ivan Mati\u0107, dipl.in\u017e.<\/p>\n<p><span style=\"text-decoration: underline\">1996.- 2002. godina<\/span><\/p>\n<p>Predsjednik: Prof.dr.sc. Dra\u017eena Pape\u0161<\/p>\n<p>Potpredsjednik:<\/p>\n<p>Tajnik: Dr.sc. \u0110ur\u0111ica Ugarkovi\u0107<\/p>\n<p>Blagajnik: Prof.dr.sc. Zoran Zgaga<\/p>\n<p><span style=\"text-decoration: underline\">2002.- 2007. godina<\/span><\/p>\n<p>Predsjednik: Dr.sc. \u0110ur\u0111ica Ugarkovi\u0107<\/p>\n<p>Potpredsjednik: Prof.dr.sc. Jasna Franeki\u0107 \u010coli\u0107<\/p>\n<p>Tajnik: Prof.dr.sc. Vi\u0161nja Ba\u010dun-Dru\u017eina<\/p>\n<p>Blagajnik: Dr.sc. Hrvoje Fulgosi<\/p>\n<p><span style=\"text-decoration: underline\">2007.-2011. godina<\/span><\/p>\n<p>Predsjednik: Prof.dr.sc. Jasna Franeki\u0107 \u010coli\u0107<\/p>\n<p>Dopredsjednik: Prof.dr.sc. Verica Garaj-Vrhovac<\/p>\n<p>Tajnik: dr.sc. Hrvoje Fulgosi<\/p>\n<p>Blagajnik: Dr.sc. Mladen Ivankovi\u0107<\/p>\n<p><span style=\"text-decoration: underline\">2011.-2015. godina<\/span><\/p>\n<p>Predsjednik: Prof.dr.sc. Verica Garaj-Vrhovac<\/p>\n<p>Dopredsjednik: Prof.dr.sc. Hrvoje \u0160ar\u010devi\u0107<\/p>\n<p>Tajnik: Dr.sc. Mladen Ivankovi\u0107<\/p>\n<p>Blagajnik: Izv.rof.dr.sc. Ivan-Kre\u0161imir Svetec<\/p>\n<p><span style=\"text-decoration: underline\">2015. godina- sada<\/span><\/p>\n<p>Predsjednik: Prof.dr.sc. Hrvoje \u0160ar\u010devi\u0107<\/p>\n<p>Dopredsjednik: Dr.sc. Du\u0161ica Vujaklija, vi\u0161.znan.sur.<\/p>\n<p>Tajnik: Izv.prof.dr.sc. Ivan-Kre\u0161imir Svetec<\/p>\n<p>Blagajnik: Dr.sc. Anamarija \u0160tafa<\/p>\n","protected":false},"excerpt":{"rendered":"<p>Povijest Hrvatskog geneti\u010dkog dru\u0161tva zapo\u010dinje 1976. u Dubrovniku formiranjem inicijativnog odbora za osnivanje republi\u010dkog dru\u0161tva geneti\u010dara Hrvatske. \u010clanovi ovog odbora su bili: akademik prof.dr.sc. Zvonimir Devid\u00e9, akademik prof.dr.sc. Mirko Vidakovi\u0107, prof.dr.sc. Marija Ala\u010devi\u0107, prof.dr.sc. Marija Kump, prof.dr.sc. \u010cedomil Herman, prof.dr.sc. Andrija Ka\u0161telan, dr.sc. Josip Poto\u010danac, doc.dr.sc. Zvonimir Singer, doc.dr.sc. Pavao Rudan, doc.dr.sc. Ante Krstini\u0107 i [&hellip;]<\/p>\n","protected":false},"author":429,"featured_media":0,"parent":0,"menu_order":0,"comment_status":"closed","ping_status":"closed","template":"","meta":{"footnotes":""},"class_list":["post-6","page","type-page","status-publish","hentry"],"_links":{"self":[{"href":"https:\/\/pubweb.carnet.hr\/genetika\/wp-json\/wp\/v2\/pages\/6","targetHints":{"allow":["GET"]}}],"collection":[{"href":"https:\/\/pubweb.carnet.hr\/genetika\/wp-json\/wp\/v2\/pages"}],"about":[{"href":"https:\/\/pubweb.carnet.hr\/genetika\/wp-json\/wp\/v2\/types\/page"}],"author":[{"embeddable":true,"href":"https:\/\/pubweb.carnet.hr\/genetika\/wp-json\/wp\/v2\/users\/429"}],"replies":[{"embeddable":true,"href":"https:\/\/pubweb.carnet.hr\/genetika\/wp-json\/wp\/v2\/comments?post=6"}],"version-history":[{"count":0,"href":"https:\/\/pubweb.carnet.hr\/genetika\/wp-json\/wp\/v2\/pages\/6\/revisions"}],"wp:attachment":[{"href":"https:\/\/pubweb.carnet.hr\/genetika\/wp-json\/wp\/v2\/media?parent=6"}],"curies":[{"name":"wp","href":"https:\/\/api.w.org\/{rel}","templated":true}]}}