{"id":303,"date":"2019-07-29T13:28:46","date_gmt":"2019-07-29T12:28:46","guid":{"rendered":"http:\/\/pubweb.carnet.hr\/genetika\/?page_id=303"},"modified":"2026-01-27T15:07:18","modified_gmt":"2026-01-27T14:07:18","slug":"galerija-izlet2019","status":"publish","type":"page","link":"https:\/\/pubweb.carnet.hr\/genetika\/galerija-izlet2019\/","title":{"rendered":"Galerija doga\u0111anja"},"content":{"rendered":"\n<p><strong><span style=\"color: #ff0000\">DODJELA NAGRADE \u201c\u017dELJKO TRGOV\u010cEVI\u0106\u201c za 2024. godinu<\/span> <\/strong><\/p>\n\n\n\n<figure class=\"wp-block-gallery alignleft has-nested-images columns-default is-cropped wp-block-gallery-1 is-layout-flex wp-block-gallery-is-layout-flex\">\n<figure class=\"wp-block-image size-full\"><a href=\"https:\/\/pubweb.carnet.hr\/genetika\/wp-content\/uploads\/sites\/390\/2026\/01\/volaric.jpg\"><img loading=\"lazy\" decoding=\"async\" width=\"431\" height=\"431\" data-id=\"516\" src=\"https:\/\/pubweb.carnet.hr\/genetika\/wp-content\/uploads\/sites\/390\/2026\/01\/volaric-edited.jpg\" alt=\"\" class=\"wp-image-516\" srcset=\"https:\/\/pubweb.carnet.hr\/genetika\/wp-content\/uploads\/sites\/390\/2026\/01\/volaric-edited.jpg 431w, https:\/\/pubweb.carnet.hr\/genetika\/wp-content\/uploads\/sites\/390\/2026\/01\/volaric-edited-300x300.jpg 300w, https:\/\/pubweb.carnet.hr\/genetika\/wp-content\/uploads\/sites\/390\/2026\/01\/volaric-edited-150x150.jpg 150w, https:\/\/pubweb.carnet.hr\/genetika\/wp-content\/uploads\/sites\/390\/2026\/01\/volaric-edited-1x1.jpg 1w\" sizes=\"auto, (max-width: 431px) 100vw, 431px\" \/><\/a><\/figure>\n<\/figure>\n\n\n\n<p><\/p>\n\n\n\n<p>&nbsp;<\/p>\n\n\n\n<p>&nbsp;<\/p>\n\n\n\n<p>&nbsp;<\/p>\n\n\n\n<p>&nbsp;<\/p>\n\n\n\n<p>&nbsp;<\/p>\n\n\n\n<p>&nbsp;<\/p>\n\n\n\n<p>&nbsp;<\/p>\n\n\n\n<p>Dobitnik Nagrade dr. sc. Marin Volari\u0107 (Laboratorij za nekodiraju\u0107e DNA, Institut Ru\u0111er Bo\u0161kovi\u0107, Zagreb)<\/p>\n\n\n\n<p><\/p>\n\n\n\n<p><\/p>\n\n\n\n<p><\/p>\n\n\n\n<p><\/p>\n\n\n\n<p><\/p>\n\n\n\n<p><\/p>\n\n\n\n<p><\/p>\n\n\n\n<p><\/p>\n\n\n\n<p><\/p>\n\n\n\n<p>&nbsp;<\/p>\n\n\n\n<p><\/p>\n\n\n\n<p><\/p>\n\n\n\n<p><span style=\"color: #ff0000\"><strong>DODJELA NAGRADE \u201c\u017dELJKO TRGOV\u010cEVI\u0106\u201c za 2023. godinu<\/strong>\u00a0<\/span><\/p>\n\n\n\n<figure class=\"wp-block-image size-full is-resized\"><a href=\"https:\/\/pubweb.carnet.hr\/genetika\/wp-content\/uploads\/sites\/390\/2026\/01\/marija-loncaric-1.jpg\"><img loading=\"lazy\" decoding=\"async\" width=\"568\" height=\"568\" src=\"https:\/\/pubweb.carnet.hr\/genetika\/wp-content\/uploads\/sites\/390\/2026\/01\/marija-loncaric-1-edited.jpg\" alt=\"\" class=\"wp-image-518\" style=\"width:491px;height:auto\" srcset=\"https:\/\/pubweb.carnet.hr\/genetika\/wp-content\/uploads\/sites\/390\/2026\/01\/marija-loncaric-1-edited.jpg 568w, https:\/\/pubweb.carnet.hr\/genetika\/wp-content\/uploads\/sites\/390\/2026\/01\/marija-loncaric-1-edited-300x300.jpg 300w, https:\/\/pubweb.carnet.hr\/genetika\/wp-content\/uploads\/sites\/390\/2026\/01\/marija-loncaric-1-edited-150x150.jpg 150w, https:\/\/pubweb.carnet.hr\/genetika\/wp-content\/uploads\/sites\/390\/2026\/01\/marija-loncaric-1-edited-1x1.jpg 1w\" sizes=\"auto, (max-width: 568px) 100vw, 568px\" \/><\/a><figcaption class=\"wp-element-caption\"><span lang=\"HR\">Dobitnica Nagrade Marija Lon\u010dari\u0107 (Laboratorij za stani\u010dnu biologiju i prijenos signala, Institut Ru\u0111er Bo\u0161kovi\u0107, Zagreb)<\/span><\/figcaption><\/figure>\n\n\n\n<p><\/p>\n\n\n\n<p>&nbsp;<\/p>\n\n\n\n<p><span style=\"color: #ff0000\"><strong>SVE\u010cANI KOLOKVIJ HRVATSKOG GENETI\u010cKOG DRU\u0160TVA povodom 70.\u00a0godi\u0161njice otkri\u0107a strukture DNA<\/strong><\/span><\/p>\n\n\n\n<p>Dana 5. prosinca 2023. godine u 17 sati na Institutu za medicinska istra\u017eivanja i medicinu rada u Zagrebu odr\u017ean je <strong>Sve\u010dani kolokvij Hrvatskog geneti\u010dkog dru\u0161tva<\/strong>, povodom 70.&nbsp;godi\u0161njice otkri\u0107a strukture DNA.<\/p>\n\n\n\n<p>Gost predava\u010d na Sve\u010danom kolokviju bio je na\u0161 uva\u017eeni znanstvenik&nbsp;<strong>profesor Nenad Ban<\/strong> s Instituta za molekularnu biologiju i biofiziku, ETH Z\u00fcrich, koji je odr\u017eao predavanje pod naslovom \u201eOtkrivanje fascinantne ma\u0161inerije za proizvodnju proteina u ljudskim stanicama\u201c.<\/p>\n\n\n\n<p>Kolokviju je nazo\u010dilo 70-tak znanstvenika i studenata koji su imali priliku, na predavanju i prigodnom domjenku, uz na\u0161eg vrhunskog znanstvenika, obilje\u017eiti ovu zna\u010dajnu obljetnicu.<\/p>\n\n\n\n<figure class=\"wp-block-image size-full is-resized\"><a href=\"http:\/\/pubweb.carnet.hr\/genetika\/wp-content\/uploads\/sites\/390\/2026\/01\/svecani2.jpg\"><img loading=\"lazy\" decoding=\"async\" width=\"553\" height=\"737\" src=\"https:\/\/pubweb.carnet.hr\/genetika\/wp-content\/uploads\/sites\/390\/2026\/01\/svecani2.jpg\" alt=\"\" class=\"wp-image-531\" style=\"width:400px\" srcset=\"https:\/\/pubweb.carnet.hr\/genetika\/wp-content\/uploads\/sites\/390\/2026\/01\/svecani2.jpg 553w, https:\/\/pubweb.carnet.hr\/genetika\/wp-content\/uploads\/sites\/390\/2026\/01\/svecani2-225x300.jpg 225w, https:\/\/pubweb.carnet.hr\/genetika\/wp-content\/uploads\/sites\/390\/2026\/01\/svecani2-1x1.jpg 1w\" sizes=\"auto, (max-width: 553px) 100vw, 553px\" \/><\/a><\/figure>\n\n\n\n<p><\/p>\n\n\n\n<p><\/p>\n\n\n\n<figure class=\"wp-block-image size-full is-resized\"><a href=\"http:\/\/pubweb.carnet.hr\/genetika\/wp-content\/uploads\/sites\/390\/2026\/01\/svecani1.jpg\"><img loading=\"lazy\" decoding=\"async\" width=\"860\" height=\"484\" src=\"http:\/\/pubweb.carnet.hr\/genetika\/wp-content\/uploads\/sites\/390\/2026\/01\/svecani1.jpg\" alt=\"\" class=\"wp-image-532\" style=\"width:500px\" srcset=\"https:\/\/pubweb.carnet.hr\/genetika\/wp-content\/uploads\/sites\/390\/2026\/01\/svecani1.jpg 860w, https:\/\/pubweb.carnet.hr\/genetika\/wp-content\/uploads\/sites\/390\/2026\/01\/svecani1-300x169.jpg 300w, https:\/\/pubweb.carnet.hr\/genetika\/wp-content\/uploads\/sites\/390\/2026\/01\/svecani1-768x432.jpg 768w, https:\/\/pubweb.carnet.hr\/genetika\/wp-content\/uploads\/sites\/390\/2026\/01\/svecani1-2x1.jpg 2w, https:\/\/pubweb.carnet.hr\/genetika\/wp-content\/uploads\/sites\/390\/2026\/01\/svecani1-700x394.jpg 700w\" sizes=\"auto, (max-width: 860px) 100vw, 860px\" \/><\/a><\/figure>\n\n\n\n<p><\/p>\n\n\n\n<p><\/p>\n\n\n\n<p><\/p>\n\n\n\n<p><span style=\"color: #ff0000\"><strong>Izlet Hrvatskog geneti\u010dkog dru\u0161tva 2019. godine<\/strong><\/span><\/p>\n\n\n\n<figure class=\"wp-block-gallery has-nested-images columns-2 is-cropped wp-block-gallery-2 is-layout-flex wp-block-gallery-is-layout-flex\">\n<figure class=\"wp-block-image size-large\"><img loading=\"lazy\" decoding=\"async\" width=\"1024\" height=\"768\" data-id=\"305\" src=\"https:\/\/pubweb.carnet.hr\/genetika\/wp-content\/uploads\/sites\/390\/2019\/07\/1-1024x768.jpg\" alt=\"\" class=\"wp-image-305\" srcset=\"https:\/\/pubweb.carnet.hr\/genetika\/wp-content\/uploads\/sites\/390\/2019\/07\/1-1024x768.jpg 1024w, https:\/\/pubweb.carnet.hr\/genetika\/wp-content\/uploads\/sites\/390\/2019\/07\/1-300x225.jpg 300w, https:\/\/pubweb.carnet.hr\/genetika\/wp-content\/uploads\/sites\/390\/2019\/07\/1-768x576.jpg 768w, https:\/\/pubweb.carnet.hr\/genetika\/wp-content\/uploads\/sites\/390\/2019\/07\/1-1x1.jpg 1w, https:\/\/pubweb.carnet.hr\/genetika\/wp-content\/uploads\/sites\/390\/2019\/07\/1.jpg 2048w\" sizes=\"auto, (max-width: 1024px) 100vw, 1024px\" \/><\/figure>\n\n\n\n<figure class=\"wp-block-image size-large\"><img loading=\"lazy\" decoding=\"async\" width=\"1024\" height=\"768\" data-id=\"306\" src=\"https:\/\/pubweb.carnet.hr\/genetika\/wp-content\/uploads\/sites\/390\/2019\/07\/2-1024x768.jpg\" alt=\"\" class=\"wp-image-306\" srcset=\"https:\/\/pubweb.carnet.hr\/genetika\/wp-content\/uploads\/sites\/390\/2019\/07\/2-1024x768.jpg 1024w, https:\/\/pubweb.carnet.hr\/genetika\/wp-content\/uploads\/sites\/390\/2019\/07\/2-300x225.jpg 300w, https:\/\/pubweb.carnet.hr\/genetika\/wp-content\/uploads\/sites\/390\/2019\/07\/2-768x576.jpg 768w, https:\/\/pubweb.carnet.hr\/genetika\/wp-content\/uploads\/sites\/390\/2019\/07\/2-1x1.jpg 1w, https:\/\/pubweb.carnet.hr\/genetika\/wp-content\/uploads\/sites\/390\/2019\/07\/2.jpg 2048w\" sizes=\"auto, (max-width: 1024px) 100vw, 1024px\" \/><\/figure>\n\n\n\n<figure class=\"wp-block-image size-large\"><img loading=\"lazy\" decoding=\"async\" width=\"1024\" height=\"768\" data-id=\"307\" src=\"https:\/\/pubweb.carnet.hr\/genetika\/wp-content\/uploads\/sites\/390\/2019\/07\/3-1024x768.jpg\" alt=\"\" class=\"wp-image-307\" srcset=\"https:\/\/pubweb.carnet.hr\/genetika\/wp-content\/uploads\/sites\/390\/2019\/07\/3-1024x768.jpg 1024w, https:\/\/pubweb.carnet.hr\/genetika\/wp-content\/uploads\/sites\/390\/2019\/07\/3-300x225.jpg 300w, https:\/\/pubweb.carnet.hr\/genetika\/wp-content\/uploads\/sites\/390\/2019\/07\/3-768x576.jpg 768w, https:\/\/pubweb.carnet.hr\/genetika\/wp-content\/uploads\/sites\/390\/2019\/07\/3-1x1.jpg 1w, https:\/\/pubweb.carnet.hr\/genetika\/wp-content\/uploads\/sites\/390\/2019\/07\/3.jpg 2048w\" sizes=\"auto, (max-width: 1024px) 100vw, 1024px\" \/><\/figure>\n\n\n\n<figure class=\"wp-block-image size-large\"><img loading=\"lazy\" decoding=\"async\" width=\"1024\" height=\"768\" data-id=\"308\" src=\"https:\/\/pubweb.carnet.hr\/genetika\/wp-content\/uploads\/sites\/390\/2019\/07\/4-1024x768.jpg\" alt=\"\" class=\"wp-image-308\" srcset=\"https:\/\/pubweb.carnet.hr\/genetika\/wp-content\/uploads\/sites\/390\/2019\/07\/4-1024x768.jpg 1024w, https:\/\/pubweb.carnet.hr\/genetika\/wp-content\/uploads\/sites\/390\/2019\/07\/4-300x225.jpg 300w, https:\/\/pubweb.carnet.hr\/genetika\/wp-content\/uploads\/sites\/390\/2019\/07\/4-768x576.jpg 768w, https:\/\/pubweb.carnet.hr\/genetika\/wp-content\/uploads\/sites\/390\/2019\/07\/4-1x1.jpg 1w, https:\/\/pubweb.carnet.hr\/genetika\/wp-content\/uploads\/sites\/390\/2019\/07\/4.jpg 2048w\" sizes=\"auto, (max-width: 1024px) 100vw, 1024px\" \/><\/figure>\n\n\n\n<figure class=\"wp-block-image size-large\"><img loading=\"lazy\" decoding=\"async\" width=\"1024\" height=\"768\" data-id=\"309\" src=\"https:\/\/pubweb.carnet.hr\/genetika\/wp-content\/uploads\/sites\/390\/2019\/07\/5-1024x768.jpg\" alt=\"\" class=\"wp-image-309\" srcset=\"https:\/\/pubweb.carnet.hr\/genetika\/wp-content\/uploads\/sites\/390\/2019\/07\/5-1024x768.jpg 1024w, https:\/\/pubweb.carnet.hr\/genetika\/wp-content\/uploads\/sites\/390\/2019\/07\/5-300x225.jpg 300w, https:\/\/pubweb.carnet.hr\/genetika\/wp-content\/uploads\/sites\/390\/2019\/07\/5-768x576.jpg 768w, https:\/\/pubweb.carnet.hr\/genetika\/wp-content\/uploads\/sites\/390\/2019\/07\/5-1x1.jpg 1w, https:\/\/pubweb.carnet.hr\/genetika\/wp-content\/uploads\/sites\/390\/2019\/07\/5.jpg 2048w\" sizes=\"auto, (max-width: 1024px) 100vw, 1024px\" \/><\/figure>\n\n\n\n<figure class=\"wp-block-image size-large\"><img loading=\"lazy\" decoding=\"async\" width=\"1024\" height=\"651\" data-id=\"310\" src=\"https:\/\/pubweb.carnet.hr\/genetika\/wp-content\/uploads\/sites\/390\/2019\/07\/6-1024x651.jpg\" alt=\"\" class=\"wp-image-310\" srcset=\"https:\/\/pubweb.carnet.hr\/genetika\/wp-content\/uploads\/sites\/390\/2019\/07\/6-1024x651.jpg 1024w, https:\/\/pubweb.carnet.hr\/genetika\/wp-content\/uploads\/sites\/390\/2019\/07\/6-300x191.jpg 300w, https:\/\/pubweb.carnet.hr\/genetika\/wp-content\/uploads\/sites\/390\/2019\/07\/6-768x488.jpg 768w, https:\/\/pubweb.carnet.hr\/genetika\/wp-content\/uploads\/sites\/390\/2019\/07\/6-2x1.jpg 2w, https:\/\/pubweb.carnet.hr\/genetika\/wp-content\/uploads\/sites\/390\/2019\/07\/6.jpg 2048w\" sizes=\"auto, (max-width: 1024px) 100vw, 1024px\" \/><\/figure>\n\n\n\n<figure class=\"wp-block-image size-large\"><img loading=\"lazy\" decoding=\"async\" width=\"1024\" height=\"768\" data-id=\"311\" src=\"https:\/\/pubweb.carnet.hr\/genetika\/wp-content\/uploads\/sites\/390\/2019\/07\/7-1024x768.jpg\" alt=\"\" class=\"wp-image-311\" srcset=\"https:\/\/pubweb.carnet.hr\/genetika\/wp-content\/uploads\/sites\/390\/2019\/07\/7-1024x768.jpg 1024w, https:\/\/pubweb.carnet.hr\/genetika\/wp-content\/uploads\/sites\/390\/2019\/07\/7-300x225.jpg 300w, https:\/\/pubweb.carnet.hr\/genetika\/wp-content\/uploads\/sites\/390\/2019\/07\/7-768x576.jpg 768w, https:\/\/pubweb.carnet.hr\/genetika\/wp-content\/uploads\/sites\/390\/2019\/07\/7-1x1.jpg 1w, https:\/\/pubweb.carnet.hr\/genetika\/wp-content\/uploads\/sites\/390\/2019\/07\/7.jpg 2048w\" sizes=\"auto, (max-width: 1024px) 100vw, 1024px\" \/><\/figure>\n<\/figure>\n","protected":false},"excerpt":{"rendered":"<p>DODJELA NAGRADE \u201c\u017dELJKO TRGOV\u010cEVI\u0106\u201c za 2024. godinu &nbsp; &nbsp; &nbsp; &nbsp; &nbsp; &nbsp; &nbsp; Dobitnik Nagrade dr. sc. Marin Volari\u0107 (Laboratorij za nekodiraju\u0107e DNA, Institut Ru\u0111er Bo\u0161kovi\u0107, Zagreb) &nbsp; DODJELA NAGRADE \u201c\u017dELJKO TRGOV\u010cEVI\u0106\u201c za 2023. godinu\u00a0 &nbsp; SVE\u010cANI KOLOKVIJ HRVATSKOG GENETI\u010cKOG DRU\u0160TVA povodom 70.\u00a0godi\u0161njice otkri\u0107a strukture DNA Dana 5. prosinca 2023. godine u 17 sati [&hellip;]<\/p>\n","protected":false},"author":429,"featured_media":0,"parent":0,"menu_order":0,"comment_status":"closed","ping_status":"closed","template":"","meta":{"footnotes":""},"class_list":["post-303","page","type-page","status-publish","hentry"],"_links":{"self":[{"href":"https:\/\/pubweb.carnet.hr\/genetika\/wp-json\/wp\/v2\/pages\/303","targetHints":{"allow":["GET"]}}],"collection":[{"href":"https:\/\/pubweb.carnet.hr\/genetika\/wp-json\/wp\/v2\/pages"}],"about":[{"href":"https:\/\/pubweb.carnet.hr\/genetika\/wp-json\/wp\/v2\/types\/page"}],"author":[{"embeddable":true,"href":"https:\/\/pubweb.carnet.hr\/genetika\/wp-json\/wp\/v2\/users\/429"}],"replies":[{"embeddable":true,"href":"https:\/\/pubweb.carnet.hr\/genetika\/wp-json\/wp\/v2\/comments?post=303"}],"version-history":[{"count":3,"href":"https:\/\/pubweb.carnet.hr\/genetika\/wp-json\/wp\/v2\/pages\/303\/revisions"}],"predecessor-version":[{"id":548,"href":"https:\/\/pubweb.carnet.hr\/genetika\/wp-json\/wp\/v2\/pages\/303\/revisions\/548"}],"wp:attachment":[{"href":"https:\/\/pubweb.carnet.hr\/genetika\/wp-json\/wp\/v2\/media?parent=303"}],"curies":[{"name":"wp","href":"https:\/\/api.w.org\/{rel}","templated":true}]}}