{"id":266,"date":"2018-10-11T09:22:04","date_gmt":"2018-10-11T08:22:04","guid":{"rendered":"http:\/\/pubweb.carnet.hr\/genetika\/?page_id=266"},"modified":"2018-10-11T09:35:19","modified_gmt":"2018-10-11T08:35:19","slug":"kongres-galerija-slika","status":"publish","type":"page","link":"https:\/\/pubweb.carnet.hr\/genetika\/o-nama\/kongres-galerija-slika\/","title":{"rendered":"Galerija"},"content":{"rendered":"<h4>4. kongres hrvatskih geneti\u010dara s me\u0111unarodnim sudjelovanjem (Grad Krk, 26. &#8211; 29. 09. 2018.)<\/h4>\n\n\t\t<style type=\"text\/css\">\n\t\t\t#gallery-1 {\n\t\t\t\tmargin: auto;\n\t\t\t}\n\t\t\t#gallery-1 .gallery-item {\n\t\t\t\tfloat: left;\n\t\t\t\tmargin-top: 10px;\n\t\t\t\ttext-align: center;\n\t\t\t\twidth: 33%;\n\t\t\t}\n\t\t\t#gallery-1 img {\n\t\t\t\tborder: 2px solid #cfcfcf;\n\t\t\t}\n\t\t\t#gallery-1 .gallery-caption {\n\t\t\t\tmargin-left: 0;\n\t\t\t}\n\t\t\t\/* see gallery_shortcode() in wp-includes\/media.php *\/\n\t\t<\/style>\n\t\t<div id='gallery-1' class='gallery galleryid-266 gallery-columns-3 gallery-size-medium'><dl class='gallery-item'>\n\t\t\t<dt class='gallery-icon landscape'>\n\t\t\t\t<a href='https:\/\/pubweb.carnet.hr\/genetika\/dsc04660\/'><img loading=\"lazy\" decoding=\"async\" width=\"300\" height=\"200\" src=\"https:\/\/pubweb.carnet.hr\/genetika\/wp-content\/uploads\/sites\/390\/2018\/10\/DSC04660-300x200.jpg\" class=\"attachment-medium size-medium\" alt=\"\" aria-describedby=\"gallery-1-254\" srcset=\"https:\/\/pubweb.carnet.hr\/genetika\/wp-content\/uploads\/sites\/390\/2018\/10\/DSC04660-300x200.jpg 300w, https:\/\/pubweb.carnet.hr\/genetika\/wp-content\/uploads\/sites\/390\/2018\/10\/DSC04660-1x1.jpg 1w, https:\/\/pubweb.carnet.hr\/genetika\/wp-content\/uploads\/sites\/390\/2018\/10\/DSC04660.jpg 490w\" sizes=\"auto, (max-width: 300px) 100vw, 300px\" \/><\/a>\n\t\t\t<\/dt>\n\t\t\t\t<dd class='wp-caption-text gallery-caption' id='gallery-1-254'>\n\t\t\t\tDobrodo\u0161li na HGD kongres\n\t\t\t\t<\/dd><\/dl><dl class='gallery-item'>\n\t\t\t<dt class='gallery-icon landscape'>\n\t\t\t\t<a href='https:\/\/pubweb.carnet.hr\/genetika\/dsc04676\/'><img loading=\"lazy\" decoding=\"async\" width=\"300\" height=\"200\" src=\"https:\/\/pubweb.carnet.hr\/genetika\/wp-content\/uploads\/sites\/390\/2018\/10\/DSC04676-300x200.jpg\" class=\"attachment-medium size-medium\" alt=\"\" aria-describedby=\"gallery-1-255\" srcset=\"https:\/\/pubweb.carnet.hr\/genetika\/wp-content\/uploads\/sites\/390\/2018\/10\/DSC04676-300x200.jpg 300w, https:\/\/pubweb.carnet.hr\/genetika\/wp-content\/uploads\/sites\/390\/2018\/10\/DSC04676-768x512.jpg 768w, https:\/\/pubweb.carnet.hr\/genetika\/wp-content\/uploads\/sites\/390\/2018\/10\/DSC04676-1024x683.jpg 1024w, https:\/\/pubweb.carnet.hr\/genetika\/wp-content\/uploads\/sites\/390\/2018\/10\/DSC04676-2x1.jpg 2w, https:\/\/pubweb.carnet.hr\/genetika\/wp-content\/uploads\/sites\/390\/2018\/10\/DSC04676.jpg 1296w\" sizes=\"auto, (max-width: 300px) 100vw, 300px\" \/><\/a>\n\t\t\t<\/dt>\n\t\t\t\t<dd class='wp-caption-text gallery-caption' id='gallery-1-255'>\n\t\t\t\tOtvaranje kongresa\n\t\t\t\t<\/dd><\/dl><dl class='gallery-item'>\n\t\t\t<dt class='gallery-icon landscape'>\n\t\t\t\t<a href='https:\/\/pubweb.carnet.hr\/genetika\/dsc04678\/'><img loading=\"lazy\" decoding=\"async\" width=\"300\" height=\"200\" src=\"https:\/\/pubweb.carnet.hr\/genetika\/wp-content\/uploads\/sites\/390\/2018\/10\/DSC04678-300x200.jpg\" class=\"attachment-medium size-medium\" alt=\"\" aria-describedby=\"gallery-1-256\" srcset=\"https:\/\/pubweb.carnet.hr\/genetika\/wp-content\/uploads\/sites\/390\/2018\/10\/DSC04678-300x200.jpg 300w, https:\/\/pubweb.carnet.hr\/genetika\/wp-content\/uploads\/sites\/390\/2018\/10\/DSC04678-768x512.jpg 768w, https:\/\/pubweb.carnet.hr\/genetika\/wp-content\/uploads\/sites\/390\/2018\/10\/DSC04678-1024x683.jpg 1024w, https:\/\/pubweb.carnet.hr\/genetika\/wp-content\/uploads\/sites\/390\/2018\/10\/DSC04678-2x1.jpg 2w, https:\/\/pubweb.carnet.hr\/genetika\/wp-content\/uploads\/sites\/390\/2018\/10\/DSC04678.jpg 1296w\" sizes=\"auto, (max-width: 300px) 100vw, 300px\" \/><\/a>\n\t\t\t<\/dt>\n\t\t\t\t<dd class='wp-caption-text gallery-caption' id='gallery-1-256'>\n\t\t\t\tProf. \u0160ar\u010devi\u0107 na otvaranju kongresa\n\t\t\t\t<\/dd><\/dl><br style=\"clear: both\" \/><dl class='gallery-item'>\n\t\t\t<dt class='gallery-icon landscape'>\n\t\t\t\t<a href='https:\/\/pubweb.carnet.hr\/genetika\/dsc04681\/'><img loading=\"lazy\" decoding=\"async\" width=\"300\" height=\"200\" src=\"https:\/\/pubweb.carnet.hr\/genetika\/wp-content\/uploads\/sites\/390\/2018\/10\/DSC04681-300x200.jpg\" class=\"attachment-medium size-medium\" alt=\"\" aria-describedby=\"gallery-1-258\" srcset=\"https:\/\/pubweb.carnet.hr\/genetika\/wp-content\/uploads\/sites\/390\/2018\/10\/DSC04681-300x200.jpg 300w, https:\/\/pubweb.carnet.hr\/genetika\/wp-content\/uploads\/sites\/390\/2018\/10\/DSC04681-768x512.jpg 768w, https:\/\/pubweb.carnet.hr\/genetika\/wp-content\/uploads\/sites\/390\/2018\/10\/DSC04681-1024x683.jpg 1024w, https:\/\/pubweb.carnet.hr\/genetika\/wp-content\/uploads\/sites\/390\/2018\/10\/DSC04681-2x1.jpg 2w, https:\/\/pubweb.carnet.hr\/genetika\/wp-content\/uploads\/sites\/390\/2018\/10\/DSC04681.jpg 1296w\" sizes=\"auto, (max-width: 300px) 100vw, 300px\" \/><\/a>\n\t\t\t<\/dt>\n\t\t\t\t<dd class='wp-caption-text gallery-caption' id='gallery-1-258'>\n\t\t\t\tDr. Vujaklija na otvranju kongresa\n\t\t\t\t<\/dd><\/dl><dl class='gallery-item'>\n\t\t\t<dt class='gallery-icon landscape'>\n\t\t\t\t<a href='https:\/\/pubweb.carnet.hr\/genetika\/dsc04679\/'><img loading=\"lazy\" decoding=\"async\" width=\"300\" height=\"200\" src=\"https:\/\/pubweb.carnet.hr\/genetika\/wp-content\/uploads\/sites\/390\/2018\/10\/DSC04679-300x200.jpg\" class=\"attachment-medium size-medium\" alt=\"\" aria-describedby=\"gallery-1-257\" srcset=\"https:\/\/pubweb.carnet.hr\/genetika\/wp-content\/uploads\/sites\/390\/2018\/10\/DSC04679-300x200.jpg 300w, https:\/\/pubweb.carnet.hr\/genetika\/wp-content\/uploads\/sites\/390\/2018\/10\/DSC04679-768x512.jpg 768w, https:\/\/pubweb.carnet.hr\/genetika\/wp-content\/uploads\/sites\/390\/2018\/10\/DSC04679-1024x683.jpg 1024w, https:\/\/pubweb.carnet.hr\/genetika\/wp-content\/uploads\/sites\/390\/2018\/10\/DSC04679-2x1.jpg 2w, https:\/\/pubweb.carnet.hr\/genetika\/wp-content\/uploads\/sites\/390\/2018\/10\/DSC04679.jpg 1272w\" sizes=\"auto, (max-width: 300px) 100vw, 300px\" \/><\/a>\n\t\t\t<\/dt>\n\t\t\t\t<dd class='wp-caption-text gallery-caption' id='gallery-1-257'>\n\t\t\t\tVokalna skupina Bona forma\n\t\t\t\t<\/dd><\/dl><dl class='gallery-item'>\n\t\t\t<dt class='gallery-icon landscape'>\n\t\t\t\t<a href='https:\/\/pubweb.carnet.hr\/genetika\/dsc04686\/'><img loading=\"lazy\" decoding=\"async\" width=\"300\" height=\"200\" src=\"https:\/\/pubweb.carnet.hr\/genetika\/wp-content\/uploads\/sites\/390\/2018\/10\/DSC04686-300x200.jpg\" class=\"attachment-medium size-medium\" alt=\"\" aria-describedby=\"gallery-1-259\" srcset=\"https:\/\/pubweb.carnet.hr\/genetika\/wp-content\/uploads\/sites\/390\/2018\/10\/DSC04686-300x200.jpg 300w, https:\/\/pubweb.carnet.hr\/genetika\/wp-content\/uploads\/sites\/390\/2018\/10\/DSC04686-768x512.jpg 768w, https:\/\/pubweb.carnet.hr\/genetika\/wp-content\/uploads\/sites\/390\/2018\/10\/DSC04686-1024x683.jpg 1024w, https:\/\/pubweb.carnet.hr\/genetika\/wp-content\/uploads\/sites\/390\/2018\/10\/DSC04686-2x1.jpg 2w, https:\/\/pubweb.carnet.hr\/genetika\/wp-content\/uploads\/sites\/390\/2018\/10\/DSC04686.jpg 1275w\" sizes=\"auto, (max-width: 300px) 100vw, 300px\" \/><\/a>\n\t\t\t<\/dt>\n\t\t\t\t<dd class='wp-caption-text gallery-caption' id='gallery-1-259'>\n\t\t\t\tProf. Kolter na otvaranju kongresa\n\t\t\t\t<\/dd><\/dl><br style=\"clear: both\" \/><dl class='gallery-item'>\n\t\t\t<dt class='gallery-icon landscape'>\n\t\t\t\t<a href='https:\/\/pubweb.carnet.hr\/genetika\/dsc04689\/'><img loading=\"lazy\" decoding=\"async\" width=\"300\" height=\"175\" src=\"https:\/\/pubweb.carnet.hr\/genetika\/wp-content\/uploads\/sites\/390\/2018\/10\/DSC04689-300x175.jpg\" class=\"attachment-medium size-medium\" alt=\"\" aria-describedby=\"gallery-1-260\" srcset=\"https:\/\/pubweb.carnet.hr\/genetika\/wp-content\/uploads\/sites\/390\/2018\/10\/DSC04689-300x175.jpg 300w, https:\/\/pubweb.carnet.hr\/genetika\/wp-content\/uploads\/sites\/390\/2018\/10\/DSC04689-768x449.jpg 768w, https:\/\/pubweb.carnet.hr\/genetika\/wp-content\/uploads\/sites\/390\/2018\/10\/DSC04689-1024x598.jpg 1024w, https:\/\/pubweb.carnet.hr\/genetika\/wp-content\/uploads\/sites\/390\/2018\/10\/DSC04689-2x1.jpg 2w, https:\/\/pubweb.carnet.hr\/genetika\/wp-content\/uploads\/sites\/390\/2018\/10\/DSC04689.jpg 1296w\" sizes=\"auto, (max-width: 300px) 100vw, 300px\" \/><\/a>\n\t\t\t<\/dt>\n\t\t\t\t<dd class='wp-caption-text gallery-caption' id='gallery-1-260'>\n\t\t\t\tWelcome party\n\t\t\t\t<\/dd><\/dl><dl class='gallery-item'>\n\t\t\t<dt class='gallery-icon landscape'>\n\t\t\t\t<a href='https:\/\/pubweb.carnet.hr\/genetika\/dsc04881\/'><img loading=\"lazy\" decoding=\"async\" width=\"300\" height=\"200\" src=\"https:\/\/pubweb.carnet.hr\/genetika\/wp-content\/uploads\/sites\/390\/2018\/10\/DSC04881-300x200.jpg\" class=\"attachment-medium size-medium\" alt=\"\" aria-describedby=\"gallery-1-262\" srcset=\"https:\/\/pubweb.carnet.hr\/genetika\/wp-content\/uploads\/sites\/390\/2018\/10\/DSC04881-300x200.jpg 300w, https:\/\/pubweb.carnet.hr\/genetika\/wp-content\/uploads\/sites\/390\/2018\/10\/DSC04881-768x512.jpg 768w, https:\/\/pubweb.carnet.hr\/genetika\/wp-content\/uploads\/sites\/390\/2018\/10\/DSC04881-1024x683.jpg 1024w, https:\/\/pubweb.carnet.hr\/genetika\/wp-content\/uploads\/sites\/390\/2018\/10\/DSC04881-2x1.jpg 2w, https:\/\/pubweb.carnet.hr\/genetika\/wp-content\/uploads\/sites\/390\/2018\/10\/DSC04881.jpg 1296w\" sizes=\"auto, (max-width: 300px) 100vw, 300px\" \/><\/a>\n\t\t\t<\/dt>\n\t\t\t\t<dd class='wp-caption-text gallery-caption' id='gallery-1-262'>\n\t\t\t\tHGD kongres\n\t\t\t\t<\/dd><\/dl><dl class='gallery-item'>\n\t\t\t<dt class='gallery-icon landscape'>\n\t\t\t\t<a href='https:\/\/pubweb.carnet.hr\/genetika\/dsc04889\/'><img loading=\"lazy\" decoding=\"async\" width=\"300\" height=\"200\" src=\"https:\/\/pubweb.carnet.hr\/genetika\/wp-content\/uploads\/sites\/390\/2018\/10\/DSC04889-300x200.jpg\" class=\"attachment-medium size-medium\" alt=\"\" aria-describedby=\"gallery-1-263\" srcset=\"https:\/\/pubweb.carnet.hr\/genetika\/wp-content\/uploads\/sites\/390\/2018\/10\/DSC04889-300x200.jpg 300w, https:\/\/pubweb.carnet.hr\/genetika\/wp-content\/uploads\/sites\/390\/2018\/10\/DSC04889-768x512.jpg 768w, https:\/\/pubweb.carnet.hr\/genetika\/wp-content\/uploads\/sites\/390\/2018\/10\/DSC04889-1024x683.jpg 1024w, https:\/\/pubweb.carnet.hr\/genetika\/wp-content\/uploads\/sites\/390\/2018\/10\/DSC04889-2x1.jpg 2w, https:\/\/pubweb.carnet.hr\/genetika\/wp-content\/uploads\/sites\/390\/2018\/10\/DSC04889.jpg 1296w\" sizes=\"auto, (max-width: 300px) 100vw, 300px\" \/><\/a>\n\t\t\t<\/dt>\n\t\t\t\t<dd class='wp-caption-text gallery-caption' id='gallery-1-263'>\n\t\t\t\tHGD kongres\n\t\t\t\t<\/dd><\/dl><br style=\"clear: both\" \/><dl class='gallery-item'>\n\t\t\t<dt class='gallery-icon landscape'>\n\t\t\t\t<a href='https:\/\/pubweb.carnet.hr\/genetika\/20180928_154316_hdr\/'><img loading=\"lazy\" decoding=\"async\" width=\"300\" height=\"225\" src=\"https:\/\/pubweb.carnet.hr\/genetika\/wp-content\/uploads\/sites\/390\/2018\/10\/20180928_154316_HDR-300x225.jpg\" class=\"attachment-medium size-medium\" alt=\"\" aria-describedby=\"gallery-1-252\" srcset=\"https:\/\/pubweb.carnet.hr\/genetika\/wp-content\/uploads\/sites\/390\/2018\/10\/20180928_154316_HDR-300x225.jpg 300w, https:\/\/pubweb.carnet.hr\/genetika\/wp-content\/uploads\/sites\/390\/2018\/10\/20180928_154316_HDR-1x1.jpg 1w, https:\/\/pubweb.carnet.hr\/genetika\/wp-content\/uploads\/sites\/390\/2018\/10\/20180928_154316_HDR.jpg 416w\" sizes=\"auto, (max-width: 300px) 100vw, 300px\" \/><\/a>\n\t\t\t<\/dt>\n\t\t\t\t<dd class='wp-caption-text gallery-caption' id='gallery-1-252'>\n\t\t\t\tEkskurzija\n\t\t\t\t<\/dd><\/dl><dl class='gallery-item'>\n\t\t\t<dt class='gallery-icon landscape'>\n\t\t\t\t<a href='https:\/\/pubweb.carnet.hr\/genetika\/20180928_154947\/'><img loading=\"lazy\" decoding=\"async\" width=\"300\" height=\"225\" src=\"https:\/\/pubweb.carnet.hr\/genetika\/wp-content\/uploads\/sites\/390\/2018\/10\/20180928_154947-300x225.jpg\" class=\"attachment-medium size-medium\" alt=\"\" aria-describedby=\"gallery-1-253\" srcset=\"https:\/\/pubweb.carnet.hr\/genetika\/wp-content\/uploads\/sites\/390\/2018\/10\/20180928_154947-300x225.jpg 300w, https:\/\/pubweb.carnet.hr\/genetika\/wp-content\/uploads\/sites\/390\/2018\/10\/20180928_154947-1x1.jpg 1w, https:\/\/pubweb.carnet.hr\/genetika\/wp-content\/uploads\/sites\/390\/2018\/10\/20180928_154947.jpg 416w\" sizes=\"auto, (max-width: 300px) 100vw, 300px\" \/><\/a>\n\t\t\t<\/dt>\n\t\t\t\t<dd class='wp-caption-text gallery-caption' id='gallery-1-253'>\n\t\t\t\tEkskurzija\n\t\t\t\t<\/dd><\/dl><dl class='gallery-item'>\n\t\t\t<dt class='gallery-icon landscape'>\n\t\t\t\t<a href='https:\/\/pubweb.carnet.hr\/genetika\/dsc04860\/'><img loading=\"lazy\" decoding=\"async\" width=\"300\" height=\"200\" src=\"https:\/\/pubweb.carnet.hr\/genetika\/wp-content\/uploads\/sites\/390\/2018\/10\/DSC04860-300x200.jpg\" class=\"attachment-medium size-medium\" alt=\"\" aria-describedby=\"gallery-1-261\" srcset=\"https:\/\/pubweb.carnet.hr\/genetika\/wp-content\/uploads\/sites\/390\/2018\/10\/DSC04860-300x200.jpg 300w, https:\/\/pubweb.carnet.hr\/genetika\/wp-content\/uploads\/sites\/390\/2018\/10\/DSC04860-768x512.jpg 768w, https:\/\/pubweb.carnet.hr\/genetika\/wp-content\/uploads\/sites\/390\/2018\/10\/DSC04860-1024x683.jpg 1024w, https:\/\/pubweb.carnet.hr\/genetika\/wp-content\/uploads\/sites\/390\/2018\/10\/DSC04860-2x1.jpg 2w, https:\/\/pubweb.carnet.hr\/genetika\/wp-content\/uploads\/sites\/390\/2018\/10\/DSC04860.jpg 1296w\" sizes=\"auto, (max-width: 300px) 100vw, 300px\" \/><\/a>\n\t\t\t<\/dt>\n\t\t\t\t<dd class='wp-caption-text gallery-caption' id='gallery-1-261'>\n\t\t\t\tDiskusije pokraj mora\n\t\t\t\t<\/dd><\/dl><br style=\"clear: both\" \/><dl class='gallery-item'>\n\t\t\t<dt class='gallery-icon landscape'>\n\t\t\t\t<a href='https:\/\/pubweb.carnet.hr\/genetika\/dsc04895\/'><img loading=\"lazy\" decoding=\"async\" width=\"300\" height=\"200\" src=\"https:\/\/pubweb.carnet.hr\/genetika\/wp-content\/uploads\/sites\/390\/2018\/10\/DSC04895-300x200.jpg\" class=\"attachment-medium size-medium\" alt=\"\" aria-describedby=\"gallery-1-264\" srcset=\"https:\/\/pubweb.carnet.hr\/genetika\/wp-content\/uploads\/sites\/390\/2018\/10\/DSC04895-300x200.jpg 300w, https:\/\/pubweb.carnet.hr\/genetika\/wp-content\/uploads\/sites\/390\/2018\/10\/DSC04895-768x512.jpg 768w, https:\/\/pubweb.carnet.hr\/genetika\/wp-content\/uploads\/sites\/390\/2018\/10\/DSC04895-1024x683.jpg 1024w, https:\/\/pubweb.carnet.hr\/genetika\/wp-content\/uploads\/sites\/390\/2018\/10\/DSC04895-2x1.jpg 2w, https:\/\/pubweb.carnet.hr\/genetika\/wp-content\/uploads\/sites\/390\/2018\/10\/DSC04895.jpg 1296w\" sizes=\"auto, (max-width: 300px) 100vw, 300px\" \/><\/a>\n\t\t\t<\/dt>\n\t\t\t\t<dd class='wp-caption-text gallery-caption' id='gallery-1-264'>\n\t\t\t\tProf. Radman na zavr\u0161nom predavanju\n\t\t\t\t<\/dd><\/dl><dl class='gallery-item'>\n\t\t\t<dt class='gallery-icon landscape'>\n\t\t\t\t<a href='https:\/\/pubweb.carnet.hr\/genetika\/dsc04914\/'><img loading=\"lazy\" decoding=\"async\" width=\"300\" height=\"200\" src=\"https:\/\/pubweb.carnet.hr\/genetika\/wp-content\/uploads\/sites\/390\/2018\/10\/DSC04914-300x200.jpg\" class=\"attachment-medium size-medium\" alt=\"\" aria-describedby=\"gallery-1-265\" srcset=\"https:\/\/pubweb.carnet.hr\/genetika\/wp-content\/uploads\/sites\/390\/2018\/10\/DSC04914-300x200.jpg 300w, https:\/\/pubweb.carnet.hr\/genetika\/wp-content\/uploads\/sites\/390\/2018\/10\/DSC04914-768x512.jpg 768w, https:\/\/pubweb.carnet.hr\/genetika\/wp-content\/uploads\/sites\/390\/2018\/10\/DSC04914-1024x683.jpg 1024w, https:\/\/pubweb.carnet.hr\/genetika\/wp-content\/uploads\/sites\/390\/2018\/10\/DSC04914-2x1.jpg 2w, https:\/\/pubweb.carnet.hr\/genetika\/wp-content\/uploads\/sites\/390\/2018\/10\/DSC04914.jpg 1296w\" sizes=\"auto, (max-width: 300px) 100vw, 300px\" \/><\/a>\n\t\t\t<\/dt>\n\t\t\t\t<dd class='wp-caption-text gallery-caption' id='gallery-1-265'>\n\t\t\t\tDodjela nagrada tombole sponzora\n\t\t\t\t<\/dd><\/dl>\n\t\t\t<br style='clear: both' \/>\n\t\t<\/div>\n\n<p>&nbsp;<\/p>\n<p>&nbsp;<\/p>\n<p>&nbsp;<\/p>\n","protected":false},"excerpt":{"rendered":"<p>4. kongres hrvatskih geneti\u010dara s me\u0111unarodnim sudjelovanjem (Grad Krk, 26. &#8211; 29. 09. 2018.) &nbsp; &nbsp; &nbsp;<\/p>\n","protected":false},"author":429,"featured_media":0,"parent":6,"menu_order":1,"comment_status":"closed","ping_status":"closed","template":"","meta":{"footnotes":""},"class_list":["post-266","page","type-page","status-publish","hentry"],"_links":{"self":[{"href":"https:\/\/pubweb.carnet.hr\/genetika\/wp-json\/wp\/v2\/pages\/266","targetHints":{"allow":["GET"]}}],"collection":[{"href":"https:\/\/pubweb.carnet.hr\/genetika\/wp-json\/wp\/v2\/pages"}],"about":[{"href":"https:\/\/pubweb.carnet.hr\/genetika\/wp-json\/wp\/v2\/types\/page"}],"author":[{"embeddable":true,"href":"https:\/\/pubweb.carnet.hr\/genetika\/wp-json\/wp\/v2\/users\/429"}],"replies":[{"embeddable":true,"href":"https:\/\/pubweb.carnet.hr\/genetika\/wp-json\/wp\/v2\/comments?post=266"}],"version-history":[{"count":2,"href":"https:\/\/pubweb.carnet.hr\/genetika\/wp-json\/wp\/v2\/pages\/266\/revisions"}],"predecessor-version":[{"id":272,"href":"https:\/\/pubweb.carnet.hr\/genetika\/wp-json\/wp\/v2\/pages\/266\/revisions\/272"}],"up":[{"embeddable":true,"href":"https:\/\/pubweb.carnet.hr\/genetika\/wp-json\/wp\/v2\/pages\/6"}],"wp:attachment":[{"href":"https:\/\/pubweb.carnet.hr\/genetika\/wp-json\/wp\/v2\/media?parent=266"}],"curies":[{"name":"wp","href":"https:\/\/api.w.org\/{rel}","templated":true}]}}