{"id":12,"date":"2014-12-23T12:52:44","date_gmt":"2014-12-23T11:52:44","guid":{"rendered":"http:\/\/pubweb.carnet.hr\/genetika\/?page_id=12"},"modified":"2025-02-03T15:26:54","modified_gmt":"2025-02-03T14:26:54","slug":"kongresi-u-organizaciji-hgd-a","status":"publish","type":"page","link":"https:\/\/pubweb.carnet.hr\/genetika\/kongresi-u-organizaciji-hgd-a\/","title":{"rendered":"Kongresi"},"content":{"rendered":"<p><strong><span style=\"color: #ff0000\">KONGRESI U ORGANIZACIJI HGD-A<\/span><\/strong><\/p>\n<p><strong>2024. godina<\/strong><\/p>\n<p><strong>52nd European Environmental Mutagenesis and Genomics Society meeting &amp; 15th International Comet Assay Workshop<\/strong><br \/>\n<em>23.-27.9.2024., Rovinj, Hrvatska<\/em><br \/>\nKnjigu sa\u017eetaka mo\u017eete preuzeti <a href=\"https:\/\/hrcak.srce.hr\/broj\/24928\">ovdje<\/a>.<a href=\"http:\/\/pubweb.carnet.hr\/genetika\/wp-content\/uploads\/sites\/390\/2025\/02\/eemgs.jpg\"><img loading=\"lazy\" decoding=\"async\" class=\"alignleft size-full wp-image-434\" src=\"http:\/\/pubweb.carnet.hr\/genetika\/wp-content\/uploads\/sites\/390\/2025\/02\/eemgs.jpg\" alt=\"\" width=\"1440\" height=\"1080\" srcset=\"https:\/\/pubweb.carnet.hr\/genetika\/wp-content\/uploads\/sites\/390\/2025\/02\/eemgs.jpg 1440w, https:\/\/pubweb.carnet.hr\/genetika\/wp-content\/uploads\/sites\/390\/2025\/02\/eemgs-300x225.jpg 300w, https:\/\/pubweb.carnet.hr\/genetika\/wp-content\/uploads\/sites\/390\/2025\/02\/eemgs-768x576.jpg 768w, https:\/\/pubweb.carnet.hr\/genetika\/wp-content\/uploads\/sites\/390\/2025\/02\/eemgs-1024x768.jpg 1024w, https:\/\/pubweb.carnet.hr\/genetika\/wp-content\/uploads\/sites\/390\/2025\/02\/eemgs-1x1.jpg 1w\" sizes=\"auto, (max-width: 1440px) 100vw, 1440px\" \/><\/a><br \/>\n<em>Organizacijski odbor:<\/em><br \/>\nMarko Geri\u0107<br \/>\nMirta Smodlaka Tankovi\u0107<br \/>\nGoran Gajski<br \/>\nDu\u0161ica Vujaklija<br \/>\nKsenija Zahradka<br \/>\nMirta Mili\u0107<br \/>\nDubravka Ra\u0161i\u0107<br \/>\nAndreja Juri\u010d<br \/>\nIvana Jakovljevi\u0107<br \/>\nKatarina Matkovi\u0107<br \/>\nLuka Kazensky<br \/>\nDeni Kostelac<\/p>\n<p><em>Znanstveni odbor:<\/em><br \/>\nGoran Gajski<br \/>\nAmaya Azqueta<br \/>\nMarcus S. Cooke<br \/>\nPaul Fowler<br \/>\nRoland Fr\u00f6tschl<br \/>\nMarko Geri\u0107<br \/>\nAnja Haveri\u0107<br \/>\nIvana Ivan\u010di\u0107 Ba\u0107e<br \/>\nGeorge Johnson<br \/>\nStoimir Kolarevi\u0107<br \/>\nCarina Ladeira<br \/>\nSabine Langie<br \/>\nMirta Mili\u0107<br \/>\nVanessa Moraes Andrade<br \/>\nMerle Marie Nicolai<br \/>\nMartin Pfannkuchen<br \/>\nDu\u0161ica Vujaklija<br \/>\nKsenija Zahradka<br \/>\nBojana \u017degura<\/p>\n<p>&nbsp;<\/p>\n<p><strong>2018. godina<\/strong><\/p>\n<p><strong>4th Congress of Croatian Geneticists with international participation<\/strong><br \/>\n<i>26.-29. 09. 2018., Krk, Hrvatska<\/i><\/p>\n<p>Knjigu sa\u017eeteka za mo\u017eete preuzeti <a href=\"http:\/\/pubweb.carnet.hr\/genetika\/wp-content\/uploads\/sites\/390\/2018\/10\/HGD-Congress-2018-Book-of-Abstracts.pdf\">ovdje.<\/a><\/p>\n<p>Galeriju fotografija sa kongresa mo\u017eete pogledati<a href=\"http:\/\/pubweb.carnet.hr\/genetika\/o-nama\/kongres-galerija-slika\/\"> ovdje.<\/a><\/p>\n<p>Organizacijski odbor:<\/p>\n<p>Hrvoje \u0160ar\u010devi\u0107, predsjednik<br \/>\nAnamarija \u0160tafa, tajnica<br \/>\nJasna Franeki\u0107<br \/>\nGrozdana Kule\u0161<br \/>\nIvan Kre\u0161imir Svetec<br \/>\nMarina Svetec Mikleni\u0107<br \/>\n\u0110ur\u0111ica Ugarkovi\u0107<br \/>\nDu\u0161ica Vujaklija<\/p>\n<p>Znanstveni odbor:<\/p>\n<p>\u0110ur\u0111ica Ugarkovi\u0107, predsjednica<br \/>\nVi\u0161nja Ba\u010dun-Dru\u017eina<br \/>\nHrvoje Fulgosi<br \/>\nVerica Garaj-Vrhovac<br \/>\nDavorin Kajba<br \/>\nIvica Rubelj<br \/>\nIvan Kre\u0161imir Svetec<br \/>\nHrvoje \u0160ar\u010devi\u0107<br \/>\nZlatko \u0160atovi\u0107<br \/>\nDu\u0161ica Vujaklija<br \/>\nKsenija Zahradka<\/p>\n<p><strong>2012. godina<\/strong><\/p>\n<p><b>3rd Congress of Croatian Geneticists with international participation<\/b><br \/>\n<i>13<\/i><em>-16.09.2012. Krk, Hrvatska<\/em><\/p>\n<p>Organizacijski odbor:<\/p>\n<p>Verica Graja-Vrhovac, predsjednica<br \/>\nAna Bielen<br \/>\nGoran Gajski<br \/>\nMarko Geri\u0107<br \/>\nMladen Ivankovi\u0107, tajnik<br \/>\nGrozdana Kule\u0161<br \/>\nTomislav Vladu\u0161i\u0107<\/p>\n<p>Znanstveni odbor:<\/p>\n<p>Jasna Franeki\u0107 \u010coli\u0107, predsjednica<br \/>\nAndreja Ambriovi\u0107-Ristov<br \/>\nVi\u0161nja Besendorfer<br \/>\nHrvoje Fulgosi<br \/>\nVerica Garaj-Vrhovac<br \/>\nStipan Jonji\u0107<br \/>\nDavorin Kajba<br \/>\nMaja Osmak<br \/>\nMiroslav Radman<br \/>\nIvica Rubelj<br \/>\nIvan Kre\u0161imir Svetec<br \/>\nHrvoje \u0160ar\u010devi\u0107<br \/>\nSini\u0161a Volarevi\u0107<br \/>\nDu\u0161ica Vujaklija<br \/>\nKsenija Zahradka<br \/>\n\u0110ur\u0111ica Ugarkovi\u0107<\/p>\n<p><strong>2008. godina<\/strong><\/p>\n<p><strong>38th Annual Meeting \u201cEnvironmental Mutagens and Human Health\u201d<\/strong><br \/>\n<em>21-25.09.2008. Cavtat, Hrvatska<\/em><\/p>\n<p>Organizacijski odbor:<\/p>\n<p>Jasna Franeki\u0107 \u010coli\u0107,organizatorica kongresa<br \/>\nVerica Graja-Vrhovac, organizatorica kongresa<br \/>\nAnamaria Brozovi\u0107<br \/>\nVlatka Brumen<br \/>\nKsenija Durgo<br \/>\nGoran Klobu\u010dar<br \/>\nNevenka Kopjar<br \/>\nMaja Osmak<br \/>\nMirjana Pavlica<br \/>\n\u0110ur\u0111ica Ugarkovi\u0107<br \/>\nDu\u0161ica Vujaklija<br \/>\nZnanstveni odbor:<\/p>\n<p>David J Kirkland, Engleska<br \/>\nSilvio De Flora, Italija<br \/>\nEugenia Dogliotti, Italija<br \/>\nJasna Franeki\u0107 \u010coli\u0107, Hrvatska<br \/>\nVerica Garaj-Vrhovac, Hrvatska<br \/>\nPierre Hainaut, Francuska<br \/>\nMicheline Kirsch-Volders, Belgija<br \/>\nSteffen Loft, Danska<br \/>\nBeatrice Pool-Zobel, Njema\u010dka<br \/>\nMiroslav Radman, Francuska<br \/>\nKrzysztof Szyfter, Poljska<\/p>\n<p><strong>2005. godina<\/strong><\/p>\n<p><strong>Second Congress of Croatian Geneticists with International Participation<\/strong><br \/>\n<em>24-27.09.2005. godine, Supetar, otok Bra\u010d, Hrvatska<\/em><\/p>\n<p>Organizacijski odbor:<\/p>\n<p>\u0110ur\u0111ica Ugarkovi\u0107, predsjednica<br \/>\nKre\u0161imir Gjura\u010di\u0107, tajnik<br \/>\nKsenija Durgo<br \/>\nVesna Erakovi\u0107<br \/>\nSandra Gregori\u0107<br \/>\nZnanstveni odbor:<\/p>\n<p>Jasna Franeki\u0107 \u010coli\u0107, predsjednica<br \/>\nVi\u0161nja Ba\u010dun-Dru\u017eina<br \/>\nVi\u0161nja Besendorfer<br \/>\nVerica Garaj-Vrhovac<br \/>\nKre\u0161imir Gjura\u010di\u0107<br \/>\nDaslav Hranueli<br \/>\nSre\u0107ko Jeleni\u0107<br \/>\nDavorin Kajba<br \/>\nVinko Kozumplik<br \/>\nDragan Primorac<br \/>\nMiroslav Radman<br \/>\nIvica Rubelj<br \/>\nMary Sopta<br \/>\n\u0110ur\u0111ica Ugarkovi\u0107<br \/>\nSini\u0161a Volarevi\u0107<br \/>\nZoran Zgaga<br \/>\nPozvani predava\u010di:<\/p>\n<p>Paolo Bonaldo, Italija<br \/>\nCarlo V. Bruschi, Italija<br \/>\nJohn Cullum, Njema\u010dka<br \/>\nRichard D\u2019Ari. Francuska<br \/>\nFrancesca De Amicis, Italija<br \/>\nHrvoje Fulgosi, Hrvatska<br \/>\nBerthold Heinze, Austrija<br \/>\nIvan Mati\u0107, Francuska<br \/>\nWerner E.G. M\u00fcller, Njema\u010dka<br \/>\nJasminka Paveli\u0107, Hrvatska<br \/>\nJoan Pons, Engleska<br \/>\nDragan Primorac, Hrvatska<br \/>\nMiroslav Radman, Francuska<br \/>\nKarel Riha, Austrija<br \/>\nPeter Ruckenbauer, Austrija<br \/>\nPavao Rudan, Hrvatska<br \/>\nBarbara Sedgwick, Engleska<br \/>\nJohann S\u00f6lkner, Austrija<br \/>\n\u0110ur\u0111ica Ugarkovi\u0107, Hrvatska<br \/>\nSini\u0161a Volarevi\u0107, Hrvatska<br \/>\nDu\u0161ica Vujaklija, Hrvatska<br \/>\nMarin Vuli\u0107, USA<\/p>\n<p><strong>2002. godina<\/strong><\/p>\n<p><strong>COMLIS 1st Croatian Congress on Molecular Life Sciences<\/strong><br \/>\n<em>9-13.06.2002. Opatija, Hrvatska<\/em><\/p>\n<p>Organizacijski odbor:<\/p>\n<p>Jasna Franeki\u0107 \u010coli\u0107, predsjednica<br \/>\nAndrea Ambriovi\u0107-Ristov<br \/>\nRoberto Antolovi\u0107<br \/>\nVi\u0161nja Ba\u010dun-Dru\u017eina<br \/>\nJerka Dumi\u0107<br \/>\nSre\u0107ko Gajovi\u0107<br \/>\nKroata Hazler<br \/>\nIrena Landeka<br \/>\nVladimir Mr\u0161a<br \/>\nMirjana Pavlica<br \/>\nSanja Sikora<br \/>\nJadranka Varljen<br \/>\nDonatela Verbanac<\/p>\n<p>Znanstveni odbor:<\/p>\n<p>Mirna Fl\u00f6gel, predsjednica<br \/>\nVi\u0161nja Besendorfer<br \/>\nJasna Franeki\u0107 \u010coli\u0107<br \/>\nVera Gamulin<br \/>\nDanko Hajsig<br \/>\nMarina Ilakovac Kveder<br \/>\nStipan Jonji\u0107<br \/>\nNikola Ljube\u0161i\u0107<br \/>\nRenata Ma\u017euran<br \/>\nSr\u0111an Novak<br \/>\nDra\u017eena Pape\u0161<br \/>\nLjiljana Pinter<br \/>\nPavao Rudan<br \/>\nElizabeta Topi\u0107<br \/>\nIta Samar\u017eija<br \/>\nRadan Spaventi<br \/>\n\u0110ur\u0111ica Ugarkovi\u0107<br \/>\nIvica Valpoti\u0107<br \/>\nZoran Zgaga<\/p>\n<p>Pozvani predava\u010di:<\/p>\n<p>R.M. Anthony, Nizozemska<br \/>\nT. Av\u0161i\u0107-\u017dupanc, Slovenija<br \/>\nNenad Ban, \u0160vicarska<br \/>\nVera Gamulin, Hrvatska<br \/>\nJ\u00f6rk D. Hoheisel, Njema\u010dka<br \/>\nBranka Javornik, Hrvatska<br \/>\nSre\u0107ko Jeleni\u0107, Hrvatska<br \/>\nStipan Jonji\u0107, Hrvatska<br \/>\nGordan Lauc, Hrvatska<br \/>\nZ. J. Lorkovi\u0107, Austrija<br \/>\nMarija Lui\u0107, Hrvatska<br \/>\nVolker Magnus, Hrvatska<br \/>\nBiserka Nagy, Hrvatska<br \/>\nLjiljana Pa\u0161a-Toli\u0107, USA<br \/>\nMaja Pavela-Vran\u010di\u0107, Hrvatska<br \/>\nKre\u0161imir Paveli\u0107, Hrvatska<br \/>\nMiroslav Radman, Francuska<br \/>\nPavao Rudan, Hrvatska<br \/>\nPauline M. Rudd, Engleska<br \/>\nAna Stavljeni\u0107 Rukavina, Hrvatska<br \/>\nIgor \u0160tagljar, Hrvatska<br \/>\n\u0110ur\u0111ica Ugarkovi\u0107, Hrvatska<br \/>\nKristijan Vlahovi\u010dek, Italija<br \/>\nSini\u0161a Volarevi\u0107, Hrvatska<br \/>\nSlobodan Vuki\u010devi\u0107, Hrvatska<br \/>\nIvana Weigand-\u0110ura\u0161evi\u0107, Hrvatska<br \/>\nZoran Zgaga, Hrvatska<\/p>\n<p><strong>1998. godina<\/strong><\/p>\n<p><strong>First Congress of Croatian Geneticists with International Participation<\/strong><br \/>\n<em>1-4.06.1998. godine Hvar, Hrvatska<\/em><\/p>\n<p>Organizacijski odbor:<\/p>\n<p>Jasna Franeki\u0107, predsjednica<br \/>\nNata\u0161a Peri\u0107, tajnica<br \/>\nVladimir Deli\u0107<br \/>\nIvo Friganovi\u0107<br \/>\nVera Gamulin<br \/>\nDaslav Hranueli<br \/>\nDra\u017eena Pape\u0161<br \/>\nRadan Spaventi<br \/>\nMarija Ala\u010devi\u0107, po\u010dasna predsjednica<\/p>\n<p>Znanstveni odbor:<\/p>\n<p>\u017deljko Trgov\u010devi\u0107, predsjednik<br \/>\nSibila Jelaska<br \/>\nVinko Kozumplik<br \/>\nAnte Krstini\u0107<br \/>\n\u017deljko Ku\u0107an<br \/>\nJasenka Pigac<br \/>\nMiroslav Radman<br \/>\nZoran Zgaga<\/p>\n<p>Pozvani predava\u010di:<\/p>\n<p>John Cullum, Njema\u010dka<br \/>\nRaymond Devoret, Francuska<br \/>\nStanislav D. Ehrlich, Francuska<br \/>\nAlbert Hinnen, Njema\u010dka<br \/>\nGregov H\u00f6genauer, Austrija<br \/>\nIan S. Hunter, Engleska<br \/>\nJohn R. Jungck, USA<br \/>\nBernd Kaina, Njema\u010dka<br \/>\nJolanta Maluszynska, Poljska<br \/>\nStefano Marchetti, Italija<br \/>\nIvan Mati\u0107, Francuska<br \/>\nMichele Morgante, Italija<br \/>\nWerner E.G. M\u00fcller, Njema\u010dka<br \/>\nHildgund Schrempf, Njema\u010dka<br \/>\nDieter Schweizer, Austrija<br \/>\nPiort Slonimski, Francuska<br \/>\nWilfried Wackernagel, Njema\u010dka<\/p>\n","protected":false},"excerpt":{"rendered":"<p>KONGRESI U ORGANIZACIJI HGD-A 2024. godina 52nd European Environmental Mutagenesis and Genomics Society meeting &amp; 15th International Comet Assay Workshop 23.-27.9.2024., Rovinj, Hrvatska Knjigu sa\u017eetaka mo\u017eete preuzeti ovdje. Organizacijski odbor: Marko Geri\u0107 Mirta Smodlaka Tankovi\u0107 Goran Gajski Du\u0161ica Vujaklija Ksenija Zahradka Mirta Mili\u0107 Dubravka Ra\u0161i\u0107 Andreja Juri\u010d Ivana Jakovljevi\u0107 Katarina Matkovi\u0107 Luka Kazensky Deni Kostelac [&hellip;]<\/p>\n","protected":false},"author":429,"featured_media":0,"parent":0,"menu_order":0,"comment_status":"closed","ping_status":"closed","template":"","meta":{"footnotes":""},"class_list":["post-12","page","type-page","status-publish","hentry"],"_links":{"self":[{"href":"https:\/\/pubweb.carnet.hr\/genetika\/wp-json\/wp\/v2\/pages\/12","targetHints":{"allow":["GET"]}}],"collection":[{"href":"https:\/\/pubweb.carnet.hr\/genetika\/wp-json\/wp\/v2\/pages"}],"about":[{"href":"https:\/\/pubweb.carnet.hr\/genetika\/wp-json\/wp\/v2\/types\/page"}],"author":[{"embeddable":true,"href":"https:\/\/pubweb.carnet.hr\/genetika\/wp-json\/wp\/v2\/users\/429"}],"replies":[{"embeddable":true,"href":"https:\/\/pubweb.carnet.hr\/genetika\/wp-json\/wp\/v2\/comments?post=12"}],"version-history":[{"count":3,"href":"https:\/\/pubweb.carnet.hr\/genetika\/wp-json\/wp\/v2\/pages\/12\/revisions"}],"predecessor-version":[{"id":436,"href":"https:\/\/pubweb.carnet.hr\/genetika\/wp-json\/wp\/v2\/pages\/12\/revisions\/436"}],"wp:attachment":[{"href":"https:\/\/pubweb.carnet.hr\/genetika\/wp-json\/wp\/v2\/media?parent=12"}],"curies":[{"name":"wp","href":"https:\/\/api.w.org\/{rel}","templated":true}]}}