{"id":112,"date":"2015-09-11T14:59:14","date_gmt":"2015-09-11T13:59:14","guid":{"rendered":"http:\/\/pubweb.carnet.hr\/genetika\/?page_id=112"},"modified":"2026-01-09T12:31:00","modified_gmt":"2026-01-09T11:31:00","slug":"postanite-clan-2","status":"publish","type":"page","link":"https:\/\/pubweb.carnet.hr\/genetika\/postanite-clan-2\/","title":{"rendered":"Postanite \u010dlan"},"content":{"rendered":"<p>Za u\u010dlanjenje u HGD potrebno je ispuniti pristupnicu koju mo\u017eete prona\u0107i <a href=\"http:\/\/pubweb.carnet.hr\/genetika\/wp-content\/uploads\/sites\/390\/2018\/04\/Pristupnica-HGD2.pdf\">ovdje<\/a>. Zatim popunite slijede\u0107i web obrazac, a ispunjenu i potpisanu pristupnicu u\u010ditajte kao prilog. Ispunjenjem pristupnice \u010dlanovi preuzimaju sva prava i obaveze, sukladno Statutu Dru\u0161tva. Upravni odbor Dru\u0161tva mo\u017ee osporiti pravo u\u010dlanjenja, a osoba kojoj je osporeno \u010dlanstvo ima pravo \u017ealbe Skup\u0161tini Dru\u0161tva \u010dija je odluka kona\u010dna.<\/p>\n<p>Godi\u0161nja \u010dlanarina iznosi 10,00 EUR-a, a za \u010dlanove koji \u017eele biti i\u00a0\u010dlanovi EEMGS-a \u010dlanarina iznosi 25,00 EUR. Na sljede\u0107em linku mo\u017eete prona\u0107i\u00a0<a href=\"http:\/\/pubweb.carnet.hr\/genetika\/wp-content\/uploads\/sites\/390\/2026\/01\/Nalog-za-gotovinsku-uplatu-II-1.pdf\">uplatnicu s QR kodom<\/a>\u00a0za pla\u0107anje godi\u0161nje \u010dlanarine za 2025. godinu, odnosno <a href=\"http:\/\/pubweb.carnet.hr\/genetika\/wp-content\/uploads\/sites\/390\/2026\/01\/Nalog-za-gotovinsku-uplatu-II-1.pdf\">pla\u0107anje godi\u0161nje \u010dlanarine u EEMGS-u<\/a>.<\/p>\n<p><strong>Podaci za uplatu \u010dlanarine:<\/strong><br \/>\nPrimatelj: Hrvatsko geneti\u010dko dru\u0161tvo<br \/>\nAdresa: Kr\u0161njavoga 25, Zagreb<br \/>\nIBAN: HR6223600001101526113<br \/>\nOpis pla\u0107anja: \u010clanarina za 2025. godinu<br \/>\nPoziv na broj: Va\u0161 OIB<\/p>\n\n<div class=\"wpcf7 no-js\" id=\"wpcf7-f115-o1\" lang=\"hr\" dir=\"ltr\" data-wpcf7-id=\"115\">\n<div class=\"screen-reader-response\"><p role=\"status\" aria-live=\"polite\" aria-atomic=\"true\"><\/p> <ul><\/ul><\/div>\n<form action=\"\/genetika\/wp-json\/wp\/v2\/pages\/112#wpcf7-f115-o1\" method=\"post\" class=\"wpcf7-form init\" aria-label=\"Kontakt obrazac\" enctype=\"multipart\/form-data\" novalidate=\"novalidate\" data-status=\"init\">\n<fieldset class=\"hidden-fields-container\"><input type=\"hidden\" name=\"_wpcf7\" value=\"115\" \/><input type=\"hidden\" name=\"_wpcf7_version\" value=\"6.1.5\" \/><input type=\"hidden\" name=\"_wpcf7_locale\" value=\"hr\" \/><input type=\"hidden\" name=\"_wpcf7_unit_tag\" value=\"wpcf7-f115-o1\" \/><input type=\"hidden\" name=\"_wpcf7_container_post\" value=\"0\" \/><input type=\"hidden\" name=\"_wpcf7_posted_data_hash\" value=\"\" \/>\n<\/fieldset>\n<p>Ime i prezime (obvezno)\n<\/p>\n<p><span class=\"wpcf7-form-control-wrap\" data-name=\"your-name\"><input size=\"40\" maxlength=\"400\" class=\"wpcf7-form-control wpcf7-text wpcf7-validates-as-required\" aria-required=\"true\" aria-invalid=\"false\" value=\"\" type=\"text\" name=\"your-name\" \/><\/span>\n<\/p>\n<p>Predmet (obvezno)\n<\/p>\n<p><span class=\"wpcf7-form-control-wrap\" data-name=\"your-subject\"><input size=\"40\" maxlength=\"400\" class=\"wpcf7-form-control wpcf7-text wpcf7-validates-as-required\" aria-required=\"true\" aria-invalid=\"false\" value=\"\" type=\"text\" name=\"your-subject\" \/><\/span>\n<\/p>\n<p>E-mail (obvezno)\n<\/p>\n<p><span class=\"wpcf7-form-control-wrap\" data-name=\"your-email\"><input size=\"40\" maxlength=\"400\" class=\"wpcf7-form-control wpcf7-email wpcf7-validates-as-required wpcf7-text wpcf7-validates-as-email\" aria-required=\"true\" aria-invalid=\"false\" value=\"\" type=\"email\" name=\"your-email\" \/><\/span>\n<\/p>\n<p>U\u010ditajte ispunjenu i potpisanu pristupnicu\n<\/p>\n<p><span class=\"wpcf7-form-control-wrap\" data-name=\"Uitajepristupnicu\"><input size=\"40\" class=\"wpcf7-form-control wpcf7-file wpcf7-validates-as-required\" accept=\"audio\/*,video\/*,image\/*\" aria-required=\"true\" aria-invalid=\"false\" type=\"file\" name=\"Uitajepristupnicu\" \/><\/span>\n<\/p>\n<p><input class=\"wpcf7-form-control wpcf7-submit has-spinner\" type=\"submit\" value=\"Po\u0161alji\" \/>\n<\/p><div class=\"wpcf7-response-output\" aria-hidden=\"true\"><\/div>\n<\/form>\n<\/div>\n\n","protected":false},"excerpt":{"rendered":"<p>Za u\u010dlanjenje u HGD potrebno je ispuniti pristupnicu koju mo\u017eete prona\u0107i ovdje. Zatim popunite slijede\u0107i web obrazac, a ispunjenu i potpisanu pristupnicu u\u010ditajte kao prilog. Ispunjenjem pristupnice \u010dlanovi preuzimaju sva prava i obaveze, sukladno Statutu Dru\u0161tva. Upravni odbor Dru\u0161tva mo\u017ee osporiti pravo u\u010dlanjenja, a osoba kojoj je osporeno \u010dlanstvo ima pravo \u017ealbe Skup\u0161tini Dru\u0161tva \u010dija [&hellip;]<\/p>\n","protected":false},"author":429,"featured_media":0,"parent":0,"menu_order":0,"comment_status":"closed","ping_status":"closed","template":"","meta":{"footnotes":""},"class_list":["post-112","page","type-page","status-publish","hentry"],"_links":{"self":[{"href":"https:\/\/pubweb.carnet.hr\/genetika\/wp-json\/wp\/v2\/pages\/112","targetHints":{"allow":["GET"]}}],"collection":[{"href":"https:\/\/pubweb.carnet.hr\/genetika\/wp-json\/wp\/v2\/pages"}],"about":[{"href":"https:\/\/pubweb.carnet.hr\/genetika\/wp-json\/wp\/v2\/types\/page"}],"author":[{"embeddable":true,"href":"https:\/\/pubweb.carnet.hr\/genetika\/wp-json\/wp\/v2\/users\/429"}],"replies":[{"embeddable":true,"href":"https:\/\/pubweb.carnet.hr\/genetika\/wp-json\/wp\/v2\/comments?post=112"}],"version-history":[{"count":2,"href":"https:\/\/pubweb.carnet.hr\/genetika\/wp-json\/wp\/v2\/pages\/112\/revisions"}],"predecessor-version":[{"id":472,"href":"https:\/\/pubweb.carnet.hr\/genetika\/wp-json\/wp\/v2\/pages\/112\/revisions\/472"}],"wp:attachment":[{"href":"https:\/\/pubweb.carnet.hr\/genetika\/wp-json\/wp\/v2\/media?parent=112"}],"curies":[{"name":"wp","href":"https:\/\/api.w.org\/{rel}","templated":true}]}}