{"id":10,"date":"2014-12-23T12:50:42","date_gmt":"2014-12-23T11:50:42","guid":{"rendered":"http:\/\/pubweb.carnet.hr\/genetika\/?page_id=10"},"modified":"2026-01-09T10:56:58","modified_gmt":"2026-01-09T09:56:58","slug":"pocasni-clanovi","status":"publish","type":"page","link":"https:\/\/pubweb.carnet.hr\/genetika\/o-nama\/pocasni-clanovi\/","title":{"rendered":"Po\u010dasni i umirovljeni \u010dlanovi"},"content":{"rendered":"<p><span style=\"color: #ff0000\">PO\u010cASNI \u010cLANOVI DRU\u0160TVA<\/span><\/p>\n<ul>\n<li>Brdar Branko<\/li>\n<li>Deli\u0107 Vladimir<\/li>\n<li>Franeki\u0107 Jasna<\/li>\n<li>Gra\u010dan Joso<\/li>\n<li>Jelaska Sibila<\/li>\n<li>Kozumplik Vinko<\/li>\n<li>Radman Miroslav<\/li>\n<li>Rudan Pavao<\/li>\n<li>Salaj-\u0160mic Erika<\/li>\n<li>Valinger Radovan<\/li>\n<\/ul>\n<p><span style=\"color: #ff0000\">\u010cLANOVI U MIROVINI<\/span><\/p>\n<ul>\n<li>Beer Zlata<\/li>\n<li>Borzan \u017delimir<\/li>\n<li>Ferle-Vidovi\u0107 Ana<\/li>\n<li>Herak Miroslav<\/li>\n<li>Hrust Vladimir<\/li>\n<li>Juri\u0107 Ivan<\/li>\n<li>Ka\u0161telan Andrija<\/li>\n<li>Letini\u0107 Damir<\/li>\n<li>Mikulec Kre\u0161imir<\/li>\n<li>Miljkovi\u0107 Ivo<\/li>\n<li>Nagy Biserka<\/li>\n<li>Orbiter Vlado<\/li>\n<li>Salaj-\u0160mic Erika<\/li>\n<li>Sori\u0107 Jasna<\/li>\n<li>Sviben Marijan<\/li>\n<li>Toma\u0161kovi\u0107 Marija<\/li>\n<li>Valinger-Kapraljevi\u0107 Zdenka<\/li>\n<li>Vuleti\u0107 Silvije<\/li>\n<\/ul>\n","protected":false},"excerpt":{"rendered":"<p>PO\u010cASNI \u010cLANOVI DRU\u0160TVA Brdar Branko Deli\u0107 Vladimir Franeki\u0107 Jasna Gra\u010dan Joso Jelaska Sibila Kozumplik Vinko Radman Miroslav Rudan Pavao Salaj-\u0160mic Erika Valinger Radovan \u010cLANOVI U MIROVINI Beer Zlata Borzan \u017delimir Ferle-Vidovi\u0107 Ana Herak Miroslav Hrust Vladimir Juri\u0107 Ivan Ka\u0161telan Andrija Letini\u0107 Damir Mikulec Kre\u0161imir Miljkovi\u0107 Ivo Nagy Biserka Orbiter Vlado Salaj-\u0160mic Erika Sori\u0107 Jasna Sviben [&hellip;]<\/p>\n","protected":false},"author":429,"featured_media":0,"parent":6,"menu_order":1,"comment_status":"closed","ping_status":"closed","template":"","meta":{"footnotes":""},"class_list":["post-10","page","type-page","status-publish","hentry"],"_links":{"self":[{"href":"https:\/\/pubweb.carnet.hr\/genetika\/wp-json\/wp\/v2\/pages\/10","targetHints":{"allow":["GET"]}}],"collection":[{"href":"https:\/\/pubweb.carnet.hr\/genetika\/wp-json\/wp\/v2\/pages"}],"about":[{"href":"https:\/\/pubweb.carnet.hr\/genetika\/wp-json\/wp\/v2\/types\/page"}],"author":[{"embeddable":true,"href":"https:\/\/pubweb.carnet.hr\/genetika\/wp-json\/wp\/v2\/users\/429"}],"replies":[{"embeddable":true,"href":"https:\/\/pubweb.carnet.hr\/genetika\/wp-json\/wp\/v2\/comments?post=10"}],"version-history":[{"count":2,"href":"https:\/\/pubweb.carnet.hr\/genetika\/wp-json\/wp\/v2\/pages\/10\/revisions"}],"predecessor-version":[{"id":467,"href":"https:\/\/pubweb.carnet.hr\/genetika\/wp-json\/wp\/v2\/pages\/10\/revisions\/467"}],"up":[{"embeddable":true,"href":"https:\/\/pubweb.carnet.hr\/genetika\/wp-json\/wp\/v2\/pages\/6"}],"wp:attachment":[{"href":"https:\/\/pubweb.carnet.hr\/genetika\/wp-json\/wp\/v2\/media?parent=10"}],"curies":[{"name":"wp","href":"https:\/\/api.w.org\/{rel}","templated":true}]}}