{"id":87,"date":"2014-11-09T18:05:10","date_gmt":"2014-11-09T18:05:10","guid":{"rendered":"http:\/\/pubweb.carnet.hr\/fitm\/?page_id=87"},"modified":"2023-05-08T20:50:49","modified_gmt":"2023-05-08T20:50:49","slug":"znanstvene-knjige","status":"publish","type":"page","link":"https:\/\/pubweb.carnet.hr\/fitm\/znanstvene-knjige\/","title":{"rendered":"Znanstvene knjige"},"content":{"rendered":"<p><a href=\"http:\/\/pubweb.carnet.hr\/fitm\/wp-content\/uploads\/sites\/281\/2023\/05\/Slika11.jpg\"><img loading=\"lazy\" decoding=\"async\" class=\"alignleft size-medium wp-image-1364\" src=\"http:\/\/pubweb.carnet.hr\/fitm\/wp-content\/uploads\/sites\/281\/2023\/05\/Slika11-211x300.jpg\" alt=\"\" width=\"211\" height=\"300\" srcset=\"https:\/\/pubweb.carnet.hr\/fitm\/wp-content\/uploads\/sites\/281\/2023\/05\/Slika11-211x300.jpg 211w, https:\/\/pubweb.carnet.hr\/fitm\/wp-content\/uploads\/sites\/281\/2023\/05\/Slika11.jpg 595w\" sizes=\"auto, (max-width: 211px) 100vw, 211px\" \/><\/a><\/p>\n<p>&nbsp;<\/p>\n<p>&nbsp;<\/p>\n<p>&nbsp;<\/p>\n<p>&nbsp;<\/p>\n<p>&nbsp;<\/p>\n<p>&nbsp;<\/p>\n<p>&nbsp;<\/p>\n<p><a href=\"http:\/\/pubweb.carnet.hr\/fitm\/wp-content\/uploads\/sites\/281\/2023\/05\/Slika12.jpg\"><img loading=\"lazy\" decoding=\"async\" class=\"alignleft size-medium wp-image-1363\" src=\"http:\/\/pubweb.carnet.hr\/fitm\/wp-content\/uploads\/sites\/281\/2023\/05\/Slika12-211x300.jpg\" alt=\"\" width=\"211\" height=\"300\" srcset=\"https:\/\/pubweb.carnet.hr\/fitm\/wp-content\/uploads\/sites\/281\/2023\/05\/Slika12-211x300.jpg 211w, https:\/\/pubweb.carnet.hr\/fitm\/wp-content\/uploads\/sites\/281\/2023\/05\/Slika12.jpg 595w\" sizes=\"auto, (max-width: 211px) 100vw, 211px\" \/><\/a><\/p>\n<p>&nbsp;<\/p>\n<p>&nbsp;<\/p>\n<p>&nbsp;<\/p>\n<p>&nbsp;<\/p>\n<p>&nbsp;<\/p>\n<p>&nbsp;<\/p>\n<p>&nbsp;<\/p>\n<p><a href=\"http:\/\/pubweb.carnet.hr\/fitm\/wp-content\/uploads\/sites\/281\/2018\/11\/Programiranje.jpg\"><img loading=\"lazy\" decoding=\"async\" class=\"alignnone wp-image-590\" src=\"http:\/\/pubweb.carnet.hr\/fitm\/wp-content\/uploads\/sites\/281\/2018\/11\/Programiranje.jpg\" alt=\"\" width=\"244\" height=\"343\" srcset=\"https:\/\/pubweb.carnet.hr\/fitm\/wp-content\/uploads\/sites\/281\/2018\/11\/Programiranje.jpg 356w, https:\/\/pubweb.carnet.hr\/fitm\/wp-content\/uploads\/sites\/281\/2018\/11\/Programiranje-214x300.jpg 214w\" sizes=\"auto, (max-width: 244px) 100vw, 244px\" \/><\/a><\/p>\n<p><a href=\"http:\/\/pubweb.carnet.hr\/fitm\/wp-content\/uploads\/sites\/281\/2018\/11\/Zadnja-programiranje.jpg\"><img loading=\"lazy\" decoding=\"async\" class=\"alignnone wp-image-592\" src=\"http:\/\/pubweb.carnet.hr\/fitm\/wp-content\/uploads\/sites\/281\/2018\/11\/Zadnja-programiranje.jpg\" alt=\"\" width=\"244\" height=\"349\" srcset=\"https:\/\/pubweb.carnet.hr\/fitm\/wp-content\/uploads\/sites\/281\/2018\/11\/Zadnja-programiranje.jpg 374w, https:\/\/pubweb.carnet.hr\/fitm\/wp-content\/uploads\/sites\/281\/2018\/11\/Zadnja-programiranje-209x300.jpg 209w\" sizes=\"auto, (max-width: 244px) 100vw, 244px\" \/><\/a><\/p>\n<p><a href=\"http:\/\/pubweb.carnet.hr\/fitm\/wp-content\/uploads\/sites\/281\/2015\/08\/PrirucnikZaKupcePrirodnogPlina.jpg\" rel=\"attachment wp-att-231\"><img loading=\"lazy\" decoding=\"async\" class=\"alignnone wp-image-231\" title=\"Vrijednosne informacije za kupce prirodnog plina - znanstveni priru\u010dnik\" src=\"http:\/\/pubweb.carnet.hr\/fitm\/wp-content\/uploads\/sites\/281\/2015\/08\/PrirucnikZaKupcePrirodnogPlina-224x300.jpg\" alt=\"PrirucnikZaKupcePrirodnogPlina\" width=\"247\" height=\"331\" srcset=\"https:\/\/pubweb.carnet.hr\/fitm\/wp-content\/uploads\/sites\/281\/2015\/08\/PrirucnikZaKupcePrirodnogPlina-224x300.jpg 224w, https:\/\/pubweb.carnet.hr\/fitm\/wp-content\/uploads\/sites\/281\/2015\/08\/PrirucnikZaKupcePrirodnogPlina.jpg 427w\" sizes=\"auto, (max-width: 247px) 100vw, 247px\" \/><\/a><\/p>\n<p><a href=\"http:\/\/pubweb.carnet.hr\/fitm\/wp-content\/uploads\/sites\/281\/2014\/11\/Vrijednosne-informacije-za-kupce-prirodnoga-plina.jpg\" rel=\"attachment wp-att-300\"><img loading=\"lazy\" decoding=\"async\" class=\"alignnone wp-image-300\" title=\"Vrijednosne informacije za kupce prirodnog plina - znanstveni priru\u010dnik\" src=\"http:\/\/pubweb.carnet.hr\/fitm\/wp-content\/uploads\/sites\/281\/2014\/11\/Vrijednosne-informacije-za-kupce-prirodnoga-plina-210x300.jpg\" alt=\"Vrijednosne-informacije-za-kupce-prirodnoga-plina\" width=\"246\" height=\"351\" srcset=\"https:\/\/pubweb.carnet.hr\/fitm\/wp-content\/uploads\/sites\/281\/2014\/11\/Vrijednosne-informacije-za-kupce-prirodnoga-plina-210x300.jpg 210w, https:\/\/pubweb.carnet.hr\/fitm\/wp-content\/uploads\/sites\/281\/2014\/11\/Vrijednosne-informacije-za-kupce-prirodnoga-plina-768x1096.jpg 768w, https:\/\/pubweb.carnet.hr\/fitm\/wp-content\/uploads\/sites\/281\/2014\/11\/Vrijednosne-informacije-za-kupce-prirodnoga-plina-717x1024.jpg 717w, https:\/\/pubweb.carnet.hr\/fitm\/wp-content\/uploads\/sites\/281\/2014\/11\/Vrijednosne-informacije-za-kupce-prirodnoga-plina-624x891.jpg 624w, https:\/\/pubweb.carnet.hr\/fitm\/wp-content\/uploads\/sites\/281\/2014\/11\/Vrijednosne-informacije-za-kupce-prirodnoga-plina.jpg 889w\" sizes=\"auto, (max-width: 246px) 100vw, 246px\" \/><\/a><\/p>\n<p><a href=\"http:\/\/pubweb.carnet.hr\/fitm\/wp-content\/uploads\/sites\/281\/2014\/11\/MatijaVargaKontroling1.jpg\"><img loading=\"lazy\" decoding=\"async\" class=\"alignnone wp-image-119\" title=\"Kontroling informacijskih sustava i financija energetskih tvrtki\" src=\"http:\/\/pubweb.carnet.hr\/fitm\/wp-content\/uploads\/sites\/281\/2014\/11\/MatijaVargaKontroling1-226x300.jpg\" alt=\"MatijaVargaKontroling\" width=\"249\" height=\"331\" srcset=\"https:\/\/pubweb.carnet.hr\/fitm\/wp-content\/uploads\/sites\/281\/2014\/11\/MatijaVargaKontroling1-226x300.jpg 226w, https:\/\/pubweb.carnet.hr\/fitm\/wp-content\/uploads\/sites\/281\/2014\/11\/MatijaVargaKontroling1.jpg 493w\" sizes=\"auto, (max-width: 249px) 100vw, 249px\" \/><\/a><\/p>\n<p><a href=\"http:\/\/pubweb.carnet.hr\/fitm\/wp-content\/uploads\/sites\/281\/2014\/11\/Kontroling-informacijskih-sustava-i-financija-energetskih-tvrtki.jpg\" rel=\"attachment wp-att-200\"><img loading=\"lazy\" decoding=\"async\" class=\" wp-image-200\" title=\"Kontroling informacijskih sustava i financija energetskih tvrtki\" src=\"http:\/\/pubweb.carnet.hr\/fitm\/wp-content\/uploads\/sites\/281\/2014\/11\/Kontroling-informacijskih-sustava-i-financija-energetskih-tvrtki-214x300.jpg\" alt=\"Znanstveno djelo\" width=\"255\" height=\"357\" srcset=\"https:\/\/pubweb.carnet.hr\/fitm\/wp-content\/uploads\/sites\/281\/2014\/11\/Kontroling-informacijskih-sustava-i-financija-energetskih-tvrtki-214x300.jpg 214w, https:\/\/pubweb.carnet.hr\/fitm\/wp-content\/uploads\/sites\/281\/2014\/11\/Kontroling-informacijskih-sustava-i-financija-energetskih-tvrtki.jpg 506w\" sizes=\"auto, (max-width: 255px) 100vw, 255px\" \/><\/a><\/p>\n<p><a href=\"http:\/\/pubweb.carnet.hr\/fitm\/wp-content\/uploads\/sites\/281\/2014\/11\/Zastita-elektronickih-informacija-Varga-Matija-Vladimir-Simovic-Marin-Milkovic-1.png\"><img loading=\"lazy\" decoding=\"async\" class=\"alignnone size-medium wp-image-91\" title=\"Za\u0161tita elektroni\u010dkih informacija\" src=\"http:\/\/pubweb.carnet.hr\/fitm\/wp-content\/uploads\/sites\/281\/2014\/11\/Zastita-elektronickih-informacija-Varga-Matija-Vladimir-Simovic-Marin-Milkovic-1-252x300.png\" alt=\"Zastita elektronickih informacija Varga Matija Vladimir Simovic Marin Milkovic 1\" width=\"252\" height=\"300\" srcset=\"https:\/\/pubweb.carnet.hr\/fitm\/wp-content\/uploads\/sites\/281\/2014\/11\/Zastita-elektronickih-informacija-Varga-Matija-Vladimir-Simovic-Marin-Milkovic-1-252x300.png 252w, https:\/\/pubweb.carnet.hr\/fitm\/wp-content\/uploads\/sites\/281\/2014\/11\/Zastita-elektronickih-informacija-Varga-Matija-Vladimir-Simovic-Marin-Milkovic-1.png 511w\" sizes=\"auto, (max-width: 252px) 100vw, 252px\" \/><\/a><\/p>\n<p><a href=\"http:\/\/pubweb.carnet.hr\/fitm\/wp-content\/uploads\/sites\/281\/2014\/11\/Knjiga.jpg\"><img loading=\"lazy\" decoding=\"async\" class=\"alignnone wp-image-85\" title=\"Informati\u010dke tehnologije u primjeni kroz razli\u010dita podru\u010dja\" src=\"http:\/\/pubweb.carnet.hr\/fitm\/wp-content\/uploads\/sites\/281\/2014\/11\/Knjiga-205x300.jpg\" alt=\"Knjiga\" width=\"211\" height=\"309\" srcset=\"https:\/\/pubweb.carnet.hr\/fitm\/wp-content\/uploads\/sites\/281\/2014\/11\/Knjiga-205x300.jpg 205w, https:\/\/pubweb.carnet.hr\/fitm\/wp-content\/uploads\/sites\/281\/2014\/11\/Knjiga.jpg 307w\" sizes=\"auto, (max-width: 211px) 100vw, 211px\" \/><\/a><\/p>\n<p><a href=\"http:\/\/pubweb.carnet.hr\/fitm\/wp-content\/uploads\/sites\/281\/2014\/11\/Programiranje-Matija-Varga.jpg\"><img loading=\"lazy\" decoding=\"async\" class=\"alignnone size-medium wp-image-96\" title=\"Metodi\u010dko didakti\u010dki priru\u010dnik za pou\u010davanje programiranja u C i C++ programskim jezicima prema Addie modelu\" src=\"http:\/\/pubweb.carnet.hr\/fitm\/wp-content\/uploads\/sites\/281\/2014\/11\/Programiranje-Matija-Varga-211x300.jpg\" alt=\"Programiranje-Matija-Varga\" width=\"211\" height=\"300\" srcset=\"https:\/\/pubweb.carnet.hr\/fitm\/wp-content\/uploads\/sites\/281\/2014\/11\/Programiranje-Matija-Varga-211x300.jpg 211w, https:\/\/pubweb.carnet.hr\/fitm\/wp-content\/uploads\/sites\/281\/2014\/11\/Programiranje-Matija-Varga.jpg 382w\" sizes=\"auto, (max-width: 211px) 100vw, 211px\" \/><\/a><\/p>\n<p><a href=\"http:\/\/pubweb.carnet.hr\/fitm\/wp-content\/uploads\/sites\/281\/2020\/05\/Diploma.jpg\"><img loading=\"lazy\" decoding=\"async\" class=\"alignnone wp-image-853\" src=\"http:\/\/pubweb.carnet.hr\/fitm\/wp-content\/uploads\/sites\/281\/2020\/05\/Diploma-218x300.jpg\" alt=\"\" width=\"213\" height=\"293\" srcset=\"https:\/\/pubweb.carnet.hr\/fitm\/wp-content\/uploads\/sites\/281\/2020\/05\/Diploma-218x300.jpg 218w, https:\/\/pubweb.carnet.hr\/fitm\/wp-content\/uploads\/sites\/281\/2020\/05\/Diploma-624x858.jpg 624w, https:\/\/pubweb.carnet.hr\/fitm\/wp-content\/uploads\/sites\/281\/2020\/05\/Diploma.jpg 668w\" sizes=\"auto, (max-width: 213px) 100vw, 213px\" \/><\/a><\/p>\n<p>Znanstvena djela<\/p>\n<p>Popis znanstvenih knjiga \u010dlanova Udruge financijsko-informati\u010dkih stru\u010dnjaka Me\u0111imurja<\/p>\n","protected":false},"excerpt":{"rendered":"<p>&nbsp; &nbsp; &nbsp; &nbsp; &nbsp; &nbsp; &nbsp; &nbsp; &nbsp; &nbsp; &nbsp; &nbsp; &nbsp; &nbsp; Znanstvena djela Popis znanstvenih knjiga \u010dlanova Udruge financijsko-informati\u010dkih stru\u010dnjaka Me\u0111imurja<\/p>\n","protected":false},"author":300,"featured_media":0,"parent":0,"menu_order":0,"comment_status":"closed","ping_status":"closed","template":"","meta":{"footnotes":""},"class_list":["post-87","page","type-page","status-publish","hentry"],"_links":{"self":[{"href":"https:\/\/pubweb.carnet.hr\/fitm\/wp-json\/wp\/v2\/pages\/87","targetHints":{"allow":["GET"]}}],"collection":[{"href":"https:\/\/pubweb.carnet.hr\/fitm\/wp-json\/wp\/v2\/pages"}],"about":[{"href":"https:\/\/pubweb.carnet.hr\/fitm\/wp-json\/wp\/v2\/types\/page"}],"author":[{"embeddable":true,"href":"https:\/\/pubweb.carnet.hr\/fitm\/wp-json\/wp\/v2\/users\/300"}],"replies":[{"embeddable":true,"href":"https:\/\/pubweb.carnet.hr\/fitm\/wp-json\/wp\/v2\/comments?post=87"}],"version-history":[{"count":2,"href":"https:\/\/pubweb.carnet.hr\/fitm\/wp-json\/wp\/v2\/pages\/87\/revisions"}],"predecessor-version":[{"id":1362,"href":"https:\/\/pubweb.carnet.hr\/fitm\/wp-json\/wp\/v2\/pages\/87\/revisions\/1362"}],"wp:attachment":[{"href":"https:\/\/pubweb.carnet.hr\/fitm\/wp-json\/wp\/v2\/media?parent=87"}],"curies":[{"name":"wp","href":"https:\/\/api.w.org\/{rel}","templated":true}]}}