{"id":62,"date":"2014-11-04T16:42:40","date_gmt":"2014-11-04T16:42:40","guid":{"rendered":"http:\/\/pubweb.carnet.hr\/fitm\/?page_id=62"},"modified":"2024-12-28T21:20:01","modified_gmt":"2024-12-28T21:20:01","slug":"popis-clanova-udruge-financijsko-informatickih-strucnjaka-medimurja-2014-2015-godine","status":"publish","type":"page","link":"https:\/\/pubweb.carnet.hr\/fitm\/kontakt\/popis-clanova-udruge-financijsko-informatickih-strucnjaka-medimurja-2014-2015-godine\/","title":{"rendered":"\u010clanovi Udruge financijsko-informati\u010dkih stru\u010dnjaka Me\u0111imurja 2022.\/2023. godine"},"content":{"rendered":"<h2>\u010cLANOVI:<\/h2>\n<p>Predsjednik: izv. prof. dr. sc.\u00a0<a href=\"https:\/\/www.unin.hr\/profili\/profil\/varga-matija\">Varga Matija<\/a>, mag. informatike, univ. spec. oec., vi\u0161i znanstveni suradnik<br \/>\nPotpredsjednik: Varga Vesna, univ. bacc. oec.<br \/>\nTajnik: Varga Mladen<br \/>\n\u010clanovi:\u00a0&#8230;<\/p>\n<h2>SURADNICI:<\/h2>\n<p>Suradnici:<br \/>\nPo\u010dasni i podupiraju\u0107i \u010dlan:<br \/>\nVarga Vesna, univ. bacc. oec.<\/p>\n","protected":false},"excerpt":{"rendered":"<p>\u010cLANOVI: Predsjednik: izv. prof. dr. sc.\u00a0Varga Matija, mag. informatike, univ. spec. oec., vi\u0161i znanstveni suradnik Potpredsjednik: Varga Vesna, univ. bacc. oec. Tajnik: Varga Mladen \u010clanovi:\u00a0&#8230; SURADNICI: Suradnici: Po\u010dasni i podupiraju\u0107i \u010dlan: Varga Vesna, univ. bacc. oec.<\/p>\n","protected":false},"author":300,"featured_media":0,"parent":22,"menu_order":0,"comment_status":"closed","ping_status":"closed","template":"","meta":{"footnotes":""},"class_list":["post-62","page","type-page","status-publish","hentry"],"_links":{"self":[{"href":"https:\/\/pubweb.carnet.hr\/fitm\/wp-json\/wp\/v2\/pages\/62","targetHints":{"allow":["GET"]}}],"collection":[{"href":"https:\/\/pubweb.carnet.hr\/fitm\/wp-json\/wp\/v2\/pages"}],"about":[{"href":"https:\/\/pubweb.carnet.hr\/fitm\/wp-json\/wp\/v2\/types\/page"}],"author":[{"embeddable":true,"href":"https:\/\/pubweb.carnet.hr\/fitm\/wp-json\/wp\/v2\/users\/300"}],"replies":[{"embeddable":true,"href":"https:\/\/pubweb.carnet.hr\/fitm\/wp-json\/wp\/v2\/comments?post=62"}],"version-history":[{"count":3,"href":"https:\/\/pubweb.carnet.hr\/fitm\/wp-json\/wp\/v2\/pages\/62\/revisions"}],"predecessor-version":[{"id":1509,"href":"https:\/\/pubweb.carnet.hr\/fitm\/wp-json\/wp\/v2\/pages\/62\/revisions\/1509"}],"up":[{"embeddable":true,"href":"https:\/\/pubweb.carnet.hr\/fitm\/wp-json\/wp\/v2\/pages\/22"}],"wp:attachment":[{"href":"https:\/\/pubweb.carnet.hr\/fitm\/wp-json\/wp\/v2\/media?parent=62"}],"curies":[{"name":"wp","href":"https:\/\/api.w.org\/{rel}","templated":true}]}}