{"id":611,"date":"2019-01-31T13:56:38","date_gmt":"2019-01-31T13:56:38","guid":{"rendered":"http:\/\/pubweb.carnet.hr\/fitm\/?page_id=611"},"modified":"2020-01-05T20:17:37","modified_gmt":"2020-01-05T20:17:37","slug":"predsjednik-udruge-financijsko-informatickih-strucnjaka-medimurja-na-prijemu-kod-predsjednice-republike-hrvatske","status":"publish","type":"page","link":"https:\/\/pubweb.carnet.hr\/fitm\/predsjednik-udruge-financijsko-informatickih-strucnjaka-medimurja-na-prijemu-kod-predsjednice-republike-hrvatske\/","title":{"rendered":"Sastanci"},"content":{"rendered":"<p>Predsjednik Udruge financijsko informati\u010dkih stru\u010dnjaka Me\u0111imurja doc. dr. sc. Matija Varga je bio na prijemu kod Predsjednice Republike Hrvatske Kolinde Grabar-Kitarovi\u0107 u Uredu predsjednice.<\/p>\n\n\t\t<style type=\"text\/css\">\n\t\t\t#gallery-1 {\n\t\t\t\tmargin: auto;\n\t\t\t}\n\t\t\t#gallery-1 .gallery-item {\n\t\t\t\tfloat: left;\n\t\t\t\tmargin-top: 10px;\n\t\t\t\ttext-align: center;\n\t\t\t\twidth: 33%;\n\t\t\t}\n\t\t\t#gallery-1 img {\n\t\t\t\tborder: 2px solid #cfcfcf;\n\t\t\t}\n\t\t\t#gallery-1 .gallery-caption {\n\t\t\t\tmargin-left: 0;\n\t\t\t}\n\t\t\t\/* see gallery_shortcode() in wp-includes\/media.php *\/\n\t\t<\/style>\n\t\t<div id='gallery-1' class='gallery galleryid-611 gallery-columns-3 gallery-size-thumbnail'><dl class='gallery-item'>\n\t\t\t<dt class='gallery-icon landscape'>\n\t\t\t\t<a href='https:\/\/pubweb.carnet.hr\/fitm\/predsjednik-udruge-financijsko-informatickih-strucnjaka-medimurja-na-prijemu-kod-predsjednice-republike-hrvatske\/pred\/'><img loading=\"lazy\" decoding=\"async\" width=\"150\" height=\"150\" src=\"https:\/\/pubweb.carnet.hr\/fitm\/wp-content\/uploads\/sites\/281\/2019\/01\/pred-150x150.jpg\" class=\"attachment-thumbnail size-thumbnail\" alt=\"Ured predsjednice\" aria-describedby=\"gallery-1-612\" \/><\/a>\n\t\t\t<\/dt>\n\t\t\t\t<dd class='wp-caption-text gallery-caption' id='gallery-1-612'>\n\t\t\t\tUred predsjednice\n\t\t\t\t<\/dd><\/dl>\n\t\t\t<br style='clear: both' \/>\n\t\t<\/div>\n\n","protected":false},"excerpt":{"rendered":"<p>Predsjednik Udruge financijsko informati\u010dkih stru\u010dnjaka Me\u0111imurja doc. dr. sc. Matija Varga je bio na prijemu kod Predsjednice Republike Hrvatske Kolinde Grabar-Kitarovi\u0107 u Uredu predsjednice.<\/p>\n","protected":false},"author":300,"featured_media":0,"parent":0,"menu_order":0,"comment_status":"closed","ping_status":"closed","template":"","meta":{"footnotes":""},"class_list":["post-611","page","type-page","status-publish","hentry"],"_links":{"self":[{"href":"https:\/\/pubweb.carnet.hr\/fitm\/wp-json\/wp\/v2\/pages\/611","targetHints":{"allow":["GET"]}}],"collection":[{"href":"https:\/\/pubweb.carnet.hr\/fitm\/wp-json\/wp\/v2\/pages"}],"about":[{"href":"https:\/\/pubweb.carnet.hr\/fitm\/wp-json\/wp\/v2\/types\/page"}],"author":[{"embeddable":true,"href":"https:\/\/pubweb.carnet.hr\/fitm\/wp-json\/wp\/v2\/users\/300"}],"replies":[{"embeddable":true,"href":"https:\/\/pubweb.carnet.hr\/fitm\/wp-json\/wp\/v2\/comments?post=611"}],"version-history":[{"count":2,"href":"https:\/\/pubweb.carnet.hr\/fitm\/wp-json\/wp\/v2\/pages\/611\/revisions"}],"predecessor-version":[{"id":725,"href":"https:\/\/pubweb.carnet.hr\/fitm\/wp-json\/wp\/v2\/pages\/611\/revisions\/725"}],"wp:attachment":[{"href":"https:\/\/pubweb.carnet.hr\/fitm\/wp-json\/wp\/v2\/media?parent=611"}],"curies":[{"name":"wp","href":"https:\/\/api.w.org\/{rel}","templated":true}]}}