{"id":288,"date":"2016-04-21T21:25:46","date_gmt":"2016-04-21T21:25:46","guid":{"rendered":"http:\/\/pubweb.carnet.hr\/fitm\/?page_id=288"},"modified":"2016-04-21T21:25:46","modified_gmt":"2016-04-21T21:25:46","slug":"poruke","status":"publish","type":"page","link":"https:\/\/pubweb.carnet.hr\/fitm\/poruke\/","title":{"rendered":"Poruke"},"content":{"rendered":"<p><strong>Poruka<\/strong><\/p>\n<p><strong>Liberalizacija<\/strong> tr\u017ei\u0161ta plina <strong>za ku\u0107anstva<\/strong>, <strong>da ili ne<\/strong>?<\/p>\n<p>Vesna Varga, univ. bacc. oec.<\/p>\n<p>P.S. Prilog<\/p>\n<p><a href=\"http:\/\/pubweb.carnet.hr\/fitm\/wp-content\/uploads\/sites\/281\/2016\/04\/Liberalizacija-tr\u017ei\u0161ta-plina-za-ku\u0107anstva.jpg\" rel=\"attachment wp-att-289\"><img loading=\"lazy\" decoding=\"async\" class=\"alignnone size-medium wp-image-289\" src=\"http:\/\/pubweb.carnet.hr\/fitm\/wp-content\/uploads\/sites\/281\/2016\/04\/Liberalizacija-tr\u017ei\u0161ta-plina-za-ku\u0107anstva-232x300.jpg\" alt=\"Liberalizacija tr\u017ei\u0161ta plina za ku\u0107anstva\" width=\"232\" height=\"300\" srcset=\"https:\/\/pubweb.carnet.hr\/fitm\/wp-content\/uploads\/sites\/281\/2016\/04\/Liberalizacija-tr\u017ei\u0161ta-plina-za-ku\u0107anstva-232x300.jpg 232w, https:\/\/pubweb.carnet.hr\/fitm\/wp-content\/uploads\/sites\/281\/2016\/04\/Liberalizacija-tr\u017ei\u0161ta-plina-za-ku\u0107anstva-768x994.jpg 768w, https:\/\/pubweb.carnet.hr\/fitm\/wp-content\/uploads\/sites\/281\/2016\/04\/Liberalizacija-tr\u017ei\u0161ta-plina-za-ku\u0107anstva-791x1024.jpg 791w, https:\/\/pubweb.carnet.hr\/fitm\/wp-content\/uploads\/sites\/281\/2016\/04\/Liberalizacija-tr\u017ei\u0161ta-plina-za-ku\u0107anstva-624x808.jpg 624w, https:\/\/pubweb.carnet.hr\/fitm\/wp-content\/uploads\/sites\/281\/2016\/04\/Liberalizacija-tr\u017ei\u0161ta-plina-za-ku\u0107anstva.jpg 1275w\" sizes=\"auto, (max-width: 232px) 100vw, 232px\" \/><\/a><\/p>\n<p>Objava: dr. sc. Matija Varga<\/p>\n","protected":false},"excerpt":{"rendered":"<p>Poruka Liberalizacija tr\u017ei\u0161ta plina za ku\u0107anstva, da ili ne? Vesna Varga, univ. bacc. oec. P.S. Prilog Objava: dr. sc. Matija Varga<\/p>\n","protected":false},"author":300,"featured_media":0,"parent":0,"menu_order":0,"comment_status":"closed","ping_status":"closed","template":"","meta":{"footnotes":""},"class_list":["post-288","page","type-page","status-publish","hentry"],"_links":{"self":[{"href":"https:\/\/pubweb.carnet.hr\/fitm\/wp-json\/wp\/v2\/pages\/288","targetHints":{"allow":["GET"]}}],"collection":[{"href":"https:\/\/pubweb.carnet.hr\/fitm\/wp-json\/wp\/v2\/pages"}],"about":[{"href":"https:\/\/pubweb.carnet.hr\/fitm\/wp-json\/wp\/v2\/types\/page"}],"author":[{"embeddable":true,"href":"https:\/\/pubweb.carnet.hr\/fitm\/wp-json\/wp\/v2\/users\/300"}],"replies":[{"embeddable":true,"href":"https:\/\/pubweb.carnet.hr\/fitm\/wp-json\/wp\/v2\/comments?post=288"}],"version-history":[{"count":1,"href":"https:\/\/pubweb.carnet.hr\/fitm\/wp-json\/wp\/v2\/pages\/288\/revisions"}],"predecessor-version":[{"id":291,"href":"https:\/\/pubweb.carnet.hr\/fitm\/wp-json\/wp\/v2\/pages\/288\/revisions\/291"}],"wp:attachment":[{"href":"https:\/\/pubweb.carnet.hr\/fitm\/wp-json\/wp\/v2\/media?parent=288"}],"curies":[{"name":"wp","href":"https:\/\/api.w.org\/{rel}","templated":true}]}}