{"id":261,"date":"2016-04-14T19:44:34","date_gmt":"2016-04-14T19:44:34","guid":{"rendered":"http:\/\/pubweb.carnet.hr\/fitm\/?page_id=261"},"modified":"2016-11-17T10:35:08","modified_gmt":"2016-11-17T10:35:08","slug":"15-plinarski-forum","status":"publish","type":"page","link":"https:\/\/pubweb.carnet.hr\/fitm\/15-plinarski-forum\/","title":{"rendered":"15. plinarski forum"},"content":{"rendered":"<p><a href=\"http:\/\/pubweb.carnet.hr\/fitm\/wp-content\/uploads\/sites\/281\/2016\/04\/PlinskiForumVesnaVarga.jpg\" rel=\"attachment wp-att-249\">\u00a0<\/a><\/p>\n<p>Potpredsjednica Udruge financijsko-informati\u010dkih stru\u010dnjaka Me\u0111imurja Vesna Varga koja je ujedno suautorica znanstvene knjige pod naslovom &#8220;Vrijednosne informacije za kupce prirodnog plina&#8221; je sudjelovala na 15. plinarskom forumu u Zagrebu dana 14.4.2016. godine prenosi dnevnik HRT-a 1.<\/p>\n<p>Link: <a href=\"http:\/\/www.hrt.hr\/enz\/dnevnik\/\">http:\/\/www.hrt.hr\/enz\/dnevnik\/<\/a>,<\/p>\n","protected":false},"excerpt":{"rendered":"<p>\u00a0 Potpredsjednica Udruge financijsko-informati\u010dkih stru\u010dnjaka Me\u0111imurja Vesna Varga koja je ujedno suautorica znanstvene knjige pod naslovom &#8220;Vrijednosne informacije za kupce prirodnog plina&#8221; je sudjelovala na 15. plinarskom forumu u Zagrebu dana 14.4.2016. godine prenosi dnevnik HRT-a 1. Link: http:\/\/www.hrt.hr\/enz\/dnevnik\/,<\/p>\n","protected":false},"author":300,"featured_media":0,"parent":0,"menu_order":0,"comment_status":"closed","ping_status":"closed","template":"page-templates\/front-page.php","meta":{"footnotes":""},"class_list":["post-261","page","type-page","status-publish","hentry"],"_links":{"self":[{"href":"https:\/\/pubweb.carnet.hr\/fitm\/wp-json\/wp\/v2\/pages\/261","targetHints":{"allow":["GET"]}}],"collection":[{"href":"https:\/\/pubweb.carnet.hr\/fitm\/wp-json\/wp\/v2\/pages"}],"about":[{"href":"https:\/\/pubweb.carnet.hr\/fitm\/wp-json\/wp\/v2\/types\/page"}],"author":[{"embeddable":true,"href":"https:\/\/pubweb.carnet.hr\/fitm\/wp-json\/wp\/v2\/users\/300"}],"replies":[{"embeddable":true,"href":"https:\/\/pubweb.carnet.hr\/fitm\/wp-json\/wp\/v2\/comments?post=261"}],"version-history":[{"count":2,"href":"https:\/\/pubweb.carnet.hr\/fitm\/wp-json\/wp\/v2\/pages\/261\/revisions"}],"predecessor-version":[{"id":334,"href":"https:\/\/pubweb.carnet.hr\/fitm\/wp-json\/wp\/v2\/pages\/261\/revisions\/334"}],"wp:attachment":[{"href":"https:\/\/pubweb.carnet.hr\/fitm\/wp-json\/wp\/v2\/media?parent=261"}],"curies":[{"name":"wp","href":"https:\/\/api.w.org\/{rel}","templated":true}]}}