{"id":22,"date":"2014-11-04T14:23:07","date_gmt":"2014-11-04T14:23:07","guid":{"rendered":"http:\/\/pubweb.carnet.hr\/fitm\/?page_id=22"},"modified":"2020-03-27T22:43:06","modified_gmt":"2020-03-27T22:43:06","slug":"kontakt","status":"publish","type":"page","link":"https:\/\/pubweb.carnet.hr\/fitm\/kontakt\/","title":{"rendered":"Kontakt"},"content":{"rendered":"<h2>SJEDI\u0160TE UDRUGE:<\/h2>\n<p>Maksima Gorkog 16, 40315 Mursko Sredi\u0161\u0107e<\/p>\n<p>KONTAKT:<\/p>\n<p><a href=\"maavarga@gmail.com\">maavarga@gmail.com<\/a><\/p>\n<p>DOC. DR. SC. MATIJA VARGA, MAG. INFORMATIKE., UNIV. SPEC. OEC.:<\/p>\n<p><a href=\"https:\/\/sites.google.com\/site\/maaavar23\/\">Web stranica<\/a><\/p>\n<p>KARTA:<\/p>\n<p><a href=\"https:\/\/www.google.hr\/maps\/@46.5102607,16.4460785,13z\" target=\"_blank\">Karta lokacije<\/a><\/p>\n<p><a href=\"http:\/\/pubweb.carnet.hr\/fitm\/wp-content\/uploads\/sites\/281\/2014\/11\/mapa.jpg\"><img loading=\"lazy\" decoding=\"async\" class=\"alignnone size-medium wp-image-154\" src=\"http:\/\/pubweb.carnet.hr\/fitm\/wp-content\/uploads\/sites\/281\/2014\/11\/mapa-300x280.jpg\" alt=\"mapa\" width=\"300\" height=\"280\" srcset=\"https:\/\/pubweb.carnet.hr\/fitm\/wp-content\/uploads\/sites\/281\/2014\/11\/mapa-300x280.jpg 300w, https:\/\/pubweb.carnet.hr\/fitm\/wp-content\/uploads\/sites\/281\/2014\/11\/mapa.jpg 539w\" sizes=\"auto, (max-width: 300px) 100vw, 300px\" \/><\/a><\/p>\n<p>FACEBOOK:<\/p>\n","protected":false},"excerpt":{"rendered":"<p>SJEDI\u0160TE UDRUGE: Maksima Gorkog 16, 40315 Mursko Sredi\u0161\u0107e KONTAKT: maavarga@gmail.com DOC. DR. SC. MATIJA VARGA, MAG. INFORMATIKE., UNIV. SPEC. OEC.: Web stranica KARTA: Karta lokacije FACEBOOK:<\/p>\n","protected":false},"author":300,"featured_media":0,"parent":0,"menu_order":0,"comment_status":"closed","ping_status":"closed","template":"","meta":{"footnotes":""},"class_list":["post-22","page","type-page","status-publish","hentry"],"_links":{"self":[{"href":"https:\/\/pubweb.carnet.hr\/fitm\/wp-json\/wp\/v2\/pages\/22","targetHints":{"allow":["GET"]}}],"collection":[{"href":"https:\/\/pubweb.carnet.hr\/fitm\/wp-json\/wp\/v2\/pages"}],"about":[{"href":"https:\/\/pubweb.carnet.hr\/fitm\/wp-json\/wp\/v2\/types\/page"}],"author":[{"embeddable":true,"href":"https:\/\/pubweb.carnet.hr\/fitm\/wp-json\/wp\/v2\/users\/300"}],"replies":[{"embeddable":true,"href":"https:\/\/pubweb.carnet.hr\/fitm\/wp-json\/wp\/v2\/comments?post=22"}],"version-history":[{"count":2,"href":"https:\/\/pubweb.carnet.hr\/fitm\/wp-json\/wp\/v2\/pages\/22\/revisions"}],"predecessor-version":[{"id":807,"href":"https:\/\/pubweb.carnet.hr\/fitm\/wp-json\/wp\/v2\/pages\/22\/revisions\/807"}],"wp:attachment":[{"href":"https:\/\/pubweb.carnet.hr\/fitm\/wp-json\/wp\/v2\/media?parent=22"}],"curies":[{"name":"wp","href":"https:\/\/api.w.org\/{rel}","templated":true}]}}