{"id":16,"date":"2014-11-04T14:20:49","date_gmt":"2014-11-04T14:20:49","guid":{"rendered":"http:\/\/pubweb.carnet.hr\/fitm\/?page_id=16"},"modified":"2022-03-21T11:51:23","modified_gmt":"2022-03-21T11:51:23","slug":"o-nama","status":"publish","type":"page","link":"https:\/\/pubweb.carnet.hr\/fitm\/o-nama\/","title":{"rendered":"O nama"},"content":{"rendered":"<h2>CILJEVI UDRUGE:<\/h2>\n<p>Udruga je osnovana u cilju: promicanja, razvitka i unapre\u0111enja informatike i informacijske tehnologije, primjene IT-a u podru\u010dju financija te promoviranja novih informati\u010dkih tehnologija u nastavi stranog jezika.<\/p>\n<p>&nbsp;<\/p>\n<h2>DJELATNOSTI UDRUGE:<\/h2>\n<p>Okupljanje stru\u010dnjaka iz podru\u010dja informatike, financija, jezika te organiziranje informati\u010dke i financijske edukacije putem radionica na hrvatskom i engleskom jeziku, tribina, skupova, prezentacija, predavanja, izlaganja, seminara i drugih manifestacija u cilju popularizacije, razmjene i unapre\u0111enja znanja i rada u bavljenju informati\u010dkom i financijskom djelatno\u0161\u0107u, te izdavanja \u010dasopisa iz podru\u010dja svoje djelatnosti sukladno Zakonu.<\/p>\n<p>Me\u0111imurje<\/p>\n<p>Savjetovanje i izrada web stranica.<\/p>\n","protected":false},"excerpt":{"rendered":"<p>CILJEVI UDRUGE: Udruga je osnovana u cilju: promicanja, razvitka i unapre\u0111enja informatike i informacijske tehnologije, primjene IT-a u podru\u010dju financija te promoviranja novih informati\u010dkih tehnologija u nastavi stranog jezika. &nbsp; DJELATNOSTI UDRUGE: Okupljanje stru\u010dnjaka iz podru\u010dja informatike, financija, jezika te organiziranje informati\u010dke i financijske edukacije putem radionica na hrvatskom i engleskom jeziku, tribina, skupova, prezentacija, [&hellip;]<\/p>\n","protected":false},"author":300,"featured_media":0,"parent":0,"menu_order":0,"comment_status":"closed","ping_status":"closed","template":"","meta":{"footnotes":""},"class_list":["post-16","page","type-page","status-publish","hentry"],"_links":{"self":[{"href":"https:\/\/pubweb.carnet.hr\/fitm\/wp-json\/wp\/v2\/pages\/16","targetHints":{"allow":["GET"]}}],"collection":[{"href":"https:\/\/pubweb.carnet.hr\/fitm\/wp-json\/wp\/v2\/pages"}],"about":[{"href":"https:\/\/pubweb.carnet.hr\/fitm\/wp-json\/wp\/v2\/types\/page"}],"author":[{"embeddable":true,"href":"https:\/\/pubweb.carnet.hr\/fitm\/wp-json\/wp\/v2\/users\/300"}],"replies":[{"embeddable":true,"href":"https:\/\/pubweb.carnet.hr\/fitm\/wp-json\/wp\/v2\/comments?post=16"}],"version-history":[{"count":1,"href":"https:\/\/pubweb.carnet.hr\/fitm\/wp-json\/wp\/v2\/pages\/16\/revisions"}],"predecessor-version":[{"id":1156,"href":"https:\/\/pubweb.carnet.hr\/fitm\/wp-json\/wp\/v2\/pages\/16\/revisions\/1156"}],"wp:attachment":[{"href":"https:\/\/pubweb.carnet.hr\/fitm\/wp-json\/wp\/v2\/media?parent=16"}],"curies":[{"name":"wp","href":"https:\/\/api.w.org\/{rel}","templated":true}]}}