{"id":14,"date":"2014-11-04T14:20:26","date_gmt":"2014-11-04T14:20:26","guid":{"rendered":"http:\/\/pubweb.carnet.hr\/fitm\/?page_id=14"},"modified":"2015-01-26T18:55:48","modified_gmt":"2015-01-26T18:55:48","slug":"fotografije","status":"publish","type":"page","link":"https:\/\/pubweb.carnet.hr\/fitm\/fotografije\/","title":{"rendered":"Fotografije"},"content":{"rendered":"<h2>FOTOGRAFIJE:<\/h2>\n<p>\u010clanovi Udruge Financijsko-informati\u010dkih stru\u010dnjaka Me\u0111imurja prisustvovali na mednarodni konferenci EDUvision 2012 u Ljubljani &#8230;<\/p>\n<p><a href=\"http:\/\/free-ck.t-com.hr\/Matija_Varga\/EDUvision.html\">Slike iz Ljubljane<\/a><\/p>\n<p>\u010clanovi Udruge financijsko-informati\u010dkih stru\u010dnjaka Me\u0111imurja su prisustvovali na informati\u010dkom skupu u Vodicama &#8230;<\/p>\n<p><a href=\"http:\/\/free-ck.t-com.hr\/Matija_Varga\/Vodice\/album\/index.html\" target=\"_blank\">Slike iz Vodica<\/a><\/p>\n","protected":false},"excerpt":{"rendered":"<p>FOTOGRAFIJE: \u010clanovi Udruge Financijsko-informati\u010dkih stru\u010dnjaka Me\u0111imurja prisustvovali na mednarodni konferenci EDUvision 2012 u Ljubljani &#8230; Slike iz Ljubljane \u010clanovi Udruge financijsko-informati\u010dkih stru\u010dnjaka Me\u0111imurja su prisustvovali na informati\u010dkom skupu u Vodicama &#8230; Slike iz Vodica<\/p>\n","protected":false},"author":300,"featured_media":0,"parent":0,"menu_order":0,"comment_status":"open","ping_status":"open","template":"","meta":{"footnotes":""},"class_list":["post-14","page","type-page","status-publish","hentry"],"_links":{"self":[{"href":"https:\/\/pubweb.carnet.hr\/fitm\/wp-json\/wp\/v2\/pages\/14","targetHints":{"allow":["GET"]}}],"collection":[{"href":"https:\/\/pubweb.carnet.hr\/fitm\/wp-json\/wp\/v2\/pages"}],"about":[{"href":"https:\/\/pubweb.carnet.hr\/fitm\/wp-json\/wp\/v2\/types\/page"}],"author":[{"embeddable":true,"href":"https:\/\/pubweb.carnet.hr\/fitm\/wp-json\/wp\/v2\/users\/300"}],"replies":[{"embeddable":true,"href":"https:\/\/pubweb.carnet.hr\/fitm\/wp-json\/wp\/v2\/comments?post=14"}],"version-history":[{"count":1,"href":"https:\/\/pubweb.carnet.hr\/fitm\/wp-json\/wp\/v2\/pages\/14\/revisions"}],"predecessor-version":[{"id":343,"href":"https:\/\/pubweb.carnet.hr\/fitm\/wp-json\/wp\/v2\/pages\/14\/revisions\/343"}],"wp:attachment":[{"href":"https:\/\/pubweb.carnet.hr\/fitm\/wp-json\/wp\/v2\/media?parent=14"}],"curies":[{"name":"wp","href":"https:\/\/api.w.org\/{rel}","templated":true}]}}