{"id":138,"date":"2015-08-06T09:36:52","date_gmt":"2015-08-06T09:36:52","guid":{"rendered":"http:\/\/pubweb.carnet.hr\/fitm\/?page_id=138"},"modified":"2018-11-16T11:18:08","modified_gmt":"2018-11-16T11:18:08","slug":"nabava-knjiga-udruge-financijsko-informatickih-strucnjaka-medimurja","status":"publish","type":"page","link":"https:\/\/pubweb.carnet.hr\/fitm\/nabava-knjiga-udruge-financijsko-informatickih-strucnjaka-medimurja\/","title":{"rendered":"Nabava knjiga Udruge financijsko-informati\u010dkih stru\u010dnjaka Me\u0111imurja"},"content":{"rendered":"<p><strong>Nabava knjiga \u010diji je izdava\u010d Udruga financijsko-informati\u010dkih stru\u010dnjaka Me\u0111imurja (samostalno i\/ili u suradnji)<\/strong><\/p>\n<p>Knjiga: Programiranje u programskim jezicima Python i Visual Basic<\/p>\n<p><a href=\"http:\/\/pubweb.carnet.hr\/fitm\/wp-content\/uploads\/sites\/281\/2018\/11\/Programiranje.jpg\"><img loading=\"lazy\" decoding=\"async\" class=\"alignnone  wp-image-590\" src=\"http:\/\/pubweb.carnet.hr\/fitm\/wp-content\/uploads\/sites\/281\/2018\/11\/Programiranje.jpg\" alt=\"\" width=\"223\" height=\"313\" srcset=\"https:\/\/pubweb.carnet.hr\/fitm\/wp-content\/uploads\/sites\/281\/2018\/11\/Programiranje.jpg 356w, https:\/\/pubweb.carnet.hr\/fitm\/wp-content\/uploads\/sites\/281\/2018\/11\/Programiranje-214x300.jpg 214w\" sizes=\"auto, (max-width: 223px) 100vw, 223px\" \/><\/a><\/p>\n<p><strong>Cijena: 150, 00 kuna<\/strong><\/p>\n<p>&nbsp;<\/p>\n<p>Knjiga: Vrijednosne informacije za kupce prirodnog plina<\/p>\n<p><a href=\"http:\/\/pubweb.carnet.hr\/fitm\/wp-content\/uploads\/sites\/281\/2015\/08\/PrirucnikZaKupcePrirodnogPlina.jpg\" rel=\"attachment wp-att-231\"><img loading=\"lazy\" decoding=\"async\" class=\"alignnone size-medium wp-image-231\" title=\"Cijena: 150, 00 kuna\" src=\"http:\/\/pubweb.carnet.hr\/fitm\/wp-content\/uploads\/sites\/281\/2015\/08\/PrirucnikZaKupcePrirodnogPlina-224x300.jpg\" alt=\"PrirucnikZaKupcePrirodnogPlina\" width=\"224\" height=\"300\" srcset=\"https:\/\/pubweb.carnet.hr\/fitm\/wp-content\/uploads\/sites\/281\/2015\/08\/PrirucnikZaKupcePrirodnogPlina-224x300.jpg 224w, https:\/\/pubweb.carnet.hr\/fitm\/wp-content\/uploads\/sites\/281\/2015\/08\/PrirucnikZaKupcePrirodnogPlina.jpg 427w\" sizes=\"auto, (max-width: 224px) 100vw, 224px\" \/><\/a><\/p>\n<p><strong>Cijena: 150, 00 kuna<\/strong><\/p>\n<p>&nbsp;<\/p>\n<p>Knjiga: Kontroling informacijskih sustava i financija : energetskih tvrtki<\/p>\n<p><a href=\"http:\/\/pubweb.carnet.hr\/fitm\/wp-content\/uploads\/sites\/281\/2014\/11\/MatijaVargaKontroling1.jpg\"><img loading=\"lazy\" decoding=\"async\" class=\"alignnone size-medium wp-image-119\" title=\"Cijena: 150, 00 kuna\" src=\"http:\/\/pubweb.carnet.hr\/fitm\/wp-content\/uploads\/sites\/281\/2014\/11\/MatijaVargaKontroling1-226x300.jpg\" alt=\"MatijaVargaKontroling\" width=\"226\" height=\"300\" srcset=\"https:\/\/pubweb.carnet.hr\/fitm\/wp-content\/uploads\/sites\/281\/2014\/11\/MatijaVargaKontroling1-226x300.jpg 226w, https:\/\/pubweb.carnet.hr\/fitm\/wp-content\/uploads\/sites\/281\/2014\/11\/MatijaVargaKontroling1.jpg 493w\" sizes=\"auto, (max-width: 226px) 100vw, 226px\" \/><\/a><\/p>\n<p><strong>Cijena: 150, 00 kuna<\/strong><\/p>\n<p>&nbsp;<\/p>\n<p>Knjiga: Informati\u010dke tehnologije u primjeni : kroz razli\u010dita podru\u010dja<\/p>\n<p><a href=\"http:\/\/pubweb.carnet.hr\/fitm\/wp-content\/uploads\/sites\/281\/2014\/11\/Knjiga.jpg\"><img loading=\"lazy\" decoding=\"async\" class=\"alignnone wp-image-85 size-medium\" title=\"Cijena: 120, 00 kuna\" src=\"http:\/\/pubweb.carnet.hr\/fitm\/wp-content\/uploads\/sites\/281\/2014\/11\/Knjiga-205x300.jpg\" alt=\"Knjiga\" width=\"205\" height=\"300\" srcset=\"https:\/\/pubweb.carnet.hr\/fitm\/wp-content\/uploads\/sites\/281\/2014\/11\/Knjiga-205x300.jpg 205w, https:\/\/pubweb.carnet.hr\/fitm\/wp-content\/uploads\/sites\/281\/2014\/11\/Knjiga.jpg 307w\" sizes=\"auto, (max-width: 205px) 100vw, 205px\" \/><\/a><\/p>\n<p><strong>Cijena: 120, 00 kuna<\/strong><\/p>\n<p>&nbsp;<\/p>\n<p>Za nabavu knjiga se mo\u017eete obratiti na mail-ove: udrugafitm@gmail.com,\u00a0maavarga@gmail.com<\/p>\n","protected":false},"excerpt":{"rendered":"<p>Nabava knjiga \u010diji je izdava\u010d Udruga financijsko-informati\u010dkih stru\u010dnjaka Me\u0111imurja (samostalno i\/ili u suradnji) Knjiga: Programiranje u programskim jezicima Python i Visual Basic Cijena: 150, 00 kuna &nbsp; Knjiga: Vrijednosne informacije za kupce prirodnog plina Cijena: 150, 00 kuna &nbsp; Knjiga: Kontroling informacijskih sustava i financija : energetskih tvrtki Cijena: 150, 00 kuna &nbsp; Knjiga: Informati\u010dke [&hellip;]<\/p>\n","protected":false},"author":300,"featured_media":0,"parent":0,"menu_order":0,"comment_status":"closed","ping_status":"closed","template":"","meta":{"footnotes":""},"class_list":["post-138","page","type-page","status-publish","hentry"],"_links":{"self":[{"href":"https:\/\/pubweb.carnet.hr\/fitm\/wp-json\/wp\/v2\/pages\/138","targetHints":{"allow":["GET"]}}],"collection":[{"href":"https:\/\/pubweb.carnet.hr\/fitm\/wp-json\/wp\/v2\/pages"}],"about":[{"href":"https:\/\/pubweb.carnet.hr\/fitm\/wp-json\/wp\/v2\/types\/page"}],"author":[{"embeddable":true,"href":"https:\/\/pubweb.carnet.hr\/fitm\/wp-json\/wp\/v2\/users\/300"}],"replies":[{"embeddable":true,"href":"https:\/\/pubweb.carnet.hr\/fitm\/wp-json\/wp\/v2\/comments?post=138"}],"version-history":[{"count":2,"href":"https:\/\/pubweb.carnet.hr\/fitm\/wp-json\/wp\/v2\/pages\/138\/revisions"}],"predecessor-version":[{"id":589,"href":"https:\/\/pubweb.carnet.hr\/fitm\/wp-json\/wp\/v2\/pages\/138\/revisions\/589"}],"wp:attachment":[{"href":"https:\/\/pubweb.carnet.hr\/fitm\/wp-json\/wp\/v2\/media?parent=138"}],"curies":[{"name":"wp","href":"https:\/\/api.w.org\/{rel}","templated":true}]}}