{"id":1089,"date":"2021-12-24T20:17:45","date_gmt":"2021-12-24T20:17:45","guid":{"rendered":"http:\/\/pubweb.carnet.hr\/fitm\/?page_id=1089"},"modified":"2021-12-24T20:17:45","modified_gmt":"2021-12-24T20:17:45","slug":"doc-dr-sc-matija-varga-postao-visi-znanstveni-suradnik","status":"publish","type":"page","link":"https:\/\/pubweb.carnet.hr\/fitm\/doc-dr-sc-matija-varga-postao-visi-znanstveni-suradnik\/","title":{"rendered":"Doc. dr. sc. Matija Varga postao vi\u0161i znanstveni suradnik"},"content":{"rendered":"<p><strong>Doc. dr. sc. Matija Varga je postao vi\u0161i znanstveni suradnik<\/strong><\/p>\n<p>Doc. dr. sc. Matija Varga predsjednik Udruge financijsko informati\u010dkih stru\u010dnjaka Me\u0111imurja je postao vi\u0161i znanstveni suradnik, temeljem odluke mati\u010dnog odbora sa sjednice odr\u017eane 13.12.2021. godine. \u010cestitamo!!!<\/p>\n<p>Evo nekoliko fotografija:<\/p>\n<p><a href=\"http:\/\/pubweb.carnet.hr\/fitm\/wp-content\/uploads\/sites\/281\/2021\/12\/269974594_10219726989822128_3210608688137372835_n.jpg\"><img loading=\"lazy\" decoding=\"async\" class=\"alignnone size-medium wp-image-1090\" src=\"http:\/\/pubweb.carnet.hr\/fitm\/wp-content\/uploads\/sites\/281\/2021\/12\/269974594_10219726989822128_3210608688137372835_n-225x300.jpg\" alt=\"\" width=\"225\" height=\"300\" srcset=\"https:\/\/pubweb.carnet.hr\/fitm\/wp-content\/uploads\/sites\/281\/2021\/12\/269974594_10219726989822128_3210608688137372835_n-225x300.jpg 225w, https:\/\/pubweb.carnet.hr\/fitm\/wp-content\/uploads\/sites\/281\/2021\/12\/269974594_10219726989822128_3210608688137372835_n-768x1024.jpg 768w, https:\/\/pubweb.carnet.hr\/fitm\/wp-content\/uploads\/sites\/281\/2021\/12\/269974594_10219726989822128_3210608688137372835_n-624x832.jpg 624w, https:\/\/pubweb.carnet.hr\/fitm\/wp-content\/uploads\/sites\/281\/2021\/12\/269974594_10219726989822128_3210608688137372835_n.jpg 1536w\" sizes=\"auto, (max-width: 225px) 100vw, 225px\" \/><\/a> <a href=\"http:\/\/pubweb.carnet.hr\/fitm\/wp-content\/uploads\/sites\/281\/2021\/12\/269320625_10219726987302065_8087007507780889053_n-1.jpg\"><img loading=\"lazy\" decoding=\"async\" class=\"alignnone size-medium wp-image-1091\" src=\"http:\/\/pubweb.carnet.hr\/fitm\/wp-content\/uploads\/sites\/281\/2021\/12\/269320625_10219726987302065_8087007507780889053_n-1-202x300.jpg\" alt=\"\" width=\"202\" height=\"300\" srcset=\"https:\/\/pubweb.carnet.hr\/fitm\/wp-content\/uploads\/sites\/281\/2021\/12\/269320625_10219726987302065_8087007507780889053_n-1-202x300.jpg 202w, https:\/\/pubweb.carnet.hr\/fitm\/wp-content\/uploads\/sites\/281\/2021\/12\/269320625_10219726987302065_8087007507780889053_n-1.jpg 593w\" sizes=\"auto, (max-width: 202px) 100vw, 202px\" \/><\/a><a href=\"http:\/\/pubweb.carnet.hr\/fitm\/wp-content\/uploads\/sites\/281\/2021\/12\/269820805_10219726988782102_719062108666438054_n.jpg\"><img loading=\"lazy\" decoding=\"async\" class=\"alignnone size-medium wp-image-1094\" src=\"http:\/\/pubweb.carnet.hr\/fitm\/wp-content\/uploads\/sites\/281\/2021\/12\/269820805_10219726988782102_719062108666438054_n-194x300.jpg\" alt=\"\" width=\"194\" height=\"300\" srcset=\"https:\/\/pubweb.carnet.hr\/fitm\/wp-content\/uploads\/sites\/281\/2021\/12\/269820805_10219726988782102_719062108666438054_n-194x300.jpg 194w, https:\/\/pubweb.carnet.hr\/fitm\/wp-content\/uploads\/sites\/281\/2021\/12\/269820805_10219726988782102_719062108666438054_n.jpg 622w\" sizes=\"auto, (max-width: 194px) 100vw, 194px\" \/><\/a> <a href=\"http:\/\/pubweb.carnet.hr\/fitm\/wp-content\/uploads\/sites\/281\/2021\/12\/269797074_10219726989222113_8962398313699670976_n.jpg\"><img loading=\"lazy\" decoding=\"async\" class=\"alignnone size-medium wp-image-1092\" src=\"http:\/\/pubweb.carnet.hr\/fitm\/wp-content\/uploads\/sites\/281\/2021\/12\/269797074_10219726989222113_8962398313699670976_n-300x194.jpg\" alt=\"\" width=\"300\" height=\"194\" srcset=\"https:\/\/pubweb.carnet.hr\/fitm\/wp-content\/uploads\/sites\/281\/2021\/12\/269797074_10219726989222113_8962398313699670976_n-300x194.jpg 300w, https:\/\/pubweb.carnet.hr\/fitm\/wp-content\/uploads\/sites\/281\/2021\/12\/269797074_10219726989222113_8962398313699670976_n-768x497.jpg 768w, https:\/\/pubweb.carnet.hr\/fitm\/wp-content\/uploads\/sites\/281\/2021\/12\/269797074_10219726989222113_8962398313699670976_n-624x404.jpg 624w, https:\/\/pubweb.carnet.hr\/fitm\/wp-content\/uploads\/sites\/281\/2021\/12\/269797074_10219726989222113_8962398313699670976_n.jpg 960w\" sizes=\"auto, (max-width: 300px) 100vw, 300px\" \/><\/a> <a href=\"http:\/\/pubweb.carnet.hr\/fitm\/wp-content\/uploads\/sites\/281\/2021\/12\/269871188_10219726990102135_7986919865769903655_n.jpg\"><img loading=\"lazy\" decoding=\"async\" class=\"alignnone size-medium wp-image-1093\" src=\"http:\/\/pubweb.carnet.hr\/fitm\/wp-content\/uploads\/sites\/281\/2021\/12\/269871188_10219726990102135_7986919865769903655_n-300x225.jpg\" alt=\"\" width=\"300\" height=\"225\" srcset=\"https:\/\/pubweb.carnet.hr\/fitm\/wp-content\/uploads\/sites\/281\/2021\/12\/269871188_10219726990102135_7986919865769903655_n-300x225.jpg 300w, https:\/\/pubweb.carnet.hr\/fitm\/wp-content\/uploads\/sites\/281\/2021\/12\/269871188_10219726990102135_7986919865769903655_n-768x576.jpg 768w, https:\/\/pubweb.carnet.hr\/fitm\/wp-content\/uploads\/sites\/281\/2021\/12\/269871188_10219726990102135_7986919865769903655_n-1024x768.jpg 1024w, https:\/\/pubweb.carnet.hr\/fitm\/wp-content\/uploads\/sites\/281\/2021\/12\/269871188_10219726990102135_7986919865769903655_n-624x468.jpg 624w, https:\/\/pubweb.carnet.hr\/fitm\/wp-content\/uploads\/sites\/281\/2021\/12\/269871188_10219726990102135_7986919865769903655_n.jpg 2048w\" sizes=\"auto, (max-width: 300px) 100vw, 300px\" \/><\/a><\/p>\n","protected":false},"excerpt":{"rendered":"<p>Doc. dr. sc. Matija Varga je postao vi\u0161i znanstveni suradnik Doc. dr. sc. Matija Varga predsjednik Udruge financijsko informati\u010dkih stru\u010dnjaka Me\u0111imurja je postao vi\u0161i znanstveni suradnik, temeljem odluke mati\u010dnog odbora sa sjednice odr\u017eane 13.12.2021. godine. \u010cestitamo!!! Evo nekoliko fotografija:<\/p>\n","protected":false},"author":300,"featured_media":0,"parent":0,"menu_order":0,"comment_status":"closed","ping_status":"closed","template":"","meta":{"footnotes":""},"class_list":["post-1089","page","type-page","status-publish","hentry"],"_links":{"self":[{"href":"https:\/\/pubweb.carnet.hr\/fitm\/wp-json\/wp\/v2\/pages\/1089","targetHints":{"allow":["GET"]}}],"collection":[{"href":"https:\/\/pubweb.carnet.hr\/fitm\/wp-json\/wp\/v2\/pages"}],"about":[{"href":"https:\/\/pubweb.carnet.hr\/fitm\/wp-json\/wp\/v2\/types\/page"}],"author":[{"embeddable":true,"href":"https:\/\/pubweb.carnet.hr\/fitm\/wp-json\/wp\/v2\/users\/300"}],"replies":[{"embeddable":true,"href":"https:\/\/pubweb.carnet.hr\/fitm\/wp-json\/wp\/v2\/comments?post=1089"}],"version-history":[{"count":1,"href":"https:\/\/pubweb.carnet.hr\/fitm\/wp-json\/wp\/v2\/pages\/1089\/revisions"}],"predecessor-version":[{"id":1096,"href":"https:\/\/pubweb.carnet.hr\/fitm\/wp-json\/wp\/v2\/pages\/1089\/revisions\/1096"}],"wp:attachment":[{"href":"https:\/\/pubweb.carnet.hr\/fitm\/wp-json\/wp\/v2\/media?parent=1089"}],"curies":[{"name":"wp","href":"https:\/\/api.w.org\/{rel}","templated":true}]}}