{"id":746,"date":"2024-02-15T22:17:56","date_gmt":"2024-02-15T21:17:56","guid":{"rendered":"https:\/\/pubweb.carnet.hr\/eduinc\/?page_id=746"},"modified":"2024-02-16T15:41:24","modified_gmt":"2024-02-16T14:41:24","slug":"simpozij-prijave-radova","status":"publish","type":"page","link":"https:\/\/pubweb.carnet.hr\/eduinc\/simpozij-prijave-radova\/","title":{"rendered":"Prijave radova"},"content":{"rendered":"<p><strong>Teme i formati prijave:<\/strong><\/p>\n<p>Teme i formati prijave<\/p>\n<ul>\n<li>Verbotonalna metoda i njena \u0161iroka primjena\u2013 u patologiji sluha i rehabilitaciji slu\u0161anja, u patologiji govora, u ispravljanju govornih pogre\u0161aka u materinskom i stranim jezicima, u telekomunikacijama te u teoriji slu\u0161anja uop\u0107e<\/li>\n<li>Govorni poreme\u0107aji: Analiza poreme\u0107aja govora i njihovih foneti\u010dkih obilje\u017eja te pristupi rehabilitaciji.<\/li>\n<li>Terapijski pristupi u rehabilitaciji slu\u0161anja i govora: Pregled razli\u010ditih terapijskih metoda i tehnika koje se koriste u tretmanu poreme\u0107aja slu\u0161anja i govora.<\/li>\n<li>Multidisciplinarni pristupi u rehabilitaciji: Suradnja izme\u0111u logopeda, audiologa, foneti\u010dara i drugih stru\u010dnjaka kako bi se osigurao sveobuhvatan pristup rehabilitaciji slu\u0161anja i govora.<\/li>\n<li>Procjena i dijagnostika u rehabilitaciji: Razvoj i primjena standardiziranih alata za procjenu i dijagnostiku poreme\u0107aja slu\u0161anja i govora.<\/li>\n<li>Inovacije u rehabilitaciji: Pregled novih pristupa i tehnologija koje se razvijaju kako bi se pobolj\u0161ala u\u010dinkovitost rehabilitacije slu\u0161anja i govora.<\/li>\n<li>Fonetika i govorna tehnologija: primjena Guberininih teorija u razvoju tehnologija za obradu i analizu govora.<\/li>\n<li>Suvremena fonetika: pregled njegovih klju\u010dnih doprinosa i utjecaja.<\/li>\n<li>Akusti\u010dka analiza govora: Napredne metode i tehnike za prou\u010davanje akusti\u010dkih svojstava govora.<\/li>\n<li>Perceptivna analiza govora: Psihofizi\u010dke osnove percepcije govora i njezina primjena u istra\u017eivanju.<\/li>\n<li>Neurofiziologija govora: Neurolo\u0161ki temelji govora i njihova povezanost s foneti\u010dkim procesima.<\/li>\n<li>Govor i jezik u razvoju: Istra\u017eivanje razvoja govora i jezika u djetinjstvu te povezanost s Guberininim naslije\u0111em.<\/li>\n<li>Sociolingvistika i fonetika: Prou\u010davanje sociolingvisti\u010dkih varijacija u izgovoru i njihov utjecaj na dru\u0161tvenu percepciju govora.<\/li>\n<\/ul>\n<hr \/>\n<p><span class=\"NormalTextRun SCXW239925859 BCX0\">Va\u0161om prijavom rada mo\u017eete obogatiti program na\u0161eg prvog simpozija<\/span><span class=\"NormalTextRun SCXW239925859 BCX0\">\u00a0<\/span><span class=\"NormalTextRun SCXW239925859 BCX0\">kroz sljede\u0107e formate:<\/span><\/p>\n<p><strong>Istra\u017eiva\u010dki sa\u017eeci<\/strong><\/p>\n<p>Primjeri prakse, inovativne metode, ideje i nacrti istra\u017eivanja koji se predstavljaju u 10 minuta i poti\u010du sudionike na pitanja i raspravu.\u00a0Prijava treba sadr\u017eavati sa\u017eetak rada i 4 slajda (slikokaza) u PowerPointu. Prvi je naslovni. Drugi i tre\u0107i prenose kratke informacije o radu i \u010detvrti sadr\u017eava jednu sliku\/fotografiju koja prenosi glavnu misao.<\/p>\n<p><strong>Cjeloviti radovi<\/strong><\/p>\n<p>Prezentacija cjelovitih stru\u010dnih ili znanstvenih radova.\u00a0Prijava treba sadr\u017eavati sa\u017eetak rada.<\/p>\n<p><strong>Radionice<\/strong><\/p>\n<p>Preno\u0161enje znanja sudionicima koji aktivno i prakti\u010dno sudjeluju. Predvi\u0111eno je vrijeme za odr\u017eavanje radionice 45 minuta. Prijava treba sadr\u017eavati kratak opis radionice, broj sudionika i potrebne uvjete.<\/p>\n<p><a href=\"https:\/\/forms.office.com\/Pages\/ResponsePage.aspx?id=FvJamzTGgEurAgyaPQKQkdtb4-NuR1dNmUrU2o8qp3lUOVdHVk9SODg5QTRQVDlGRDBPWks0S01YWS4u\" target=\"_blank\" rel=\"noopener\"><span style=\"color: #993366\">Poveznica za prijavu<\/span><\/a><\/p>\n<p style=\"padding-left: 30px\">\n","protected":false},"excerpt":{"rendered":"<p>Teme i formati prijave: Teme i formati prijave Verbotonalna metoda i njena \u0161iroka primjena\u2013 u patologiji sluha i rehabilitaciji slu\u0161anja, u patologiji govora, u ispravljanju govornih pogre\u0161aka u materinskom i stranim jezicima, u telekomunikacijama te u teoriji slu\u0161anja uop\u0107e Govorni poreme\u0107aji: Analiza poreme\u0107aja govora i njihovih foneti\u010dkih obilje\u017eja te pristupi rehabilitaciji. Terapijski pristupi u rehabilitaciji [&hellip;]<\/p>\n","protected":false},"author":973,"featured_media":0,"parent":0,"menu_order":0,"comment_status":"closed","ping_status":"closed","template":"","meta":{"footnotes":""},"class_list":["post-746","page","type-page","status-publish","hentry"],"_links":{"self":[{"href":"https:\/\/pubweb.carnet.hr\/eduinc\/wp-json\/wp\/v2\/pages\/746","targetHints":{"allow":["GET"]}}],"collection":[{"href":"https:\/\/pubweb.carnet.hr\/eduinc\/wp-json\/wp\/v2\/pages"}],"about":[{"href":"https:\/\/pubweb.carnet.hr\/eduinc\/wp-json\/wp\/v2\/types\/page"}],"author":[{"embeddable":true,"href":"https:\/\/pubweb.carnet.hr\/eduinc\/wp-json\/wp\/v2\/users\/973"}],"replies":[{"embeddable":true,"href":"https:\/\/pubweb.carnet.hr\/eduinc\/wp-json\/wp\/v2\/comments?post=746"}],"version-history":[{"count":2,"href":"https:\/\/pubweb.carnet.hr\/eduinc\/wp-json\/wp\/v2\/pages\/746\/revisions"}],"predecessor-version":[{"id":760,"href":"https:\/\/pubweb.carnet.hr\/eduinc\/wp-json\/wp\/v2\/pages\/746\/revisions\/760"}],"wp:attachment":[{"href":"https:\/\/pubweb.carnet.hr\/eduinc\/wp-json\/wp\/v2\/media?parent=746"}],"curies":[{"name":"wp","href":"https:\/\/api.w.org\/{rel}","templated":true}]}}