{"id":646,"date":"2024-01-21T21:37:21","date_gmt":"2024-01-21T20:37:21","guid":{"rendered":"https:\/\/pubweb.carnet.hr\/eduinc\/?page_id=646"},"modified":"2024-01-30T20:43:00","modified_gmt":"2024-01-30T19:43:00","slug":"upute","status":"publish","type":"page","link":"https:\/\/pubweb.carnet.hr\/eduinc\/itse\/upute\/","title":{"rendered":"Prijave radova"},"content":{"rendered":"<p><img loading=\"lazy\" decoding=\"async\" class=\"wp-image-632 alignnone\" src=\"http:\/\/pubweb.carnet.hr\/eduinc\/wp-content\/uploads\/sites\/750\/2024\/01\/cro.png\" alt=\"\" width=\"32\" height=\"31\" \/><a href=\"https:\/\/pubweb.carnet.hr\/eduinc\/itse-en\/paper-submission\/\"><img loading=\"lazy\" decoding=\"async\" class=\"wp-image-633 alignnone\" src=\"http:\/\/pubweb.carnet.hr\/eduinc\/wp-content\/uploads\/sites\/750\/2024\/01\/english.png\" alt=\"\" width=\"31\" height=\"30\" \/><\/a><\/p>\n<h2 style=\"text-align: center\">Teme i formati prijave<\/h2>\n<p style=\"padding-left: 30px\">Teme na konferenciji uklju\u010duju:<\/p>\n<ul>\n<li><strong>Inovacije u obrazovanju<\/strong> &#8211;\u00a0<em><span class=\"TextRun SCXW131357248 BCX0\" lang=\"HR-HR\" xml:lang=\"HR-HR\"><span class=\"NormalTextRun SCXW131357248 BCX0\">poticanje inovacija u pou\u010davanju putem razmjene ideja, iskustava i resursa. <\/span><span class=\"NormalTextRun SCXW131357248 BCX0\">I<\/span><span class=\"NormalTextRun SCXW131357248 BCX0\">novacija mo\u017ee uklju\u010divati primjenu novih tehnologija, pristupa <\/span><span class=\"NormalTextRun SCXW131357248 BCX0\">i\/<\/span><span class=\"NormalTextRun SCXW131357248 BCX0\">ili kurikuluma.<\/span><\/span><span class=\"EOP SCXW131357248 BCX0\">\u00a0<\/span><\/em><\/li>\n<li><strong>Primjeri najboljih praksi<\/strong> &#8211;\u00a0<span class=\"TextRun SCXW200467075 BCX0\" lang=\"HR-HR\" xml:lang=\"HR-HR\"><span class=\"NormalTextRun SCXW200467075 BCX0\"><em>istra\u017eivanje i dijeljenje najboljih praksi u podru\u010dju pou\u010davanja. Sudionici bi mogli predstavljati svoja istra\u017eivanja, studije slu\u010daja ili prakse koje su pokazale iznimne rezultate u radu s u\u010denicima.<\/em><\/span><\/span><\/li>\n<li><strong>Vje\u0161tine pou\u010davanja<\/strong> &#8211; retro vje\u0161tine, zaboravljene vje\u0161tine,\u00a0<em><span class=\"NormalTextRun SCXW249617788 BCX0\">metode, alat<\/span><span class=\"NormalTextRun SCXW249617788 BCX0\">i<\/span><span class=\"NormalTextRun SCXW249617788 BCX0\"> i strategije kako bi pobolj\u0161ali svoje vje\u0161tine pou\u010davanja, \u010dime se posti\u017ee ve\u0107a u\u010dinkovitost u procesu obrazovanja.<\/span><\/em><\/li>\n<li><strong>Interdisciplinarni pristupi<\/strong> &#8211;\u00a0<em><span class=\"TextRun SCXW32552344 BCX0\" lang=\"HR-HR\" xml:lang=\"HR-HR\"><span class=\"NormalTextRun SCXW32552344 BCX0\">poticanje razmjene interdisciplinarnih pristupa pou\u010davanju kako bi se obogatilo obrazovno iskustvo.<\/span><\/span><\/em><\/li>\n<li><strong>Mre\u017ee suradnje<\/strong> &#8211;\u00a0<em><span class=\"NormalTextRun SCXW60948773 BCX0\">potica<\/span><span class=\"NormalTextRun SCXW60948773 BCX0\">nje <\/span><span class=\"NormalTextRun SCXW60948773 BCX0\">izgradnj<\/span><span class=\"NormalTextRun SCXW60948773 BCX0\">e<\/span><span class=\"NormalTextRun SCXW60948773 BCX0\"> profesionalnih odnosa<\/span><span class=\"NormalTextRun SCXW60948773 BCX0\">, stva<\/span><span class=\"NormalTextRun SCXW60948773 BCX0\">ranje mre\u017ee podr\u0161ke i razmjen<\/span><span class=\"NormalTextRun SCXW60948773 BCX0\">a<\/span><span class=\"NormalTextRun SCXW60948773 BCX0\"> resursa izme\u0111u sudionika i\u00a0<\/span><\/em><em><span class=\"TextRun SCXW124313721 BCX0\" lang=\"HR-HR\" xml:lang=\"HR-HR\"><span class=\"NormalTextRun SCXW124313721 BCX0\">promicanje me\u0111unarodne suradnje i razmjene ideja kako bi se obogatila globalna perspektiva na podru\u010dju pou\u010davanja.<\/span><\/span><span class=\"EOP SCXW124313721 BCX0\">\u00a0<\/span><\/em><\/li>\n<li><strong>Aktivno u\u010denje<\/strong> &#8211; <em>f<span class=\"TextRun SCXW89704013 BCX0\" lang=\"HR-HR\" xml:lang=\"HR-HR\"><span class=\"NormalTextRun SCXW89704013 BCX0\">okus mo\u017ee biti na dijel<\/span><span class=\"NormalTextRun SCXW89704013 BCX0\">jenj<\/span><span class=\"NormalTextRun SCXW89704013 BCX0\">u<\/span><span class=\"NormalTextRun SCXW89704013 BCX0\"> strategije koje su se primijenile kako bi se potaknulo\u00a0<\/span><span class=\"NormalTextRun SCXW89704013 BCX0\">u\u010denike<\/span><span class=\"NormalTextRun SCXW89704013 BCX0\"> na aktivno sudjelovanje i postizanje boljih rezultata.<\/span><\/span><span class=\"EOP SCXW89704013 BCX0\">\u00a0<\/span><\/em><\/li>\n<\/ul>\n<hr \/>\n<p style=\"padding-left: 30px\"><span class=\"NormalTextRun SCXW239925859 BCX0\">Va\u0161om prijavom rada mo\u017eete obogatiti program na\u0161e <\/span><span class=\"NormalTextRun SCXW239925859 BCX0\">prve ITSE konferencije <\/span><span class=\"NormalTextRun SCXW239925859 BCX0\">kroz sljede\u0107e formate:<\/span><\/p>\n<p style=\"padding-left: 30px\"><em><strong>Iskreno<\/strong><\/em> (<strong>I<\/strong>stra\u017eiva\u010dki <strong>S<\/strong>a\u017eeci, <strong>K<\/strong>ratki <strong>R<\/strong>azgovori, <strong>E<\/strong>ksperimentalno i <strong>N<\/strong>ova <strong>O<\/strong>tkri\u0107a &#8211; inovativno)<\/p>\n<p style=\"padding-left: 30px\">Primjeri prakse, inovativne metode, ideje i nacrti istra\u017eivanja koji se predstavljaju u 8 minuta i poti\u010du sudionike na pitanja i raspravu. Prijava treba sadr\u017eavati sa\u017eetak rada i 4 slajda (slikokaza) u PowerPointu. Prvi je naslovni. Drugi i tre\u0107i prenose kratke informacije o radu i \u010detvrti sadr\u017eava jednu sliku\/fotografiju koja prenosi glavnu misao.<\/p>\n<p style=\"padding-left: 30px\"><em><strong>Kreativno <\/strong><\/em>(<strong>K<\/strong>reativne <strong>R<\/strong>adionice za <strong>E<\/strong>dukaciju, <strong>A<\/strong>ktivnosti, <strong>T<\/strong>ehnologiju i <strong>V<\/strong>je\u0161tine)<\/p>\n<p style=\"padding-left: 30px\">Preno\u0161enje znanja sudionicima koji aktivno i prakti\u010dno sudjeluju. Predvi\u0111eno je vrijeme za odr\u017eavanje radionice 45 minuta. Prijava treba sadr\u017eavati kratak opis radionice, broj sudionika i potrebne uvjete.<\/p>\n<p style=\"padding-left: 30px\"><em><strong>Vizualno <\/strong><\/em>(Vizualna Izlo\u017eba plakata\/postera)<\/p>\n<p style=\"padding-left: 30px\"><span class=\"TextRun SCXW113563598 BCX0\" lang=\"HR-HR\" xml:lang=\"HR-HR\"><span class=\"NormalTextRun SCXW113563598 BCX0\">Izrada plakata koji motivira, donosi pojedinosti o eksperimentu (metodi, projektu), rezultatima i zaklju\u010dcima te je vizualno atraktivan<\/span><span class=\"NormalTextRun SCXW113563598 BCX0\">, dodatne informacije prikazati kroz <\/span><span class=\"NormalTextRun SpellingErrorV2Themed SCXW113563598 BCX0\">qr<\/span><span class=\"NormalTextRun SCXW113563598 BCX0\"> kodove. Prijava treba sadr\u017eavati kratak opis plakata\/postera.<\/span><\/span><\/p>\n<p style=\"padding-left: 30px\"><em><strong>AktivNO\u00a0<\/strong><\/em>(Aktivno Neformalno Opu\u0161tanje)<\/p>\n<p style=\"padding-left: 30px\">Neformalno okru\u017eenje za razgovor o temi koja je zajedni\u010dka i interesantna odre\u0111enom broju sudionika. Prilika za razgovor u kojem svatko mo\u017ee ravnopravno sudjelovati i pridonijeti svojim razmi\u0161ljanjima, idejama, iskustvima i prijedlozima. Prijava treba sadr\u017eavati prijedlog relevantne teme i na\u010dine poticanja sudionika.<\/p>\n<p style=\"padding-left: 30px\"><span style=\"color: #ff0000\"><a style=\"color: #ff0000\" href=\"https:\/\/forms.office.com\/pages\/responsepage.aspx?id=FvJamzTGgEurAgyaPQKQkdhMWvURyXFIq1sHYRhtXZZUMEM4SjdJRDlFQkk2UUVKRDE3MEtMWk82WS4u\" target=\"_blank\" rel=\"noopener\">Poveznica za prijavu<\/a>\u00a0<\/span><\/p>\n","protected":false},"excerpt":{"rendered":"<p>Teme i formati prijave Teme na konferenciji uklju\u010duju: Inovacije u obrazovanju &#8211;\u00a0poticanje inovacija u pou\u010davanju putem razmjene ideja, iskustava i resursa. Inovacija mo\u017ee uklju\u010divati primjenu novih tehnologija, pristupa i\/ili kurikuluma.\u00a0 Primjeri najboljih praksi &#8211;\u00a0istra\u017eivanje i dijeljenje najboljih praksi u podru\u010dju pou\u010davanja. Sudionici bi mogli predstavljati svoja istra\u017eivanja, studije slu\u010daja ili prakse koje su pokazale iznimne [&hellip;]<\/p>\n","protected":false},"author":973,"featured_media":0,"parent":617,"menu_order":2,"comment_status":"closed","ping_status":"closed","template":"","meta":{"footnotes":""},"class_list":["post-646","page","type-page","status-publish","hentry"],"_links":{"self":[{"href":"https:\/\/pubweb.carnet.hr\/eduinc\/wp-json\/wp\/v2\/pages\/646","targetHints":{"allow":["GET"]}}],"collection":[{"href":"https:\/\/pubweb.carnet.hr\/eduinc\/wp-json\/wp\/v2\/pages"}],"about":[{"href":"https:\/\/pubweb.carnet.hr\/eduinc\/wp-json\/wp\/v2\/types\/page"}],"author":[{"embeddable":true,"href":"https:\/\/pubweb.carnet.hr\/eduinc\/wp-json\/wp\/v2\/users\/973"}],"replies":[{"embeddable":true,"href":"https:\/\/pubweb.carnet.hr\/eduinc\/wp-json\/wp\/v2\/comments?post=646"}],"version-history":[{"count":3,"href":"https:\/\/pubweb.carnet.hr\/eduinc\/wp-json\/wp\/v2\/pages\/646\/revisions"}],"predecessor-version":[{"id":712,"href":"https:\/\/pubweb.carnet.hr\/eduinc\/wp-json\/wp\/v2\/pages\/646\/revisions\/712"}],"up":[{"embeddable":true,"href":"https:\/\/pubweb.carnet.hr\/eduinc\/wp-json\/wp\/v2\/pages\/617"}],"wp:attachment":[{"href":"https:\/\/pubweb.carnet.hr\/eduinc\/wp-json\/wp\/v2\/media?parent=646"}],"curies":[{"name":"wp","href":"https:\/\/api.w.org\/{rel}","templated":true}]}}