{"id":58,"date":"2023-07-05T19:05:42","date_gmt":"2023-07-05T17:05:42","guid":{"rendered":"https:\/\/pubweb.carnet.hr\/eduinc\/?page_id=58"},"modified":"2023-11-14T23:10:16","modified_gmt":"2023-11-14T22:10:16","slug":"edukacije","status":"publish","type":"page","link":"https:\/\/pubweb.carnet.hr\/eduinc\/edukacije\/","title":{"rendered":"Edukacije"},"content":{"rendered":"<h1><span style=\"color: #cc99ff\">3.11.2023. ENTER konferencija<\/span><\/h1>\n<p>Kao predstavnice Edukacijskog inkubatora Vi\u0161nja \u0160uperba, prof. matematike i fizike i mr.sc. Sandra Laci\u0107, prof. biologije i kemije odr\u017eale su predavanje Digitalno i kreativno.<\/p>\n<p>Tijekom izlaganja prezentirano je na koji na\u010din su iskoristile digitalno okru\u017eenje za komunikaciju, suradnju, razmjenu i podr\u0161ku u zajednici prakti\u010dara, koliko su u tome bili uspje\u0161ne, koje su benefite ostvarili te na koje su izazove nailazili prilikom realizacije pojedinih aktivnosti.<\/p>\n<p><img loading=\"lazy\" decoding=\"async\" class=\"alignnone size-medium wp-image-411\" src=\"http:\/\/pubweb.carnet.hr\/eduinc\/wp-content\/uploads\/sites\/750\/2023\/11\/398827569_2023729427976467_2461611523892274375_n-300x300.jpg\" alt=\"\" width=\"300\" height=\"300\" srcset=\"https:\/\/pubweb.carnet.hr\/eduinc\/wp-content\/uploads\/sites\/750\/2023\/11\/398827569_2023729427976467_2461611523892274375_n-300x300.jpg 300w, https:\/\/pubweb.carnet.hr\/eduinc\/wp-content\/uploads\/sites\/750\/2023\/11\/398827569_2023729427976467_2461611523892274375_n-150x150.jpg 150w, https:\/\/pubweb.carnet.hr\/eduinc\/wp-content\/uploads\/sites\/750\/2023\/11\/398827569_2023729427976467_2461611523892274375_n-768x768.jpg 768w, https:\/\/pubweb.carnet.hr\/eduinc\/wp-content\/uploads\/sites\/750\/2023\/11\/398827569_2023729427976467_2461611523892274375_n.jpg 843w\" sizes=\"auto, (max-width: 300px) 100vw, 300px\" \/> <img loading=\"lazy\" decoding=\"async\" class=\"alignnone size-medium wp-image-412\" src=\"http:\/\/pubweb.carnet.hr\/eduinc\/wp-content\/uploads\/sites\/750\/2023\/11\/398758351_3583362565318404_1757178938458674045_n-300x300.jpg\" alt=\"\" width=\"300\" height=\"300\" srcset=\"https:\/\/pubweb.carnet.hr\/eduinc\/wp-content\/uploads\/sites\/750\/2023\/11\/398758351_3583362565318404_1757178938458674045_n-300x300.jpg 300w, https:\/\/pubweb.carnet.hr\/eduinc\/wp-content\/uploads\/sites\/750\/2023\/11\/398758351_3583362565318404_1757178938458674045_n-150x150.jpg 150w, https:\/\/pubweb.carnet.hr\/eduinc\/wp-content\/uploads\/sites\/750\/2023\/11\/398758351_3583362565318404_1757178938458674045_n-768x768.jpg 768w, https:\/\/pubweb.carnet.hr\/eduinc\/wp-content\/uploads\/sites\/750\/2023\/11\/398758351_3583362565318404_1757178938458674045_n.jpg 843w\" sizes=\"auto, (max-width: 300px) 100vw, 300px\" \/><\/p>\n<h1><span style=\"color: #339966\">3.11.2023. \u017dupanijsko stru\u010dno vije\u0107e razredne nastave Nere\u017ei\u0161\u0107a<\/span><\/h1>\n<p>Kao predstavnici Edukacijskog inkubatora Mladen Brajica, prof. matematike i informatike i Ivana Kri\u017eanac, dipl.u\u010d.r.n. odr\u017eali su predavanja Kombinatorikom do korelacije i EscapeIf metoda u nastavi hrvatskoga jezika te upoznali \u010dlanove \u017dSV RN Bra\u010d sa suvremenim pristupima u nastavi.<\/p>\n<p><img loading=\"lazy\" decoding=\"async\" class=\"alignnone size-medium wp-image-413\" src=\"http:\/\/pubweb.carnet.hr\/eduinc\/wp-content\/uploads\/sites\/750\/2023\/11\/IMG_20231103_174948-300x225.jpg\" alt=\"\" width=\"300\" height=\"225\" srcset=\"https:\/\/pubweb.carnet.hr\/eduinc\/wp-content\/uploads\/sites\/750\/2023\/11\/IMG_20231103_174948-300x225.jpg 300w, https:\/\/pubweb.carnet.hr\/eduinc\/wp-content\/uploads\/sites\/750\/2023\/11\/IMG_20231103_174948-768x576.jpg 768w, https:\/\/pubweb.carnet.hr\/eduinc\/wp-content\/uploads\/sites\/750\/2023\/11\/IMG_20231103_174948-1024x768.jpg 1024w, https:\/\/pubweb.carnet.hr\/eduinc\/wp-content\/uploads\/sites\/750\/2023\/11\/IMG_20231103_174948.jpg 2048w\" sizes=\"auto, (max-width: 300px) 100vw, 300px\" \/><\/p>\n","protected":false},"excerpt":{"rendered":"<p>3.11.2023. ENTER konferencija Kao predstavnice Edukacijskog inkubatora Vi\u0161nja \u0160uperba, prof. matematike i fizike i mr.sc. Sandra Laci\u0107, prof. biologije i kemije odr\u017eale su predavanje Digitalno i kreativno. Tijekom izlaganja prezentirano je na koji na\u010din su iskoristile digitalno okru\u017eenje za komunikaciju, suradnju, razmjenu i podr\u0161ku u zajednici prakti\u010dara, koliko su u tome bili uspje\u0161ne, koje su [&hellip;]<\/p>\n","protected":false},"author":973,"featured_media":0,"parent":0,"menu_order":0,"comment_status":"closed","ping_status":"closed","template":"","meta":{"footnotes":""},"class_list":["post-58","page","type-page","status-publish","hentry"],"_links":{"self":[{"href":"https:\/\/pubweb.carnet.hr\/eduinc\/wp-json\/wp\/v2\/pages\/58","targetHints":{"allow":["GET"]}}],"collection":[{"href":"https:\/\/pubweb.carnet.hr\/eduinc\/wp-json\/wp\/v2\/pages"}],"about":[{"href":"https:\/\/pubweb.carnet.hr\/eduinc\/wp-json\/wp\/v2\/types\/page"}],"author":[{"embeddable":true,"href":"https:\/\/pubweb.carnet.hr\/eduinc\/wp-json\/wp\/v2\/users\/973"}],"replies":[{"embeddable":true,"href":"https:\/\/pubweb.carnet.hr\/eduinc\/wp-json\/wp\/v2\/comments?post=58"}],"version-history":[{"count":3,"href":"https:\/\/pubweb.carnet.hr\/eduinc\/wp-json\/wp\/v2\/pages\/58\/revisions"}],"predecessor-version":[{"id":435,"href":"https:\/\/pubweb.carnet.hr\/eduinc\/wp-json\/wp\/v2\/pages\/58\/revisions\/435"}],"wp:attachment":[{"href":"https:\/\/pubweb.carnet.hr\/eduinc\/wp-json\/wp\/v2\/media?parent=58"}],"curies":[{"name":"wp","href":"https:\/\/api.w.org\/{rel}","templated":true}]}}