{"id":55,"date":"2023-07-05T19:01:42","date_gmt":"2023-07-05T17:01:42","guid":{"rendered":"https:\/\/pubweb.carnet.hr\/eduinc\/?page_id=55"},"modified":"2024-03-07T19:26:48","modified_gmt":"2024-03-07T18:26:48","slug":"najave","status":"publish","type":"page","link":"https:\/\/pubweb.carnet.hr\/eduinc\/najave\/","title":{"rendered":"Najave"},"content":{"rendered":"<h2 style=\"text-align: center\">Radionice u suradnji s Tvr\u0111avom kulture \u0160ibenik<\/h2>\n<p>U kampusu Tvr\u0111ave sv. Ivana, 9. o\u017eujka 2024., Ana Peran i Marija Vi\u0161nji\u0107,\u00a0magistre primarnog obrazovanja od 10:00 do 11:00h otkrivaju tajne sudoku logi\u010dkih zagonetki. Nakon zagonetki od 11:00h do 12:00h slijedi radionica\u00a0<strong>Slatki izazov<\/strong>\u00a0o zdravim prehrambenim navikama odnosno utjecaju \u0161e\u0107era na na\u0161 organizam, a namijenjena je mladima od 13 godina pa nadalje. Radionicu vode mr.sc. Sandra Laci\u0107, prof. biologije i kemije i Vi\u0161nja \u0160uperba, prof. matematike i fizike.<\/p>\n<hr \/>\n<p>U kampusu Tvr\u0111ave sv. Ivana, 20. velja\u010de 2024, Anita Mati\u0107 i Andrea Ga\u0161perov, magistre primarnog obrazovanja i\u00a0 \u010dlanice na\u0161e udruge, zapo\u010dele su niz radionica koje \u0107e se odr\u017eavati tijekom velja\u010de i o\u017eujka. Raspored i sadr\u017eaj svih radionica bit \u0107e uskoro dostupan&#8230;<\/p>\n<hr \/>\n<h2 style=\"text-align: center\">Obilje\u017eit \u0107emo\u00a0Me\u0111unarodni dan \u017eena i djevojaka u znanosti<\/h2>\n<h2 style=\"text-align: center\">12. velja\u010de 2024. u 18:00 sati u Ku\u0107i umjetnosti Arsen<\/h2>\n<p style=\"text-align: center\">Svake godine\u00a0<strong>11. velja\u010de obilje\u017eava se Me\u0111unarodni dan \u017eena i djevojaka u znanosti<\/strong>\u00a0\u010diji je cilj promicanje\u00a0<strong>ravnopravnosti\u00a0\u017eena i djevojaka u znanosti i obrazovanju op\u0107enito, a posebice po pitanju odlu\u010divanja<\/strong>. Op\u0107a skup\u0161tina Ujedinjenih naroda donijela je odluku o progla\u0161enju 2015. godine.<\/p>\n<p>&nbsp;<\/p>\n<hr \/>\n<h2 style=\"text-align: center\">Obilje\u017eit \u0107emo Me\u0111unarodni dan obrazovanja<\/h2>\n<h1 style=\"text-align: center\">24. sije\u010dnja 2024.<\/h1>\n<p style=\"text-align: center\">Op\u0107a skup\u0161tina Ujedinjenih naroda 3. prosinca 2018. godine\u00a0 usvojila je rezoluciju kojom je proglasila 24. sije\u010dnja Me\u0111unarodnim danom obrazovanja u cilju obilje\u017eavanja va\u017enosti obrazovanja za mir i razvoj.<\/p>\n<p style=\"text-align: center\"><a href=\"https:\/\/www.un.org\/en\/observances\/education-day\" target=\"_blank\" rel=\"noopener\">vi\u0161e&#8230;<\/a><\/p>\n<h1>Planirane aktivnosti:<\/h1>\n<ol>\n<li>Radionica za obrazovne djelatnike koji \u017eele napredovati u zvanju.<\/li>\n<li>E-kolegij u Loomenu <a href=\"https:\/\/skole.loomen.carnet.hr\/course\/view.php?id=36237#sectionid-366567-title\" target=\"_blank\" rel=\"noopener\">Napredovanje u zvanje (poveznica).<\/a><\/li>\n<\/ol>\n<p>&nbsp;<\/p>\n<hr \/>\n<hr \/>\n<h1 style=\"text-align: center\">USKORO&#8230;<\/h1>\n<h1 style=\"padding-left: 180px\"><img loading=\"lazy\" decoding=\"async\" class=\"wp-image-514 alignnone\" src=\"http:\/\/pubweb.carnet.hr\/eduinc\/wp-content\/uploads\/sites\/750\/2023\/12\/plakat-adventurica-210x300.jpg\" alt=\"\" width=\"240\" height=\"343\" srcset=\"https:\/\/pubweb.carnet.hr\/eduinc\/wp-content\/uploads\/sites\/750\/2023\/12\/plakat-adventurica-210x300.jpg 210w, https:\/\/pubweb.carnet.hr\/eduinc\/wp-content\/uploads\/sites\/750\/2023\/12\/plakat-adventurica.jpg 633w\" sizes=\"auto, (max-width: 240px) 100vw, 240px\" \/>\u00a0<img loading=\"lazy\" decoding=\"async\" class=\"wp-image-515 alignnone\" src=\"http:\/\/pubweb.carnet.hr\/eduinc\/wp-content\/uploads\/sites\/750\/2023\/12\/adventura-214x300.png\" alt=\"\" width=\"245\" height=\"343\" srcset=\"https:\/\/pubweb.carnet.hr\/eduinc\/wp-content\/uploads\/sites\/750\/2023\/12\/adventura-214x300.png 214w, https:\/\/pubweb.carnet.hr\/eduinc\/wp-content\/uploads\/sites\/750\/2023\/12\/adventura.png 629w\" sizes=\"auto, (max-width: 245px) 100vw, 245px\" \/><\/h1>\n<hr \/>\n<hr \/>\n<h1><\/h1>\n<h1><\/h1>\n<h1 style=\"padding-left: 300px\"><\/h1>\n<h1 style=\"padding-left: 30px\"><\/h1>\n<h1><\/h1>\n<h1><\/h1>\n<h1 style=\"text-align: center\"><span style=\"color: #339966\">Kick\u2013off \u00a0konferencija udruge Edukacijski inkubator<\/span><\/h1>\n<h3 style=\"padding-left: 30px;text-align: center\">Vrijeme: srijeda, 29.11.2023. u 16 sati<\/h3>\n<p style=\"padding-left: 30px;text-align: center\">Mjesto: Posjetiteljski centar \u201cKanal sv. Ante\u201c,<\/p>\n<p style=\"padding-left: 30px;text-align: center\">Uvala Minerska bb, \u0160ibenik<\/p>\n<p>&nbsp;<\/p>\n<h2 style=\"text-align: center\"><strong>Program:<\/strong><\/h2>\n<p style=\"text-align: center\">1. Predstavljanje JU Priroda \u0160ibensko-kninske \u017eupanije<\/p>\n<p style=\"text-align: center\">\u00a0 \u00a02. Odgojno-obrazovni potencijali \u0160ibensko-kninske \u017eupanije<\/p>\n<p style=\"text-align: center\">3. Predstavljanje udruge Edukacijski inkubator<\/p>\n<p style=\"text-align: center\"><img loading=\"lazy\" decoding=\"async\" class=\"alignnone wp-image-142 aligncenter\" src=\"http:\/\/pubweb.carnet.hr\/eduinc\/wp-content\/uploads\/sites\/750\/2023\/07\/EI-TIRKIZ-212x300.png\" alt=\"\" width=\"212\" height=\"300\" srcset=\"https:\/\/pubweb.carnet.hr\/eduinc\/wp-content\/uploads\/sites\/750\/2023\/07\/EI-TIRKIZ-212x300.png 212w, https:\/\/pubweb.carnet.hr\/eduinc\/wp-content\/uploads\/sites\/750\/2023\/07\/EI-TIRKIZ-768x1086.png 768w, https:\/\/pubweb.carnet.hr\/eduinc\/wp-content\/uploads\/sites\/750\/2023\/07\/EI-TIRKIZ-724x1024.png 724w, https:\/\/pubweb.carnet.hr\/eduinc\/wp-content\/uploads\/sites\/750\/2023\/07\/EI-TIRKIZ.png 1800w\" sizes=\"auto, (max-width: 212px) 100vw, 212px\" \/><\/p>\n","protected":false},"excerpt":{"rendered":"<p>Radionice u suradnji s Tvr\u0111avom kulture \u0160ibenik U kampusu Tvr\u0111ave sv. Ivana, 9. o\u017eujka 2024., Ana Peran i Marija Vi\u0161nji\u0107,\u00a0magistre primarnog obrazovanja od 10:00 do 11:00h otkrivaju tajne sudoku logi\u010dkih zagonetki. Nakon zagonetki od 11:00h do 12:00h slijedi radionica\u00a0Slatki izazov\u00a0o zdravim prehrambenim navikama odnosno utjecaju \u0161e\u0107era na na\u0161 organizam, a namijenjena je mladima od 13 [&hellip;]<\/p>\n","protected":false},"author":973,"featured_media":0,"parent":0,"menu_order":0,"comment_status":"closed","ping_status":"closed","template":"","meta":{"footnotes":""},"class_list":["post-55","page","type-page","status-publish","hentry"],"_links":{"self":[{"href":"https:\/\/pubweb.carnet.hr\/eduinc\/wp-json\/wp\/v2\/pages\/55","targetHints":{"allow":["GET"]}}],"collection":[{"href":"https:\/\/pubweb.carnet.hr\/eduinc\/wp-json\/wp\/v2\/pages"}],"about":[{"href":"https:\/\/pubweb.carnet.hr\/eduinc\/wp-json\/wp\/v2\/types\/page"}],"author":[{"embeddable":true,"href":"https:\/\/pubweb.carnet.hr\/eduinc\/wp-json\/wp\/v2\/users\/973"}],"replies":[{"embeddable":true,"href":"https:\/\/pubweb.carnet.hr\/eduinc\/wp-json\/wp\/v2\/comments?post=55"}],"version-history":[{"count":2,"href":"https:\/\/pubweb.carnet.hr\/eduinc\/wp-json\/wp\/v2\/pages\/55\/revisions"}],"predecessor-version":[{"id":781,"href":"https:\/\/pubweb.carnet.hr\/eduinc\/wp-json\/wp\/v2\/pages\/55\/revisions\/781"}],"wp:attachment":[{"href":"https:\/\/pubweb.carnet.hr\/eduinc\/wp-json\/wp\/v2\/media?parent=55"}],"curies":[{"name":"wp","href":"https:\/\/api.w.org\/{rel}","templated":true}]}}