{"id":462,"date":"2023-11-22T12:04:47","date_gmt":"2023-11-22T11:04:47","guid":{"rendered":"https:\/\/pubweb.carnet.hr\/eduinc\/?page_id=462"},"modified":"2024-01-03T19:14:28","modified_gmt":"2024-01-03T18:14:28","slug":"virtualna-ucionica","status":"publish","type":"page","link":"https:\/\/pubweb.carnet.hr\/eduinc\/projekti\/virtualna-ucionica\/","title":{"rendered":"Virtualna u\u010dionica"},"content":{"rendered":"<p><img loading=\"lazy\" decoding=\"async\" class=\"alignnone size-medium wp-image-606 alignleft\" src=\"http:\/\/pubweb.carnet.hr\/eduinc\/wp-content\/uploads\/sites\/750\/2024\/01\/slika-300x133.png\" alt=\"\" width=\"300\" height=\"133\" srcset=\"https:\/\/pubweb.carnet.hr\/eduinc\/wp-content\/uploads\/sites\/750\/2024\/01\/slika-300x133.png 300w, https:\/\/pubweb.carnet.hr\/eduinc\/wp-content\/uploads\/sites\/750\/2024\/01\/slika-768x339.png 768w, https:\/\/pubweb.carnet.hr\/eduinc\/wp-content\/uploads\/sites\/750\/2024\/01\/slika-1024x452.png 1024w, https:\/\/pubweb.carnet.hr\/eduinc\/wp-content\/uploads\/sites\/750\/2024\/01\/slika.png 1786w\" sizes=\"auto, (max-width: 300px) 100vw, 300px\" \/>Poveznica:\u00a0<a href=\"https:\/\/skole.loomen.carnet.hr\/course\/view.php?id=36237\" target=\"_blank\" rel=\"noopener\">Napredovanje u zvanje \u00a0<\/a><\/p>\n<p>E-kolegij u Loomenu<em>\u00a0zami\u0161ljen je kao pomo\u0107 i motivacija u\u010diteljima koji \u017eele napredovati u zvanje. Kratke i jasne upute vode u\u010ditelje korak po korak kroz Pravilnik o napredovanju u\u010ditelja, nastavnika, stru\u010dnih suradnika i ravnatelja u osnovnim i srednjim \u0161kolama i u\u010deni\u010dkim domovima.\u00a0<\/em><\/p>\n<p><em>Po zavr\u0161etku e-kolegija polaznici \u0107e:<\/em><\/p>\n<ul>\n<li><em> izraditi osobna portfolia<\/em><\/li>\n<li><em>procijeniti i odrediti ukupan broj bodova prema Kriterijima vrednovanja stru\u010dno-pedago\u0161kog rada\u00a0<\/em><\/li>\n<li><em>popuniti Obrazac zahtjeva za napredovanje odgojno-obrazovnih radnika.<\/em><\/li>\n<\/ul>\n","protected":false},"excerpt":{"rendered":"<p>Poveznica:\u00a0Napredovanje u zvanje \u00a0 E-kolegij u Loomenu\u00a0zami\u0161ljen je kao pomo\u0107 i motivacija u\u010diteljima koji \u017eele napredovati u zvanje. Kratke i jasne upute vode u\u010ditelje korak po korak kroz Pravilnik o napredovanju u\u010ditelja, nastavnika, stru\u010dnih suradnika i ravnatelja u osnovnim i srednjim \u0161kolama i u\u010deni\u010dkim domovima.\u00a0 Po zavr\u0161etku e-kolegija polaznici \u0107e: izraditi osobna portfolia procijeniti i [&hellip;]<\/p>\n","protected":false},"author":973,"featured_media":0,"parent":49,"menu_order":1,"comment_status":"closed","ping_status":"closed","template":"","meta":{"footnotes":""},"class_list":["post-462","page","type-page","status-publish","hentry"],"_links":{"self":[{"href":"https:\/\/pubweb.carnet.hr\/eduinc\/wp-json\/wp\/v2\/pages\/462","targetHints":{"allow":["GET"]}}],"collection":[{"href":"https:\/\/pubweb.carnet.hr\/eduinc\/wp-json\/wp\/v2\/pages"}],"about":[{"href":"https:\/\/pubweb.carnet.hr\/eduinc\/wp-json\/wp\/v2\/types\/page"}],"author":[{"embeddable":true,"href":"https:\/\/pubweb.carnet.hr\/eduinc\/wp-json\/wp\/v2\/users\/973"}],"replies":[{"embeddable":true,"href":"https:\/\/pubweb.carnet.hr\/eduinc\/wp-json\/wp\/v2\/comments?post=462"}],"version-history":[{"count":3,"href":"https:\/\/pubweb.carnet.hr\/eduinc\/wp-json\/wp\/v2\/pages\/462\/revisions"}],"predecessor-version":[{"id":612,"href":"https:\/\/pubweb.carnet.hr\/eduinc\/wp-json\/wp\/v2\/pages\/462\/revisions\/612"}],"up":[{"embeddable":true,"href":"https:\/\/pubweb.carnet.hr\/eduinc\/wp-json\/wp\/v2\/pages\/49"}],"wp:attachment":[{"href":"https:\/\/pubweb.carnet.hr\/eduinc\/wp-json\/wp\/v2\/media?parent=462"}],"curies":[{"name":"wp","href":"https:\/\/api.w.org\/{rel}","templated":true}]}}