{"id":376,"date":"2023-11-14T20:57:42","date_gmt":"2023-11-14T19:57:42","guid":{"rendered":"https:\/\/pubweb.carnet.hr\/eduinc\/?page_id=376"},"modified":"2023-11-14T21:37:37","modified_gmt":"2023-11-14T20:37:37","slug":"djelatnosti","status":"publish","type":"page","link":"https:\/\/pubweb.carnet.hr\/eduinc\/djelatnosti\/","title":{"rendered":"Djelatnosti"},"content":{"rendered":"<ul>\n<li>izrada interaktivnih medija u svrhu odgoja i obrazovanja, za u\u010denike i edukatore svih profila<\/li>\n<li>projektna suradnja s dje\u010djim vrti\u0107ima, osnovnim i srednjim \u0161kolama, visokim u\u010dili\u0161tima i ostalim obrazovnim institucijama na lokalnoj, dr\u017eavnoj i me\u0111unarodnoj razini<\/li>\n<li>organizacija predavanja, seminara, radionica i konferencija za edukatore svih profila<\/li>\n<li>organizacija radionica i predavanja za djecu pred\u0161kolske dobi<\/li>\n<li>organizacija radionica i predavanja za u\u010denike svih uzrasta<\/li>\n<li>organizacija radionica i predavanja za studente<\/li>\n<li>organizacija radionica i predavanja za cjelo\u017eivotno obrazovanje odraslih<\/li>\n<li>organizacija terenske nastave<\/li>\n<li>organizacija okruglih stolova i tribina vezanih uz odgoj i obrazovanje<\/li>\n<li>organizacija edukativnih kampova za polaznike svih uzrasta<\/li>\n<li>organizacija festivala, izlo\u017ebi i drugih javnih doga\u0111aja vezanih uz odgoj i obrazovanje<\/li>\n<li>sudjelovanje na manifestacijama vezanim uz odgoj i obrazovanje na lokalnoj, dr\u017eavnoj i me\u0111unarodnoj razini<\/li>\n<li>provo\u0111enje obrazovnih istra\u017eivanja<\/li>\n<li>dijeljenje primjera dobre obrazovne prakse<\/li>\n<li>organizacija natjecanja i raznih obrazovnih podru\u010dja<\/li>\n<li>mentorstvo edukatorima i savjetovanje<\/li>\n<li>izrada stru\u010dnih i znanstvenih \u010dlanaka, nastavnih materijala i obrazovnih sadr\u017eaja<\/li>\n<li>neovisno vrednovanje unutar sustava odgoja i obrazovanja<\/li>\n<\/ul>\n","protected":false},"excerpt":{"rendered":"<p>izrada interaktivnih medija u svrhu odgoja i obrazovanja, za u\u010denike i edukatore svih profila projektna suradnja s dje\u010djim vrti\u0107ima, osnovnim i srednjim \u0161kolama, visokim u\u010dili\u0161tima i ostalim obrazovnim institucijama na lokalnoj, dr\u017eavnoj i me\u0111unarodnoj razini organizacija predavanja, seminara, radionica i konferencija za edukatore svih profila organizacija radionica i predavanja za djecu pred\u0161kolske dobi organizacija radionica [&hellip;]<\/p>\n","protected":false},"author":973,"featured_media":0,"parent":0,"menu_order":0,"comment_status":"closed","ping_status":"closed","template":"","meta":{"footnotes":""},"class_list":["post-376","page","type-page","status-publish","hentry"],"_links":{"self":[{"href":"https:\/\/pubweb.carnet.hr\/eduinc\/wp-json\/wp\/v2\/pages\/376","targetHints":{"allow":["GET"]}}],"collection":[{"href":"https:\/\/pubweb.carnet.hr\/eduinc\/wp-json\/wp\/v2\/pages"}],"about":[{"href":"https:\/\/pubweb.carnet.hr\/eduinc\/wp-json\/wp\/v2\/types\/page"}],"author":[{"embeddable":true,"href":"https:\/\/pubweb.carnet.hr\/eduinc\/wp-json\/wp\/v2\/users\/973"}],"replies":[{"embeddable":true,"href":"https:\/\/pubweb.carnet.hr\/eduinc\/wp-json\/wp\/v2\/comments?post=376"}],"version-history":[{"count":3,"href":"https:\/\/pubweb.carnet.hr\/eduinc\/wp-json\/wp\/v2\/pages\/376\/revisions"}],"predecessor-version":[{"id":403,"href":"https:\/\/pubweb.carnet.hr\/eduinc\/wp-json\/wp\/v2\/pages\/376\/revisions\/403"}],"wp:attachment":[{"href":"https:\/\/pubweb.carnet.hr\/eduinc\/wp-json\/wp\/v2\/media?parent=376"}],"curies":[{"name":"wp","href":"https:\/\/api.w.org\/{rel}","templated":true}]}}