{"id":368,"date":"2023-11-14T20:51:05","date_gmt":"2023-11-14T19:51:05","guid":{"rendered":"https:\/\/pubweb.carnet.hr\/eduinc\/?page_id=368"},"modified":"2023-11-14T21:38:02","modified_gmt":"2023-11-14T20:38:02","slug":"ciljevi","status":"publish","type":"page","link":"https:\/\/pubweb.carnet.hr\/eduinc\/ciljevi\/","title":{"rendered":"Ciljevi"},"content":{"rendered":"<ul>\n<li>\u00a0podizanje kvalitete i razine stru\u010dnosti u podru\u010dju odgoja i obrazovanja,<\/li>\n<li>\u00a0pru\u017eanje edukativnih programa i treninga edukatorima svih profila,<\/li>\n<li>\u00a0organizacija edukativnih doga\u0111aja, seminara i konferencija,<\/li>\n<li>\u00a0mentorstvo u\u010diteljima pripravnicima,<\/li>\n<li>\u00a0savjetovanje u profesionalnom napredovanju u vi\u0161e zvanje,<\/li>\n<li>\u00a0osna\u017eivanje edukatora u primjeni inovativnih metoda pou\u010davanja,<\/li>\n<li>\u00a0pru\u017eanje podr\u0161ke u\u010denicima s posebnim odgojno-obrazovnim potrebama,<\/li>\n<li>\u00a0pru\u017eanje dodatne podr\u0161ke i resursa potencijalno nadarenim u\u010denicima,<\/li>\n<li>\u00a0pru\u017eanje podr\u0161ke u\u010diteljima i roditeljima u\u010denika s posebnim potrebama i nadarenih u\u010denika,<\/li>\n<li>\u00a0uspostavljanje suradnje s razli\u010ditim obrazovnim institucijama,<\/li>\n<li>\u00a0projektna suradnja s ostalim udrugama i javnim ustanovama,<\/li>\n<li>\u00a0promicanje inkluzije i osiguravanje pristupa\u010dnog obrazovanja za sve u\u010denike,<\/li>\n<li>\u00a0pru\u017eanje podr\u0161ke u ljudskim resursima,<\/li>\n<li>\u00a0profesionalno savjetovanje u vezi s obrazovnom politikom i praksom,<\/li>\n<li>\u00a0promicanje inovacija i novih pristupa u obrazovanju te suradnju s institucijama\u00a0 EU.<\/li>\n<\/ul>\n<h1>\u00a0<b>Ciljane<\/b> <b>skupine<\/b><\/h1>\n<p>Ciljane skupine Udruge su:<\/p>\n<ul>\n<li>odgojno-obrazovni djelatnici<\/li>\n<li>odgojno-obrazovne ustanove<\/li>\n<li>darovita djeca i mladi<\/li>\n<li>djeca s te\u0161ko\u0107ama u razvoju<\/li>\n<li>u\u010denici<\/li>\n<li>roditelji<\/li>\n<li>akademska zajednica.<\/li>\n<\/ul>\n","protected":false},"excerpt":{"rendered":"<p>\u00a0podizanje kvalitete i razine stru\u010dnosti u podru\u010dju odgoja i obrazovanja, \u00a0pru\u017eanje edukativnih programa i treninga edukatorima svih profila, \u00a0organizacija edukativnih doga\u0111aja, seminara i konferencija, \u00a0mentorstvo u\u010diteljima pripravnicima, \u00a0savjetovanje u profesionalnom napredovanju u vi\u0161e zvanje, \u00a0osna\u017eivanje edukatora u primjeni inovativnih metoda pou\u010davanja, \u00a0pru\u017eanje podr\u0161ke u\u010denicima s posebnim odgojno-obrazovnim potrebama, \u00a0pru\u017eanje dodatne podr\u0161ke i resursa potencijalno nadarenim [&hellip;]<\/p>\n","protected":false},"author":973,"featured_media":0,"parent":0,"menu_order":0,"comment_status":"closed","ping_status":"closed","template":"","meta":{"footnotes":""},"class_list":["post-368","page","type-page","status-publish","hentry"],"_links":{"self":[{"href":"https:\/\/pubweb.carnet.hr\/eduinc\/wp-json\/wp\/v2\/pages\/368","targetHints":{"allow":["GET"]}}],"collection":[{"href":"https:\/\/pubweb.carnet.hr\/eduinc\/wp-json\/wp\/v2\/pages"}],"about":[{"href":"https:\/\/pubweb.carnet.hr\/eduinc\/wp-json\/wp\/v2\/types\/page"}],"author":[{"embeddable":true,"href":"https:\/\/pubweb.carnet.hr\/eduinc\/wp-json\/wp\/v2\/users\/973"}],"replies":[{"embeddable":true,"href":"https:\/\/pubweb.carnet.hr\/eduinc\/wp-json\/wp\/v2\/comments?post=368"}],"version-history":[{"count":2,"href":"https:\/\/pubweb.carnet.hr\/eduinc\/wp-json\/wp\/v2\/pages\/368\/revisions"}],"predecessor-version":[{"id":404,"href":"https:\/\/pubweb.carnet.hr\/eduinc\/wp-json\/wp\/v2\/pages\/368\/revisions\/404"}],"wp:attachment":[{"href":"https:\/\/pubweb.carnet.hr\/eduinc\/wp-json\/wp\/v2\/media?parent=368"}],"curies":[{"name":"wp","href":"https:\/\/api.w.org\/{rel}","templated":true}]}}