{"id":43,"date":"2022-06-12T15:12:46","date_gmt":"2022-06-12T13:12:46","guid":{"rendered":"https:\/\/pubweb.carnet.hr\/dogunit\/?page_id=43"},"modified":"2023-04-25T20:54:41","modified_gmt":"2023-04-25T18:54:41","slug":"clanarine","status":"publish","type":"page","link":"https:\/\/pubweb.carnet.hr\/dogunit\/clanarine\/","title":{"rendered":"\u010clanarine"},"content":{"rendered":"<p>Temeljem odluke Upravnog odbora na sjednici od <strong>03.12.2022<\/strong>.\u00a0\u010dlanarina iznosi<strong> 30 \u20ac<\/strong> za sve \u010dlanove, osim za mla\u0111e \u010dlanove (do 18 godina) \u010dija \u010dlanarina iznosi 15\u00a0\u20ac.<br \/>\nUpravni odbor odobrava i obiteljsku \u010dlanarinu u iznosu od 15\u00a0\u20ac za svakog dodatnog \u010dlana obitelji pojedinog \u010dlana.<\/p>\n<p>Prilikom prvog upisa u Klub pla\u0107a se upisnina u iznosu od <strong>7 \u20ac<\/strong>.<\/p>\n<p><a href=\"http:\/\/pubweb.carnet.hr\/dogunit\/wp-content\/uploads\/sites\/729\/2022\/06\/Pristupnica.pdf\">Pristupnica<\/a><\/p>\n<p>Kod za online pla\u0107anje <a href=\"http:\/\/pubweb.carnet.hr\/dogunit\/wp-content\/uploads\/sites\/729\/2022\/02\/clanarina.png\" target=\"_blank\" rel=\"noopener\">\u010dlanarine<\/a>:<\/p>\n<p><a href=\"http:\/\/pubweb.carnet.hr\/dogunit\/wp-content\/uploads\/sites\/729\/2023\/01\/\u010clanarine-2023.png\"><img loading=\"lazy\" decoding=\"async\" class=\"aligncenter size-full wp-image-235\" src=\"http:\/\/pubweb.carnet.hr\/dogunit\/wp-content\/uploads\/sites\/729\/2023\/01\/\u010clanarine-2023.png\" alt=\"\" width=\"282\" height=\"152\" \/><\/a><\/p>\n<p>Kod za online pla\u0107anje <a href=\"http:\/\/pubweb.carnet.hr\/dogunit\/wp-content\/uploads\/sites\/729\/2022\/02\/upisnina.png\" target=\"_blank\" rel=\"noopener\">upisnine<\/a>:<\/p>\n<p><a href=\"http:\/\/pubweb.carnet.hr\/dogunit\/wp-content\/uploads\/sites\/729\/2023\/01\/Upisnina-2023.png\"><img loading=\"lazy\" decoding=\"async\" class=\"aligncenter size-full wp-image-236\" src=\"http:\/\/pubweb.carnet.hr\/dogunit\/wp-content\/uploads\/sites\/729\/2023\/01\/Upisnina-2023.png\" alt=\"\" width=\"282\" height=\"144\" \/><\/a><\/p>\n<p><a href=\"http:\/\/pubweb.carnet.hr\/dogunit\/wp-content\/uploads\/sites\/729\/2022\/06\/Statut-ovjereni.pdf\" target=\"_blank\" rel=\"noopener\">Statut &#8211; ovjereni<\/a><\/p>\n","protected":false},"excerpt":{"rendered":"<p>Temeljem odluke Upravnog odbora na sjednici od 03.12.2022.\u00a0\u010dlanarina iznosi 30 \u20ac za sve \u010dlanove, osim za mla\u0111e \u010dlanove (do 18 godina) \u010dija \u010dlanarina iznosi 15\u00a0\u20ac. Upravni odbor odobrava i obiteljsku \u010dlanarinu u iznosu od 15\u00a0\u20ac za svakog dodatnog \u010dlana obitelji pojedinog \u010dlana. Prilikom prvog upisa u Klub pla\u0107a se upisnina u iznosu od 7 \u20ac.&#133;<\/p>\n","protected":false},"author":937,"featured_media":0,"parent":0,"menu_order":0,"comment_status":"closed","ping_status":"closed","template":"","meta":{"footnotes":""},"class_list":["post-43","page","type-page","status-publish","hentry"],"_links":{"self":[{"href":"https:\/\/pubweb.carnet.hr\/dogunit\/wp-json\/wp\/v2\/pages\/43","targetHints":{"allow":["GET"]}}],"collection":[{"href":"https:\/\/pubweb.carnet.hr\/dogunit\/wp-json\/wp\/v2\/pages"}],"about":[{"href":"https:\/\/pubweb.carnet.hr\/dogunit\/wp-json\/wp\/v2\/types\/page"}],"author":[{"embeddable":true,"href":"https:\/\/pubweb.carnet.hr\/dogunit\/wp-json\/wp\/v2\/users\/937"}],"replies":[{"embeddable":true,"href":"https:\/\/pubweb.carnet.hr\/dogunit\/wp-json\/wp\/v2\/comments?post=43"}],"version-history":[{"count":3,"href":"https:\/\/pubweb.carnet.hr\/dogunit\/wp-json\/wp\/v2\/pages\/43\/revisions"}],"predecessor-version":[{"id":356,"href":"https:\/\/pubweb.carnet.hr\/dogunit\/wp-json\/wp\/v2\/pages\/43\/revisions\/356"}],"wp:attachment":[{"href":"https:\/\/pubweb.carnet.hr\/dogunit\/wp-json\/wp\/v2\/media?parent=43"}],"curies":[{"name":"wp","href":"https:\/\/api.w.org\/{rel}","templated":true}]}}