{"id":41,"date":"2022-06-12T15:12:14","date_gmt":"2022-06-12T13:12:14","guid":{"rendered":"https:\/\/pubweb.carnet.hr\/dogunit\/?page_id=41"},"modified":"2023-07-20T19:48:54","modified_gmt":"2023-07-20T17:48:54","slug":"o-nama","status":"publish","type":"page","link":"https:\/\/pubweb.carnet.hr\/dogunit\/o-nama\/","title":{"rendered":"O nama"},"content":{"rendered":"<div class=\"kvgmc6g5 cxmmr5t8 oygrvhab hcukyx3x c1et5uql ii04i59q\">\n<div dir=\"auto\"><img loading=\"lazy\" decoding=\"async\" class=\"aligncenter wp-image-7 size-full\" src=\"http:\/\/pubweb.carnet.hr\/dogunit\/wp-content\/uploads\/sites\/729\/2021\/09\/logo.png\" alt=\"\" width=\"533\" height=\"214\" srcset=\"https:\/\/pubweb.carnet.hr\/dogunit\/wp-content\/uploads\/sites\/729\/2021\/09\/logo.png 533w, https:\/\/pubweb.carnet.hr\/dogunit\/wp-content\/uploads\/sites\/729\/2021\/09\/logo-300x120.png 300w\" sizes=\"auto, (max-width: 533px) 100vw, 533px\" \/><\/div>\n<div dir=\"auto\">To smo mi!<\/div>\n<div dir=\"auto\"><\/div>\n<div dir=\"auto\">Klub za rad sa psima Dog Unit.<\/div>\n<div dir=\"auto\"><\/div>\n<\/div>\n<div class=\"cxmmr5t8 oygrvhab hcukyx3x c1et5uql o9v6fnle ii04i59q\">\n<div dir=\"auto\">Slobodno vrijeme najradije provodimo vani, u \u0161etnji, planinama, uz more, rijeke i jezera- ili pak bavljenjem nekom od disciplina pse\u0107ih sportova, uklju\u010duju\u0107i agility, poslu\u0161nost\/ obedience, frisbee, canicross, bikejoring, mantrailing, trikove i kliker trening! Sve na \u010dvrstim temeljima pozitivne motivacije.<\/div>\n<div dir=\"auto\">Gdje god idemo, trudimo se osigurati uvjete dovoljno dobre da povedemo i na\u0161e \u010detverono\u0161ce, a treningom i obukom na\u0161i psi postaju spremni za sve izazove koje stavimo pred njih i, iz dana u dan, nas odu\u0161evljavaju s kojom lako\u0107om odra\u0111uju sve zadatke.<\/div>\n<\/div>\n<div class=\"cxmmr5t8 oygrvhab hcukyx3x c1et5uql o9v6fnle ii04i59q\">\n<div dir=\"auto\">Na\u0161a grupica sastoji se od (vrlo) razli\u010ditih ljudi i pasa od kojih je svatko poseban na svoj na\u010din, ali ve\u017ee nas isto- ljubav prema prirodi i aktivnostima sa na\u0161im psima.<\/div>\n<\/div>\n<div class=\"cxmmr5t8 oygrvhab hcukyx3x c1et5uql o9v6fnle ii04i59q\">\n<div dir=\"auto\">Ukoliko si i ti na\u0161 istomi\u0161ljenik, zaprati nas!<\/div>\n<div dir=\"auto\">Spremamo neke velike stvari&#8230;<\/div>\n<\/div>\n<div dir=\"auto\"><\/div>\n<div dir=\"auto\">FB: <a href=\"https:\/\/www.facebook.com\/dogunit.hr\" target=\"_blank\" rel=\"noopener\">@dogunit.hr<\/a><\/div>\n<div dir=\"auto\">IG: <a href=\"https:\/\/www.instagram.com\/dogunit.hr\/\" target=\"_blank\" rel=\"noopener\">@dogunit.hr<\/a><\/div>\n<div dir=\"auto\"><\/div>\n<div dir=\"auto\"><\/div>\n<div dir=\"auto\">\n<hr \/>\n<\/div>\n<div dir=\"auto\"><\/div>\n<div dir=\"auto\">Osnovne informacije:<\/div>\n<div dir=\"auto\" style=\"padding-left: 30px\">OIB: 99634671486<\/div>\n<div dir=\"auto\" style=\"padding-left: 30px\">Adresa: Kukuljanovo 107\/1<\/div>\n<div dir=\"auto\" style=\"padding-left: 90px\">51227 Kukuljanovo<\/div>\n","protected":false},"excerpt":{"rendered":"<p>To smo mi! Klub za rad sa psima Dog Unit. Slobodno vrijeme najradije provodimo vani, u \u0161etnji, planinama, uz more, rijeke i jezera- ili pak bavljenjem nekom od disciplina pse\u0107ih sportova, uklju\u010duju\u0107i agility, poslu\u0161nost\/ obedience, frisbee, canicross, bikejoring, mantrailing, trikove i kliker trening! Sve na \u010dvrstim temeljima pozitivne motivacije. Gdje god idemo, trudimo se osigurati&#133;<\/p>\n","protected":false},"author":937,"featured_media":0,"parent":0,"menu_order":0,"comment_status":"closed","ping_status":"closed","template":"","meta":{"footnotes":""},"class_list":["post-41","page","type-page","status-publish","hentry"],"_links":{"self":[{"href":"https:\/\/pubweb.carnet.hr\/dogunit\/wp-json\/wp\/v2\/pages\/41","targetHints":{"allow":["GET"]}}],"collection":[{"href":"https:\/\/pubweb.carnet.hr\/dogunit\/wp-json\/wp\/v2\/pages"}],"about":[{"href":"https:\/\/pubweb.carnet.hr\/dogunit\/wp-json\/wp\/v2\/types\/page"}],"author":[{"embeddable":true,"href":"https:\/\/pubweb.carnet.hr\/dogunit\/wp-json\/wp\/v2\/users\/937"}],"replies":[{"embeddable":true,"href":"https:\/\/pubweb.carnet.hr\/dogunit\/wp-json\/wp\/v2\/comments?post=41"}],"version-history":[{"count":4,"href":"https:\/\/pubweb.carnet.hr\/dogunit\/wp-json\/wp\/v2\/pages\/41\/revisions"}],"predecessor-version":[{"id":443,"href":"https:\/\/pubweb.carnet.hr\/dogunit\/wp-json\/wp\/v2\/pages\/41\/revisions\/443"}],"wp:attachment":[{"href":"https:\/\/pubweb.carnet.hr\/dogunit\/wp-json\/wp\/v2\/media?parent=41"}],"curies":[{"name":"wp","href":"https:\/\/api.w.org\/{rel}","templated":true}]}}