{"id":348,"date":"2023-04-25T20:52:20","date_gmt":"2023-04-25T18:52:20","guid":{"rendered":"https:\/\/pubweb.carnet.hr\/dogunit\/?page_id=348"},"modified":"2023-04-25T20:54:10","modified_gmt":"2023-04-25T18:54:10","slug":"donacije","status":"publish","type":"page","link":"https:\/\/pubweb.carnet.hr\/dogunit\/donacije\/","title":{"rendered":"Donacije"},"content":{"rendered":"<p>Svaki zara\u0111eni euro na na\u0161im manifestacijama, radionicama, poligonima i seminarima ula\u017eemo u nabavu opreme i pokrivanje teku\u0107ih tro\u0161kova odr\u017eavanje Kluba (banka, najam prostora i sl.).<\/p>\n<p>Razne tro\u0161kove poput dnevnica i putnih tro\u0161kova ne ispla\u0107ujemo. Na\u0161e vrijeme je &#8220;besplatno&#8221; jer ga tro\u0161imo na ono \u0161to volimo &#8211; rad sa psima.<\/p>\n<p>Ne hvalimo se &#8211;\u00a0 znamo da tako radi velika ve\u0107ina udruga. Samo \u017eelimo napomenuti da ukoliko se odlu\u010dite za donaciju u novcu, mo\u017eete biti sigurni da se ti novci ne\u0107e potro\u0161iti na ne\u010diji auto i frizuru, nego na kupnju opreme, organizaciju raznih manifestacija (najam opreme, terena) i sl.<\/p>\n<p>Ukoliko \u017eelite, donaciju mo\u017eete izvr\u0161iti putem <a href=\"http:\/\/pubweb.carnet.hr\/dogunit\/wp-content\/uploads\/sites\/729\/2023\/04\/Donacija.png\" target=\"_blank\" rel=\"noopener\">koda za online pla\u0107anje<\/a>, svaki euro je dobrodo\u0161ao.<\/p>\n<p><img loading=\"lazy\" decoding=\"async\" class=\"aligncenter size-full wp-image-349\" src=\"http:\/\/pubweb.carnet.hr\/dogunit\/wp-content\/uploads\/sites\/729\/2023\/04\/Donacija.png\" alt=\"\" width=\"282\" height=\"144\" \/><\/p>\n<p>&nbsp;<\/p>\n<p>Naravno, primamo donacije u svakom obliku. Prijevoz opreme (imate kombi\/kamion\/prikolicu), gra\u0111evinski materijal (drvene letve za izradu agility opreme), stolice\/klupe, \u0161atori, suncobrani (kod odr\u017eavanja manifestacija)&#8230;. Mi smo otvoreni za sve va\u0161e prijedloge &#8211; samo nas kontaktirajte da se dogovorimo!<\/p>\n","protected":false},"excerpt":{"rendered":"<p>Svaki zara\u0111eni euro na na\u0161im manifestacijama, radionicama, poligonima i seminarima ula\u017eemo u nabavu opreme i pokrivanje teku\u0107ih tro\u0161kova odr\u017eavanje Kluba (banka, najam prostora i sl.). Razne tro\u0161kove poput dnevnica i putnih tro\u0161kova ne ispla\u0107ujemo. Na\u0161e vrijeme je &#8220;besplatno&#8221; jer ga tro\u0161imo na ono \u0161to volimo &#8211; rad sa psima. Ne hvalimo se &#8211;\u00a0 znamo da&#133;<\/p>\n","protected":false},"author":937,"featured_media":0,"parent":0,"menu_order":0,"comment_status":"closed","ping_status":"closed","template":"","meta":{"footnotes":""},"class_list":["post-348","page","type-page","status-publish","hentry"],"_links":{"self":[{"href":"https:\/\/pubweb.carnet.hr\/dogunit\/wp-json\/wp\/v2\/pages\/348","targetHints":{"allow":["GET"]}}],"collection":[{"href":"https:\/\/pubweb.carnet.hr\/dogunit\/wp-json\/wp\/v2\/pages"}],"about":[{"href":"https:\/\/pubweb.carnet.hr\/dogunit\/wp-json\/wp\/v2\/types\/page"}],"author":[{"embeddable":true,"href":"https:\/\/pubweb.carnet.hr\/dogunit\/wp-json\/wp\/v2\/users\/937"}],"replies":[{"embeddable":true,"href":"https:\/\/pubweb.carnet.hr\/dogunit\/wp-json\/wp\/v2\/comments?post=348"}],"version-history":[{"count":2,"href":"https:\/\/pubweb.carnet.hr\/dogunit\/wp-json\/wp\/v2\/pages\/348\/revisions"}],"predecessor-version":[{"id":355,"href":"https:\/\/pubweb.carnet.hr\/dogunit\/wp-json\/wp\/v2\/pages\/348\/revisions\/355"}],"wp:attachment":[{"href":"https:\/\/pubweb.carnet.hr\/dogunit\/wp-json\/wp\/v2\/media?parent=348"}],"curies":[{"name":"wp","href":"https:\/\/api.w.org\/{rel}","templated":true}]}}