{"id":298,"date":"2023-03-14T17:30:06","date_gmt":"2023-03-14T16:30:06","guid":{"rendered":"https:\/\/pubweb.carnet.hr\/dogunit\/?page_id=298"},"modified":"2024-10-16T14:49:29","modified_gmt":"2024-10-16T12:49:29","slug":"prijave","status":"publish","type":"page","link":"https:\/\/pubweb.carnet.hr\/dogunit\/prijave\/","title":{"rendered":"Prijave"},"content":{"rendered":"<p>Ovdje se mo\u017eete prijaviti na na\u0161e razne radionice, predavanja, doga\u0111anja&#8230;.<\/p>\n<h2 style=\"text-align: center\">Trenutno otvorene prijave:<\/h2>\n<h2 style=\"text-align: center\">26.10.2024. &#8211; <a href=\"https:\/\/pubweb.carnet.hr\/dogunit\/26-10-2024-njuske-na-zadatku\/\">NJU\u0160KE NA ZADATKU<\/a><\/h2>\n<p>Pridru\u017eite nam se na jedinstvenoj i inovativnoj radionici za pse u<b>\u00a0subotu 26.10<\/b>., koja \u0107e va\u0161em ljubimcu pru\u017eiti priliku da kroz zabavne i smirene aktivnosti istra\u017euje okolinu, opu\u0161ta se, i radi na svom samopouzdanju uz va\u0161u podr\u0161ku. Ova radionica je posebno osmi\u0161ljena kako bi psi kroz interakciju s vlasnikom i razli\u010dite zadatke postigli opu\u0161tenost, nau\u010dili nove vje\u0161tine i pobolj\u0161ali svoje pona\u0161anje u razli\u010ditim okru\u017eenjima.<\/p>\n<h2 style=\"text-align: center\"><a href=\"https:\/\/docs.google.com\/forms\/d\/e\/1FAIpQLSdnL6w97XwyqcE0j5yYEZFcSmxvCIL_qn0WAKRK3fl_8hAmdw\/viewform\">PRIJAVA<\/a><\/h2>\n","protected":false},"excerpt":{"rendered":"<p>Ovdje se mo\u017eete prijaviti na na\u0161e razne radionice, predavanja, doga\u0111anja&#8230;. Trenutno otvorene prijave: 26.10.2024. &#8211; NJU\u0160KE NA ZADATKU Pridru\u017eite nam se na jedinstvenoj i inovativnoj radionici za pse u\u00a0subotu 26.10., koja \u0107e va\u0161em ljubimcu pru\u017eiti priliku da kroz zabavne i smirene aktivnosti istra\u017euje okolinu, opu\u0161ta se, i radi na svom samopouzdanju uz va\u0161u podr\u0161ku. Ova&#133;<\/p>\n","protected":false},"author":937,"featured_media":0,"parent":0,"menu_order":0,"comment_status":"closed","ping_status":"closed","template":"","meta":{"footnotes":""},"class_list":["post-298","page","type-page","status-publish","hentry"],"_links":{"self":[{"href":"https:\/\/pubweb.carnet.hr\/dogunit\/wp-json\/wp\/v2\/pages\/298","targetHints":{"allow":["GET"]}}],"collection":[{"href":"https:\/\/pubweb.carnet.hr\/dogunit\/wp-json\/wp\/v2\/pages"}],"about":[{"href":"https:\/\/pubweb.carnet.hr\/dogunit\/wp-json\/wp\/v2\/types\/page"}],"author":[{"embeddable":true,"href":"https:\/\/pubweb.carnet.hr\/dogunit\/wp-json\/wp\/v2\/users\/937"}],"replies":[{"embeddable":true,"href":"https:\/\/pubweb.carnet.hr\/dogunit\/wp-json\/wp\/v2\/comments?post=298"}],"version-history":[{"count":2,"href":"https:\/\/pubweb.carnet.hr\/dogunit\/wp-json\/wp\/v2\/pages\/298\/revisions"}],"predecessor-version":[{"id":565,"href":"https:\/\/pubweb.carnet.hr\/dogunit\/wp-json\/wp\/v2\/pages\/298\/revisions\/565"}],"wp:attachment":[{"href":"https:\/\/pubweb.carnet.hr\/dogunit\/wp-json\/wp\/v2\/media?parent=298"}],"curies":[{"name":"wp","href":"https:\/\/api.w.org\/{rel}","templated":true}]}}