{"id":63,"date":"2025-10-29T09:24:59","date_gmt":"2025-10-29T08:24:59","guid":{"rendered":"https:\/\/pubweb.carnet.hr\/czpd\/?page_id=63"},"modified":"2025-11-20T14:16:41","modified_gmt":"2025-11-20T13:16:41","slug":"pristupnica","status":"publish","type":"page","link":"https:\/\/pubweb.carnet.hr\/czpd\/pristupnica\/","title":{"rendered":"PRISTUPNICA"},"content":{"rendered":"<p><strong>KAKO SE U\u010cLANITI?<\/strong><\/p>\n<p><strong>\u017delite li sudjelovati u radu Udruge i senzibilizirati javnost na potrebe darovitih pojedinaca? PRIDRU\u017dITE NAM SE!<\/strong><\/p>\n<p>\u010clanovi Udruge imaju mogu\u0107nost baviti se unapre\u0111ivanjem odgojno-obrazovne djelatnosti, informirati se o najnovijim istra\u017eivanjima i doga\u0111ajima vezanima uz darovite i aktivno sudjelovati u radu Udruge s ciljem pru\u017eanja obrazovne i psiholo\u0161ke pomo\u0107i djeci i svima koji posjeduju natprosje\u010dne sposobnosti da ih razviju do maksimalnih. Mo\u017eete postati voditelji projekta i radionica.<\/p>\n<p><strong>Kako bi se u\u010dlanili potrebno je ispuniti prijavnicu i na IBAN Centra uplatiti \u010dlanarinu od 15 eura godi\u0161nje.<\/strong><\/p>\n<p><a href=\"https:\/\/forms.gle\/DesH38VixcATwTFB8\">https:\/\/forms.gle\/DesH38VixcATwTFB8<\/a><\/p>\n<p>Godi\u0161nja\u00a0<a href=\"http:\/\/pubweb.carnet.hr\/czpd\/wp-content\/uploads\/sites\/776\/2025\/10\/Uplatnica-za-\u010dlanarinu-2025..pdf\">Uplatnica za \u010dlanarinu 2025.<\/a><\/p>\n<p><strong>NOVO! Godi\u0161nja<\/strong>\u00a0<a href=\"http:\/\/pubweb.carnet.hr\/czpd\/wp-content\/uploads\/sites\/776\/2025\/11\/Uplatnica-za-\u010dlanarinu-2026..pdf\">Uplatnica za \u010dlanarinu 2026.<\/a><\/p>\n<p><strong>VOLONTERI\u00a0<\/strong>ugovor<\/p>\n<p><strong>ZA RODITELJE <\/strong>&#8211;\u00a0Upisnica za radionice i privola za prikupljanje i kori\u0161tenje osobnih podataka<\/p>\n<p><a href=\"https:\/\/forms.gle\/qVrYC4WW5d3Z9XZX7\">https:\/\/forms.gle\/qVrYC4WW5d3Z9XZX7<\/a><\/p>\n<p>&nbsp;<\/p>\n","protected":false},"excerpt":{"rendered":"<p>KAKO SE U\u010cLANITI? \u017delite li sudjelovati u radu Udruge i senzibilizirati javnost na potrebe darovitih pojedinaca? PRIDRU\u017dITE NAM SE! \u010clanovi Udruge imaju mogu\u0107nost baviti se unapre\u0111ivanjem odgojno-obrazovne djelatnosti, informirati se o najnovijim istra\u017eivanjima i doga\u0111ajima vezanima uz darovite i aktivno sudjelovati u radu Udruge s ciljem pru\u017eanja obrazovne i psiholo\u0161ke pomo\u0107i djeci i svima koji &hellip; <a href=\"https:\/\/pubweb.carnet.hr\/czpd\/pristupnica\/\" class=\"more-link\">Nastavi \u010ditati <span class=\"screen-reader-text\">PRISTUPNICA<\/span> <span class=\"meta-nav\">&rarr;<\/span><\/a><\/p>\n","protected":false},"author":1020,"featured_media":0,"parent":0,"menu_order":7,"comment_status":"closed","ping_status":"closed","template":"","meta":{"footnotes":""},"class_list":["post-63","page","type-page","status-publish","hentry"],"_links":{"self":[{"href":"https:\/\/pubweb.carnet.hr\/czpd\/wp-json\/wp\/v2\/pages\/63","targetHints":{"allow":["GET"]}}],"collection":[{"href":"https:\/\/pubweb.carnet.hr\/czpd\/wp-json\/wp\/v2\/pages"}],"about":[{"href":"https:\/\/pubweb.carnet.hr\/czpd\/wp-json\/wp\/v2\/types\/page"}],"author":[{"embeddable":true,"href":"https:\/\/pubweb.carnet.hr\/czpd\/wp-json\/wp\/v2\/users\/1020"}],"replies":[{"embeddable":true,"href":"https:\/\/pubweb.carnet.hr\/czpd\/wp-json\/wp\/v2\/comments?post=63"}],"version-history":[{"count":2,"href":"https:\/\/pubweb.carnet.hr\/czpd\/wp-json\/wp\/v2\/pages\/63\/revisions"}],"predecessor-version":[{"id":337,"href":"https:\/\/pubweb.carnet.hr\/czpd\/wp-json\/wp\/v2\/pages\/63\/revisions\/337"}],"wp:attachment":[{"href":"https:\/\/pubweb.carnet.hr\/czpd\/wp-json\/wp\/v2\/media?parent=63"}],"curies":[{"name":"wp","href":"https:\/\/api.w.org\/{rel}","templated":true}]}}