{"id":47,"date":"2025-10-29T08:53:11","date_gmt":"2025-10-29T07:53:11","guid":{"rendered":"https:\/\/pubweb.carnet.hr\/czpd\/?page_id=47"},"modified":"2025-10-29T23:29:42","modified_gmt":"2025-10-29T22:29:42","slug":"knjige-i-prirucnici","status":"publish","type":"page","link":"https:\/\/pubweb.carnet.hr\/czpd\/knjige-i-prirucnici\/","title":{"rendered":"KNJIGE I PRIRU\u010cNICI"},"content":{"rendered":"<h3 class=\"entry-title post-title\"><strong>PODR\u0160KA STRU\u010cNJACIMA ODGOJA I OBRAZOVANJA<\/strong><\/h3>\n<div class=\"post-entry\">\n<p><strong>TEMATSKA EDUKACIJA U DOGOVORU S INSTITUCIJAMA<\/strong><\/p>\n<p>prijava\u00a0<a href=\"https:\/\/docs.google.com\/forms\/d\/1Xv2zmBuvnkKAeHHCbul3kc83kIyMmjh8Sj7LDmsqQXU\/edit\">https:\/\/docs.google.com\/forms\/d\/1Xv2zmBuvnkKAeHHCbul3kc83kIyMmjh8Sj7LDmsqQXU\/edit<\/a><\/p>\n<p><strong>\u0160kola kao gnijezdo darovitosti<\/strong><\/p>\n<p><strong>Veliko nam je zadovoljstvo predstaviti vam na\u0161 novi online priru\u010dnik, nastao u okviru projekta \u201c\u0160kola kao gnijezdo darovitosti\u201d<\/strong><\/p>\n<p>Ovaj priru\u010dnik je rezultat zajedni\u010dkog truda i predanosti svih koji su sudjelovali u projektu. Ogromna hvala svim na\u0161im partnerima, suradnicima i stru\u010dnjacima koji su dali svoj doprinos i pomogli nam da ostvarimo ovu va\u017enu inicijativu.<\/p>\n<p>Vjerujemo da \u0107e priru\u010dnik biti dragocjen alat za sve koji \u017eele podr\u017eati razvoj darovitosti u \u0161koli i pru\u017eiti priliku mladima da dosegnu svoj puni potencijal. Hvala vam \u0161to ste dio ove pri\u010de!<\/p>\n<p><strong>Priru\u010dniku mo\u017eete pristupiti na:<\/strong>\u00a0<a href=\"https:\/\/drive.google.com\/file\/d\/1PY948D_gT4PWj3VsyqJSIYSIHLuzc3o9\/view\">https:\/\/drive.google.com\/file\/d\/1PY948D_gT4PWj3VsyqJSIYSIHLuzc3o9\/view<\/a><\/p>\n<\/div>\n<p>&nbsp;<\/p>\n<h2>Evaluation of Potential Creativity test \u2013 EPOC<\/h2>\n<p>Kreativnost u na\u0161im vrti\u0107ima i \u0161kolama mo\u017ee se poticati, razvijati i mjeriti. Poku\u0161avamo zajedno stvarati druga\u010diju atmosferu usmjerenu na slobodno izra\u017eavanje dje\u010djih kreativnih potencijala.<\/p>\n<p>Centar za poticanje darovitosti organizirao je, u suradnji s Me\u0111unarodnim centrom za inovacije u obrazovanju (International Centre for Innovation in Education \u2013 ICIE) i prof. dr. sc. Taisir Subhi Yamin,\u00a0<a href=\"https:\/\/web.archive.org\/web\/20250516161508\/https:\/czpd.hr\/wp-content\/uploads\/2017\/12\/Treca_obavijest_za_sudionike.pdf\">edukaciju o primjeni i bodovanju testa potencijalne kreativnosti EPoC<\/a>\u00a0(link trenutno nije dostupan)\u00a0za odgajatelje, u\u010ditelje osnovnih i srednjih \u0161kola, stru\u010dne suradnike pedagoge i psihologe.<\/p>\n<p>Kasnije, u suradnji s prof. dr. sc- Toddom Lubart, organizirano je i novo osposobljavanje odgajatelja, u\u010ditelja i stru\u010dnih suradnika \u00a0za primjenu novog testa potencijalne kreativnosti EPoC.<\/p>\n<p><strong>PREZENTACIJE <\/strong>prof.dr.sc. Taisir Subhi Yamina mo\u017eete preuzeti\u00a0ovdje (link trenutno nije dostupan)<\/p>\n<p><a href=\"https:\/\/czpd.hr\/wordpresswordpresswp-content\/uploads\/2018\/01\/ppts.zip\">https:\/\/czpd.hr\/wordpresswordpresswp-content\/uploads\/2018\/01\/ppts.zip\u00a0<\/a>(link trenutno nije dostupan)<\/p>\n<p>&nbsp;<\/p>\n","protected":false},"excerpt":{"rendered":"<p>PODR\u0160KA STRU\u010cNJACIMA ODGOJA I OBRAZOVANJA TEMATSKA EDUKACIJA U DOGOVORU S INSTITUCIJAMA prijava\u00a0https:\/\/docs.google.com\/forms\/d\/1Xv2zmBuvnkKAeHHCbul3kc83kIyMmjh8Sj7LDmsqQXU\/edit \u0160kola kao gnijezdo darovitosti Veliko nam je zadovoljstvo predstaviti vam na\u0161 novi online priru\u010dnik, nastao u okviru projekta \u201c\u0160kola kao gnijezdo darovitosti\u201d Ovaj priru\u010dnik je rezultat zajedni\u010dkog truda i predanosti svih koji su sudjelovali u projektu. Ogromna hvala svim na\u0161im partnerima, suradnicima i &hellip; <a href=\"https:\/\/pubweb.carnet.hr\/czpd\/knjige-i-prirucnici\/\" class=\"more-link\">Nastavi \u010ditati <span class=\"screen-reader-text\">KNJIGE I PRIRU\u010cNICI<\/span> <span class=\"meta-nav\">&rarr;<\/span><\/a><\/p>\n","protected":false},"author":1020,"featured_media":0,"parent":0,"menu_order":5,"comment_status":"closed","ping_status":"closed","template":"","meta":{"footnotes":""},"class_list":["post-47","page","type-page","status-publish","hentry"],"_links":{"self":[{"href":"https:\/\/pubweb.carnet.hr\/czpd\/wp-json\/wp\/v2\/pages\/47","targetHints":{"allow":["GET"]}}],"collection":[{"href":"https:\/\/pubweb.carnet.hr\/czpd\/wp-json\/wp\/v2\/pages"}],"about":[{"href":"https:\/\/pubweb.carnet.hr\/czpd\/wp-json\/wp\/v2\/types\/page"}],"author":[{"embeddable":true,"href":"https:\/\/pubweb.carnet.hr\/czpd\/wp-json\/wp\/v2\/users\/1020"}],"replies":[{"embeddable":true,"href":"https:\/\/pubweb.carnet.hr\/czpd\/wp-json\/wp\/v2\/comments?post=47"}],"version-history":[{"count":3,"href":"https:\/\/pubweb.carnet.hr\/czpd\/wp-json\/wp\/v2\/pages\/47\/revisions"}],"predecessor-version":[{"id":278,"href":"https:\/\/pubweb.carnet.hr\/czpd\/wp-json\/wp\/v2\/pages\/47\/revisions\/278"}],"wp:attachment":[{"href":"https:\/\/pubweb.carnet.hr\/czpd\/wp-json\/wp\/v2\/media?parent=47"}],"curies":[{"name":"wp","href":"https:\/\/api.w.org\/{rel}","templated":true}]}}