{"id":42,"date":"2025-10-28T17:01:33","date_gmt":"2025-10-28T16:01:33","guid":{"rendered":"https:\/\/pubweb.carnet.hr\/czpd\/?page_id=42"},"modified":"2026-03-23T20:54:52","modified_gmt":"2026-03-23T19:54:52","slug":"tjedan-za-darovitost","status":"publish","type":"page","link":"https:\/\/pubweb.carnet.hr\/czpd\/tjedan-za-darovitost\/","title":{"rendered":"tjeDAN ZA DARovitost"},"content":{"rendered":"<h1><strong>\u00a0<\/strong>DJECA VOLONTERI I BUDU\u0106I \u010cLANOVI JAVITE NAM SE NA e-mail: <a href=\"mailto:centarzadarovite@gmail.com\"><strong>centarzadarovite@gmail.com<\/strong><\/a><\/h1>\n<p><strong>VODITELJ PROGRAMA<\/strong><\/p>\n<p>Centar za poticanje darovitosti Rijeka<\/p>\n<p><strong>CILJEVI PROGRAMA<\/strong><\/p>\n<p>Cilj projekta je nastavak desetogodi\u0161njeg obilje\u017eavanja \u201etjeDAN ZA DARovitosti\u201c u Rijeci.<\/p>\n<p>Centar za poticanje darovitosti u Rijeci \u017eeli nastaviti organizaciju obilje\u017eavanja Europskog dana talentiranih i darovitih 21. o\u017eujak<\/p>\n<p>Unutar transverzalnoga podru\u010dja \u2013 projektom se \u017eeli obogatiti program kulture u zajednici i omogu\u0107iti razvoj razli\u010ditih aktivnosti za potencionalno darovitu djecu vrti\u0107koga, osnovno\u0161kolskoga uzrasta i mladih.<\/p>\n<p>Pra\u0107enje projekta na dru\u0161tvenim i mre\u017enim stranicama udruge (i svih nositelja projekta):<\/p>\n<p><a href=\"https:\/\/pubweb.carnet.hr\/czpd\">https:\/\/pubweb.carnet.hr\/czpd<\/a><\/p>\n<p><a href=\"https:\/\/www.facebook.com\/czpd.hr\">https:\/\/www.facebook.com\/czpd.hr<\/a><\/p>\n<p><a href=\"https:\/\/www.instagram.com\/czpd.ri\/\">https:\/\/www.instagram.com\/czpd.ri\/<\/a><\/p>\n<p><a href=\"https:\/\/www.youtube.com\/@centarzapoticanjedarovitos405\/featured\">https:\/\/www.youtube.com\/@centarzapoticanjedarovitos405\/featured<\/a><\/p>\n","protected":false},"excerpt":{"rendered":"<p>\u00a0DJECA VOLONTERI I BUDU\u0106I \u010cLANOVI JAVITE NAM SE NA e-mail: centarzadarovite@gmail.com VODITELJ PROGRAMA Centar za poticanje darovitosti Rijeka CILJEVI PROGRAMA Cilj projekta je nastavak desetogodi\u0161njeg obilje\u017eavanja \u201etjeDAN ZA DARovitosti\u201c u Rijeci. Centar za poticanje darovitosti u Rijeci \u017eeli nastaviti organizaciju obilje\u017eavanja Europskog dana talentiranih i darovitih 21. o\u017eujak Unutar transverzalnoga podru\u010dja \u2013 projektom se \u017eeli &hellip; <a href=\"https:\/\/pubweb.carnet.hr\/czpd\/tjedan-za-darovitost\/\" class=\"more-link\">Nastavi \u010ditati <span class=\"screen-reader-text\">tjeDAN ZA DARovitost<\/span> <span class=\"meta-nav\">&rarr;<\/span><\/a><\/p>\n","protected":false},"author":1020,"featured_media":0,"parent":0,"menu_order":4,"comment_status":"closed","ping_status":"closed","template":"","meta":{"footnotes":""},"class_list":["post-42","page","type-page","status-publish","hentry"],"_links":{"self":[{"href":"https:\/\/pubweb.carnet.hr\/czpd\/wp-json\/wp\/v2\/pages\/42","targetHints":{"allow":["GET"]}}],"collection":[{"href":"https:\/\/pubweb.carnet.hr\/czpd\/wp-json\/wp\/v2\/pages"}],"about":[{"href":"https:\/\/pubweb.carnet.hr\/czpd\/wp-json\/wp\/v2\/types\/page"}],"author":[{"embeddable":true,"href":"https:\/\/pubweb.carnet.hr\/czpd\/wp-json\/wp\/v2\/users\/1020"}],"replies":[{"embeddable":true,"href":"https:\/\/pubweb.carnet.hr\/czpd\/wp-json\/wp\/v2\/comments?post=42"}],"version-history":[{"count":2,"href":"https:\/\/pubweb.carnet.hr\/czpd\/wp-json\/wp\/v2\/pages\/42\/revisions"}],"predecessor-version":[{"id":423,"href":"https:\/\/pubweb.carnet.hr\/czpd\/wp-json\/wp\/v2\/pages\/42\/revisions\/423"}],"wp:attachment":[{"href":"https:\/\/pubweb.carnet.hr\/czpd\/wp-json\/wp\/v2\/media?parent=42"}],"curies":[{"name":"wp","href":"https:\/\/api.w.org\/{rel}","templated":true}]}}