{"id":411,"date":"2026-03-23T20:42:02","date_gmt":"2026-03-23T19:42:02","guid":{"rendered":"https:\/\/pubweb.carnet.hr\/czpd\/?page_id=411"},"modified":"2026-03-23T20:55:42","modified_gmt":"2026-03-23T19:55:42","slug":"tjedan-za-darovitost-2026","status":"publish","type":"page","link":"https:\/\/pubweb.carnet.hr\/czpd\/tjedan-za-darovitost\/tjedan-za-darovitost-2026\/","title":{"rendered":"tjeDAN ZA DARovitost 2026."},"content":{"rendered":"\n<p><strong>21.3.2026. <\/strong>&#8211;<strong> 27.3.2026.<\/strong><\/p>\n\n\n\n<p><\/p>\n\n\n\n<p><strong>VODITELJ PROGRAMA<\/strong><\/p>\n\n\n\n<p>Centar za poticanje darovitosti Rijeka<\/p>\n\n\n\n<p><strong>CILJEVI PROGRAMA<\/strong><\/p>\n\n\n\n<p>Cilj projekta je nastavak desetogodi\u0161njeg obilje\u017eavanja \u201etjeDAN ZA DARovitosti\u201c u Rijeci.<\/p>\n\n\n\n<p>Centar za poticanje darovitosti u Rijeci ove godine pod <em>pokroviteljstvom Grada Rijeke &#8211;<\/em><em> Upravni odjel za odgoj i obrazovanje, kulturu, sport i mlade<\/em><em>,<\/em> \u017eeli nastaviti organizaciju obilje\u017eavanja Europskog dana talentiranih i darovitih 21. o\u017eujak te omogu\u0107iti doga\u0111anje sa svojim nositeljima programa.<\/p>\n\n\n\n<p>Unutar transverzalnoga podru\u010dja \u2013 projektom se \u017eeli obogatiti program kulture u zajednici i omogu\u0107iti razvoj razli\u010ditih aktivnosti za potencionalno darovitu djecu vrti\u0107koga, osnovno\u0161kolskoga uzrasta i mladih.<\/p>\n\n\n\n<p><strong>Aktivnosti obuhva\u0107aju:<\/strong><\/p>\n\n\n\n<ol class=\"wp-block-list\">\n<li>Radionice u razli\u010ditim podru\u010djima:\n<ol class=\"wp-block-list\">\n<li>umjetni\u010dka podru\u010dja: kazali\u0161na umjetnost, glazbena umjetnost, likovne umjetnosti, primijenjena umjetnost, plesna umjetnost i umjetnost pokreta, dizajn, knji\u017eevnost<\/li>\n\n\n\n<li>podru\u010dje prirodnih znanosti<\/li>\n\n\n\n<li>podru\u010dje tehni\u010dkih znanosti<\/li>\n\n\n\n<li>razvijanje STEM podru\u010dja u kojem bi se razvijala interdisciplinarnost, prakti\u010dna primjena, rje\u0161avanje problema, poticanje vje\u0161tina &#8211; analiti\u010dko razmi\u0161ljanje, kriti\u010dko promi\u0161ljanje i snala\u017eljivost.<\/li>\n<\/ol>\n<\/li>\n\n\n\n<li>Stru\u010dna predavanja u razli\u010ditim podru\u010djima za sve zainteresirane odgojitelje, u\u010ditelje, profesore, psihologe i pedagoge, ravnatelje i roditelje u\u017eivo i online.<\/li>\n<\/ol>\n\n\n\n<p>Projekt se dodatno organizira i u suradnji s predava\u010dima i voditeljima radionica iz vrti\u0107a, osnovnim \u0161kolama, srednjim \u0161kolama, fakultetom, zajednicom, muzejom i knji\u017enicom i na drugim lokacijama u Rijeci.<\/p>\n\n\n\n<p>Projekt preko eTwinning platforme \u017eeli dodatno uklju\u010diti i me\u0111unarodnu zajednicu u Europi u obilje\u017eavanju dana darovitih 21. o\u017eujka. Poti\u010de se na razne oblike komunikacije sa svrhom promocije socio-emocionalnoga razvoja i mentalnoga zdravlja sudionika.<\/p>\n\n\n\n<p>U okviru manifestacija organizirat \u0107e se i sve\u010dano otvoriti izlo\u017eba darovitih u prostoru Dje\u010dje ku\u0107e Rijeka sa nastupom u\u010denika klasi\u010dnog baleta i suvremenog plesa PSHG te glazbenom to\u010dkom u\u010denika Glazbene \u0160kole Ivana Mateti\u0107a Ronjgova.<\/p>\n\n\n\n<p>Prezentacijom svih aktivnosti \u017eeli se usmjeriti na poticanje u obrazovanje i razvoj kreativnosti, inovativnosti i darovitosti u\u010denika, a odgojno-obrazovnim ustanovama u Rijeci i Primorskoj-goranskoj \u017eupaniji \u017eeli se pokazati da u na\u0161oj sredini postoje predani, vrijedni, kreativni i originalni djelatnici, koji svojim djelovanjem promi\u010du ideje kvalitetnoga pou\u010davanja, analiziranja i provo\u0111enja raznih primjera dobre prakse. \u017deli se skrenuti pozornost javnosti, posebice stru\u010dne, na prava darovite djece i na odgojno-obrazovne potrebe od metoda rada do kvalitetne pripreme za nastavu koje proizlaze iz specifi\u010dnih osobina.<\/p>\n\n\n\n<p>Putem razmjene ideja i iskustava namjerava se senzibilizirati javnost o va\u017enosti prepoznavanja i njegovanja darovite, kreativne i talentirane djece i mladih kao budu\u0107ih pokreta\u010da na\u0161ega dru\u0161tva.<\/p>\n\n\n\n<p>Program je namijenjen svim potencijalnim darovitim dobnim skupinama: vrti\u0107kim, u\u010denicima O\u0160 i S\u0160, mladima, u\u010diteljima, profesorima, odgojiteljima, psiholozima, pedagozima, roditeljima potencijalno darovitom djecom i ostalima.<\/p>\n\n\n\n<p><strong>NA\u010cIN REALIZACIJE<\/strong><\/p>\n\n\n\n<p>Program \u0107e se provoditi u prostorijama GKR sa stru\u010dnim predavanjim za javnost u\u017eivo i online.<\/p>\n\n\n\n<p>Dje\u010dje radionice u prostoru Dje\u010dje ku\u0107e Rijeka i radionice na drugim lokacijama u Rijeci (Muzej moderne i suvremene umjetnosti, Prirodoslovni Muzej, O\u0160 Ivan Zajc, Zajednica tehni\u010dke kulture Rijeka, \u0160kola za primijenjenu umjetnost, Ku\u0107a halubajskega zvon\u010dara, Sveu\u010dili\u0161te u Rijeci, Filozofski fakultet\u2026)<\/p>\n\n\n\n<p>Zavr\u0161na izlo\u017eba likovnih radova u\u010denika \u0160kole za primijenjenu umjetnost u Rijeci, polaznika LIADO programa, me\u0111unarodni radovi s eTwinning platforme projekta.<\/p>\n\n\n\n<p>Pra\u0107enje projekta na dru\u0161tvenim i mre\u017enim stranicama udruge (i svih nositelja projekta):<\/p>\n\n\n\n<p><a href=\"https:\/\/pubweb.carnet.hr\/czpd\">https:\/\/pubweb.carnet.hr\/czpd<\/a><\/p>\n\n\n\n<p><a href=\"https:\/\/www.facebook.com\/czpd.hr\">https:\/\/www.facebook.com\/czpd.hr<\/a><\/p>\n\n\n\n<p><a href=\"https:\/\/www.instagram.com\/czpd.ri\">https:\/\/www.instagram.com\/czpd.ri<\/a><\/p>\n\n\n\n<p><a href=\"https:\/\/www.youtube.com\/@centarzapoticanjedarovitos405\/featured\">https:\/\/www.youtube.com\/@centarzapoticanjedarovitos405\/featured<\/a><\/p>\n\n\n\n<p><strong>NOSITELJI PROGRAMA<\/strong><\/p>\n\n\n\n<p>Grad Rijeka &#8211; Upravni odjel za odgoj i obrazovanje, kulturu, sport i mlade &#8211; &nbsp;pokrovitelj<\/p>\n\n\n\n<p>Centar za poticaje darovitosti u Rijeci CZPD \u2013 predava\u010di, voditelji radionica, organizacija projekta<\/p>\n\n\n\n<p>Gradska knji\u017enica Rijeka i Dje\u010dja ku\u0107a, Viktora Cara Emina 1 &#8211; osiguravanje prostora za predavanja i radionice te izlo\u017ebeni prostor<\/p>\n\n\n\n<p>\u0160kola za primijenjenu umjetnost u Rijeci, \u0160etali\u0161te XIII divizije 75, Rijeka &#8211; radionice u \u0160koli i radovi za izlo\u017ebu.<\/p>\n\n\n\n<p>Glazbena \u0161kola Ivana Mateti\u0107a Ronjgova &#8211; sve\u010dano otvaranje izlo\u017ebe u Dje\u010djoj ku\u0107i glazbenom to\u010dkom.<\/p>\n\n\n\n<p>Prva su\u0161a\u010dka hrvatska gimnazija u Rijeci &#8211; plesni odjel i Osnovna \u0161kola za klasi\u010dni balet i suvremeni ples pri O\u0160 Ve\u017eica &#8211; sve\u010dano otvaranje izlo\u017ebe u Dje\u010djoj ku\u0107i plesnom to\u010dkom.<\/p>\n\n\n\n<p>Sveu\u010dili\u0161te u Rijeci, Filozofski fakultet, Sveu\u010dili\u0161na avenija 4, Rijeka &#8211; uklju\u010divanje studenata volontera te predavanje na temu darovitosti u prostorima fakulteta<\/p>\n\n\n\n<p>O\u0160 Ivan Zajc, \u0160kurinjska cesta 7a, Rijeka &#8211; radionice u \u0160koli i Dje\u010djoj ku\u0107i<\/p>\n\n\n\n<p>Prirodoslovni Muzej, Lorenzov prolaz 1, Rijeka &#8211; muzejski edukativni programi u Muzeju<\/p>\n\n\n\n<p>Muzej moderne i suvremene umjetnosti, Kre\u0161imirova ulica 26 c &#8211; pokazne radionice u Muzeju<\/p>\n\n\n\n<p>Zajednica tehni\u010dke kulture Rijeka, Janeza Trdine 7, Rijeka &#8211; organizacija radionica u STEM podru\u010dju u prostorijama Zajednice<\/p>\n\n\n\n<p>Centar za pru\u017eanje usluga u zajednici TI\u0106 Rijeka \u2013 radionice u Centru.<\/p>\n\n\n\n<p><strong>VREMENIK PROGRAMA<\/strong><\/p>\n\n\n\n<p><strong>Program \u0107e se provoditi od 21. 3. 2026. do 26. 3. 2026. godine, izlo\u017eba od 27. 3. 2026. do 3. 4. 2026. godine.<\/strong><\/p>\n\n\n\n<p><strong>Prosinac<\/strong> \u2013 otvaranje projekta na eTwinning platformi te uklju\u010divanje i me\u0111unarodna suradnja s ostalim institucijama, vrti\u0107ima i osnovnim \u0161kolama u RH i u Europi sa svrhom obilje\u017eavanja Dana darovitih 21. o\u017eujak. Uklju\u010divanje dodatnih sudionika projekta<\/p>\n\n\n\n<p><strong>Sije\u010danj<\/strong>:&nbsp; objava programa<\/p>\n\n\n\n<p><strong>Velja\u010da: <\/strong>&nbsp;priprema za promid\u017ebene materijale, objave u medijima, plakati, priprema za katalog<\/p>\n\n\n\n<p><strong>O\u017eujak:<\/strong><strong>&nbsp; otvorenje Tjedna darovitosti u subotu 21. o\u017eujka 2026. godine u 10 sati s radionicama za djecu.<\/strong><\/p>\n\n\n\n<p><strong>Od ponedjeljka 23. 3. 2026. do \u010detvrtka 26. 3. 2026. godine u popodnevnim satima organizacija vi\u0161e<\/strong> <strong>razli\u010ditih radionica u prostorijama Kontejnera Dje\u010dje ku\u0107e i na ostalim lokacijama.<\/strong> Teme radionica su razli\u010dite: &nbsp;Mozgalica za djecu i roditelje, Ekperimentalno crtanje, Biljke i \u017eivotinje u Muzeju, Moderno i suvremeno, Perspektiva oko nas, Zabavna matematika\/fizika\/kemija, STEM i sl.<\/p>\n\n\n\n<p><strong>Od ponedjeljka 23. 3. 2026. do \u010detvrtka 26. 3. 2026. godine u popodnevnim satima priprema i organizacija vi\u0161e razli\u010ditih predavanja u prostorima Gradske knji\u017enice Rijeka<\/strong>. Predavanja obuhva\u0107aju i aktualiziraju razli\u010dite teme: Osobine i potrebe darovitih, Daroviti u\u010denici s ADHD\/om i\/ili te\u0161ko\u0107ama u\u010denja, Kako kvalitetno pou\u010davati darovite u\u010denike u nastavi \u010ditanja i pisanja, Emocije u stvarala\u010dkom procesu \u2013 LIADO primjeri dobre prakse, Izazovi obrazovanja darovitih &#8211; iskustva iz prakse, Uloga ravnatelja u poticanju darovitosti u\u010denika u osnovno\u0161kolskom obrazovanju, razni primjeri dobre prakse, predstavljanje raznih projekata odgojitelja, u\u010ditelja i profesora u radu s nadarenom djecom i sl.<\/p>\n\n\n\n<p><strong>U petak 27. o\u017eujka 2026. godine u 18.00 sati sve\u010dano otvoranje izlo\u017ebe<\/strong> darovitih u prostoru Dje\u010dje ku\u0107e Rijeka sa nastupom u\u010denika klasi\u010dnog baleta i suvremenog plesa pri PSHG i u\u010denicima Osnovne \u0161kole za klasi\u010dni balet i suvremeni ples pri O\u0160 Ve\u017eica te glazbenom to\u010dkom u\u010denika Glazbene \u0160kole Ivana Mateti\u0107a Ronjgova. <strong>Izlo\u017eba \u0107e ostati otvorena do 3 4. 2026. godine.<\/strong><\/p>\n\n\n\n<p class=\"has-text-align-center\"><strong>SKENIRAJ OVAJ QRC KATALOG U ONLINE IZDANJU I POGLEDAJ SVE TE SLIKOVNE KREATIVNE RADOVE!<\/strong><\/p>\n\n\n\n<figure class=\"wp-block-gallery has-nested-images columns-default is-cropped wp-block-gallery-1 is-layout-flex wp-block-gallery-is-layout-flex\">\n<figure class=\"wp-block-image size-large\"><img loading=\"lazy\" decoding=\"async\" width=\"1024\" height=\"1024\" data-id=\"415\" src=\"https:\/\/pubweb.carnet.hr\/czpd\/wp-content\/uploads\/sites\/776\/2026\/03\/KATALOG-TJEDAN-ZA-NADARENE.jpeg\" alt=\"\" class=\"wp-image-415\" srcset=\"https:\/\/pubweb.carnet.hr\/czpd\/wp-content\/uploads\/sites\/776\/2026\/03\/KATALOG-TJEDAN-ZA-NADARENE.jpeg 1024w, https:\/\/pubweb.carnet.hr\/czpd\/wp-content\/uploads\/sites\/776\/2026\/03\/KATALOG-TJEDAN-ZA-NADARENE-300x300.jpeg 300w, https:\/\/pubweb.carnet.hr\/czpd\/wp-content\/uploads\/sites\/776\/2026\/03\/KATALOG-TJEDAN-ZA-NADARENE-150x150.jpeg 150w, https:\/\/pubweb.carnet.hr\/czpd\/wp-content\/uploads\/sites\/776\/2026\/03\/KATALOG-TJEDAN-ZA-NADARENE-768x768.jpeg 768w\" sizes=\"auto, (max-width: 1024px) 100vw, 1024px\" \/><\/figure>\n<\/figure>\n\n\n\n<div data-wp-interactive=\"core\/file\" class=\"wp-block-file\"><object data-wp-bind--hidden=\"!state.hasPdfPreview\" hidden class=\"wp-block-file__embed\" data=\"https:\/\/pubweb.carnet.hr\/czpd\/wp-content\/uploads\/sites\/776\/2026\/03\/Program-12TZD_2026.pdf\" type=\"application\/pdf\" style=\"width:100%;height:600px\" aria-label=\"Ugra\u0111eno Program 12TZD_2026.\"><\/object><a id=\"wp-block-file--media-7cecde57-68ad-4f37-bb6f-21691fd926cb\" href=\"https:\/\/pubweb.carnet.hr\/czpd\/wp-content\/uploads\/sites\/776\/2026\/03\/Program-12TZD_2026.pdf\">Program 12TZD_2026<\/a><a href=\"https:\/\/pubweb.carnet.hr\/czpd\/wp-content\/uploads\/sites\/776\/2026\/03\/Program-12TZD_2026.pdf\" class=\"wp-block-file__button wp-element-button\" download aria-describedby=\"wp-block-file--media-7cecde57-68ad-4f37-bb6f-21691fd926cb\">Preuzmi<\/a><\/div>\n\n\n\n<p>CIJELI PROGRAM POGLEDAJTE OVDJE!<\/p>\n","protected":false},"excerpt":{"rendered":"<p>21.3.2026. &#8211; 27.3.2026. VODITELJ PROGRAMA Centar za poticanje darovitosti Rijeka CILJEVI PROGRAMA Cilj projekta je nastavak desetogodi\u0161njeg obilje\u017eavanja \u201etjeDAN ZA DARovitosti\u201c u Rijeci. Centar za poticanje darovitosti u Rijeci ove godine pod pokroviteljstvom Grada Rijeke &#8211; Upravni odjel za odgoj i obrazovanje, kulturu, sport i mlade, \u017eeli nastaviti organizaciju obilje\u017eavanja Europskog dana talentiranih i darovitih &hellip; <a href=\"https:\/\/pubweb.carnet.hr\/czpd\/tjedan-za-darovitost\/tjedan-za-darovitost-2026\/\" class=\"more-link\">Nastavi \u010ditati <span class=\"screen-reader-text\">tjeDAN ZA DARovitost 2026.<\/span> <span class=\"meta-nav\">&rarr;<\/span><\/a><\/p>\n","protected":false},"author":1020,"featured_media":355,"parent":42,"menu_order":0,"comment_status":"closed","ping_status":"closed","template":"","meta":{"footnotes":""},"class_list":["post-411","page","type-page","status-publish","has-post-thumbnail","hentry"],"_links":{"self":[{"href":"https:\/\/pubweb.carnet.hr\/czpd\/wp-json\/wp\/v2\/pages\/411","targetHints":{"allow":["GET"]}}],"collection":[{"href":"https:\/\/pubweb.carnet.hr\/czpd\/wp-json\/wp\/v2\/pages"}],"about":[{"href":"https:\/\/pubweb.carnet.hr\/czpd\/wp-json\/wp\/v2\/types\/page"}],"author":[{"embeddable":true,"href":"https:\/\/pubweb.carnet.hr\/czpd\/wp-json\/wp\/v2\/users\/1020"}],"replies":[{"embeddable":true,"href":"https:\/\/pubweb.carnet.hr\/czpd\/wp-json\/wp\/v2\/comments?post=411"}],"version-history":[{"count":2,"href":"https:\/\/pubweb.carnet.hr\/czpd\/wp-json\/wp\/v2\/pages\/411\/revisions"}],"predecessor-version":[{"id":424,"href":"https:\/\/pubweb.carnet.hr\/czpd\/wp-json\/wp\/v2\/pages\/411\/revisions\/424"}],"up":[{"embeddable":true,"href":"https:\/\/pubweb.carnet.hr\/czpd\/wp-json\/wp\/v2\/pages\/42"}],"wp:featuredmedia":[{"embeddable":true,"href":"https:\/\/pubweb.carnet.hr\/czpd\/wp-json\/wp\/v2\/media\/355"}],"wp:attachment":[{"href":"https:\/\/pubweb.carnet.hr\/czpd\/wp-json\/wp\/v2\/media?parent=411"}],"curies":[{"name":"wp","href":"https:\/\/api.w.org\/{rel}","templated":true}]}}