{"id":38,"date":"2025-10-28T17:01:06","date_gmt":"2025-10-28T16:01:06","guid":{"rendered":"https:\/\/pubweb.carnet.hr\/czpd\/?page_id=38"},"modified":"2026-02-17T16:31:22","modified_gmt":"2026-02-17T15:31:22","slug":"o-nama","status":"publish","type":"page","link":"https:\/\/pubweb.carnet.hr\/czpd\/o-nama\/","title":{"rendered":"O NAMA"},"content":{"rendered":"<p>Dobrodo\u0161li u <strong>Centar za poticanje darovitosti<\/strong>, neprofitnu udrugu osnovanu <strong>1997. godine u<\/strong> <strong>Rijeci<\/strong>. Na\u0161a <strong>misija<\/strong> je pru\u017eiti podr\u0161ku darovitoj djeci, obiteljima i odgojno-obrazovnim djelatnicima kroz identifikaciju darovitih pojedinaca, stvaranje uvjeta za njihov razvoj te poticanje profesionalnog razvoja stru\u010dnjaka.<\/p>\n<p><strong>Vizija<\/strong> koju slijedimo je stvaranje inkluzivnog dru\u0161tva koje prepoznaje i podr\u017eava darovitu djecu, pru\u017eaju\u0107i im potrebnu podr\u0161ku u razvoju njihovih talenata. \u017delimo posti\u0107i dru\u0161tvo gdje su daroviti pojedinci prepoznati, cijenjeni te im pru\u017eene jednake prilike za ostvarivanje njihovih potencijala, poti\u010du\u0107i tako cjelokupni dru\u0161tveni napredak.<\/p>\n<p><strong>Centar za poticanje darovitosti<\/strong> je pionir u podru\u010dju darovitosti u Republici Hrvatskoj, osnovan s ciljem aktivne podr\u0161ke darovitoj i talentiranoj djeci, \u010dlanovima njihovih obitelji te stru\u010dnim suradnicima koji rade s darovitima. <strong>Od 2016. godine, nosimo certificirani status \u201cEuropean Talent Point\u201d u okviru<\/strong> <strong>European Talent Support Network-a (ETSN)<\/strong>.<\/p>\n<p>Kroz razli\u010dite oblike edukacije, poput rasprava, tematskih radionica, okruglih stolova i tribina, stru\u010dnih skupova, susreta, savjetovanja, manifestacija, televizijskih i radio emisija, dru\u0161tvenih mre\u017ea, gostovanja i suradnje s drugim udrugama, aktivno podi\u017eemo svijest dru\u0161tva o potrebama darovitih. Na\u0161i \u010dlanovi redovito se educiraju i sudjeluju na konferencijama, kongresima i predavanjima kako u Hrvatskoj, tako i inozemstvu.<\/p>\n<p><strong>U Centru za poticanje darovitosti te\u017eimo izgradnji dru\u0161tva koje pru\u017ea potpunu podr\u0161ku darovitim pojedincima, poti\u010du\u0107i njihov razvoj i doprinose\u0107i tako napretku zajednice.\u00a0<\/strong><\/p>\n<p><strong>Osniva\u010dica udruge, dr. sc. Jasna Arrigoni*\u00a0<\/strong><\/p>\n<p>Jasna Arrigoni diplomirala je na Sveu\u010dili\u0161tu u Rijeci pri Pedago\u0161kom fakultetu, a kao pedagog je radila vi\u0161e od 20 godina.<\/p>\n<p>Od akademske godine 2003.\/2004. kao vanjska suradnica na U\u010diteljskom fakultetu u Rijeci dr\u017ei izborni predmet \u201c<em>Obrazovanje darovite djece<\/em>\u201c, a od 2010. zaposlena je u istoj ustanovi. Sudjelovala je na stru\u010dnim i znanstvenim skupovima te izlagala i objavljivala radove iz podru\u010dja obrazovanja darovitih.<\/p>\n<p>Doktorsku disertaciju iz podru\u010dja obrazovanja darovitih obranila je na Filozofskom fakultetu u Zagrebu. U akademskoj godini 2016.\/2017. primila je Rektorovu nagradu Sveu\u010dili\u0161ta u Rijeci za izvrsnost u nastavi.<\/p>\n<p>Inicirala je 1997. godine osnivanje udruge \u201c<em>Centar za poticanje darovitosti<\/em>\u201d u Rijeci i od tada Centar organizira niz edukativnih aktivnosti za potencijalno darovitu djecu, roditelje i u\u010ditelje.<\/p>\n<p>Jasna je vodila projekte poput projekta podr\u0161ke potencijalno darovitim u\u010denicima u osnovnim \u0161kolama u Rijeci, projekta uspostavljanja normi EPoC testa potencijalne kreativnosti.<\/p>\n<p>Bila je \u010dlanica Svjetskog vije\u0107a za darovitu djecu i ECHA-e, \u010dlan uredni\u010dkih odbora nekih \u010dasopisa.<\/p>\n<p>Svi joj \u0161aljemo velike zahvale, a mo\u017eda nas negdje gore gleda i smje\u0161i se!<\/p>\n<p>&nbsp;<\/p>\n<p><strong>\u010cLANOVI UDRUGE\u00a0<\/strong><\/p>\n<p><strong>Jasmina \u0160tefovi\u0107<\/strong><\/p>\n<p>Trenutno od rujna 2025. postaje nova predsjednica udruge Centra za poticanje darovitosti u Rijeci. Zavr\u0161ila je Filozofski fakultet u Rijeci &#8211; sveu\u010dili\u0161ni studij Likovna kultura te stekla zvanje profesora likovne kulture. Od 2024. stalno zaposlena u \u0160koli za primijenjenu umjetnost u Rijeci. Aktivnim usavr\u0161avanjem, pisanjem i vo\u0111enjem raznih projekata i radionica, od 2022. godine napreduje u profesora mentora. Sudjeluje kao pro\u010delnica grafi\u010dkog odjela \u0160kole, koordinatorica Erasmus + projekta u organizaciji HDLU iz Zagreba, \u010dlanica \u0161kolskog tima za kvalitetu, tima za organizaciju Dana \u0160kole, \u010dlanica Prosudbenog odbora za organizaciju i provedbu prijemnog, \u010dlanica Povjerenstva za ocjenjivanje upisa u drugi razred grafi\u010dkog odjela.<\/p>\n<p>Mentorica maturantima zavr\u0161nih razreda, kao i u\u010denicima koji sudjeluju na natjecanjima na me\u0111u\u017eupanijskoj, dr\u017eavnoj i me\u0111unarodnoj razini. Voditeljica vi\u0161e \u0161kolskih projekata u suradnji sa raznim institucijama u gradu Rijeci i izvan RH, voditeljica me\u0111unarodnog projekta e-Twinning u suradnji sa me\u0111unarodnim partnerima te organizatorica izlo\u017eba e-Twinning Secesija, Historicizam, I love art and cultural heritage u galerijskom prostoru Hodnik \u0160kole, Gradske knji\u017enice Rijeka i izlo\u017ebenom prostoru Dje\u010dje ku\u0107e u Rijeci. Aktivni voditelj raznih radionica za djecu i mlade kao i predava\u010d na \u017eupanijskim stru\u010dnim vije\u0107ima.<\/p>\n<p><strong>Antonia \u0106uri\u0107<\/strong><\/p>\n<p>Obna\u0161ala du\u017enost predsjednice udruge od 2022. do 2025. godine. Antonia je predana u\u010diteljicu razredne nastave te voditeljicu inspirativnih radionica i programa. Aktivna je \u010dlanica Centra od 2013. godine, a od 2017. godine preuzima ulogu voditeljice radionica \u201cMali radoznalci\u201d, voditeljica radionica i predavanja za odgojno-obrazovne djelatnike, dje\u010djih radionica \u201cSTEAM-eri\u201d te je kreatorica i voditeljica programa \u201cMindfulness igraonice\u201d.<\/p>\n<p>Svoje obrazovanje o radu s darovitom djecom stekla je tijekom studija na U\u010diteljskom fakultetu, dodatnim usavr\u0161avanjima, prisustvovanjem znanstvenim konferencijama, kroz volonterski rad s djecom. Kroz sudjelovanje u Erasmus razmjeni na VIA University Collegeu u Danskoj, Antonia je dodatno pro\u0161irila svoje znanje iz podru\u010dja didaktike i psihologije.<\/p>\n<p>Trenutno je posve\u0107ena Poslijediplomskom doktorskom studiju pedagogije, fokusiraju\u0107i se na istra\u017eiva\u010dko u\u010denja, rad s darovitim u\u010denicima te primjenu novih tehnologija u nastavnom procesu. Sudjelovala je na Mindfulness edukaciji i likovnim te\u010dajevima, pokazuju\u0107i svoju raznovrsnost i strast za stvarala\u010dkim pristupom obrazovanju. Antonia je tako\u0111er autorica stru\u010dnih i znanstvenih radova na temu nastave prirode i dru\u0161tva, odr\u017eivog razvoja te rada s darovitim u\u010denicima.<\/p>\n<p>&nbsp;<\/p>\n<p><strong>izv. prof. dr. sc. Barbara Ron\u010devi\u0107 Zubkovi\u0107, zamjenica predsjednice<\/strong><\/p>\n<p>&nbsp;<\/p>\n<p><strong>Helena Feren\u010devi\u0107, tajnica<\/strong><\/p>\n<p>&nbsp;<\/p>\n<p><strong>doc. dr. sc. Danijela Blanu\u0161a Tro\u0161elj<\/strong><\/p>\n<p>Danijela Blanu\u0161a Tro\u0161elj, odgajateljica je i u\u010diteljica razredne nastave, doktorirala na Pedago\u0161kom fakultetu u Ljubljani.<\/p>\n<p>Psihodramska je prakti\u010darka, te psihodramska psihoterapeutkinja u edukaciji pod supervizijom. Osposobljena je za provo\u0111enje EPoC testa te edukaciju provedbe istog. Certificirani je SENG parent group faiciliator. Zavr\u0161ila je mnogobrojne edukacije iz podru\u010dja rada s djecom i odraslima, te sudjelovala na vi\u0161e desetaka konferencija. Vodila je razli\u010dite radionice za djecu, kako u prirodoznanstvenom podru\u010dju, tako i na podru\u010dju socioemocionalnog razvoja djece. Sudjelovala je u radu savjetovali\u0161ta za roditelje pri Centru, a danas provodi radionice za razvoj roditeljskih kompetencija. Usavr\u0161ava se na podru\u010dju primjene tehnika ekspresivnih terapija u odgoju i obrazovanju, socioemocionalnom u\u010denju i pou\u010davanju te davanju podr\u0161ke roditeljima. Aktivno sudjeluje u usavr\u0161avanju odgajatelja, u\u010ditelja i stru\u010dnih suradnika u podru\u010dju rada s darovitom djecom. Danijela je \u010dlanica Centra za poticanje darovitosti od 2007. godine.<\/p>\n<p>&nbsp;<\/p>\n<p><strong>Ivana So\u0161i\u0107 Antunovi\u0107<\/strong><\/p>\n<p>Ivana So\u0161i\u0107 Antunovi\u0107 je pred\u0161kolski psiholog s dugogodi\u0161njim iskustvom u radu s djecom, roditeljima i odgajateljima. Majka 5-oro darovite djece s bogatim osobnim iskustvom suo\u010davanja s izazovima roditeljstva te stoga posve\u0107ena radu na ovom podru\u010dju. Osobito nastoji trajno podizati svjesnost te osobnu i dru\u0161tvenu odgovornost, kako kod sebe tako i kod pojedinaca s kojima radi.<\/p>\n<p>&nbsp;<\/p>\n<p><strong>Lana \u0160o\u0161i\u0107<\/strong><\/p>\n<p>Lana \u0160o\u0161i\u0107 diplomirala je 2021. godine na U\u010diteljskom fakultetu u Rijeci te time stekla zvanje magistre primarnog obrazovanja. Radi kao u\u010diteljica razredne nastave i voditeljica je raznih radionica i programa za djecu pred\u0161kolskog i \u0161kolskog uzrasta. U Centru za darovite svoj put zapo\u010dinje kao volonter, a 2020. po\u010dinje s aktivnim vo\u0111enjem radionica \u201eMali radoznalci\u201c te je kasnije anga\u017eirana i kao voditeljica dje\u010djih radionica \u201eSTEAM-eri\u201c.<br \/>\nSvoje obrazovanje o radu s darovitom djecom zapo\u010dinje tijekom studija, a kasnije se dodatno usavr\u0161ava i sudjeluje na raznim predavanjima s ciljem daljnjeg profesionalnog razvoja. Zadnjih nekoliko godina tako\u0111er sudjeluje u osmi\u0161ljavanju i realizaciji aktivnosti koje se provode u sklopu Tjedna za darovitost. Veliki je zaljubljenik u glazbu, prirodu i razli\u010dite umjetni\u010dke aktivnosti, a svoje vrijeme najvi\u0161e voli provoditi s djecom u dijeljenju me\u0111usobne radosti, osmijeha i kreativnosti.<\/p>\n<p>&nbsp;<\/p>\n<p><strong>Doris Fumi\u0107 Marjanovi\u0107<\/strong><\/p>\n<p>Doris Fumi\u0107 je \u010dlanica Centra za poticanje darovitosti od 2019. godine. Nakon po\u010detnog volontiranja na radionicama Mali radoznalci postaje jedna od voditeljica radionica za djecu pred\u0161kolske dobi.<\/p>\n<p>Na preddiplomskom studiju Ranog i pred\u0161kolskog odgoja i obrazovanja u Rijeci stekla je titulu prvostupnice ranog i pred\u0161kolskog odgoja i obrazovanja, te u formalnom obrazovanju stekla i osnovno obrazovanje o specifi\u010dnostima rada s darovitom djecom. Titulu magistrice na U\u010diteljskom fakultetu postigla je obranom diplomskog rada na temu Spolne razlike u konvergentno \u2013 integrativnom procesu kreativnog mi\u0161ljenja pred\u0161kolske djece koriste\u0107i EPoC test potencijalne kreativnosti. Doris radi u dje\u010djem vrti\u0107u, autorica je stru\u010dnih \u010dlanaka te redovito sudjeluje u formalnim i neformalnim edukacijama i stru\u010dnim usavr\u0161avanjima s ciljem razvijanja vlastitog i dje\u010djeg potencijala.<\/p>\n<p>&nbsp;<\/p>\n<p><strong>Ivana Matovina<\/strong><\/p>\n<p>Ivana Matovina, istaknuta je i svestrana odgajateljica pred\u0161kolske djece, s bogatim iskustvom u ranoj edukaciji. Ivana nije samo voditeljica radionica namijenjenih darovitoj djeci, ve\u0107 je i stru\u010dnjakinja za rad s djecom s te\u0161ko\u0107ama i voditeljica brojnih radionica namijenjenih roditeljima.<br \/>\nSa sudjelovanjem na stru\u010dnim skupovima i me\u0111unarodnim konferencijama diljem Hrvatske, Ivana je stekla zavidno znanje i iskustvo. Njezina strast za obrazovanjem odra\u017eava se i kroz autorske \u010dlanke za \u010dasopis \u201cDijete, vrti\u0107 i obitelj\u201d. Posjeduje diplome Montessori odgajatelja te programa Rane odgojno-obrazovne intervencije za u\u010denike s te\u0161ko\u0107ama.<br \/>\nU na\u0161em Centru, Ivana igra klju\u010dnu ulogu kao voditeljica radionica za darovitu djecu u skupini \u201cMali radoznalci\u201d. Njezina posve\u0107enost stjecanju novih znanja i iskustava odra\u017eava se kroz njezin rad s djecom, podr\u0161ku roditeljima te suradnju s udrugama i stru\u010dnjacima.<\/p>\n<p>&nbsp;<\/p>\n<p><strong>Petra Baj\u010di\u0107<\/strong><\/p>\n<p>Petra Baj\u010di\u0107 je u\u010diteljica razredne nastave. Diplomirala je 2018. godine na U\u010diteljskom fakultetu u Rijeci te stekla zvanje magistre primarnog obrazovanja. Iste godine, poha\u0111ala je program cjelo\u017eivotnog u\u010denja \u201eRane odgojno-obrazovne intervencije za djecu i u\u010denike s problemima u pona\u0161anju\u201c u organizaciji U\u010diteljskog fakulteta u Rijeci.<\/p>\n<p>Osim formalnog rada s u\u010denicima, skupila je iskustvo rada s djecom \u0161kolske dobi u podru\u010dju individualne pomo\u0107i pri u\u010denju i sportskih aktivnosti.\u00a0 Trenutno radi u produ\u017eenom boravku u Osnovnoj \u0161koli Ivana Zajca u Rijeci te redovito sudjeluje na stru\u010dnim usavr\u0161avanjima s ciljem daljnjeg profesionalnog razvoja.<\/p>\n<p>&nbsp;<\/p>\n<p><strong>Kristina Lali\u0107<\/strong><\/p>\n<p>Kristina Lali\u0107 je magistra primarnog obrazovanja \u2013 u\u010ditelj mentor. Kao u\u010diteljica razredne nastave 15 godina radi u osnovnoj \u0161koli. Prisustvovala je nizu stru\u010dnih usavr\u0161avanja u Hrvatskoj i Sloveniji, s naglaskom na zavr\u0161enu trogodi\u0161nju edukaciju iz Realitetne terapije i Teorije izbora u organizaciji Kvalitetne \u0161kole Hrvatska. Dugi niz godina posebno podru\u010dje profesionalnog interesa usmjereno je prema darovitim u\u010denicima. U mati\u010dnoj \u0161koli, ve\u0107 nekoliko godina, organizira i vodi kreativne radionice u sklopu slobodne aktivnosti, a s ciljem razvoja potencijalne kreativnosti u\u010denika. U sije\u010dnju 2018. g prisustvuje Stru\u010dnom skupu: Pou\u010davanje za darovitost, inovativnost i kreativnost, nakon kojeg se osposobljava za provo\u0111enje EPoC testa. Osmi\u0161ljava i realizira radionice u sklopu Tjedna darovitosti. 2017. godine uklju\u010duje se u rad Centra za poticanje darovitosti Rijeka te postaje aktivan \u010dlan. Od iste godine u Centru vodi radionice za djecu \u0161kolskog uzrasta.<\/p>\n<p>&nbsp;<\/p>\n<p><a href=\"http:\/\/pubweb.carnet.hr\/czpd\/wp-content\/uploads\/sites\/776\/2025\/10\/StatutCZPD.pdf\">StatutCZPD<\/a><\/p>\n<p>&nbsp;<\/p>\n","protected":false},"excerpt":{"rendered":"<p>Dobrodo\u0161li u Centar za poticanje darovitosti, neprofitnu udrugu osnovanu 1997. godine u Rijeci. Na\u0161a misija je pru\u017eiti podr\u0161ku darovitoj djeci, obiteljima i odgojno-obrazovnim djelatnicima kroz identifikaciju darovitih pojedinaca, stvaranje uvjeta za njihov razvoj te poticanje profesionalnog razvoja stru\u010dnjaka. Vizija koju slijedimo je stvaranje inkluzivnog dru\u0161tva koje prepoznaje i podr\u017eava darovitu djecu, pru\u017eaju\u0107i im potrebnu podr\u0161ku &hellip; <a href=\"https:\/\/pubweb.carnet.hr\/czpd\/o-nama\/\" class=\"more-link\">Nastavi \u010ditati <span class=\"screen-reader-text\">O NAMA<\/span> <span class=\"meta-nav\">&rarr;<\/span><\/a><\/p>\n","protected":false},"author":1020,"featured_media":0,"parent":0,"menu_order":1,"comment_status":"closed","ping_status":"closed","template":"","meta":{"footnotes":""},"class_list":["post-38","page","type-page","status-publish","hentry"],"_links":{"self":[{"href":"https:\/\/pubweb.carnet.hr\/czpd\/wp-json\/wp\/v2\/pages\/38","targetHints":{"allow":["GET"]}}],"collection":[{"href":"https:\/\/pubweb.carnet.hr\/czpd\/wp-json\/wp\/v2\/pages"}],"about":[{"href":"https:\/\/pubweb.carnet.hr\/czpd\/wp-json\/wp\/v2\/types\/page"}],"author":[{"embeddable":true,"href":"https:\/\/pubweb.carnet.hr\/czpd\/wp-json\/wp\/v2\/users\/1020"}],"replies":[{"embeddable":true,"href":"https:\/\/pubweb.carnet.hr\/czpd\/wp-json\/wp\/v2\/comments?post=38"}],"version-history":[{"count":1,"href":"https:\/\/pubweb.carnet.hr\/czpd\/wp-json\/wp\/v2\/pages\/38\/revisions"}],"predecessor-version":[{"id":111,"href":"https:\/\/pubweb.carnet.hr\/czpd\/wp-json\/wp\/v2\/pages\/38\/revisions\/111"}],"wp:attachment":[{"href":"https:\/\/pubweb.carnet.hr\/czpd\/wp-json\/wp\/v2\/media?parent=38"}],"curies":[{"name":"wp","href":"https:\/\/api.w.org\/{rel}","templated":true}]}}