{"id":224,"date":"2025-10-29T22:09:46","date_gmt":"2025-10-29T21:09:46","guid":{"rendered":"https:\/\/pubweb.carnet.hr\/czpd\/?page_id=224"},"modified":"2026-03-23T20:37:18","modified_gmt":"2026-03-23T19:37:18","slug":"iz-medija","status":"publish","type":"page","link":"https:\/\/pubweb.carnet.hr\/czpd\/o-nama\/iz-medija\/","title":{"rendered":"IZ MEDIJA"},"content":{"rendered":"<p class=\"pageHeading\"><strong>21.3.2026.<\/strong><\/p>\n<h4>Grad Rijeka <a href=\"https:\/\/www.rijeka.hr\/tjedan-za-darovitost-bogat-program-u-rijeci-od-21-do-26-ozujka\/\" target=\"_blank\" rel=\"noopener\">TjeDAN ZA DARovitost: Bogat program u Rijeci od 21. do 26. o\u017eujka<\/a><\/h4>\n<h4><a href=\"https:\/\/www.novilist.hr\/rijeka-regija\/rijeka\/od-subote-tjedan-za-darovitosti\/\" target=\"_blank\" rel=\"noopener\"><strong>NOVI LIST<\/strong><\/a><\/h4>\n<h4 class=\"pageHeading\"><strong>Torpedo.media <\/strong><a href=\"https:\/\/torpedo.media\/novosti-rijeka\/tjedan-darovitosti-u-rijeci-besplatni-programi-za-djecu-ucenike-i-mentore\" target=\"_blank\" rel=\"noopener\"><strong>Tjedan darovitosti u Rijeci: Besplatni programi za djecu, u\u010denike i mentore<\/strong><\/a><\/h4>\n<p><!--more--><\/p>\n<h4><!--more--><a href=\"https:\/\/www.facebook.com\/torpedo.media\/posts\/od-21-do-26-o%C5%BEujka-rijeka-doma%C4%87in-je-bogatog-edukativnog-programa-posve%C4%87enog-dar\/1540641564728011\/\" target=\"_blank\" rel=\"noopener\">facebook.com\/torpedo.media\/posts<\/a><\/h4>\n<h4><a href=\"https:\/\/www.facebook.com\/fiumanhr\/posts\/cilj-projekta-jest-nastavak-desetogodi%C5%A1nje-tradicije-obilje%C5%BEavanja-tjedna-darovi\/1558653559597276\/\" target=\"_blank\" rel=\"noopener\"><strong>Fiuman.hr<\/strong><\/a><\/h4>\n<h4><a href=\"https:\/\/gkr.hr\/magazin\/najave-dogadjanja\/12-tjedan-za-darovitost-manifestacija-koja-skrece-paznju-na-prava-darovite-djece--a-6878\" target=\"_blank\" rel=\"noopener\"><strong>GRADSKA KNJI\u017dNICA RIJEKA GKR<\/strong><\/a><\/h4>\n<h4><a href=\"https:\/\/djecjakuca.hr\/12-tjedan-za-darovitost\/\" target=\"_blank\" rel=\"noopener\"><strong>DJE\u010cJA KU\u0106A RIJEKA\u00a0<\/strong><\/a><\/h4>\n<p>:::::::::::::::::::::::::::::::::::<\/p>\n<p><a href=\"https:\/\/web.archive.org\/web\/20241210081055\/https:\/radio.hrt.hr\/radio-rijeka\/obrazovanje\/darovitost-11420569?fbclid=IwAR2tfCiy788XSuZQ5xxwDbOa2_4I-HL_0dW2VbfWGfT9ErhcMPrYBTZKq0Y\">19.o\u017eujka 2024. HRT<\/a><\/p>\n<p>Profesorica emerita Majda Rijavec gostovala je na HRT-u gdje je najavila na\u0161 11. TjeDAN ZA DARovitost!<\/p>\n<p>6.o\u017eujka 2024. kanal RI, U\u010dionica<\/p>\n<p><a href=\"https:\/\/web.archive.org\/web\/20241210081055\/https:\/www.novilist.hr\/rijeka-regija\/rijeka\/rijecki-tjedan-za-darovitost-pruza-podrsku-darovitim-pojedincima\/\">4. o\u017eujka 2024 Novi List<\/a><\/p>\n<p>Centar za poticanje darovitosti organizira jedanaesti Tjedan za darovitost od 19. do 22. o\u017eujka. Cilj je potaknuti dru\u0161tvo na bolje razumijevanje darovitosti i pru\u017eiti podr\u0161ku darovitim pojedincima, roditeljima te odgojno-obrazovnim djelatnicima. Program uklju\u010duje radionice za djecu \u201cKlikolovac\u201d i \u201cMali radoznalci\u201d, savjetovanje za roditelje te glavni doga\u0111aj \u2013 2. Simpozij dobre prakse \u201cdr. sc. Jasna Arrigoni\u201d. Simpozij \u0107e se odr\u017eati online 20. o\u017eujka i u Osnovnoj \u0161koli \u201cGornja Ve\u017eica\u201d 21. o\u017eujka, s uglednim govornicima poput prof. emeritus dr. sc. Majde Rijavec i prof. dr. Ljupca Kevereskog. Vi\u0161e informacija dostupno je na web stranici.<\/p>\n<p>:::::::::::::::::::::::::::::::::::::::::::::::::::<\/p>\n<p>7.\u00a0<a href=\"https:\/\/web.archive.org\/web\/20241210081055\/https:\/www.novilist.hr\/rijeka-regija\/suradnja-skola-iz-bresce-i-vrbovskog-svima-adekvatna-razina-i-prilagodenost-obrazovanja\/?fbclid=IwAR1s-b-eH7UyeuNCsqev1nfxYEFyJavNgZ1t388l6IBJAvEbKbH5nqz2uqE\">svibanj 2023 Novi List<\/a><\/p>\n<p>BRE\u0160CA \u2013 Centar za poticanje darovitosti Rijeka u suradnji s Osnovnom \u0161kolom \u00bbDrago Gervais\u00ab Bre\u0161ca i Osnovnom \u0161kolom Ivana Gorana Kova\u010di\u0107a Vrbovsko predstavio je ju\u010der u \u0161koli Bre\u0161ca projekt \u00bb\u0160kola kao \u2018gnijezdo\u2019 darovitosti \u2013 poticajno okru\u017eenje za dobrobit sve djece\u00ab, u sklopu \u010dega je odr\u017eana radionica za djecu s ciljem poticanja darovitosti pod vodstvom predava\u010dice Antonije \u0106uri\u0107 te edukacija za odgojno-obrazovne djelatnike pod vodstvom predava\u010dice Danijele Blanu\u0161e Tro\u0161elj.<\/p>\n<p><a href=\"https:\/\/web.archive.org\/web\/20241210081055\/https:\/poduckun.net\/novosti\/foto-predstavljen-projekt-skola-kao-gnijezdo-darovitosti--poticajno-okruzenje-za-dobrobit-sve-djece\">7. svibanj 2023 poduckun.net<\/a><\/p>\n<p>Bre\u0161ca \u2013 Centar za poticanje darovitosti Rijeka u suradnji s osnovnom \u0161kolom \u201eDrago Gervais\u201c Bre\u0161ca i osnovnom \u0161kolom Ivana Gorana Kova\u010di\u0107a Vrbovsko danas je u Bre\u0161cima predstavio projekt \u201e\u0160kola kao \u201egnijezdo\u201c darovitosti \u2013 poticajno okru\u017eenje za dobrobit sve djece.<\/p>\n<p><a href=\"https:\/\/web.archive.org\/web\/20241210081055\/https:\/www.sjeverni.info\/predstavnici-centra-za-poticanje-darovitosti-iz-rijeke-posjetili-centre-izvrsnosti-varazdinske-zupanije\/\">4.o\u017eujka 2023. sjeverni.INFO<\/a><\/p>\n<p>Centre izvrsnosti Vara\u017edinske \u017eupanije posjetili su predstavnici Centra za poticanje darovitosti iz Rijeke , a sve u svrhu razmjene iskustva, mi\u0161ljenja i ja\u010deg povezivanja izme\u0111u dvaju centara.<\/p>\n<p>:::::::::::::::::::::::::::::::::::::::::::::::::::::::::<\/p>\n<p><strong>30.o\u017eujka 2022. kanal RI, U\u010dionica<\/strong><\/p>\n<p>Ugostili smo dr.sc. Jasnu Arrigoni i doc.dr.sc. Danijelu Blanu\u0161a Tro\u0161elj iz Centra za poticanje darovitosti Rijeka na temu darovitosti djece-otkrivaju kako prepoznati darovitu djecu, koje su njihove potrebe, \u0161to ih razlikuje od vr\u0161njaka, te kako se na\u0161 odgojno-obrazovni sustav odnosi prema potencijalno darovitima. Predstavljamo i Srednju \u0161kolu Ljudevita Adami\u0107a iz Rijeke, koja je uz gimnazijski program, ove \u0161kolske godine uvela smjer fizioterapeutski tehni\u010dar, a sljede\u0107e upisuje prvu generaciju farmaceutskih tehni\u010dara.<\/p>\n<p><strong>22. o\u017eujka 2022. HRT, Dobro jutro, Hrvatska<\/strong><\/p>\n<p>U povodu Dana darovitih u\u010denika koji se obilje\u017eava 21. o\u017eujka, od 21. do 26. o\u017eujka u Rijeci se odr\u017eava deveta po redu manifestacija TjeDAN ZA DARovitost, posve\u0107ena darovitoj djeci. \u0160to zapravo zna\u010di imati darovito dijete, kako prepoznati njihove \u0161iroke interese i izmiriti raskorak izme\u0111u kognitivnog i emocionalnog razvoja.<\/p>\n<p><strong>21. o\u017eujaka 2022. posjet predsjedniku Republike Hrvatske, Zoranu Milanovi\u0107u<\/strong><\/p>\n<p>Predsjednik Republike Zoran Milanovi\u0107 primio je danas u Uredu predsjednika Republike predstavnike Centra za poticanje darovitosti iz Rijeke, darovite u\u010denike i njihove roditelje, a povodom obilje\u017eavanja Me\u0111unarodnog dana darovitih u\u010denika.<\/p>\n<p>Centar za poticanje darovitosti je udruga gra\u0111ana \u010diji su \u010dlanovi ve\u0107inom odgajatelji, u\u010ditelji razredne nastave, pedagozi, psiholozi, sveu\u010dili\u0161ni nastavnici, volonteri iz redova studenata ranog i pred\u0161kolskog odgoja i obrazovanja, u\u010diteljskog studija i studija psihologije. Centar je\u00a0 osnovan 1997. godine s ciljem promoviranja darovitosti te osvje\u0161tavanja \u010dinjenice da su darovite osobe iznimno va\u017ene za razvoj dru\u0161tva, a glavne su mu aktivnosti organiziranje radionica za rad s djecom pred\u0161kolske i rane \u0161kolske dobi te savjetovali\u0161ta za roditelje.\u00a0 Povodom Me\u0111unarodnog dana darovitih u\u010denika, u suradnji s Gradom Rijeka, Dru\u0161tvom roditelja darovite djece \u201cLodur\u201d te Upravnim odjelom za odgoj i \u0161kolstvo Primorsko-goranske \u017eupanije Centar ove godine organizira \u201eTjedan za darovitost\u201c tijekom kojeg se odr\u017eavaju radionice za djecu i mlade, predavanja za u\u010ditelje, stru\u010dne suradnike i roditelje, re\u010deno je na sastanku.<br \/>Predstavnici Centra ukazali su predsjedniku Milanovi\u0107u i na probleme s kojima se susre\u0107u, posebno istaknuv\u0161i probleme vezane uz sustav obrazovanja darovitih u Hrvatskoj. Kako su rekli na sastanku, u Hrvatskoj ne postoji sustav identifikacije nadarene djece u vrti\u0107ima i \u0161kolama, kao ni cjelovita sustavna briga o darovitoj djeci na dr\u017eavnoj razini. O iskustvima i problemima s kojima se suo\u010davaju u obrazovnom sustavu, predsjedniku Milanovi\u0107u govorili su i roditelji darovite djece. Nadaju se kako \u0107e novi Zakon o obrazovanju, koji se priprema, jasno propisati i rad s darovitom djecom, odnosno da \u0107e biti donesen i pravilnik o radu s darovitom djecom.<\/p>\n<p>U izaslanstvu Centra za poticanje darovitosti iz Rijeke bili su predsjednica Centra za poticanje darovitosti (U\u010diteljski fakultet Sveu\u010dili\u0161ta u Rijeci) dr. sc. Jasna Arrigoni, zamjenica predsjednice Centra (Fakultet za odgojne i obrazovne znanosti, Sveu\u010dili\u0161te Jurja Dobrile u Puli) doc. dr. sc. Danijela Blanu\u0161a-Tro\u0161elj, u\u010diteljica, tajnica Centra za poticanje darovitosti, voditeljica dje\u010djih radionica \u201cMali radoznalci\u201d (Osnovna \u0161kola \u201eVladimir Gortan\u201c, Rijeka) Antonia \u0106uri\u0107 i \u010dlanica Upravnog odbora (Filozofski fakultet Sveu\u010dili\u0161ta u Rijeci, Odsjek za psihologiju) izv. prof. dr. sc. Barbara Ron\u010devi\u0107 Zubkovi\u0107, psihologinja i \u010dlanica Upravnog odbora (Dje\u010dji vrti\u0107 \u201eMore\u201c, Rijeka) Ivana So\u0161i\u0107 Antunovi\u0107, predsjednik Dru\u0161tva roditelja darovite djece \u201cLodur\u201d, Rijeka Sanjin Lukari\u0107, roditelji darovitih u\u010denika Ines Tadi\u0107 i Mario Tadi\u0107 te daroviti u\u010denici; u\u010denik 3. razreda Osnovne \u0161kole \u201eTrsat\u201c, Rijeka Filip Antunovi\u0107, u\u010denik 8. razreda Osnovne \u0161kole \u201eVladimir Gortan\u201c, Rijeka Noel Tro\u0161elj i u\u010denik 4. razreda Gimnazije Andrije Mohorovi\u010di\u0107a, Rijeka Petar Du\u0161evi\u0107. Uz predsjednika Milanovi\u0107a na sastanku je bila savjetnica Predsjednika za odgoj i obrazovanje Jadranka \u017darkovi\u0107.<\/p>\n<p>::::::::::::::::::::::::::::::::::::::::::::::::::<\/p>\n<p><strong>27. prosinca 2021. Radio Ro\u017ea, \u0160kolica<\/strong><\/p>\n<p>U \u0160kolici smo predstavili rad\u00a0Centar za poticanje darovitosti\/ Centre for Gifted Children\u00a0Rijeka. Rijeka do osnivanje Centra nije imala organizaciju koja se kontinuirano bavila darovitom djecom. Udruga poma\u017ee u otkrivanju darovitosti kod djece, organizira pregr\u0161t aktivnosti kojima poti\u010de rad i napredak \u201cmalih genijalaca\u201d te pru\u017ea podr\u0161ku roditeljima darovite djece. U razgovoru sa predsjednicom Jasnom Arrigoni dotakli smo se tema o: testiranju i otkrivanju darovitosti, rada sa darovitom djecom, edukacije roditelja i stru\u010dnog osoblja pa do problema do kojih mo\u017ee do\u0107i ako darovitost nije prepoznata. Zaklju\u010dak emisije je bio da su darovita djeca na\u0161 ulog u bolju budu\u0107nost koji treba poticati i njegovati.<\/p>\n<p><strong>27. kolovoza 2021. Jutarnji list<\/strong><\/p>\n<p>EU projekt kojeg je na\u0161 Muzej provodio kroz 2019. i 2020. godinu \u2013 Muzej Budu\u0107nosti \u2013 Gra\u0111ansko muzejsko vije\u0107e \u2013 u\u0161ao je u u\u017ei izbor za najbolji EU projekt u Hrvatskoj! Izbor provodi Jutarnji, a prijavitelj muzeja je Primorsko-goranska \u017eupanija kao osniva\u010d Muzeja. Primorsko-goranska \u017eupanija me\u0111u prvima je u Hrvatskoj prepoznala vrijednosti uklju\u010divanja zajednice u rad ustanova u kulturi te je podr\u017eala muzejske djelatnike u nastojanjima da spomenute vrijednosti i ostvare. Projekt je rezultirao postavljanjem na noge Gra\u0111anskog muzejskog vije\u0107a (GMV) \u2013 sudioni\u010dkog tijela Muzeja koje na sustavan i odr\u017eiv na\u010din zajednici omogu\u0107ava pravo glasa u kulturi.<\/p>\n<p>Iz Jutarnjeg lista isti\u010du kako prezentacijom uspje\u0161nih projekata EU \u017eele istaknuti doprinos i zna\u010daj koje ti projekti imaju u pobolj\u0161anju \u017eivotnih uvjeta lokalne zajednice, krajnjih korisnika te hrvatskih gra\u0111ana u cjelini.<br \/>Zahvaljujemo na\u0161im udrugama, partnerima na projektu, starim i novim \u010dlanicama Vije\u0107a, na ukazanom povjerenju. Nastavljamo od njih u\u010diti kako biti dru\u0161tveno odgovorni i kako kvalitetu \u017eivota zajednice stavljati u sredi\u0161te svega \u0161to kao Muzej radimo.<\/p>\n<p>KOMBINAT, \u017dmergo Udruga, Centar za poticanje darovitosti\/ Centre for Gifted Children, Penzi\u0107i Rijeka, Udruga slijepih Primorsko-goranske \u017eupanije, Udruga Vida, USPDR Ajkula, Udruga u kulturi \u201cStol\u201d Kraljevica, Udruga gluhih i nagluhih Primorsko-goranske \u017eupanije.<\/p>\n<p><strong>18. o\u017eujka 2021. kanal RI, U\u010dionica<\/strong><\/p>\n<p>Upoznajemo djelatnost \u0160kole za primijenjenu umjetnost u Rijeci, te najavljujemo aktivnosti u tjednu za darovitost od 22.-26. o\u017eujka. Glazbeni odjel Osnovne \u0161kole Milan Brozovi\u0107 iz Kastva zbog velikog interesa djece za glazbenim obrazovanjem preselio se u nove prostore. Time se donekle rasteretila centralna zgrada \u0161kole koja je me\u0111u najve\u0107ima u \u017eupaniji.<\/p>\n<p>::::::::::::::::::::::::::::::::::::::::::::::::<\/p>\n<p><strong>4.studenog 2020. kanal RI, U\u010dionica<\/strong><\/p>\n<p>Sa\u017eetak emisije 4.studenog 2020.\u00a0U Rijeci djeluje Centar za poticanje darovitosti, vi\u0161e o radu doznali smo od dr.sc. Jasne Arrigoni i doc.dr.sc. Danijele Blanu\u0161 Tro\u0161elj.<\/p>\n<p><strong>29. listopada 2020. Muzej budu\u0107nosti \u2013 Gra\u0111ansko muzejsko vije\u0107e kao model sudioni\u010dkog upravljanja<\/strong><\/p>\n<p>Promo video projekta Europskog socijalnog fonda kojeg je PPMHP provodio u trajanju od 29.10.2018. do 29.10.2020. godine u suradnji s pet udruga: Matica umirovljenika Rijeka, Udruga slijepih PG\u017d-a, Kreativni kolektiv Kombinat, Centar za poticanje darovitosti Rijeka i Udruga \u017dmergo. Produkcija: Kreativni kolektiv Kombinat Listopad, 2020.<\/p>\n<p><strong>4. velja\u010de 2020. kanal RI, Uklju\u010di S(v)E<\/strong><\/p>\n<p>\u2013 Izlo\u017eba Nevidljive granice \u010dini pretprogram izlo\u017ebe Granice \u2013 izme\u0111u reda i kaosa kao centralnog doga\u0111anja Pomorskog i povijesnog muzeja Hrvatskog primorja Rijeka u programu Rijeka 2020. \u2013 Europska prijestolnica kulture. Izlo\u017eba je dio projekta Muzej budu\u0107nosti \u2013 Gra\u0111ansko muzejsko vije\u0107e kao model sudioni\u010dkog upravljanja koji provodi Pomorski i povijesni muzej Hrvatskog primorja Rijeka uz financijsku podr\u0161ku Europskog socijalnog fonda te u suradnji s pet partnera \u2013 Udrugom \u017dmergo, Kreativnim kolektivom Kombinat, Centrom za poticanje darovitosti, Udrugom slijepih Primorsko-goranske \u017eupanije te Maticom umirovljenika Grada Rijeke. Izlo\u017eba predstavlja prvi program Muzeja koji je u potpunosti kreiran udru\u017eenim djelovanjem Muzeja, PG\u017d-a kao osniva\u010da Muzeja, te partnerskih organizacija civilnog dru\u0161tva. Njihova je suradnja potaknuta formiranjem Gra\u0111anskog muzejskog vije\u0107a unutar kojeg spomenute organizacije-\u010dlanice rade na demokratizaciji muzeja te usmjeravanju njegova rada u skladu s potrebama zajednice. \u2013 Izlo\u017ebom Nevidljive granice organizacije-\u010dlanice Gra\u0111anskog muzejskog vije\u0107a (GMV) progovaraju o problematici s kojom se susre\u0107u u svom svakodnevnom radu: o statusu umirovljenika te razlozima njihove nedostatne uklju\u010denosti u \u017eivot na\u0161e zajednice, otvaraju kompleksnu temu integracije slijepih i slabovidnih osoba u dru\u0161tvu, progovaraju o ote\u017eanim uvjetima rada kojima je izlo\u017een izrazito propulzivni sektor na\u0161eg gospodarstva \u2013 kreativne industrije i pitaju se, jesmo li kao dru\u0161tvo u stanju prepoznati najve\u0107i potencijal s kojim raspola\u017eemo \u2013 darovitu djecu? Govore o na\u0161im sugra\u0111anima i sugra\u0111ankama, djeci i odraslima, koji prolaze \u201eispod radara\u201c te \u010dine nevidljiv, a time i diskriminiran, dio na\u0161e zajednice. Podsje\u0107aju i na negativnost utjecaja \u010dovjeka na prirodni svijet. Gomilanjem otpada uni\u0161tavamo planet i \u010dinimo ga nevidljivim budu\u0107im generacijama. Osim \u0161to upozoravaju, organizacije-\u010dlanice predla\u017eu rje\u0161enja. Brojne aktivnosti koje u svom radu provode put su ostvarivanja boljih uvjeta, mogu\u0107nosti i prava za pojedinca i dru\u0161tvene skupine kojima su posve\u0107ene. A brojni postignuti uspjesi svjedo\u010danstva su pomicanja granica vidljivog, nau\u0161trb onog nevidljivog. Izlo\u017eba \u0107e imati posebne audio-vodi\u010de prilago\u0111ene za slijepe osobe te grafi\u010dki katalog prilago\u0111en osobama s o\u0161te\u0107enjem vida.<\/p>\n<p><strong>20. rujna 2020. varazdinske-vijesti.hr<\/strong><\/p>\n<p>Sve\u010danost izvrsnosti: Hrvatska od danas ima deset novih europskih to\u010daka za darovitu djecu<\/p>\n<p>::::::::::::::::::::::::::::::::::::::::::::<\/p>\n<p><strong>6. prosinca 2019. Novi list<\/strong><\/p>\n<p>Rijeka pokre\u0107e program za darovite \u0161kolarce: \u2018Djecu \u0107e se slu\u0161ati, bit \u0107e to renesansa obrazovanja\u2019<\/p>\n<p>\u00a0<\/p>\n<p><strong>24. o\u017eujka 2019. RTL.hr<\/strong><\/p>\n<p>Zanemaruje li Hrvatska male lumene? Od 20 darovite djece na kraju obrazovnog sustava \u2018ispari\u2019 njih 17!<\/p>\n<p><strong>21.o\u017eujka 2019. kanal RI, U\u010dionica<\/strong><\/p>\n<p>Sedmu godinu za redom Centar za poticanje darovitosti u suradnji s Gradskim odjelom za odgoj i \u0161kolstvo, udrugom roditelja darovite djece Lodur, U\u010diteljskim fakultetom i Domom mladih organizira obilje\u017eavanje Dana darovitih (21.3.) i to Tjedanom za darovitost od 18.3.- 23.3.2019.<\/p>\n<div id=\"expanded\" class=\"style-scope ytd-text-inline-expander\"><em>https:\/\/www.youtube.com\/watch?v=ypKrEyoo_No<\/em><\/div>\n<div>\u00a0<\/div>\n<p><strong>19. o\u017eujka 2019. O\u0160 Srdo\u010di<\/strong><\/p>\n<p>U O\u0160 Srdo\u010di obilje\u017een Dan darovitih<\/p>\n<p><strong>15. o\u017eujka 2019. RiPortal<\/strong><\/p>\n<p>Sedmu godinu za redom Centar za poticanje darovitosti u suradnji s Odjelom gradske uprave za odgoj i \u0161kolstvo, Udrugom roditelja darovite djece \u201cLodur\u201d, U\u010diteljskim fakultetom i Domom mladih, organizira obilje\u017eavanje Dana darovitih u\u010denika<\/p>\n<p><strong>13. o\u017eujka 2019. Fiuman.hr<\/strong><\/p>\n<p>za poticanje darovitosti Rijeka u Prirodoslovnom muzeju omogu\u0107it \u0107e djeci da na jedan dan postanu \u201c\u0161a\u0161avi znanstvenici\u201d<\/p>\n<p>::::::::::::::::::::::::::::::::::::::::::<\/p>\n<p><strong>21.o\u017eujka 2018. kanal RI, U\u010dionica<\/strong><\/p>\n<p>U tjednu darovitosti otkrili smo tko su darovita djeca i predstavili program koji prati ovaj tjedan u Rijeci. Na va\u017enost tehni\u010dke kulture kod djece ukazali su nam iz Tehni\u010dkog centra mladih Rijeka a saznali smo i kakve radionice pripremaju povodom proljetnih praznika.<\/p>\n<p><strong>20. o\u017eujka 2018. HRT<\/strong><\/p>\n<p>Darovita djeca moraju vjerovati da \u0107e kad odrastu ostvariti svoj potencijal<\/p>\n<p><strong>17. sije\u010dnja 2018. kanal RI, U\u010dionica<\/strong><\/p>\n<p>Go\u0161\u0107a emisije psihijatrica MIRJANA GRAOVAC s kojiom razgovaramo o psihi\u010dkom zdravlju djece i mladih. S kojim problemima se danas suo\u010davaju i kako im mo\u017eemo pomo\u0107i. INKLUZIJA- Daroviti u sustavu obrazovanja, EX CATHEDRA- Epoc test njegova va\u017enost u otkrivanju potencijalno darovite djece, prilozi- matematika mo\u017ee biti zabavna uz primjenu vedske matematike i razumjevanja \u010dvorova.<\/p>\n<p><strong>14. sije\u010dnja 2018. kanal RI, Dnevnik<\/strong><\/p>\n<p>Stru\u010dni skup Pou\u010davanje za darovitost, inovativnost i kreativnost: potrebno je pokrenuti organizirani sustav obrazovanja darovitih i talentiranih<\/p>\n<p>::::::::::::::::::::::::::::::::::::::::<\/p>\n<p><strong>21. o\u017eujka 2016. O\u0160 Podmurvice<\/strong><\/p>\n<p>Mladi kemi\u010dari sedmih i osmih razreda uz Dan darovitih prikazali su u\u010denicima \u010detvrtih razreda kako postupati s uzorcima i kako ih analizirati. Osmislili su pri\u010du, ogradili mjesto i pokusima dokazali svoje tvrdnje. Zaklju\u010dili su sljede\u0107e: osoba je nosila pamu\u010dno rublje i vuneni sako ili maju. Ispitivanjem ostataka plasti\u010dne vre\u0107ice nije dokazana promjena boje uz odgovaraju\u0107i reagens. Prona\u0111eni uzorci tkanine pokazali su da su kori\u0161tena sredstva na bazi lu\u017eine i kiseline. U ostacima kose dokazane su bjelan\u010devine. Otiske prstiju pojedinih u\u010denika usporedili su s otiscima prstiju prona\u0111enih na \u010da\u0161ama. Dobro su se zabavili i nisu prona\u0161li krivca. Osim ako to nije u\u010diteljica<\/p>\n<p>::::::::::::::::::::::::::::::::::::::::::::<\/p>\n<p><strong>15. o\u017eujka 2016. MojaRijeka.hr<\/strong><\/p>\n<p>U sklopu stru\u010dnog skupa povodom Dana darovitih u\u010denika, predstavljen je i \u201cOkvir za poticanje iskustava u\u010denja i vrednovanja postignu\u0107a darovite djece i u\u010denika\u201d kao jedan od nacionalnih dokumenta koji je nastao u okviru projekta Cjelovita kurikularna reforma. Okvir je predstavila dr.sc. Zrinka Risti\u0107-Dedi\u0107, \u010dlanica Ekspertne radne skupine.<\/p>\n<p><strong>14. o\u017eujka 2016. kanal RI, Dnevnik<\/strong><\/p>\n<p>Povodom Dana darovitih u\u010denika i ove je godine organiziran niz doga\u0111anja.<\/p>\n<p>:::::::::::::::::::::::::::::::::::::::::<\/p>\n<p><strong>24. o\u017eujka 2015. MojaRijeka.hr<\/strong><\/p>\n<p>Radionica Mali arheolozi<\/p>\n<p><strong>23. o\u017eujka 2015. kanal RI, Dnevnik<\/strong><\/p>\n<p>Hrvatska i dalje nema sustavno rije\u0161en rad s darovitim u\u010denicima, njihovo obrazovanje ovisi samo o dobroj volji prosvjetnih djelatnika<\/p>\n<p><strong>20. o\u017eujka 2015. kanal RI, Dnevnik<\/strong><\/p>\n<p>U Gradskoj vije\u0107nici odr\u017ean stru\u010dni skup povodom Dana darovitih u\u010denika<\/p>\n<p><strong>20. o\u017eujka 2015. MojaRijeka.hr<\/strong><\/p>\n<p>Najavljen program obilje\u017eavanja Dana darovitih u\u010denika<\/p>\n<p>::::::::::::::::::::::::::::::::::::::::<\/p>\n<p><strong>16. listopada 2014. kanal RI, U\u010dionica<\/strong><\/p>\n<p>Slobodne aktivnosti i darovitost u\u010denika.<\/p>\n<p>::::::::::::::::::::::::::::::::::::<\/p>\n<p><strong>23. svibnja 2013. MojaRijeka.hr<\/strong><\/p>\n<p>U \u010detvrtak, 23. svibnja 2013. godine, u 10 sati, u Gradskoj vije\u0107nici Grada Rijeke, predsjednik Svjetske organizacije za darovitu i talentiranu djecu i generalni direktor Me\u0111unarodnog centra za inovacije u obrazovanju Prof. dr. sc. Taisir Subhi Yamin, odr\u017eao je predavanje.<\/p>\n\n\n<p><\/p>\n\n\n\n<p>&#8230;&#8230;&#8230;&#8230;&#8230;&#8230;&#8230;&#8230;&#8230;.<\/p>\n","protected":false},"excerpt":{"rendered":"<p>21.3.2026. Grad Rijeka TjeDAN ZA DARovitost: Bogat program u Rijeci od 21. do 26. o\u017eujka NOVI LIST Torpedo.media Tjedan darovitosti u Rijeci: Besplatni programi za djecu, u\u010denike i mentore<\/p>\n","protected":false},"author":1020,"featured_media":0,"parent":38,"menu_order":1,"comment_status":"closed","ping_status":"closed","template":"","meta":{"footnotes":""},"class_list":["post-224","page","type-page","status-publish","hentry"],"_links":{"self":[{"href":"https:\/\/pubweb.carnet.hr\/czpd\/wp-json\/wp\/v2\/pages\/224","targetHints":{"allow":["GET"]}}],"collection":[{"href":"https:\/\/pubweb.carnet.hr\/czpd\/wp-json\/wp\/v2\/pages"}],"about":[{"href":"https:\/\/pubweb.carnet.hr\/czpd\/wp-json\/wp\/v2\/types\/page"}],"author":[{"embeddable":true,"href":"https:\/\/pubweb.carnet.hr\/czpd\/wp-json\/wp\/v2\/users\/1020"}],"replies":[{"embeddable":true,"href":"https:\/\/pubweb.carnet.hr\/czpd\/wp-json\/wp\/v2\/comments?post=224"}],"version-history":[{"count":3,"href":"https:\/\/pubweb.carnet.hr\/czpd\/wp-json\/wp\/v2\/pages\/224\/revisions"}],"predecessor-version":[{"id":406,"href":"https:\/\/pubweb.carnet.hr\/czpd\/wp-json\/wp\/v2\/pages\/224\/revisions\/406"}],"up":[{"embeddable":true,"href":"https:\/\/pubweb.carnet.hr\/czpd\/wp-json\/wp\/v2\/pages\/38"}],"wp:attachment":[{"href":"https:\/\/pubweb.carnet.hr\/czpd\/wp-json\/wp\/v2\/media?parent=224"}],"curies":[{"name":"wp","href":"https:\/\/api.w.org\/{rel}","templated":true}]}}