{"id":204,"date":"2025-10-29T21:55:25","date_gmt":"2025-10-29T20:55:25","guid":{"rendered":"https:\/\/pubweb.carnet.hr\/czpd\/?page_id=204"},"modified":"2026-03-23T20:44:50","modified_gmt":"2026-03-23T19:44:50","slug":"tjedan-za-darovitost-2023","status":"publish","type":"page","link":"https:\/\/pubweb.carnet.hr\/czpd\/tjedan-za-darovitost\/tjedan-za-darovitost-2023\/","title":{"rendered":"tjeDAN ZA DARovitost 2023."},"content":{"rendered":"<p><img loading=\"lazy\" decoding=\"async\" class=\"alignnone size-full wp-image-254\" src=\"http:\/\/pubweb.carnet.hr\/czpd\/wp-content\/uploads\/sites\/776\/2025\/10\/Program-obilje\u017eavanja-Tjedna-za-darovitost-10_2023-1.jpg\" alt=\"\" width=\"196\" height=\"283\" srcset=\"https:\/\/pubweb.carnet.hr\/czpd\/wp-content\/uploads\/sites\/776\/2025\/10\/Program-obilje\u017eavanja-Tjedna-za-darovitost-10_2023-1.jpg 196w, https:\/\/pubweb.carnet.hr\/czpd\/wp-content\/uploads\/sites\/776\/2025\/10\/Program-obilje\u017eavanja-Tjedna-za-darovitost-10_2023-1-100x144.jpg 100w, https:\/\/pubweb.carnet.hr\/czpd\/wp-content\/uploads\/sites\/776\/2025\/10\/Program-obilje\u017eavanja-Tjedna-za-darovitost-10_2023-1-150x217.jpg 150w\" sizes=\"auto, (max-width: 196px) 100vw, 196px\" \/><\/p>\n<p><a href=\"http:\/\/pubweb.carnet.hr\/czpd\/wp-content\/uploads\/sites\/776\/2025\/10\/Program-obilje\u017eavanja-Tjedna-za-darovitost-10_2023.pdf\">Detaljnije Program obilje\u017eavanja Tjedna za darovitost 10_2023<\/a><\/p>\n<p><iframe loading=\"lazy\" title=\"tjeDAN ZA DARovitost 2023. IZAZOVI U KOMUNIKACIJI i OBRAZOVANJU\" width=\"474\" height=\"267\" src=\"https:\/\/www.youtube.com\/embed\/eEsqvCZap6U?feature=oembed\" frameborder=\"0\" allow=\"accelerometer; autoplay; clipboard-write; encrypted-media; gyroscope; picture-in-picture; web-share\" referrerpolicy=\"strict-origin-when-cross-origin\" allowfullscreen><\/iframe><\/p>\n<p><iframe loading=\"lazy\" title=\"1. SIMPOZIJ DOBRE PRAKSE DR. SC. JASNA ARRIGONI\" width=\"474\" height=\"267\" src=\"https:\/\/www.youtube.com\/embed\/2NpmxAc652g?feature=oembed\" frameborder=\"0\" allow=\"accelerometer; autoplay; clipboard-write; encrypted-media; gyroscope; picture-in-picture; web-share\" referrerpolicy=\"strict-origin-when-cross-origin\" allowfullscreen><\/iframe><\/p>\n<p><span class=\"yt-core-attributed-string--link-inherit-color\" dir=\"auto\">Program simpozija obuhva\u0107a izlaganja primjera dobre prakse psihologa, u\u010ditelja i odgojitelja iz cijele Republike Hrvatske te Republike Bosne i Hercegovine. Cilj Simpozija je obuhvatiti teme koje se odnose rad sa potencijalno darovitim u\u010denicima te razmjenu iskustava s naglaskom na prikazu primjera dobre praske odgojno \u2013 obrazovnih ustanova. Slu\u017ebeni jezik simpozija je hrvatski jezik, a na\u010dini izlaganja i pra\u0107enja su u\u017eivo i online unutar paralelnih sekcija. Ukupni broj izlaga\u010da je 22, od kojih 21 izlaga\u010d ima usmeno predstavljanje primjera dobre prakse, a jedan izlaga\u010d ima posterno predstavljanje. Trajanje usmenog izlaganja ograni\u010deno je na 20 minuta (15 minuta izlaganja, 5 diskusija), dok su posteri izlo\u017eeni tijekom trajanja simpozija. Simpozij je otvorenog tipa, namijenjen prvenstveno odgojno \u2013 obrazovnim djelatnicima, ali i \u0161irem gra\u0111anstvu. Moderatori: izv. dr. sc. Barbara Ron\u010devi\u0107 Zubkovi\u0107 i Matej Plav\u010dek, mag. prim. educ. Video prikazuje online dio izlaganja i sadr\u017ei sljede\u0107a predavanja: <\/span><\/p>\n<ul class=\"yt-core-attributed-string__list-group\">\n<li><span class=\"yt-core-attributed-string--link-inherit-color\" dir=\"auto\">Lidija Balog Petrovi\u0107, u\u010diteljica Glazbene kulture, O\u0160 Petra Zrinskog, Zagreb: DAROVITOST U\u010cENIKA U UMJETNI\u010cKOM PODRU\u010cJU <\/span><\/li>\n<li><span class=\"yt-core-attributed-string--link-inherit-color\" dir=\"auto\">Katarina \u0160eravi\u0107 Lovrak, mag.praesc.educ., DV Ciciban, Velika Gorica: RAZVOJ DJE\u010cJE INTELIGENCIJE KROZ AKTIVNOSTI U DJE\u010cJEM VRTI\u0106U <\/span><\/li>\n<li><span class=\"yt-core-attributed-string--link-inherit-color\" dir=\"auto\">Amina Smajovi\u0107, magistar pedagogije, Filozofski fakultet Univerziteta u Sarajevu, Sarajevo: KREATIVNOST U SAVREMENOM OBRAZOVANJU NADARENIH U\u010cENIKA <\/span><\/li>\n<li><span class=\"yt-core-attributed-string--link-inherit-color\" dir=\"auto\">Goran Krapi\u0107, profesor filozofije i hrvatskoga jezika i knji\u017eevnosti, Ivan Vitas, mag. edu. hist. et phil., Gimnazija Andrije Mohorovi\u010di\u0107a Rijeka, Rijeka: DAROVITE GAMOVKE I \u0160KOLSKI PROJEKTI GAMBIT I GENIJALKE IZ ROMANE (PRIMJER DOBRE PRAKSE) <\/span><\/li>\n<li><span class=\"yt-core-attributed-string--link-inherit-color\" dir=\"auto\">Snje\u017eana Turkovi\u0107, odgojitelj-savjetnik, DV &#8220;Pahuljica&#8221; Rab: PROJEKT KAO INSTRUMENT OTKRIVANJA POTENCIJALNO DAROVITE DJECE <\/span><\/li>\n<li><span class=\"yt-core-attributed-string--link-inherit-color\" dir=\"auto\">Marija Mihac Damjanovi\u0107, psiholog; Martina Kazi\u0107, dipl.odgojitelj &#8211; mentor; DV Bajka, Vara\u017edin: OSJETI DAROVITOST <\/span><\/li>\n<li><span class=\"yt-core-attributed-string--link-inherit-color\" dir=\"auto\">Antonia Radeljak Gudelj, magistra pedagogije i povijesti, Ana Lazarevi\u0107, magistra pred\u0161kolskog odgoja, Klara Petri\u0107, magistra pred\u0161kolskog odgoja, Dv Marjan, Objekt Koralj, Split: PRIKAZ RADA S DAROVITIM DJETETOM <\/span><\/li>\n<li><span class=\"yt-core-attributed-string--link-inherit-color\" dir=\"auto\">Julija Veji\u0107, diplomirani u\u010ditelj, O\u0160 Petra Zrinskog, Zagreb : RAD S DAROVITOM DJECOM U NASTAVI HRVATSKOGA JEZIKA <\/span><\/li>\n<li><span class=\"yt-core-attributed-string--link-inherit-color\" dir=\"auto\">Robert Kova\u010devi\u0107, psiholog; Josipa Curi\u0107, pedagog; O\u0160 Ivana Ma\u017eurani\u0107a, Vinkovci: SAPIENTES DISCIPULI <\/span><\/li>\n<li><span class=\"yt-core-attributed-string--link-inherit-color\" dir=\"auto\">Ema Filajdi\u0107, mag.psych., O\u0160 &#8220;\u0110uro Pilar&#8221;, Slavonski Brod: RECKLIRANJE-POGLEDAJ OVO, OD STAROG POSTAJE NOVO! <\/span><\/li>\n<li><span class=\"yt-core-attributed-string--link-inherit-color\" dir=\"auto\">Ivan\u010dica Tajsl Dragi\u010devi\u0107, u\u010diteljica izvrsna savjetnica, O\u0160 Trnjanska, Zagreb: AKCELERACIJA<\/span><\/li>\n<li><\/li>\n<\/ul>\n<p><iframe loading=\"lazy\" title=\"FOKUS NA POKUS: Tornjevi od sapunice\" width=\"474\" height=\"267\" src=\"https:\/\/www.youtube.com\/embed\/M19uAm9Guvc?start=147&#038;feature=oembed\" frameborder=\"0\" allow=\"accelerometer; autoplay; clipboard-write; encrypted-media; gyroscope; picture-in-picture; web-share\" referrerpolicy=\"strict-origin-when-cross-origin\" allowfullscreen><\/iframe><\/p>\n<p><iframe loading=\"lazy\" title=\"FOKUS NA POKUS: \u010carobna voda\" width=\"474\" height=\"267\" src=\"https:\/\/www.youtube.com\/embed\/5a0cXpy6csI?start=153&#038;feature=oembed\" frameborder=\"0\" allow=\"accelerometer; autoplay; clipboard-write; encrypted-media; gyroscope; picture-in-picture; web-share\" referrerpolicy=\"strict-origin-when-cross-origin\" allowfullscreen><\/iframe><\/p>\n<p><iframe loading=\"lazy\" title=\"FOKUS NA POKUS: Snaga stupa\" width=\"474\" height=\"267\" src=\"https:\/\/www.youtube.com\/embed\/KmUpbhq72Sg?feature=oembed\" frameborder=\"0\" allow=\"accelerometer; autoplay; clipboard-write; encrypted-media; gyroscope; picture-in-picture; web-share\" referrerpolicy=\"strict-origin-when-cross-origin\" allowfullscreen><\/iframe><\/p>\n<p><iframe loading=\"lazy\" title=\"FOKUS NA POKUS: Varljivi osjeti\" width=\"474\" height=\"267\" src=\"https:\/\/www.youtube.com\/embed\/VM6d-r5iGp0?feature=oembed\" frameborder=\"0\" allow=\"accelerometer; autoplay; clipboard-write; encrypted-media; gyroscope; picture-in-picture; web-share\" referrerpolicy=\"strict-origin-when-cross-origin\" allowfullscreen><\/iframe><\/p>\n<p><iframe loading=\"lazy\" title=\"FOKUS NA POKUS: Za\u0161to je nebo plavo?\" width=\"474\" height=\"267\" src=\"https:\/\/www.youtube.com\/embed\/c5X-RZWGvpc?start=26&#038;feature=oembed\" frameborder=\"0\" allow=\"accelerometer; autoplay; clipboard-write; encrypted-media; gyroscope; picture-in-picture; web-share\" referrerpolicy=\"strict-origin-when-cross-origin\" allowfullscreen><\/iframe><\/p>\n<p><iframe loading=\"lazy\" title=\"FOKUS NA POKUS: Pluta li metal?\" width=\"474\" height=\"267\" src=\"https:\/\/www.youtube.com\/embed\/f3FW3UGbB94?start=479&#038;feature=oembed\" frameborder=\"0\" allow=\"accelerometer; autoplay; clipboard-write; encrypted-media; gyroscope; picture-in-picture; web-share\" referrerpolicy=\"strict-origin-when-cross-origin\" allowfullscreen><\/iframe><\/p>\n<p><iframe loading=\"lazy\" title=\"FOKUS NA POKUS: Kako putuje zvuk?\" width=\"474\" height=\"267\" src=\"https:\/\/www.youtube.com\/embed\/tYF__jXv084?feature=oembed\" frameborder=\"0\" allow=\"accelerometer; autoplay; clipboard-write; encrypted-media; gyroscope; picture-in-picture; web-share\" referrerpolicy=\"strict-origin-when-cross-origin\" allowfullscreen><\/iframe><\/p>\n<p>&nbsp;<\/p>\n","protected":false},"excerpt":{"rendered":"<p>Detaljnije Program obilje\u017eavanja Tjedna za darovitost 10_2023 Program simpozija obuhva\u0107a izlaganja primjera dobre prakse psihologa, u\u010ditelja i odgojitelja iz cijele Republike Hrvatske te Republike Bosne i Hercegovine. Cilj Simpozija je obuhvatiti teme koje se odnose rad sa potencijalno darovitim u\u010denicima te razmjenu iskustava s naglaskom na prikazu primjera dobre praske odgojno \u2013 obrazovnih ustanova. Slu\u017ebeni &hellip; <a href=\"https:\/\/pubweb.carnet.hr\/czpd\/tjedan-za-darovitost\/tjedan-za-darovitost-2023\/\" class=\"more-link\">Nastavi \u010ditati <span class=\"screen-reader-text\">tjeDAN ZA DARovitost 2023.<\/span> <span class=\"meta-nav\">&rarr;<\/span><\/a><\/p>\n","protected":false},"author":1020,"featured_media":0,"parent":42,"menu_order":2,"comment_status":"closed","ping_status":"closed","template":"","meta":{"footnotes":""},"class_list":["post-204","page","type-page","status-publish","hentry"],"_links":{"self":[{"href":"https:\/\/pubweb.carnet.hr\/czpd\/wp-json\/wp\/v2\/pages\/204","targetHints":{"allow":["GET"]}}],"collection":[{"href":"https:\/\/pubweb.carnet.hr\/czpd\/wp-json\/wp\/v2\/pages"}],"about":[{"href":"https:\/\/pubweb.carnet.hr\/czpd\/wp-json\/wp\/v2\/types\/page"}],"author":[{"embeddable":true,"href":"https:\/\/pubweb.carnet.hr\/czpd\/wp-json\/wp\/v2\/users\/1020"}],"replies":[{"embeddable":true,"href":"https:\/\/pubweb.carnet.hr\/czpd\/wp-json\/wp\/v2\/comments?post=204"}],"version-history":[{"count":2,"href":"https:\/\/pubweb.carnet.hr\/czpd\/wp-json\/wp\/v2\/pages\/204\/revisions"}],"predecessor-version":[{"id":299,"href":"https:\/\/pubweb.carnet.hr\/czpd\/wp-json\/wp\/v2\/pages\/204\/revisions\/299"}],"up":[{"embeddable":true,"href":"https:\/\/pubweb.carnet.hr\/czpd\/wp-json\/wp\/v2\/pages\/42"}],"wp:attachment":[{"href":"https:\/\/pubweb.carnet.hr\/czpd\/wp-json\/wp\/v2\/media?parent=204"}],"curies":[{"name":"wp","href":"https:\/\/api.w.org\/{rel}","templated":true}]}}