{"id":186,"date":"2025-10-29T21:45:31","date_gmt":"2025-10-29T20:45:31","guid":{"rendered":"https:\/\/pubweb.carnet.hr\/czpd\/?page_id=186"},"modified":"2025-10-30T00:09:16","modified_gmt":"2025-10-29T23:09:16","slug":"konferencije","status":"publish","type":"page","link":"https:\/\/pubweb.carnet.hr\/czpd\/aktivnosti\/konferencije\/","title":{"rendered":"KONFERENCIJE"},"content":{"rendered":"<h2>Organizacija\u00a0konferencija, kongresa, simpozija, seminara, manifestacija,\u00a0predavanja, panel rasprave, radionica<\/h2>\n<h2><\/h2>\n<h2>Evaluation of Potential Creativity test \u2013 EPOC<\/h2>\n<p>Kreativnost u na\u0161im vrti\u0107ima i \u0161kolama mo\u017ee se poticati, razvijati i mjeriti. Poku\u0161avamo zajedno stvarati druga\u010diju atmosferu usmjerenu na slobodno izra\u017eavanje dje\u010djih kreativnih potencijala.<\/p>\n<p>Centar za poticanje darovitosti organizirao je, u suradnji s Me\u0111unarodnim centrom za inovacije u obrazovanju (International Centre for Innovation in Education \u2013 ICIE) i prof. dr. sc. Taisir Subhi Yamin,\u00a0<a href=\"https:\/\/web.archive.org\/web\/20250516161508\/https:\/czpd.hr\/wp-content\/uploads\/2017\/12\/Treca_obavijest_za_sudionike.pdf\">edukaciju o primjeni i bodovanju testa potencijalne kreativnosti EPoC<\/a>\u00a0za odgajatelje, u\u010ditelje osnovnih i srednjih \u0161kola, stru\u010dne suradnike pedagoge i psihologe.<\/p>\n<p>Kasnije, u suradnji s prof. dr. sc- Toddom Lubart, organizirano je i novo osposobljavanje odgajatelja, u\u010ditelja i stru\u010dnih suradnika \u00a0za primjenu novog testa potencijalne kreativnosti EPoC.<\/p>\n<p><strong>PREZENTACIJE <\/strong>prof.dr.sc. Taisir Subhi Yamina mo\u017eete preuzeti\u00a0<em>ovdje\u00a0\u00a0<\/em><\/p>\n<p><em>https:\/\/czpd.hr\/wordpresswordpresswp-content\/uploads\/2018\/01\/ppts.zip<\/em><\/p>\n<p>&nbsp;<\/p>\n<p><a href=\"https:\/\/web.archive.org\/web\/20250516161508\/https:\/www.facebook.com\/media\/set\/?vanity=czpd.hr&amp;set=a.1881336005262517\">Stru\u010dni skup Pou\u010davanje za darovitost, inovativnost kreativnost\u00a0<\/a><\/p>\n<p><strong>Todd Lubart<\/strong><br \/>\n<strong>Universit\u00e9 Paris Descartes, France<\/strong><br \/>\n<strong>Laboratoire Adaptations Travail-Individu (LATI)<\/strong><\/p>\n<p><strong>Profesor Todd Lubart je profesor psihologije na Sveu\u010dili\u0161tu\u00a0<\/strong>Paris Descartes, i biv\u0161i \u010dlan Institut Universiatire de France. Doktorirao je na Sveu\u010dili\u0161tu Yale (USA) i bio je pozvani profesor na Paris School of Management (ESCP). Njegov znanstveni interes usmjeren je na kreativnost, njenu identifikaciju i razvoj unutar multivarijantnog, investicijskog pristupa, kreativni potencijal i kreativnu darovitost, kreativni proces i u\u010dinak konteksta na kreativni rad. Direktor je znanstvenog laboratorija LATI\u201d (Laboratoire Adaptations Travail-Individu). Todd Lubart bio je dobitnik nekoliko potpora za znatvenoistra\u017eiva\u010dki rad o kreativnosti (kao \u0161to je studija o kreativnoj darovitosti) i bio organizator znanstvenih konferencija o kreativnosti. Autor je ili koautor vi\u0161e od 100-tinjak znanstvenih radova o kreativnosti, uklju\u010duju\u0107i Defying the crowd : Cultivating creativity in a culture of conformity (NY: Free Press, 1995), Psychologie de la cr\u00e9ativit\u00e9 (The psychology of creativity, Paris: Colin, 2003),Enfants Exceptionnels, Rosny: Br\u00e9al) (Exceptional Children). U suradnji s Maud Besan\u00e7on i Baptiste Barbot autor je EPoC-a (Paris:Hogrefe), nove mjere kreativnog potencijala kod djece.<\/p>\n<p>&nbsp;<\/p>\n<p>Simpozij dobre prakse dr. sc. Jasna Arrigoni 2024.<\/p>\n<p>&nbsp;<\/p>\n<p><strong>Simpozij dobre prakse dr. sc. Jasna Arrigoni 2023.\u00a0<\/strong><\/p>\n<p><iframe loading=\"lazy\" title=\"1. SIMPOZIJ DOBRE PRAKSE DR. SC. JASNA ARRIGONI\" width=\"474\" height=\"267\" src=\"https:\/\/www.youtube.com\/embed\/2NpmxAc652g?feature=oembed\" frameborder=\"0\" allow=\"accelerometer; autoplay; clipboard-write; encrypted-media; gyroscope; picture-in-picture; web-share\" referrerpolicy=\"strict-origin-when-cross-origin\" allowfullscreen><\/iframe><\/p>\n<p><strong>Talent Education 2020.\u00a0<\/strong><\/p>\n<p><a href=\"https:\/\/www.talenteducation.si\/en\/events\/talenteducation2020\/?fbclid=IwAR01dquSTZ9grml6bh5P5LZpOonrAwN6ChVn7xlHyC35CGOpNQydij222g4\">https:\/\/www.talenteducation.si\/en\/events\/talenteducation2020\/?fbclid=IwAR01dquSTZ9grml6bh5P5LZpOonrAwN6ChVn7xlHyC35CGOpNQydij222g4<\/a><\/p>\n<p>&nbsp;<\/p>\n","protected":false},"excerpt":{"rendered":"<p>Organizacija\u00a0konferencija, kongresa, simpozija, seminara, manifestacija,\u00a0predavanja, panel rasprave, radionica Evaluation of Potential Creativity test \u2013 EPOC Kreativnost u na\u0161im vrti\u0107ima i \u0161kolama mo\u017ee se poticati, razvijati i mjeriti. Poku\u0161avamo zajedno stvarati druga\u010diju atmosferu usmjerenu na slobodno izra\u017eavanje dje\u010djih kreativnih potencijala. Centar za poticanje darovitosti organizirao je, u suradnji s Me\u0111unarodnim centrom za inovacije u obrazovanju (International &hellip; <a href=\"https:\/\/pubweb.carnet.hr\/czpd\/aktivnosti\/konferencije\/\" class=\"more-link\">Nastavi \u010ditati <span class=\"screen-reader-text\">KONFERENCIJE<\/span> <span class=\"meta-nav\">&rarr;<\/span><\/a><\/p>\n","protected":false},"author":1020,"featured_media":0,"parent":40,"menu_order":5,"comment_status":"closed","ping_status":"closed","template":"","meta":{"footnotes":""},"class_list":["post-186","page","type-page","status-publish","hentry"],"_links":{"self":[{"href":"https:\/\/pubweb.carnet.hr\/czpd\/wp-json\/wp\/v2\/pages\/186","targetHints":{"allow":["GET"]}}],"collection":[{"href":"https:\/\/pubweb.carnet.hr\/czpd\/wp-json\/wp\/v2\/pages"}],"about":[{"href":"https:\/\/pubweb.carnet.hr\/czpd\/wp-json\/wp\/v2\/types\/page"}],"author":[{"embeddable":true,"href":"https:\/\/pubweb.carnet.hr\/czpd\/wp-json\/wp\/v2\/users\/1020"}],"replies":[{"embeddable":true,"href":"https:\/\/pubweb.carnet.hr\/czpd\/wp-json\/wp\/v2\/comments?post=186"}],"version-history":[{"count":2,"href":"https:\/\/pubweb.carnet.hr\/czpd\/wp-json\/wp\/v2\/pages\/186\/revisions"}],"predecessor-version":[{"id":301,"href":"https:\/\/pubweb.carnet.hr\/czpd\/wp-json\/wp\/v2\/pages\/186\/revisions\/301"}],"up":[{"embeddable":true,"href":"https:\/\/pubweb.carnet.hr\/czpd\/wp-json\/wp\/v2\/pages\/40"}],"wp:attachment":[{"href":"https:\/\/pubweb.carnet.hr\/czpd\/wp-json\/wp\/v2\/media?parent=186"}],"curies":[{"name":"wp","href":"https:\/\/api.w.org\/{rel}","templated":true}]}}