{"id":180,"date":"2025-10-29T21:40:37","date_gmt":"2025-10-29T20:40:37","guid":{"rendered":"https:\/\/pubweb.carnet.hr\/czpd\/?page_id=180"},"modified":"2025-10-29T22:46:03","modified_gmt":"2025-10-29T21:46:03","slug":"podrska-strucnjacima-odgoja-i-obrazovanja","status":"publish","type":"page","link":"https:\/\/pubweb.carnet.hr\/czpd\/aktivnosti\/podrska-strucnjacima-odgoja-i-obrazovanja\/","title":{"rendered":"PODR\u0160KA STRU\u010cNJACIMA ODGOJA I OBRAZOVANJA"},"content":{"rendered":"<p>TEMATSKA EDUKACIJA U DOGOVORU S INSTITUCIJAMA<\/p>\n<p>prijava\u00a0<a href=\"https:\/\/docs.google.com\/forms\/d\/1Xv2zmBuvnkKAeHHCbul3kc83kIyMmjh8Sj7LDmsqQXU\/edit\">https:\/\/docs.google.com\/forms\/d\/1Xv2zmBuvnkKAeHHCbul3kc83kIyMmjh8Sj7LDmsqQXU\/edit<\/a><\/p>\n<p><strong>\u0160kola kao gnijezdo darovitosti<\/strong><\/p>\n<p><strong>Veliko nam je zadovoljstvo predstaviti vam na\u0161 novi online priru\u010dnik, nastao u okviru projekta &#8220;\u0160kola kao gnijezdo darovitosti&#8221;<\/strong><\/p>\n<p>Ovaj priru\u010dnik je rezultat zajedni\u010dkog truda i predanosti svih koji su sudjelovali u projektu. Ogromna hvala svim na\u0161im partnerima, suradnicima i stru\u010dnjacima koji su dali svoj doprinos i pomogli nam da ostvarimo ovu va\u017enu inicijativu.<\/p>\n<p>Vjerujemo da \u0107e priru\u010dnik biti dragocjen alat za sve koji \u017eele podr\u017eati razvoj darovitosti u \u0161koli i pru\u017eiti priliku mladima da dosegnu svoj puni potencijal. Hvala vam \u0161to ste dio ove pri\u010de!<\/p>\n<p><strong>Priru\u010dniku mo\u017eete pristupiti na:<\/strong> <a href=\"https:\/\/drive.google.com\/file\/d\/1PY948D_gT4PWj3VsyqJSIYSIHLuzc3o9\/view\">https:\/\/drive.google.com\/file\/d\/1PY948D_gT4PWj3VsyqJSIYSIHLuzc3o9\/view<\/a><\/p>\n<p>#GnijezdoDarovitosti #OnlinePriru\u010dnik #czpd #darovitost<\/p>\n","protected":false},"excerpt":{"rendered":"<p>TEMATSKA EDUKACIJA U DOGOVORU S INSTITUCIJAMA prijava\u00a0https:\/\/docs.google.com\/forms\/d\/1Xv2zmBuvnkKAeHHCbul3kc83kIyMmjh8Sj7LDmsqQXU\/edit \u0160kola kao gnijezdo darovitosti Veliko nam je zadovoljstvo predstaviti vam na\u0161 novi online priru\u010dnik, nastao u okviru projekta &#8220;\u0160kola kao gnijezdo darovitosti&#8221; Ovaj priru\u010dnik je rezultat zajedni\u010dkog truda i predanosti svih koji su sudjelovali u projektu. Ogromna hvala svim na\u0161im partnerima, suradnicima i stru\u010dnjacima koji su dali svoj &hellip; <a href=\"https:\/\/pubweb.carnet.hr\/czpd\/aktivnosti\/podrska-strucnjacima-odgoja-i-obrazovanja\/\" class=\"more-link\">Nastavi \u010ditati <span class=\"screen-reader-text\">PODR\u0160KA STRU\u010cNJACIMA ODGOJA I OBRAZOVANJA<\/span> <span class=\"meta-nav\">&rarr;<\/span><\/a><\/p>\n","protected":false},"author":1020,"featured_media":0,"parent":40,"menu_order":4,"comment_status":"closed","ping_status":"closed","template":"","meta":{"footnotes":""},"class_list":["post-180","page","type-page","status-publish","hentry"],"_links":{"self":[{"href":"https:\/\/pubweb.carnet.hr\/czpd\/wp-json\/wp\/v2\/pages\/180","targetHints":{"allow":["GET"]}}],"collection":[{"href":"https:\/\/pubweb.carnet.hr\/czpd\/wp-json\/wp\/v2\/pages"}],"about":[{"href":"https:\/\/pubweb.carnet.hr\/czpd\/wp-json\/wp\/v2\/types\/page"}],"author":[{"embeddable":true,"href":"https:\/\/pubweb.carnet.hr\/czpd\/wp-json\/wp\/v2\/users\/1020"}],"replies":[{"embeddable":true,"href":"https:\/\/pubweb.carnet.hr\/czpd\/wp-json\/wp\/v2\/comments?post=180"}],"version-history":[{"count":3,"href":"https:\/\/pubweb.carnet.hr\/czpd\/wp-json\/wp\/v2\/pages\/180\/revisions"}],"predecessor-version":[{"id":243,"href":"https:\/\/pubweb.carnet.hr\/czpd\/wp-json\/wp\/v2\/pages\/180\/revisions\/243"}],"up":[{"embeddable":true,"href":"https:\/\/pubweb.carnet.hr\/czpd\/wp-json\/wp\/v2\/pages\/40"}],"wp:attachment":[{"href":"https:\/\/pubweb.carnet.hr\/czpd\/wp-json\/wp\/v2\/media?parent=180"}],"curies":[{"name":"wp","href":"https:\/\/api.w.org\/{rel}","templated":true}]}}