{"id":178,"date":"2025-10-29T21:37:53","date_gmt":"2025-10-29T20:37:53","guid":{"rendered":"https:\/\/pubweb.carnet.hr\/czpd\/?page_id=178"},"modified":"2025-10-29T22:38:51","modified_gmt":"2025-10-29T21:38:51","slug":"identifikacija","status":"publish","type":"page","link":"https:\/\/pubweb.carnet.hr\/czpd\/aktivnosti\/identifikacija\/","title":{"rendered":"IDENTIFIKACIJA"},"content":{"rendered":"<p>Na\u0161a udruga predana je otkrivanju i podr\u0161ci jedinstvenim talentima i sposobnostima djece i u\u010denika. Proces identifikacije klju\u010dan je korak prema prepoznavanju njihovih potencijala i pru\u017eanju adekvatne podr\u0161ke.<\/p>\n<p>Evo kako provodimo identifikaciju:<\/p>\n<h2>Kako provodimo identifikaciju darovite djece?<\/h2>\n<ul>\n<li><strong>Po\u010detna procjena<\/strong>: Na\u0161 stru\u010dni tim koristi suvremene metode i alate kako bi pristupila po\u010detnoj procjeni darovitosti. Ova faza uklju\u010duje pa\u017eljivo razmatranje razli\u010ditih aspekata djetetova razvoja i interesa.<\/li>\n<li><strong>Suradnja s roditeljima<\/strong>: U bliskoj suradnji, stvaramo partnerstvo s roditeljima kako bismo zajedno pridonijeli prepoznavanju darovitosti kod djece.<\/li>\n<li><strong>Individualizirani pristup<\/strong>: Svako dijete je jedinstveno, a na\u0161a identifikacija prilago\u0111ena je specifi\u010dnostima svakog pojedinca. Oslu\u0161kujemo potrebe djece i pru\u017eamo individualiziranu podr\u0161ku kako bismo potaknuli razvoj njihovih talenata.<\/li>\n<\/ul>\n<h2>Za\u0161to je identifikacija va\u017ena?<\/h2>\n<p>Prepoznavanje darovitosti omogu\u0107ava nam pravovremeno usmjeravanje resursa i podr\u0161ke prema onima kojima je to najpotrebnije. Identificirana djeca imaju priliku razvijati svoje talente u potpunosti, \u0161to ne samo da oboga\u0107uje njihovo obrazovanje ve\u0107 i doprinosi \u0161irem dru\u0161tvenom i kulturnom kontekstu.<\/p>\n<h2>Kako se mo\u017eete uklju\u010diti?<\/h2>\n<p>Ako imate dijete ili u\u010denika \u010dije talente \u017eelite istra\u017eiti ili \u017eelite saznati vi\u0161e o na\u0161em procesu identifikacije, slobodno nas kontaktirajte putem maila <a href=\"https:\/\/web.archive.org\/web\/20250210073550\/mailto:savjet.czpd@gmail.com\">savjet.czpd@gmail.com<\/a>. Rado \u0107emo odgovoriti na va\u0161a pitanja i pru\u017eiti vam informacije o na\u0161im programima podr\u0161ke.<\/p>\n<p>Hvala vam \u0161to ste zainteresirani za identifikaciju darovite djece i \u0161to podr\u017eavate na\u0161u misiju otkrivanja i razvoja posebnih talenata kod mladih generacija!<\/p>\n","protected":false},"excerpt":{"rendered":"<p>Na\u0161a udruga predana je otkrivanju i podr\u0161ci jedinstvenim talentima i sposobnostima djece i u\u010denika. Proces identifikacije klju\u010dan je korak prema prepoznavanju njihovih potencijala i pru\u017eanju adekvatne podr\u0161ke. Evo kako provodimo identifikaciju: Kako provodimo identifikaciju darovite djece? Po\u010detna procjena: Na\u0161 stru\u010dni tim koristi suvremene metode i alate kako bi pristupila po\u010detnoj procjeni darovitosti. Ova faza uklju\u010duje &hellip; <a href=\"https:\/\/pubweb.carnet.hr\/czpd\/aktivnosti\/identifikacija\/\" class=\"more-link\">Nastavi \u010ditati <span class=\"screen-reader-text\">IDENTIFIKACIJA<\/span> <span class=\"meta-nav\">&rarr;<\/span><\/a><\/p>\n","protected":false},"author":1020,"featured_media":0,"parent":40,"menu_order":3,"comment_status":"closed","ping_status":"closed","template":"","meta":{"footnotes":""},"class_list":["post-178","page","type-page","status-publish","hentry"],"_links":{"self":[{"href":"https:\/\/pubweb.carnet.hr\/czpd\/wp-json\/wp\/v2\/pages\/178","targetHints":{"allow":["GET"]}}],"collection":[{"href":"https:\/\/pubweb.carnet.hr\/czpd\/wp-json\/wp\/v2\/pages"}],"about":[{"href":"https:\/\/pubweb.carnet.hr\/czpd\/wp-json\/wp\/v2\/types\/page"}],"author":[{"embeddable":true,"href":"https:\/\/pubweb.carnet.hr\/czpd\/wp-json\/wp\/v2\/users\/1020"}],"replies":[{"embeddable":true,"href":"https:\/\/pubweb.carnet.hr\/czpd\/wp-json\/wp\/v2\/comments?post=178"}],"version-history":[{"count":2,"href":"https:\/\/pubweb.carnet.hr\/czpd\/wp-json\/wp\/v2\/pages\/178\/revisions"}],"predecessor-version":[{"id":237,"href":"https:\/\/pubweb.carnet.hr\/czpd\/wp-json\/wp\/v2\/pages\/178\/revisions\/237"}],"up":[{"embeddable":true,"href":"https:\/\/pubweb.carnet.hr\/czpd\/wp-json\/wp\/v2\/pages\/40"}],"wp:attachment":[{"href":"https:\/\/pubweb.carnet.hr\/czpd\/wp-json\/wp\/v2\/media?parent=178"}],"curies":[{"name":"wp","href":"https:\/\/api.w.org\/{rel}","templated":true}]}}