{"id":174,"date":"2025-10-29T21:37:04","date_gmt":"2025-10-29T20:37:04","guid":{"rendered":"https:\/\/pubweb.carnet.hr\/czpd\/?page_id=174"},"modified":"2025-10-29T22:39:46","modified_gmt":"2025-10-29T21:39:46","slug":"podrska-roditeljima","status":"publish","type":"page","link":"https:\/\/pubweb.carnet.hr\/czpd\/aktivnosti\/podrska-roditeljima\/","title":{"rendered":"PODR\u0160KA RODITELJIMA"},"content":{"rendered":"<p><strong>SAVJETOVANJE<\/strong><\/p>\n<p>Uvjereni smo da roditelji igraju klju\u010dnu ulogu u podr\u0161ci razvoju talenata svoje djece, stoga nudimo resurse, informacije i podr\u0161ku kako biste bolje razumjeli i potaknuli potencijal va\u0161eg darovitog djeteta.<\/p>\n<p><strong>Za\u0161to je savjetovanje roditelja va\u017eno?<\/strong><\/p>\n<p>Razumijevanje posebnosti darovite djece i prilago\u0111avanje roditeljskog pristupa klju\u010dni su koraci prema njihovom uspje\u0161nom razvoju. Savjetovanje roditelja pru\u017ea vam alate i smjernice kako biste:<\/p>\n<ol>\n<li><strong>Prepoznali talente:<\/strong> Pomo\u0107u stru\u010dnih savjeta mo\u017eete bolje prepoznati talente i interese va\u0161eg djeteta te ih usmjeriti prema optimalnom razvoju.<\/li>\n<li><strong>Razumjeli posebne potrebe:<\/strong> Darovita djeca \u010desto imaju specifi\u010dne potrebe u obrazovanju i razvoju. Savjetovanje vam poma\u017ee razumjeti te potrebe i prilagoditi pristup kako bi se osiguralo najbolje iskustvo za va\u0161e dijete.<\/li>\n<li><strong>Izgradili potporu:<\/strong> Razmjena iskustava s drugim roditeljima darovite djece mo\u017ee biti izuzetno korisna. Savjetovanje stvara prostor za povezivanje s drugim obiteljima i dijeljenje strategija podr\u0161ke.<\/li>\n<\/ol>\n<p><strong>Kako provodimo savjetovanje?<\/strong><\/p>\n<ol>\n<li><strong>Individualni pristup:<\/strong> Pristupamo svakoj obitelji individualno, uzimaju\u0107i u obzir jedinstvene potrebe va\u0161eg djeteta. Savjetovanje je prilago\u0111eno specifi\u010dnostima va\u0161e obitelji.<\/li>\n<li><strong>Stru\u010dni tim:<\/strong> Na\u0161 stru\u010dni tim sastavljen od psihologa, pedagoga i drugih stru\u010dnjaka pru\u017eit \u0107e vam stru\u010dne informacije i podr\u0161ku temeljenu na najnovijim istra\u017eivanjima i praksama.<\/li>\n<li><strong>Radionice i doga\u0111aji:<\/strong> Organiziramo radionice, seminare i doga\u0111aje na kojima mo\u017eete pro\u0161iriti svoje znanje o darovitoj djeci i razmijeniti iskustva s drugim roditeljima.<\/li>\n<\/ol>\n<p><strong>Kako se uklju\u010diti u savjetovanje?<\/strong><\/p>\n<p>Ako \u017eelite saznati vi\u0161e o na\u0161em programu savjetovanja ili imate konkretna pitanja o podr\u0161ci darovitom djetetu, slobodno nas kontaktirajte putem mail adrese <a href=\"https:\/\/web.archive.org\/web\/20241210071714\/mailto:savjet.czpd@gmail.com\">savjet.czpd@gmail.com<\/a>. Radujemo se suradnji s vama i pru\u017eanju podr\u0161ke u va\u0161em roditeljskom putovanju.<\/p>\n","protected":false},"excerpt":{"rendered":"<p>SAVJETOVANJE Uvjereni smo da roditelji igraju klju\u010dnu ulogu u podr\u0161ci razvoju talenata svoje djece, stoga nudimo resurse, informacije i podr\u0161ku kako biste bolje razumjeli i potaknuli potencijal va\u0161eg darovitog djeteta. Za\u0161to je savjetovanje roditelja va\u017eno? Razumijevanje posebnosti darovite djece i prilago\u0111avanje roditeljskog pristupa klju\u010dni su koraci prema njihovom uspje\u0161nom razvoju. Savjetovanje roditelja pru\u017ea vam alate &hellip; <a href=\"https:\/\/pubweb.carnet.hr\/czpd\/aktivnosti\/podrska-roditeljima\/\" class=\"more-link\">Nastavi \u010ditati <span class=\"screen-reader-text\">PODR\u0160KA RODITELJIMA<\/span> <span class=\"meta-nav\">&rarr;<\/span><\/a><\/p>\n","protected":false},"author":1020,"featured_media":0,"parent":40,"menu_order":1,"comment_status":"closed","ping_status":"closed","template":"","meta":{"footnotes":""},"class_list":["post-174","page","type-page","status-publish","hentry"],"_links":{"self":[{"href":"https:\/\/pubweb.carnet.hr\/czpd\/wp-json\/wp\/v2\/pages\/174","targetHints":{"allow":["GET"]}}],"collection":[{"href":"https:\/\/pubweb.carnet.hr\/czpd\/wp-json\/wp\/v2\/pages"}],"about":[{"href":"https:\/\/pubweb.carnet.hr\/czpd\/wp-json\/wp\/v2\/types\/page"}],"author":[{"embeddable":true,"href":"https:\/\/pubweb.carnet.hr\/czpd\/wp-json\/wp\/v2\/users\/1020"}],"replies":[{"embeddable":true,"href":"https:\/\/pubweb.carnet.hr\/czpd\/wp-json\/wp\/v2\/comments?post=174"}],"version-history":[{"count":2,"href":"https:\/\/pubweb.carnet.hr\/czpd\/wp-json\/wp\/v2\/pages\/174\/revisions"}],"predecessor-version":[{"id":238,"href":"https:\/\/pubweb.carnet.hr\/czpd\/wp-json\/wp\/v2\/pages\/174\/revisions\/238"}],"up":[{"embeddable":true,"href":"https:\/\/pubweb.carnet.hr\/czpd\/wp-json\/wp\/v2\/pages\/40"}],"wp:attachment":[{"href":"https:\/\/pubweb.carnet.hr\/czpd\/wp-json\/wp\/v2\/media?parent=174"}],"curies":[{"name":"wp","href":"https:\/\/api.w.org\/{rel}","templated":true}]}}