{"id":46,"date":"2024-09-15T02:37:51","date_gmt":"2024-09-15T00:37:51","guid":{"rendered":"https:\/\/pubweb.carnet.hr\/centar-integracija-refleksa\/?page_id=46"},"modified":"2024-11-11T12:04:31","modified_gmt":"2024-11-11T11:04:31","slug":"test","status":"publish","type":"page","link":"https:\/\/pubweb.carnet.hr\/centar-integracija-refleksa\/","title":{"rendered":"O Udruzi"},"content":{"rendered":"<p><img loading=\"lazy\" decoding=\"async\" class=\"wp-image-80 alignright\" src=\"http:\/\/pubweb.carnet.hr\/centar-integracija-refleksa\/wp-content\/uploads\/sites\/759\/2024\/09\/Screenshot-2024-09-15-022242-300x276.png\" alt=\"\" width=\"100\" height=\"92\" srcset=\"https:\/\/pubweb.carnet.hr\/centar-integracija-refleksa\/wp-content\/uploads\/sites\/759\/2024\/09\/Screenshot-2024-09-15-022242-300x276.png 300w, https:\/\/pubweb.carnet.hr\/centar-integracija-refleksa\/wp-content\/uploads\/sites\/759\/2024\/09\/Screenshot-2024-09-15-022242-768x708.png 768w, https:\/\/pubweb.carnet.hr\/centar-integracija-refleksa\/wp-content\/uploads\/sites\/759\/2024\/09\/Screenshot-2024-09-15-022242-100x92.png 100w, https:\/\/pubweb.carnet.hr\/centar-integracija-refleksa\/wp-content\/uploads\/sites\/759\/2024\/09\/Screenshot-2024-09-15-022242-150x138.png 150w, https:\/\/pubweb.carnet.hr\/centar-integracija-refleksa\/wp-content\/uploads\/sites\/759\/2024\/09\/Screenshot-2024-09-15-022242-200x184.png 200w, https:\/\/pubweb.carnet.hr\/centar-integracija-refleksa\/wp-content\/uploads\/sites\/759\/2024\/09\/Screenshot-2024-09-15-022242-450x415.png 450w, https:\/\/pubweb.carnet.hr\/centar-integracija-refleksa\/wp-content\/uploads\/sites\/759\/2024\/09\/Screenshot-2024-09-15-022242-600x553.png 600w, https:\/\/pubweb.carnet.hr\/centar-integracija-refleksa\/wp-content\/uploads\/sites\/759\/2024\/09\/Screenshot-2024-09-15-022242.png 889w\" sizes=\"auto, (max-width: 100px) 100vw, 100px\" \/>Centar za neurorazvojnu integraciju refleksa je udruga koja okuplja stru\u010dnjake, roditelje osoba s invaliditetom te djecu, mlade i odrasle s invaliditetom. Imamo oko 150ak \u010dlanova, uglavnom djece i mladih s Downovim sindromom, cerebralnom paralizom i drugim razvojnim te\u0161ko\u0107ama. Na\u0161e aktivnosti usmjerene su na unapre\u0111enje zdravstvene skrbi, psihosocijalne podr\u0161ke, obrazovanja, zapo\u0161ljavanja i uklju\u010divanja u zajednicu osoba s invaliditetom. Tako\u0111er, promi\u010demo i olak\u0161avamo znanstvena i druga istra\u017eivanja vezana za invaliditet.<\/p>\n<p><img loading=\"lazy\" decoding=\"async\" class=\"aligncenter wp-image-85 size-full\" src=\"http:\/\/pubweb.carnet.hr\/centar-integracija-refleksa\/wp-content\/uploads\/sites\/759\/2024\/09\/Screenshot-2024-09-15-032803-e1726366139487.png\" alt=\"\" width=\"1884\" height=\"513\" srcset=\"https:\/\/pubweb.carnet.hr\/centar-integracija-refleksa\/wp-content\/uploads\/sites\/759\/2024\/09\/Screenshot-2024-09-15-032803-e1726366139487.png 1884w, https:\/\/pubweb.carnet.hr\/centar-integracija-refleksa\/wp-content\/uploads\/sites\/759\/2024\/09\/Screenshot-2024-09-15-032803-e1726366139487-300x82.png 300w, https:\/\/pubweb.carnet.hr\/centar-integracija-refleksa\/wp-content\/uploads\/sites\/759\/2024\/09\/Screenshot-2024-09-15-032803-e1726366139487-768x209.png 768w, https:\/\/pubweb.carnet.hr\/centar-integracija-refleksa\/wp-content\/uploads\/sites\/759\/2024\/09\/Screenshot-2024-09-15-032803-e1726366139487-1024x279.png 1024w, https:\/\/pubweb.carnet.hr\/centar-integracija-refleksa\/wp-content\/uploads\/sites\/759\/2024\/09\/Screenshot-2024-09-15-032803-e1726366139487-100x27.png 100w, https:\/\/pubweb.carnet.hr\/centar-integracija-refleksa\/wp-content\/uploads\/sites\/759\/2024\/09\/Screenshot-2024-09-15-032803-e1726366139487-150x41.png 150w, https:\/\/pubweb.carnet.hr\/centar-integracija-refleksa\/wp-content\/uploads\/sites\/759\/2024\/09\/Screenshot-2024-09-15-032803-e1726366139487-200x54.png 200w, https:\/\/pubweb.carnet.hr\/centar-integracija-refleksa\/wp-content\/uploads\/sites\/759\/2024\/09\/Screenshot-2024-09-15-032803-e1726366139487-450x123.png 450w, https:\/\/pubweb.carnet.hr\/centar-integracija-refleksa\/wp-content\/uploads\/sites\/759\/2024\/09\/Screenshot-2024-09-15-032803-e1726366139487-600x163.png 600w, https:\/\/pubweb.carnet.hr\/centar-integracija-refleksa\/wp-content\/uploads\/sites\/759\/2024\/09\/Screenshot-2024-09-15-032803-e1726366139487-900x245.png 900w\" sizes=\"auto, (max-width: 1884px) 100vw, 1884px\" \/><\/p>\n<p>Na\u0161 cilj je uklju\u010diti i osna\u017eiti osobe s intelektualnim te\u0161ko\u0107ama, njihove obitelji, njegovatelje, stru\u010dnjake, gra\u0111ane i \u0161iru javnost da sudjeluju u aktivnostima koje pridonose pobolj\u0161anju kvalitete \u017eivota osoba s intelektualnim te\u0161ko\u0107ama. Zna\u010dajan dio na\u0161eg rada uklju\u010duje pobolj\u0161anje kvalitete \u017eivota \u0161ire populacije kroz neurorazvojnu integraciju refleksa i art terapiju.<\/p>\n<p>Pru\u017eamo podr\u0161ku obiteljima koje \u017eive s osobama s intelektualnim te\u0161ko\u0107ama putem edukacije o pravima i mogu\u0107nostima skrbi, razvoja sustava za samostalan \u017eivot te provo\u0111enja drugih oblika podr\u0161ke kako bi se osigurale jednake prilike. Tako\u0111er, promi\u010demo i poti\u010demo volontiranje te sura\u0111ujemo s raznim udrugama, institucijama i organizacijama kako bismo pru\u017eili sveobuhvatne usluge usmjerene na maksimalizaciju potencijala na\u0161ih \u010dlanova.<\/p>\n<p>Pokrenuli smo kerami\u010dku radionicu za deset \u010dlanova te organizirali rekreativnu radionicu veslanja\/kajaka\u0161tva u suradnji s Kajaka\u0161kim klubom Matija Ljubek. Osim toga, provodimo radionicu plesne terapije za deset sudionika.<br \/>\nNa\u0161e usluge obuhva\u0107aju terapije integracije refleksa te terapije koje koriste \u0161vedsku Freja metodu kazali\u0161ne radionice.<br \/>\nProvodimo s na\u0161im \u010dlanovima likovne i glazbene radionice. U suradnji s Pu\u010dkom otvorenom u\u010dili\u0161tu Zagreb organiziramo kulinarsku, slasti\u010darsku i digitalnu radionicu za na\u0161e \u010dlanove.<br \/>\nOrganiziramo logopedske te radionice za razvoj socijalnih i komunikacijskih vje\u0161tina.<br \/>\nU 2024. pokrenuli smo novu radionicu za mlade koja pru\u017ea jedinstvenu priliku za osamostaljivanje i nastavak obrazovanja nakon zavr\u0161ene srednje \u0161kole.<br \/>\nProgram uklju\u010duje prakti\u010dne vje\u0161tine poput samostalnog kretanja po gradu, s naglaskom na kori\u0161tenje tramvajskih linija za lak\u0161e snala\u017eenje u urbanom okru\u017eenju. Tako\u0111er, organiziramo posjete muzejima, \u0161to mladima omogu\u0107uje oboga\u0107ivanje kulturnih znanja i iskustava. Poti\u010demo aktivan stil \u017eivota kroz planinarenje i druge sportske aktivnosti, a posebnu pa\u017enju posve\u0107ujemo edukativnim i zabavnim sadr\u017eajima koji osna\u017euju mlade u svakodnevnom \u017eivotu. Cilj radionice je stvoriti samopouzdane i neovisne mlade osobe spremne za nove izazove.<br \/>\nNadalje, sudjelujemo u sufinanciranim projektima s Ministarstvom rada, mirovinskog sustava, obitelji i socijalne politike te s Gradom Zagrebom i Zagreba\u010dkom \u017eupanijom.<br \/>\nIzrazito smo zahvalni na podr\u0161ci na\u0161eg Zlatnog sponzora, hrvatske tvrtke Comping, kao i ostalim sponzorima, uklju\u010duju\u0107i Janaf, HBOR, PEVEX, ZAMP i mnoge druge. Njihova potpora klju\u010dna je za realizaciju na\u0161ih programa i aktivnosti te omogu\u0107uje da zajedni\u010dki doprinosimo boljitku na\u0161e zajednice.<br \/>\nRedovito organiziramo panele u suradnji s Edukacijsko-rehabilitacijskim fakultetom na temu kao \u0161to je \u201eZa\u0161tite mentalnog zdravlja kod osoba s intelektualnim te\u0161ko\u0107ama\u201c.<\/p>\n<div id='gallery-1' class='gallery galleryid-46 gallery-columns-9 gallery-size-full'><figure class='gallery-item'>\n\t\t\t<div class='gallery-icon landscape'>\n\t\t\t\t<img loading=\"lazy\" decoding=\"async\" width=\"1018\" height=\"445\" src=\"https:\/\/pubweb.carnet.hr\/centar-integracija-refleksa\/wp-content\/uploads\/sites\/759\/2024\/09\/Screenshot-2024-09-15-020848.png\" class=\"attachment-full size-full\" alt=\"\" srcset=\"https:\/\/pubweb.carnet.hr\/centar-integracija-refleksa\/wp-content\/uploads\/sites\/759\/2024\/09\/Screenshot-2024-09-15-020848.png 1018w, https:\/\/pubweb.carnet.hr\/centar-integracija-refleksa\/wp-content\/uploads\/sites\/759\/2024\/09\/Screenshot-2024-09-15-020848-300x131.png 300w, https:\/\/pubweb.carnet.hr\/centar-integracija-refleksa\/wp-content\/uploads\/sites\/759\/2024\/09\/Screenshot-2024-09-15-020848-768x336.png 768w, https:\/\/pubweb.carnet.hr\/centar-integracija-refleksa\/wp-content\/uploads\/sites\/759\/2024\/09\/Screenshot-2024-09-15-020848-100x44.png 100w, https:\/\/pubweb.carnet.hr\/centar-integracija-refleksa\/wp-content\/uploads\/sites\/759\/2024\/09\/Screenshot-2024-09-15-020848-150x66.png 150w, https:\/\/pubweb.carnet.hr\/centar-integracija-refleksa\/wp-content\/uploads\/sites\/759\/2024\/09\/Screenshot-2024-09-15-020848-200x87.png 200w, https:\/\/pubweb.carnet.hr\/centar-integracija-refleksa\/wp-content\/uploads\/sites\/759\/2024\/09\/Screenshot-2024-09-15-020848-450x197.png 450w, https:\/\/pubweb.carnet.hr\/centar-integracija-refleksa\/wp-content\/uploads\/sites\/759\/2024\/09\/Screenshot-2024-09-15-020848-600x262.png 600w, https:\/\/pubweb.carnet.hr\/centar-integracija-refleksa\/wp-content\/uploads\/sites\/759\/2024\/09\/Screenshot-2024-09-15-020848-900x393.png 900w\" sizes=\"auto, (max-width: 1018px) 100vw, 1018px\" \/>\n\t\t\t<\/div><\/figure><figure class='gallery-item'>\n\t\t\t<div class='gallery-icon landscape'>\n\t\t\t\t<img loading=\"lazy\" decoding=\"async\" width=\"620\" height=\"440\" src=\"https:\/\/pubweb.carnet.hr\/centar-integracija-refleksa\/wp-content\/uploads\/sites\/759\/2024\/09\/Screenshot-2024-09-15-020806.png\" class=\"attachment-full size-full\" alt=\"\" srcset=\"https:\/\/pubweb.carnet.hr\/centar-integracija-refleksa\/wp-content\/uploads\/sites\/759\/2024\/09\/Screenshot-2024-09-15-020806.png 620w, https:\/\/pubweb.carnet.hr\/centar-integracija-refleksa\/wp-content\/uploads\/sites\/759\/2024\/09\/Screenshot-2024-09-15-020806-300x213.png 300w, https:\/\/pubweb.carnet.hr\/centar-integracija-refleksa\/wp-content\/uploads\/sites\/759\/2024\/09\/Screenshot-2024-09-15-020806-100x71.png 100w, https:\/\/pubweb.carnet.hr\/centar-integracija-refleksa\/wp-content\/uploads\/sites\/759\/2024\/09\/Screenshot-2024-09-15-020806-150x106.png 150w, https:\/\/pubweb.carnet.hr\/centar-integracija-refleksa\/wp-content\/uploads\/sites\/759\/2024\/09\/Screenshot-2024-09-15-020806-200x142.png 200w, https:\/\/pubweb.carnet.hr\/centar-integracija-refleksa\/wp-content\/uploads\/sites\/759\/2024\/09\/Screenshot-2024-09-15-020806-450x319.png 450w, https:\/\/pubweb.carnet.hr\/centar-integracija-refleksa\/wp-content\/uploads\/sites\/759\/2024\/09\/Screenshot-2024-09-15-020806-600x426.png 600w\" sizes=\"auto, (max-width: 620px) 100vw, 620px\" \/>\n\t\t\t<\/div><\/figure><figure class='gallery-item'>\n\t\t\t<div class='gallery-icon landscape'>\n\t\t\t\t<img loading=\"lazy\" decoding=\"async\" width=\"1240\" height=\"768\" src=\"https:\/\/pubweb.carnet.hr\/centar-integracija-refleksa\/wp-content\/uploads\/sites\/759\/2024\/09\/HDS-ZAMP-logo-2-1.jpg\" class=\"attachment-full size-full\" alt=\"\" srcset=\"https:\/\/pubweb.carnet.hr\/centar-integracija-refleksa\/wp-content\/uploads\/sites\/759\/2024\/09\/HDS-ZAMP-logo-2-1.jpg 1240w, https:\/\/pubweb.carnet.hr\/centar-integracija-refleksa\/wp-content\/uploads\/sites\/759\/2024\/09\/HDS-ZAMP-logo-2-1-300x186.jpg 300w, https:\/\/pubweb.carnet.hr\/centar-integracija-refleksa\/wp-content\/uploads\/sites\/759\/2024\/09\/HDS-ZAMP-logo-2-1-768x476.jpg 768w, https:\/\/pubweb.carnet.hr\/centar-integracija-refleksa\/wp-content\/uploads\/sites\/759\/2024\/09\/HDS-ZAMP-logo-2-1-1024x634.jpg 1024w, https:\/\/pubweb.carnet.hr\/centar-integracija-refleksa\/wp-content\/uploads\/sites\/759\/2024\/09\/HDS-ZAMP-logo-2-1-100x62.jpg 100w, https:\/\/pubweb.carnet.hr\/centar-integracija-refleksa\/wp-content\/uploads\/sites\/759\/2024\/09\/HDS-ZAMP-logo-2-1-150x93.jpg 150w, https:\/\/pubweb.carnet.hr\/centar-integracija-refleksa\/wp-content\/uploads\/sites\/759\/2024\/09\/HDS-ZAMP-logo-2-1-200x124.jpg 200w, https:\/\/pubweb.carnet.hr\/centar-integracija-refleksa\/wp-content\/uploads\/sites\/759\/2024\/09\/HDS-ZAMP-logo-2-1-450x279.jpg 450w, https:\/\/pubweb.carnet.hr\/centar-integracija-refleksa\/wp-content\/uploads\/sites\/759\/2024\/09\/HDS-ZAMP-logo-2-1-600x372.jpg 600w, https:\/\/pubweb.carnet.hr\/centar-integracija-refleksa\/wp-content\/uploads\/sites\/759\/2024\/09\/HDS-ZAMP-logo-2-1-900x557.jpg 900w\" sizes=\"auto, (max-width: 1240px) 100vw, 1240px\" \/>\n\t\t\t<\/div><\/figure><figure class='gallery-item'>\n\t\t\t<div class='gallery-icon landscape'>\n\t\t\t\t<img loading=\"lazy\" decoding=\"async\" width=\"1655\" height=\"652\" src=\"https:\/\/pubweb.carnet.hr\/centar-integracija-refleksa\/wp-content\/uploads\/sites\/759\/2024\/09\/Perinic-sis-Technical-services.png\" class=\"attachment-full size-full\" alt=\"\" srcset=\"https:\/\/pubweb.carnet.hr\/centar-integracija-refleksa\/wp-content\/uploads\/sites\/759\/2024\/09\/Perinic-sis-Technical-services.png 1655w, https:\/\/pubweb.carnet.hr\/centar-integracija-refleksa\/wp-content\/uploads\/sites\/759\/2024\/09\/Perinic-sis-Technical-services-300x118.png 300w, https:\/\/pubweb.carnet.hr\/centar-integracija-refleksa\/wp-content\/uploads\/sites\/759\/2024\/09\/Perinic-sis-Technical-services-768x303.png 768w, https:\/\/pubweb.carnet.hr\/centar-integracija-refleksa\/wp-content\/uploads\/sites\/759\/2024\/09\/Perinic-sis-Technical-services-1024x403.png 1024w, https:\/\/pubweb.carnet.hr\/centar-integracija-refleksa\/wp-content\/uploads\/sites\/759\/2024\/09\/Perinic-sis-Technical-services-100x39.png 100w, https:\/\/pubweb.carnet.hr\/centar-integracija-refleksa\/wp-content\/uploads\/sites\/759\/2024\/09\/Perinic-sis-Technical-services-150x59.png 150w, https:\/\/pubweb.carnet.hr\/centar-integracija-refleksa\/wp-content\/uploads\/sites\/759\/2024\/09\/Perinic-sis-Technical-services-200x79.png 200w, https:\/\/pubweb.carnet.hr\/centar-integracija-refleksa\/wp-content\/uploads\/sites\/759\/2024\/09\/Perinic-sis-Technical-services-450x177.png 450w, https:\/\/pubweb.carnet.hr\/centar-integracija-refleksa\/wp-content\/uploads\/sites\/759\/2024\/09\/Perinic-sis-Technical-services-600x236.png 600w, https:\/\/pubweb.carnet.hr\/centar-integracija-refleksa\/wp-content\/uploads\/sites\/759\/2024\/09\/Perinic-sis-Technical-services-900x355.png 900w\" sizes=\"auto, (max-width: 1655px) 100vw, 1655px\" \/>\n\t\t\t<\/div><\/figure><figure class='gallery-item'>\n\t\t\t<div class='gallery-icon landscape'>\n\t\t\t\t<img loading=\"lazy\" decoding=\"async\" width=\"1417\" height=\"733\" src=\"https:\/\/pubweb.carnet.hr\/centar-integracija-refleksa\/wp-content\/uploads\/sites\/759\/2024\/09\/Cetina_negazirana_logo.png\" class=\"attachment-full size-full\" alt=\"\" srcset=\"https:\/\/pubweb.carnet.hr\/centar-integracija-refleksa\/wp-content\/uploads\/sites\/759\/2024\/09\/Cetina_negazirana_logo.png 1417w, https:\/\/pubweb.carnet.hr\/centar-integracija-refleksa\/wp-content\/uploads\/sites\/759\/2024\/09\/Cetina_negazirana_logo-300x155.png 300w, https:\/\/pubweb.carnet.hr\/centar-integracija-refleksa\/wp-content\/uploads\/sites\/759\/2024\/09\/Cetina_negazirana_logo-768x397.png 768w, https:\/\/pubweb.carnet.hr\/centar-integracija-refleksa\/wp-content\/uploads\/sites\/759\/2024\/09\/Cetina_negazirana_logo-1024x530.png 1024w, https:\/\/pubweb.carnet.hr\/centar-integracija-refleksa\/wp-content\/uploads\/sites\/759\/2024\/09\/Cetina_negazirana_logo-100x52.png 100w, https:\/\/pubweb.carnet.hr\/centar-integracija-refleksa\/wp-content\/uploads\/sites\/759\/2024\/09\/Cetina_negazirana_logo-150x78.png 150w, https:\/\/pubweb.carnet.hr\/centar-integracija-refleksa\/wp-content\/uploads\/sites\/759\/2024\/09\/Cetina_negazirana_logo-200x103.png 200w, https:\/\/pubweb.carnet.hr\/centar-integracija-refleksa\/wp-content\/uploads\/sites\/759\/2024\/09\/Cetina_negazirana_logo-450x233.png 450w, https:\/\/pubweb.carnet.hr\/centar-integracija-refleksa\/wp-content\/uploads\/sites\/759\/2024\/09\/Cetina_negazirana_logo-600x310.png 600w, https:\/\/pubweb.carnet.hr\/centar-integracija-refleksa\/wp-content\/uploads\/sites\/759\/2024\/09\/Cetina_negazirana_logo-900x466.png 900w\" sizes=\"auto, (max-width: 1417px) 100vw, 1417px\" \/>\n\t\t\t<\/div><\/figure><figure class='gallery-item'>\n\t\t\t<div class='gallery-icon portrait'>\n\t\t\t\t<img loading=\"lazy\" decoding=\"async\" width=\"345\" height=\"393\" src=\"https:\/\/pubweb.carnet.hr\/centar-integracija-refleksa\/wp-content\/uploads\/sites\/759\/2024\/09\/Screenshot-2024-09-15-020350.png\" class=\"attachment-full size-full\" alt=\"\" srcset=\"https:\/\/pubweb.carnet.hr\/centar-integracija-refleksa\/wp-content\/uploads\/sites\/759\/2024\/09\/Screenshot-2024-09-15-020350.png 345w, https:\/\/pubweb.carnet.hr\/centar-integracija-refleksa\/wp-content\/uploads\/sites\/759\/2024\/09\/Screenshot-2024-09-15-020350-263x300.png 263w, https:\/\/pubweb.carnet.hr\/centar-integracija-refleksa\/wp-content\/uploads\/sites\/759\/2024\/09\/Screenshot-2024-09-15-020350-100x114.png 100w, https:\/\/pubweb.carnet.hr\/centar-integracija-refleksa\/wp-content\/uploads\/sites\/759\/2024\/09\/Screenshot-2024-09-15-020350-150x171.png 150w, https:\/\/pubweb.carnet.hr\/centar-integracija-refleksa\/wp-content\/uploads\/sites\/759\/2024\/09\/Screenshot-2024-09-15-020350-200x228.png 200w, https:\/\/pubweb.carnet.hr\/centar-integracija-refleksa\/wp-content\/uploads\/sites\/759\/2024\/09\/Screenshot-2024-09-15-020350-300x342.png 300w\" sizes=\"auto, (max-width: 345px) 100vw, 345px\" \/>\n\t\t\t<\/div><\/figure><figure class='gallery-item'>\n\t\t\t<div class='gallery-icon landscape'>\n\t\t\t\t<img loading=\"lazy\" decoding=\"async\" width=\"614\" height=\"224\" src=\"https:\/\/pubweb.carnet.hr\/centar-integracija-refleksa\/wp-content\/uploads\/sites\/759\/2024\/09\/Screenshot-2024-09-15-020216.png\" class=\"attachment-full size-full\" alt=\"\" srcset=\"https:\/\/pubweb.carnet.hr\/centar-integracija-refleksa\/wp-content\/uploads\/sites\/759\/2024\/09\/Screenshot-2024-09-15-020216.png 614w, https:\/\/pubweb.carnet.hr\/centar-integracija-refleksa\/wp-content\/uploads\/sites\/759\/2024\/09\/Screenshot-2024-09-15-020216-300x109.png 300w, https:\/\/pubweb.carnet.hr\/centar-integracija-refleksa\/wp-content\/uploads\/sites\/759\/2024\/09\/Screenshot-2024-09-15-020216-100x36.png 100w, https:\/\/pubweb.carnet.hr\/centar-integracija-refleksa\/wp-content\/uploads\/sites\/759\/2024\/09\/Screenshot-2024-09-15-020216-150x55.png 150w, https:\/\/pubweb.carnet.hr\/centar-integracija-refleksa\/wp-content\/uploads\/sites\/759\/2024\/09\/Screenshot-2024-09-15-020216-200x73.png 200w, https:\/\/pubweb.carnet.hr\/centar-integracija-refleksa\/wp-content\/uploads\/sites\/759\/2024\/09\/Screenshot-2024-09-15-020216-450x164.png 450w, https:\/\/pubweb.carnet.hr\/centar-integracija-refleksa\/wp-content\/uploads\/sites\/759\/2024\/09\/Screenshot-2024-09-15-020216-600x219.png 600w\" sizes=\"auto, (max-width: 614px) 100vw, 614px\" \/>\n\t\t\t<\/div><\/figure><figure class='gallery-item'>\n\t\t\t<div class='gallery-icon landscape'>\n\t\t\t\t<img loading=\"lazy\" decoding=\"async\" width=\"1078\" height=\"581\" src=\"https:\/\/pubweb.carnet.hr\/centar-integracija-refleksa\/wp-content\/uploads\/sites\/759\/2024\/11\/Screenshot-2024-11-11-120142.png\" class=\"attachment-full size-full\" alt=\"\" srcset=\"https:\/\/pubweb.carnet.hr\/centar-integracija-refleksa\/wp-content\/uploads\/sites\/759\/2024\/11\/Screenshot-2024-11-11-120142.png 1078w, https:\/\/pubweb.carnet.hr\/centar-integracija-refleksa\/wp-content\/uploads\/sites\/759\/2024\/11\/Screenshot-2024-11-11-120142-300x162.png 300w, https:\/\/pubweb.carnet.hr\/centar-integracija-refleksa\/wp-content\/uploads\/sites\/759\/2024\/11\/Screenshot-2024-11-11-120142-768x414.png 768w, https:\/\/pubweb.carnet.hr\/centar-integracija-refleksa\/wp-content\/uploads\/sites\/759\/2024\/11\/Screenshot-2024-11-11-120142-1024x552.png 1024w, https:\/\/pubweb.carnet.hr\/centar-integracija-refleksa\/wp-content\/uploads\/sites\/759\/2024\/11\/Screenshot-2024-11-11-120142-100x54.png 100w, https:\/\/pubweb.carnet.hr\/centar-integracija-refleksa\/wp-content\/uploads\/sites\/759\/2024\/11\/Screenshot-2024-11-11-120142-150x81.png 150w, https:\/\/pubweb.carnet.hr\/centar-integracija-refleksa\/wp-content\/uploads\/sites\/759\/2024\/11\/Screenshot-2024-11-11-120142-200x108.png 200w, https:\/\/pubweb.carnet.hr\/centar-integracija-refleksa\/wp-content\/uploads\/sites\/759\/2024\/11\/Screenshot-2024-11-11-120142-450x243.png 450w, https:\/\/pubweb.carnet.hr\/centar-integracija-refleksa\/wp-content\/uploads\/sites\/759\/2024\/11\/Screenshot-2024-11-11-120142-600x323.png 600w, https:\/\/pubweb.carnet.hr\/centar-integracija-refleksa\/wp-content\/uploads\/sites\/759\/2024\/11\/Screenshot-2024-11-11-120142-900x485.png 900w\" sizes=\"auto, (max-width: 1078px) 100vw, 1078px\" \/>\n\t\t\t<\/div><\/figure><figure class='gallery-item'>\n\t\t\t<div class='gallery-icon landscape'>\n\t\t\t\t<img loading=\"lazy\" decoding=\"async\" width=\"670\" height=\"392\" src=\"https:\/\/pubweb.carnet.hr\/centar-integracija-refleksa\/wp-content\/uploads\/sites\/759\/2024\/11\/Screenshot-2024-11-11-120247.png\" class=\"attachment-full size-full\" alt=\"\" srcset=\"https:\/\/pubweb.carnet.hr\/centar-integracija-refleksa\/wp-content\/uploads\/sites\/759\/2024\/11\/Screenshot-2024-11-11-120247.png 670w, https:\/\/pubweb.carnet.hr\/centar-integracija-refleksa\/wp-content\/uploads\/sites\/759\/2024\/11\/Screenshot-2024-11-11-120247-300x176.png 300w, https:\/\/pubweb.carnet.hr\/centar-integracija-refleksa\/wp-content\/uploads\/sites\/759\/2024\/11\/Screenshot-2024-11-11-120247-100x59.png 100w, https:\/\/pubweb.carnet.hr\/centar-integracija-refleksa\/wp-content\/uploads\/sites\/759\/2024\/11\/Screenshot-2024-11-11-120247-150x88.png 150w, https:\/\/pubweb.carnet.hr\/centar-integracija-refleksa\/wp-content\/uploads\/sites\/759\/2024\/11\/Screenshot-2024-11-11-120247-200x117.png 200w, https:\/\/pubweb.carnet.hr\/centar-integracija-refleksa\/wp-content\/uploads\/sites\/759\/2024\/11\/Screenshot-2024-11-11-120247-450x263.png 450w, https:\/\/pubweb.carnet.hr\/centar-integracija-refleksa\/wp-content\/uploads\/sites\/759\/2024\/11\/Screenshot-2024-11-11-120247-600x351.png 600w\" sizes=\"auto, (max-width: 670px) 100vw, 670px\" \/>\n\t\t\t<\/div><\/figure><figure class='gallery-item'>\n\t\t\t<div class='gallery-icon landscape'>\n\t\t\t\t<img loading=\"lazy\" decoding=\"async\" width=\"371\" height=\"209\" src=\"https:\/\/pubweb.carnet.hr\/centar-integracija-refleksa\/wp-content\/uploads\/sites\/759\/2024\/11\/Screenshot-2024-11-11-120406.png\" class=\"attachment-full size-full\" alt=\"\" srcset=\"https:\/\/pubweb.carnet.hr\/centar-integracija-refleksa\/wp-content\/uploads\/sites\/759\/2024\/11\/Screenshot-2024-11-11-120406.png 371w, https:\/\/pubweb.carnet.hr\/centar-integracija-refleksa\/wp-content\/uploads\/sites\/759\/2024\/11\/Screenshot-2024-11-11-120406-300x169.png 300w, https:\/\/pubweb.carnet.hr\/centar-integracija-refleksa\/wp-content\/uploads\/sites\/759\/2024\/11\/Screenshot-2024-11-11-120406-100x56.png 100w, https:\/\/pubweb.carnet.hr\/centar-integracija-refleksa\/wp-content\/uploads\/sites\/759\/2024\/11\/Screenshot-2024-11-11-120406-150x85.png 150w, https:\/\/pubweb.carnet.hr\/centar-integracija-refleksa\/wp-content\/uploads\/sites\/759\/2024\/11\/Screenshot-2024-11-11-120406-200x113.png 200w\" sizes=\"auto, (max-width: 371px) 100vw, 371px\" \/>\n\t\t\t<\/div><\/figure>\n\t\t<\/div>\n\n","protected":false},"excerpt":{"rendered":"<p>Centar za neurorazvojnu integraciju refleksa je udruga koja okuplja stru\u010dnjake, roditelje osoba s invaliditetom te djecu, mlade i odrasle s invaliditetom. Imamo oko 150ak \u010dlanova, uglavnom djece i mladih s Downovim sindromom, cerebralnom paralizom i drugim razvojnim te\u0161ko\u0107ama. Na\u0161e aktivnosti &hellip;<\/p>\n<p class=\"read-more\"> <a class=\"more-link\" href=\"https:\/\/pubweb.carnet.hr\/centar-integracija-refleksa\/\"> <span class=\"screen-reader-text\">O Udruzi<\/span> Read More &raquo;<\/a><\/p>\n","protected":false},"author":992,"featured_media":0,"parent":0,"menu_order":0,"comment_status":"closed","ping_status":"closed","template":"full-width-page.php","meta":{"footnotes":""},"class_list":["post-46","page","type-page","status-publish","hentry"],"_links":{"self":[{"href":"https:\/\/pubweb.carnet.hr\/centar-integracija-refleksa\/wp-json\/wp\/v2\/pages\/46","targetHints":{"allow":["GET"]}}],"collection":[{"href":"https:\/\/pubweb.carnet.hr\/centar-integracija-refleksa\/wp-json\/wp\/v2\/pages"}],"about":[{"href":"https:\/\/pubweb.carnet.hr\/centar-integracija-refleksa\/wp-json\/wp\/v2\/types\/page"}],"author":[{"embeddable":true,"href":"https:\/\/pubweb.carnet.hr\/centar-integracija-refleksa\/wp-json\/wp\/v2\/users\/992"}],"replies":[{"embeddable":true,"href":"https:\/\/pubweb.carnet.hr\/centar-integracija-refleksa\/wp-json\/wp\/v2\/comments?post=46"}],"version-history":[{"count":3,"href":"https:\/\/pubweb.carnet.hr\/centar-integracija-refleksa\/wp-json\/wp\/v2\/pages\/46\/revisions"}],"predecessor-version":[{"id":159,"href":"https:\/\/pubweb.carnet.hr\/centar-integracija-refleksa\/wp-json\/wp\/v2\/pages\/46\/revisions\/159"}],"wp:attachment":[{"href":"https:\/\/pubweb.carnet.hr\/centar-integracija-refleksa\/wp-json\/wp\/v2\/media?parent=46"}],"curies":[{"name":"wp","href":"https:\/\/api.w.org\/{rel}","templated":true}]}}