{"id":15,"date":"2024-09-15T01:18:29","date_gmt":"2024-09-14T23:18:29","guid":{"rendered":"https:\/\/pubweb.carnet.hr\/centar-integracija-refleksa\/?page_id=15"},"modified":"2024-09-15T01:18:53","modified_gmt":"2024-09-14T23:18:53","slug":"o-masgutovoj","status":"publish","type":"page","link":"https:\/\/pubweb.carnet.hr\/centar-integracija-refleksa\/o-masgutovoj\/","title":{"rendered":"O masgutovoj metodi"},"content":{"rendered":"<p>\u0160to je Masgutova metoda integracije refleksa?<\/p>\n<p>Integracija refleksa kroz Masgutova metodu, koja se provodi u ranoj intervenciji, predstavlja jednu od inovativnih i neinvazivnih terapija koje jo\u0161 nisu \u0161iroko dostupne u Republici Hrvatskoj u okviru socijalnih i zdravstvenih usluga za ranu intervenciju ili integraciju u redovni obrazovni sustav. MNRI\u00ae metoda, koju je razvila dr. Svetlana Masgutova (SMEI &#8211; Svetlana Masgutova Educational Institute, SAD), fokusira se na istra\u017eivanje utjecaja motori\u010dkih refleksa i senzornih integracija na razli\u010dite aspekte motori\u010dkog, komunikacijskog, kognitivnog i emocionalnog razvoja.<br \/>\nNa\u0161 projektni izvje\u0161taj pokazuje zna\u010dajan napredak djece s invaliditetom zahvaljuju\u0107i ovom pristupu. Kontinuirana istra\u017eivanja tako\u0111er pokazuju obe\u0107avaju\u0107e pomake u razvoju djece obuhva\u0107ene ovom metodom. Primjerice, studija prikazuje u\u010dinkovitost MNRI\u00ae terapijskih tehnika kroz mapiranje mozga. Studija slu\u010daja uklju\u010duje 13-godi\u0161njeg dje\u010daka s cerebralnom paralizom. EEG-ovi su provedeni prije, tijekom i nakon terapije integracije refleksa koriste\u0107i specifi\u010dne vje\u017ebe. Analiza je otkrila promjene u aktivnosti mozga, osobito u alfa i beta valovima, \u0161to ukazuje na stimulaciju sredi\u0161njeg \u017eiv\u010danog sustava i modificiranu spontanu aktivnost nakon terapije.<\/p>\n<p>O\u010dito je da integracija refleksa kroz MNRI\u00ae metodu stimulira sredi\u0161nji \u017eiv\u010dani sustav, poti\u010du\u0107i pobolj\u0161anje motori\u010dkih i kognitivnih vje\u0161tina. Me\u0111utim, unato\u010d klju\u010dnoj ulozi refleksa u razvoju mozga, trauma ili stres tijekom razvoja mogu ometati njihovo pravilno funkcioniranje. MNRI\u00ae metoda ima za cilj reintegraciju refleksnih obrazaca kako bi se pobolj\u0161ale motori\u010dke i kognitivne sposobnosti. Zala\u017eemo se za uklju\u010divanje ove metode u redovne socijalne usluge u Hrvatskoj kako bismo maksimalno iskoristili potencijal razvoja djece i mladih s invaliditetom. Uz integraciju refleksa, koristimo razne art terapije u ranoj intervenciji kako bismo osigurali sveobuhvatan razvoj na\u0161ih sudionika.<br \/>\nVi\u0161e istra\u017eivanja s obe\u0107avaju\u0107im rezultatima mo\u017eete prona\u0107i na prilo\u017eenoj poveznici. Poveznica: https:\/\/masgutovamethod.com\/learn-more\/articles#dv.i58<br \/>\n________________________________________<\/p>\n<p>Koji profili i dobne skupine korisnika su obuhva\u0107eni radom organizacije?<br \/>\nNa\u0161a udruga pokriva djecu od ro\u0111enja nadalje. Dakle, od rane intervencije do njihovog zapo\u0161ljavanja. Osim toga, pru\u017eamo podr\u0161ku roditeljima djece s razvojnim te\u0161ko\u0107ama kroz savjetovanje i grupe podr\u0161ke. Tako\u0111er organiziramo obrazovanje i stru\u010dno usavr\u0161avanje za stru\u010dnjake.<\/p>\n<p>________________________________________<\/p>\n","protected":false},"excerpt":{"rendered":"<p>\u0160to je Masgutova metoda integracije refleksa? Integracija refleksa kroz Masgutova metodu, koja se provodi u ranoj intervenciji, predstavlja jednu od inovativnih i neinvazivnih terapija koje jo\u0161 nisu \u0161iroko dostupne u Republici Hrvatskoj u okviru socijalnih i zdravstvenih usluga za ranu &hellip;<\/p>\n<p class=\"read-more\"> <a class=\"more-link\" href=\"https:\/\/pubweb.carnet.hr\/centar-integracija-refleksa\/o-masgutovoj\/\"> <span class=\"screen-reader-text\">O masgutovoj metodi<\/span> Read More &raquo;<\/a><\/p>\n","protected":false},"author":992,"featured_media":0,"parent":0,"menu_order":0,"comment_status":"closed","ping_status":"closed","template":"","meta":{"footnotes":""},"class_list":["post-15","page","type-page","status-publish","hentry"],"_links":{"self":[{"href":"https:\/\/pubweb.carnet.hr\/centar-integracija-refleksa\/wp-json\/wp\/v2\/pages\/15","targetHints":{"allow":["GET"]}}],"collection":[{"href":"https:\/\/pubweb.carnet.hr\/centar-integracija-refleksa\/wp-json\/wp\/v2\/pages"}],"about":[{"href":"https:\/\/pubweb.carnet.hr\/centar-integracija-refleksa\/wp-json\/wp\/v2\/types\/page"}],"author":[{"embeddable":true,"href":"https:\/\/pubweb.carnet.hr\/centar-integracija-refleksa\/wp-json\/wp\/v2\/users\/992"}],"replies":[{"embeddable":true,"href":"https:\/\/pubweb.carnet.hr\/centar-integracija-refleksa\/wp-json\/wp\/v2\/comments?post=15"}],"version-history":[{"count":2,"href":"https:\/\/pubweb.carnet.hr\/centar-integracija-refleksa\/wp-json\/wp\/v2\/pages\/15\/revisions"}],"predecessor-version":[{"id":17,"href":"https:\/\/pubweb.carnet.hr\/centar-integracija-refleksa\/wp-json\/wp\/v2\/pages\/15\/revisions\/17"}],"wp:attachment":[{"href":"https:\/\/pubweb.carnet.hr\/centar-integracija-refleksa\/wp-json\/wp\/v2\/media?parent=15"}],"curies":[{"name":"wp","href":"https:\/\/api.w.org\/{rel}","templated":true}]}}